{"id":1932,"date":"2024-06-03T09:50:50","date_gmt":"2024-06-03T07:50:50","guid":{"rendered":"https:\/\/www.visitvarmland.com\/arjang\/?page_id=1932"},"modified":"2024-06-04T16:21:32","modified_gmt":"2024-06-04T14:21:32","slug":"besoksinformation","status":"publish","type":"page","link":"https:\/\/www.visitvarmland.com\/arjang\/en\/besoksinformation\/","title":{"rendered":"Touristinformation"},"content":{"rendered":"\n<div class=\"wp-block-atheme-component-cta atheme-wrapper\"><div class=\"atheme-components-cta--decoration-right\"><\/div><div class=\"atheme-components-cta--decoration-left\"><\/div><div class=\"atheme-components-cta\" style=\"height:600px;min-height:300px;background-image:url( https:\/\/www.visitvarmland.com\/arjang\/wp-content\/uploads\/sites\/19\/2021\/07\/text-pa-bild-1750x700-troll.jpg );background-size:cover;background-position:center center;background-attachment:scroll\"><div class=\"atheme-components-cta--overlay\"> <\/div><div class=\"atheme-components-cta--text\"><div><h3><strong>&#8230; and would like you to remember \u00c5rj\u00e4ng with a smile!<\/strong><\/h3><p><\/p><div class=\"atheme-components-cta--text-border\"><\/div><\/div><\/div><\/div><\/div>\n\n\n\n<h2 class=\"wp-block-heading\"><strong>InfoPoints<\/strong><\/h2>\n\n\n\n<p><strong><strong>When you are on site in our municipality, there are four InfoPoints that you can visit for brochures, information and tips that will make your stay with us even better.<\/strong><\/strong><\/p>\n\n\n\n<figure class=\"wp-block-image size-thumbnail is-style-default\"><img loading=\"lazy\" decoding=\"async\" width=\"150\" height=\"150\" src=\"https:\/\/www.visitvarmland.com\/arjang\/wp-content\/uploads\/sites\/19\/2022\/01\/FBannons_info-150x150.jpg\" alt=\"\" class=\"wp-image-1529\" srcset=\"https:\/\/www.visitvarmland.com\/app\/uploads\/sites\/19\/2022\/01\/FBannons_info-150x150.jpg 150w, https:\/\/www.visitvarmland.com\/app\/uploads\/sites\/19\/2022\/01\/FBannons_info-300x300.jpg 300w, https:\/\/www.visitvarmland.com\/app\/uploads\/sites\/19\/2022\/01\/FBannons_info-12x12.jpg 12w, https:\/\/www.visitvarmland.com\/app\/uploads\/sites\/19\/2022\/01\/FBannons_info-600x600.jpg 600w, https:\/\/www.visitvarmland.com\/app\/uploads\/sites\/19\/2022\/01\/FBannons_info.jpg 701w\" sizes=\"auto, (max-width: 150px) 100vw, 150px\" \/><\/figure>\n\n\n\n<div class=\"wp-block-group\"><div class=\"wp-block-group__inner-container is-layout-flow wp-block-group-is-layout-flow\">\n<div class=\"wp-block-buttons is-layout-flex wp-block-buttons-is-layout-flex\">\n<div class=\"wp-block-button is-style-fill\"><a class=\"wp-block-button__link has-svart-color has-text-color wp-element-button\" href=\"https:\/\/www.google.se\/maps\/place\/Hotell+%C3%85rj%C3%A4ng\/@59.3941564,12.1316783,17z\/data=!4m18!1m9!3m8!1s0x4643820b7da28605:0x40865842d29357ad!2zSG90ZWxsIMOFcmrDpG5n!5m2!4m1!1i2!8m2!3d59.3941014!4d12.1338142!3m7!1s0x4643820b7da28605:0x40865842d29357ad!5m2!4m1!1i2!8m2!3d59.3941014!4d12.1338142\" target=\"_blank\" rel=\"noopener\"> <strong>Hotell \u00c5rj\u00e4ng<\/strong><\/a><\/div>\n<\/div>\n<\/div><\/div>\n\n\n\n<p>Hotel \u00c5rj\u00e4ng is centrally located in \u00c5rj\u00e4ng. Here the staff will be happy to help you with everything you need for your holiday. In the lobby you will find a large and well-stocked brochure stand with local and regional tourist information.<\/p>\n\n\n\n<div class=\"wp-block-buttons is-layout-flex wp-block-buttons-is-layout-flex\">\n<div class=\"wp-block-button\"><a class=\"wp-block-button__link has-svart-color has-text-color wp-element-button\" href=\"https:\/\/www.google.se\/maps\/place\/ICA+Sillerud\/@59.3198919,12.3091796,17z\/data=!4m12!1m6!3m5!1s0x46437c5a81f0d2c5:0x8b2b59dddc4bfd15!2sICA+Sillerud!8m2!3d59.3198941!4d12.3112694!3m4!1s0x46437c5a81f0d2c5:0x8b2b59dddc4bfd15!8m2!3d59.3198941!4d12.3112694\" style=\"border-radius:2px\" target=\"_blank\" rel=\"noopener\">ICA Sillerud<\/a><\/div>\n<\/div>\n\n\n\n<p>At the ICA store in Sillerud, Rikard and his staff take care of your wishes and concerns in the best way. Browse the brochures and enjoy a good coffee in the garden at Sillerud Station.<\/p>\n\n\n\n<div class=\"wp-block-buttons is-layout-flex wp-block-buttons-is-layout-flex\">\n<div class=\"wp-block-button\"><a class=\"wp-block-button__link has-svart-color has-text-color wp-element-button\" href=\"https:\/\/www.google.se\/maps\/place\/Lanthandel\/@59.6430563,11.8625867,291m\/data=!3m1!1e3!4m8!1m2!2m1!1sN%C3%A4ra+dej+%C3%B6stervallskog!3m4!1s0x46439645001b785b:0xfe400ac2d6518e32!8m2!3d59.6434616!4d11.8615577\" target=\"_blank\" rel=\"noopener\">N\u00e4ra Dej \u00d6stervallskog<\/a><\/div>\n<\/div>\n\n\n\n<p>The grocery store N\u00e4ra Dej is located in \u00d6stervallskog, in the northern part of our municipality. Here, Ren\u00e9e and her staff answer your questions and give you their best local tips.<\/p>\n\n\n\n<div class=\"wp-block-buttons is-layout-flex wp-block-buttons-is-layout-flex\">\n<div class=\"wp-block-button\"><a class=\"wp-block-button__link wp-element-button\" href=\"https:\/\/www.google.com\/maps\/place\/Bergstugan+B%26B\/@59.3185198,11.9052529,15z\/data=!4m5!3m4!1s0x0:0x9e56dca6dc97dc1e!8m2!3d59.3185198!4d11.9052529\" target=\"_blank\" rel=\"noopener\">Bergstugan in Lennartsfors<\/a><\/div>\n<\/div>\n\n\n\n<p>Bergstugan B&amp;B and Restaurant is located in the small industrial town of Lennartsfors at the northernmost end of Lake Lel\u00e5ng \u2013 or actually right between lakes Lel\u00e5ng and Foxen. Here you will find beautiful lock environments, crafts, caf\u00e9 and restaurant.<\/p>\n\n\n\n<p>In addition, there are brochures at&nbsp;<a href=\"https:\/\/www.google.se\/maps\/place\/T%C3%B6cksfors+Shoppingcenter\/@59.5062175,11.8429898,420m\/data=!3m1!1e3!4m12!1m6!3m5!1s0x4643903bdbb93c1b:0x84b648448cd079ef!2sT%C3%B6cksfors+Shoppingcenter!8m2!3d59.5062175!4d11.8451785!3m4!1s0x4643903bdbb93c1b:0x84b648448cd079ef!8m2!3d59.5062175!4d11.8451785\" target=\"_blank\" rel=\"noreferrer noopener\">T\u00f6cksfors Shoppingscenter<\/a>&nbsp;all year round.<br>And during the summer season, our tourist facilities also have a selection of brochures.<\/p>\n\n\n\n<div class=\"wp-block-buttons is-layout-flex wp-block-buttons-is-layout-flex\">\n<div class=\"wp-block-button\"><a class=\"wp-block-button__link has-svart-color has-text-color wp-element-button\">Contact us<\/a><\/div>\n<\/div>\n\n\n\n<p>Our staf at Visit \u00c5rj\u00e4ng is happy to answer your questions. <br>Our phone hours are:<br>Mon &#8211; Fri 10 am &#8211; 4 pm<br><strong>Tel:<\/strong>\u00a0+46(0)573-141 36<br><strong>E-mail:\u00a0<\/strong><a href=\"mailto:turist@arjang.se\">turist@arjang.se<\/a><\/p>\n\n\n\n<figure class=\"wp-block-image size-large is-resized\"><img loading=\"lazy\" decoding=\"async\" width=\"313\" height=\"313\" src=\"https:\/\/www.visitvarmland.com\/arjang\/wp-content\/uploads\/sites\/19\/2023\/08\/logga-till-vA.jpg\" alt=\"\" class=\"wp-image-1778\" style=\"width:150px;height:150px\" srcset=\"https:\/\/www.visitvarmland.com\/app\/uploads\/sites\/19\/2023\/08\/logga-till-vA.jpg 313w, https:\/\/www.visitvarmland.com\/app\/uploads\/sites\/19\/2023\/08\/logga-till-vA-300x300.jpg 300w, https:\/\/www.visitvarmland.com\/app\/uploads\/sites\/19\/2023\/08\/logga-till-vA-150x150.jpg 150w, https:\/\/www.visitvarmland.com\/app\/uploads\/sites\/19\/2023\/08\/logga-till-vA-12x12.jpg 12w\" sizes=\"auto, (max-width: 313px) 100vw, 313px\" \/><\/figure>\n\n\n\n<p><\/p>\n\n\n\n<div class=\"wp-block-group\"><div class=\"wp-block-group__inner-container is-layout-constrained wp-block-group-is-layout-constrained\">\n<figure class=\"wp-block-image size-large is-resized\"><img loading=\"lazy\" decoding=\"async\" width=\"282\" height=\"284\" src=\"https:\/\/www.visitvarmland.com\/arjang\/wp-content\/uploads\/sites\/19\/2023\/08\/ibyragroncmyk.jpg\" alt=\"\" class=\"wp-image-1776\" style=\"width:150px\" srcset=\"https:\/\/www.visitvarmland.com\/app\/uploads\/sites\/19\/2023\/08\/ibyragroncmyk.jpg 282w, https:\/\/www.visitvarmland.com\/app\/uploads\/sites\/19\/2023\/08\/ibyragroncmyk-150x150.jpg 150w, https:\/\/www.visitvarmland.com\/app\/uploads\/sites\/19\/2023\/08\/ibyragroncmyk-12x12.jpg 12w\" sizes=\"auto, (max-width: 282px) 100vw, 282px\" \/><\/figure>\n\n\n\n<p><\/p>\n<\/div><\/div>\n\n\n\n<div class=\"wp-block-buttons is-layout-flex wp-block-buttons-is-layout-flex\">\n<div class=\"wp-block-button\"><a class=\"wp-block-button__link wp-element-button\" href=\"https:\/\/www.visitvarmland.com\/arjang\/tips-och-guider\/tillganglighetsredogorelse\/\">Tillg\u00e4nglighetsredog\u00f6relse<\/a><\/div>\n<\/div>\n","protected":false},"excerpt":{"rendered":"<p>InfoPoints When you are on site in our municipality, there are four InfoPoints that you can visit for brochures, information and tips that will make your stay with us even better. Hotel \u00c5rj\u00e4ng is centrally located in \u00c5rj\u00e4ng. Here the staff will be happy to help you with everything you need for your holiday. In [&hellip;]<\/p>\n","protected":false},"author":12,"featured_media":0,"parent":0,"menu_order":0,"comment_status":"closed","ping_status":"closed","template":"","meta":{"_acf_changed":false,"footnotes":""},"class_list":["post-1932","page","type-page","status-publish","hentry"],"acf":[],"lang":"en","translations":{"en":1932,"sv":207},"pll_sync_post":[],"_links":{"self":[{"href":"https:\/\/www.visitvarmland.com\/arjang\/wp-json\/wp\/v2\/pages\/1932","targetHints":{"allow":["GET"]}}],"collection":[{"href":"https:\/\/www.visitvarmland.com\/arjang\/wp-json\/wp\/v2\/pages"}],"about":[{"href":"https:\/\/www.visitvarmland.com\/arjang\/wp-json\/wp\/v2\/types\/page"}],"author":[{"embeddable":true,"href":"https:\/\/www.visitvarmland.com\/arjang\/wp-json\/wp\/v2\/users\/12"}],"replies":[{"embeddable":true,"href":"https:\/\/www.visitvarmland.com\/arjang\/wp-json\/wp\/v2\/comments?post=1932"}],"version-history":[{"count":6,"href":"https:\/\/www.visitvarmland.com\/arjang\/wp-json\/wp\/v2\/pages\/1932\/revisions"}],"predecessor-version":[{"id":2003,"href":"https:\/\/www.visitvarmland.com\/arjang\/wp-json\/wp\/v2\/pages\/1932\/revisions\/2003"}],"wp:attachment":[{"href":"https:\/\/www.visitvarmland.com\/arjang\/wp-json\/wp\/v2\/media?parent=1932"}],"curies":[{"name":"wp","href":"https:\/\/api.w.org\/{rel}","templated":true}]}}