{"id":194,"date":"2021-05-19T22:22:51","date_gmt":"2021-05-19T20:22:51","guid":{"rendered":"https:\/\/www.visitvarmland.com\/arjang\/?page_id=194"},"modified":"2026-03-24T15:19:51","modified_gmt":"2026-03-24T14:19:51","slug":"startsida","status":"publish","type":"page","link":"https:\/\/www.visitvarmland.com\/arjang\/","title":{"rendered":"Startsida"},"content":{"rendered":"\n<h2 class=\"wp-block-heading has-text-align-center\">&#8230; upplev \u00c5rj\u00e4ng helt enkelt!<\/h2>\n\n\n\n<div class=\"wp-block-group atheme-wrapper--full\"><div class=\"wp-block-group__inner-container is-layout-flow wp-block-group-is-layout-flow\">\n<div class=\"wp-block-columns is-layout-flex wp-container-core-columns-is-layout-9d6595d7 wp-block-columns-is-layout-flex\">\n<div class=\"wp-block-column is-layout-flow wp-block-column-is-layout-flow\">\n<div class=\"wp-block-atheme-component-cta atheme-wrapper\"><div class=\"atheme-components-cta--decoration-right\"><\/div><div class=\"atheme-components-cta--decoration-left\"><\/div><div class=\"atheme-components-cta\" style=\"height:600px;min-height:300px;background-image:url( https:\/\/www.visitvarmland.com\/arjang\/wp-content\/uploads\/sites\/19\/2025\/05\/infinity_sommarvik-e1746690469141.jpg );background-size:cover;background-position:center center;background-attachment:scroll\"><div class=\"atheme-components-cta--overlay\"> <\/div><div class=\"atheme-components-cta--text\"><div><a href=\"https:\/\/www.visitvarmland.com\/arjang\/svemester-i-arjang-2\/\" target=\"_self\" rel=\"noopener\"><h3>Svemester i \u00c5rj\u00e4ng<\/h3><p>V\u00e4lkommen till v\u00e5r vackra del av V\u00e4rmland!<\/p><div class=\"atheme-components-cta--text-border\"><\/div><\/a><\/div><\/div><\/div><\/div>\n<\/div>\n\n\n\n<div class=\"wp-block-column is-layout-flow wp-block-column-is-layout-flow\">\n<div class=\"wp-block-atheme-component-cta atheme-wrapper\"><div class=\"atheme-components-cta--decoration-right\"><\/div><div class=\"atheme-components-cta--decoration-left\"><\/div><div class=\"atheme-components-cta\" style=\"height:400px;min-height:300px;background-image:url( https:\/\/www.visitvarmland.com\/arjang\/wp-content\/uploads\/sites\/19\/2024\/02\/180829-web-9599.jpg );background-size:cover;background-position:center center;background-attachment:scroll\"><div class=\"atheme-components-cta--overlay\"> <\/div><div class=\"atheme-components-cta--text\"><div><a href=\"https:\/\/www.visitvarmland.com\/arjang\/tips-och-guider\/unionsleden\/\" target=\"_self\" rel=\"noopener\"><h3>Unionsleden<br><\/h3><p>En gr\u00e4ns\u00f6verskridande nationell cykelled<\/p><div class=\"atheme-components-cta--text-border\"><\/div><\/a><\/div><\/div><\/div><\/div>\n<\/div>\n\n\n\n<div class=\"wp-block-column is-layout-flow wp-block-column-is-layout-flow\">\n<div class=\"wp-block-atheme-component-cta atheme-wrapper\"><div class=\"atheme-components-cta--decoration-right\"><\/div><div class=\"atheme-components-cta--decoration-left\"><\/div><div class=\"atheme-components-cta\" style=\"height:577px;min-height:300px;background-image:url( https:\/\/www.visitvarmland.com\/arjang\/wp-content\/uploads\/sites\/19\/2024\/02\/Norsketroll-450x6503-1-e1742827966747.jpg );background-size:cover;background-position:center center;background-attachment:scroll\"><div class=\"atheme-components-cta--overlay\"> <\/div><div class=\"atheme-components-cta--text\"><div><a href=\"https:\/\/www.visitvarmland.com\/arjang\/velkommen-til-arjang-am\/\" target=\"_self\" rel=\"noopener\"><h3>Velkommen til \u00c5rj\u00e4ng<br><\/h3><p>Ta den korteste veien til Sverige!<\/p><div class=\"atheme-components-cta--text-border\"><\/div><\/a><\/div><\/div><\/div><\/div>\n<\/div>\n<\/div>\n<\/div><\/div>\n\n\n\n<div class=\"wp-block-group atheme-wrapper--full\"><div class=\"wp-block-group__inner-container is-layout-flow wp-block-group-is-layout-flow\">\n<div class=\"wp-block-columns is-layout-flex wp-container-core-columns-is-layout-9d6595d7 wp-block-columns-is-layout-flex\">\n<div class=\"wp-block-column is-layout-flow wp-block-column-is-layout-flow\">\n<div class=\"wp-block-atheme-component-cta atheme-wrapper\"><div class=\"atheme-components-cta--decoration-right\"><\/div><div class=\"atheme-components-cta--decoration-left\"><\/div><div class=\"atheme-components-cta\" style=\"height:600px;min-height:300px;background-image:url( https:\/\/www.visitvarmland.com\/arjang\/wp-content\/uploads\/sites\/19\/2021\/09\/promenad-i-naturen-mostphotos.jpg );background-size:cover;background-position:center center;background-attachment:scroll\"><div class=\"atheme-components-cta--overlay\"> <\/div><div class=\"atheme-components-cta--text\"><div><a href=\"https:\/\/www.visitvarmland.com\/arjang\/tips-och-guider\/upplev-var-natur-till-fots\/\" target=\"_self\" rel=\"noopener\"><h3>Vandra \u00e5ret om!<\/h3><p>NJut av mer \u00e4n 300 km vandringsleder<\/p><div class=\"atheme-components-cta--text-border\"><\/div><\/a><\/div><\/div><\/div><\/div>\n<\/div>\n\n\n\n<div class=\"wp-block-column is-layout-flow wp-block-column-is-layout-flow\">\n<div class=\"wp-block-atheme-component-cta atheme-wrapper\"><div class=\"atheme-components-cta--decoration-right\"><\/div><div class=\"atheme-components-cta--decoration-left\"><\/div><div class=\"atheme-components-cta\" style=\"height:400px;min-height:300px;background-image:url( https:\/\/www.visitvarmland.com\/arjang\/wp-content\/uploads\/sites\/19\/2021\/08\/fishing-1245979_1920.jpg );background-size:cover;background-position:center center;background-attachment:scroll\"><div class=\"atheme-components-cta--overlay\"> <\/div><div class=\"atheme-components-cta--text\"><div><a href=\"https:\/\/www.visitvarmland.com\/arjang\/tips-och-guider\/fiska-dar-det-nappar\/\" target=\"_self\" rel=\"noopener\"><h3>Det nappar!<\/h3><p>V\u00e5r del av V\u00e4rmland \u00e4r inte bara sj\u00f6rik &#8211; h\u00e4r f\u00e5r du napp ocks\u00e5.<\/p><div class=\"atheme-components-cta--text-border\"><\/div><\/a><\/div><\/div><\/div><\/div>\n<\/div>\n\n\n\n<div class=\"wp-block-column is-layout-flow wp-block-column-is-layout-flow\">\n<div class=\"wp-block-atheme-component-cta atheme-wrapper\"><div class=\"atheme-components-cta--decoration-right\"><\/div><div class=\"atheme-components-cta--decoration-left\"><\/div><div class=\"atheme-components-cta\" style=\"height:600px;min-height:300px;background-image:url( https:\/\/www.visitvarmland.com\/arjang\/wp-content\/uploads\/sites\/19\/2024\/02\/20200704_153858-scaled.jpg );background-size:cover;background-position:center center;background-attachment:scroll\"><div class=\"atheme-components-cta--overlay\"> <\/div><div class=\"atheme-components-cta--text\"><div><a href=\"https:\/\/www.visitvarmland.com\/arjang\/tips-och-guider\/turforslag\/\" target=\"_self\" rel=\"noopener\"><h3>Turf\u00f6rslag<\/h3><p>F\u00e4rdiga turer och utflyktstips f\u00f6r dig som vill uppt\u00e4cka \u00c5rjangs omgivningar med bil.<\/p><div class=\"atheme-components-cta--text-border\"><\/div><\/a><\/div><\/div><\/div><\/div>\n<\/div>\n<\/div>\n<\/div><\/div>\n\n\n\n<div class=\"wp-block-atheme-component-cta-button atheme-wrapper\"><div class=\"atheme-components-cta--decoration-right\"><\/div><div class=\"atheme-components-cta--decoration-left\"><\/div><div class=\"atheme-components-cta\" style=\"height:600px;min-height:300px;background-image:url( https:\/\/www.visitvarmland.com\/arjang\/wp-content\/uploads\/sites\/19\/2024\/02\/20210902_081739-scaled.jpg );background-size:cover;background-position:center center;background-attachment:scroll\"><div class=\"atheme-components-cta--overlay\"> <\/div><div class=\"atheme-components-cta--text-wrapper\"><h3 style=\"color:#ffffff\">1000 sj\u00f6ar och en kanal<\/h3><p style=\"color:#ffffff\">Uppt\u00e4ck v\u00e5r vackra del av V\u00e4rmland vattenv\u00e4gen<\/p><a href=\"https:\/\/www.visitvarmland.com\/arjang\/tips-och-guider\/1000-sjoar-och-en-kanal\/\" target=\"_self\" rel=\"noopener\">Uppt\u00e4ck Dalslands kanal<\/a><\/div><\/div><\/div>\n\n\n\n<div class=\"wp-block-group atheme-wrapper--full\"><div class=\"wp-block-group__inner-container is-layout-flow wp-block-group-is-layout-flow\">\n<div class=\"wp-block-columns is-layout-flex wp-container-core-columns-is-layout-9d6595d7 wp-block-columns-is-layout-flex\">\n<div class=\"wp-block-column is-layout-flow wp-block-column-is-layout-flow\">\n<div class=\"wp-block-atheme-component-cta atheme-wrapper\"><div class=\"atheme-components-cta--decoration-right\"><\/div><div class=\"atheme-components-cta--decoration-left\"><\/div><div class=\"atheme-components-cta\" style=\"height:600px;min-height:300px;background-image:url( https:\/\/www.visitvarmland.com\/arjang\/wp-content\/uploads\/sites\/19\/2021\/10\/IMG_0293.jpg );background-size:cover;background-position:center center;background-attachment:scroll\"><div class=\"atheme-components-cta--overlay\"> <\/div><div class=\"atheme-components-cta--text\"><div><a href=\"https:\/\/www.visitvarmland.com\/arjang\/tips-och-guider\/vi-alskar-trav\/\" target=\"_self\" rel=\"noopener\"><h3>Vi \u00e4lskar trav<\/h3><p>Sveriges vackraste travbana och norra Europas enda travmuseum<\/p><div class=\"atheme-components-cta--text-border\"><\/div><\/a><\/div><\/div><\/div><\/div>\n<\/div>\n\n\n\n<div class=\"wp-block-column is-layout-flow wp-block-column-is-layout-flow\">\n<div class=\"wp-block-atheme-component-cta atheme-wrapper\"><div class=\"atheme-components-cta--decoration-right\"><\/div><div class=\"atheme-components-cta--decoration-left\"><\/div><div class=\"atheme-components-cta\" style=\"height:471px;min-height:300px;background-image:url( https:\/\/www.visitvarmland.com\/arjang\/wp-content\/uploads\/sites\/19\/2021\/10\/FBannons-trollet3-e1742827866705.jpg );background-size:cover;background-position:center center;background-attachment:scroll\"><div class=\"atheme-components-cta--overlay\"> <\/div><div class=\"atheme-components-cta--text\"><div><a href=\"https:\/\/www.visitvarmland.com\/arjang\/tips-och-guider\/arjangsprofiler\/\" target=\"_self\" rel=\"noopener\"><h3>\u00c5rj\u00e4ngsprofiler<\/h3><p>V\u00e4rldsm\u00e4stare, racerf\u00f6rare, troll och en giftm\u00f6rdare<\/p><div class=\"atheme-components-cta--text-border\"><\/div><\/a><\/div><\/div><\/div><\/div>\n<\/div>\n<\/div>\n<\/div><\/div>\n","protected":false},"excerpt":{"rendered":"<p>&#8230; upplev \u00c5rj\u00e4ng helt enkelt!<\/p>\n","protected":false},"author":3,"featured_media":0,"parent":0,"menu_order":0,"comment_status":"closed","ping_status":"closed","template":"page-templates\/municipality.php","meta":{"_acf_changed":false,"footnotes":""},"class_list":["post-194","page","type-page","status-publish","hentry"],"acf":[],"lang":"sv","translations":{"sv":194,"de":1936,"nb":1937,"en":2052},"pll_sync_post":[],"_links":{"self":[{"href":"https:\/\/www.visitvarmland.com\/arjang\/wp-json\/wp\/v2\/pages\/194","targetHints":{"allow":["GET"]}}],"collection":[{"href":"https:\/\/www.visitvarmland.com\/arjang\/wp-json\/wp\/v2\/pages"}],"about":[{"href":"https:\/\/www.visitvarmland.com\/arjang\/wp-json\/wp\/v2\/types\/page"}],"author":[{"embeddable":true,"href":"https:\/\/www.visitvarmland.com\/arjang\/wp-json\/wp\/v2\/users\/3"}],"replies":[{"embeddable":true,"href":"https:\/\/www.visitvarmland.com\/arjang\/wp-json\/wp\/v2\/comments?post=194"}],"version-history":[{"count":10,"href":"https:\/\/www.visitvarmland.com\/arjang\/wp-json\/wp\/v2\/pages\/194\/revisions"}],"predecessor-version":[{"id":3282,"href":"https:\/\/www.visitvarmland.com\/arjang\/wp-json\/wp\/v2\/pages\/194\/revisions\/3282"}],"wp:attachment":[{"href":"https:\/\/www.visitvarmland.com\/arjang\/wp-json\/wp\/v2\/media?parent=194"}],"curies":[{"name":"wp","href":"https:\/\/api.w.org\/{rel}","templated":true}]}}