{"id":1959,"date":"2024-06-03T12:35:49","date_gmt":"2024-06-03T10:35:49","guid":{"rendered":"https:\/\/www.visitvarmland.com\/arjang\/?page_id=1959"},"modified":"2024-06-12T16:17:24","modified_gmt":"2024-06-12T14:17:24","slug":"upptack-arjang","status":"publish","type":"page","link":"https:\/\/www.visitvarmland.com\/arjang\/en\/upptack-arjang\/","title":{"rendered":"Explore \u00c5rj\u00e4ng"},"content":{"rendered":"\n<div class=\"wp-block-atheme-component-collage-3 atheme-collage\"><div class=\"atheme-collage--triple\"><div class=\"atheme-collage--image\" style=\"background-image:url( https:\/\/www.visitvarmland.com\/arjang\/wp-content\/uploads\/sites\/19\/2021\/07\/Kayak-Dalsland_Drone-_018-Photo-Cred-Henrik-Trygg-vand.png )\"><div id=\"ScSYbvrLIvBRLHYF\" class=\"atheme-collage--infobox\"><p>Discover the Dalsland-Nordmarken lake district &#8211; perfect for canoe adventures<\/p><\/div><div class=\"atheme-collage--action\"><div class=\"atheme-collage--action-btn\" onclick=\"aToggleInfoBox('ScSYbvrLIvBRLHYF')\"><i class=\"fal fa-ellipsis-h\"><\/i><\/div><\/div><\/div><div class=\"atheme-collage--image\" style=\"background-image:url( https:\/\/www.visitvarmland.com\/arjang\/wp-content\/uploads\/sites\/19\/2021\/07\/20210714_083233-scaled-e1626949891974.jpg )\"><div id=\"FQzsUpxIaMYsRcQI\" class=\"atheme-collage--infobox\"><p>Meet \u00c5rj\u00e4ng&#8217;s talest inhabitant &#8211; our troll<\/p><\/div><div class=\"atheme-collage--action\"><div class=\"atheme-collage--action-btn\" onclick=\"aToggleInfoBox('FQzsUpxIaMYsRcQI')\"><i class=\"fal fa-ellipsis-h\"><\/i><\/div><\/div><\/div><div class=\"atheme-collage--image\" style=\"background-image:url( https:\/\/www.visitvarmland.com\/arjang\/wp-content\/uploads\/sites\/19\/2021\/08\/Yggdrasil_liggande-liten.jpg )\"><div id=\"DZEuCauCvgjBiStd\" class=\"atheme-collage--infobox\"><p>Stay the night in an unique glass igloo<\/p><\/div><div class=\"atheme-collage--action\"><div class=\"atheme-collage--action-btn\" onclick=\"aToggleInfoBox('DZEuCauCvgjBiStd')\"><i class=\"fal fa-ellipsis-h\"><\/i><\/div><\/div><\/div><\/div><\/div>\n\n\n\n<h2 class=\"wp-block-heading\"><strong>1000 lakes and one canal<\/strong><\/h2>\n\n\n\n<p>Our beautiful part of V\u00e4rmland is not only one of the most lake-rich regions of Sweden, we also have the <a href=\"https:\/\/www.visitvarmland.com\/arjang\/en\/tips-and-guides\/1000-sjoar-och-en-kanal\/\">Dalslands kanal<\/a> that runs like a blue vein throughout the municipality, from Norway all the way to Lake V\u00e4nern. You are close to water everywhere, perfect for swimming, fishing and boating.<\/p>\n\n\n\n<p>Of the canal&#8217;s beautiful lock environments,&nbsp;<a href=\"https:\/\/www.visitvarmland.com\/arjang\/en\/culture-and-history\/the-locks-in-lennartsfors\">Lennartsfors lock staircase<\/a>&nbsp;is probably the most impressive. The locks and parts of the canal are blasted into the mountain. The staircase consists of three locks with a total level difference of 7.5 meters. Here you experience the historical and cultural environment and to mix in some curiosities, our ski king Thomas Wassberg was born in Lennartsfors! <\/p>\n\n\n\n<h2 class=\"wp-block-heading\">Trotting and the \u00c5rj\u00e4ng market<\/h2>\n\n\n\n<p>Two things that are strongly associated with \u00c5rj\u00e4ng are trotting and&nbsp;\u00c5rj\u00e4ngs marknad. The market is definitely the big event of the year. On the third weekend of September, jackals from all over the country attract 50,000-100,000 visitors. For the children there is a popular funfair. The market dates back to the 1600s.<\/p>\n\n\n\n<p>\u00c5rj\u00e4ng has Sweden&#8217;s most beautiful\u00a0<a href=\"https:\/\/www.visitvarmland.com\/arjang\/en\/activities\/trotting-in-arjang\">trotting track\u00a0<\/a>. Here 18 races are held every year and in mid-July the HorsePower Weekend takes place. It is a real folk festival with horsepower on wheels like for example rally sprints in central \u00c5rj\u00e4ng and vintage cars exhibitions. The weekend also includes horsepower on hooves, of course. On V75 Day, 12,000 trotting enthusiasts gather to cheer on their favourites. If you are interested in the history of the racehorse, take the opportunity to visit\u00a0<a href=\"https:\/\/www.visitvarmland.com\/arjang\/en\/culture-history\/museum\/the-nordic-trotting-museum\">The Nordic Trotting Museum<\/a>\u00a0the trotting museum that is the racetrack&#8217;s closest neighbour.<\/p>\n\n\n\n<div class=\"wp-block-atheme-component-collage-2 atheme-collage\"><div class=\"atheme-collage--double\"><div class=\"atheme-collage--image\" style=\"background-image:url( https:\/\/www.visitvarmland.com\/arjang\/wp-content\/uploads\/sites\/19\/2021\/07\/IMG_0293.jpg )\"><div id=\"zAkqgrakYBZVDqCJ\" class=\"atheme-collage--infobox\"><p>In \u00c5rj\u00e4ng we really do love trotting<\/p><\/div><div class=\"atheme-collage--action\"><div class=\"atheme-collage--action-btn\" onclick=\"aToggleInfoBox('zAkqgrakYBZVDqCJ')\"><i class=\"fal fa-ellipsis-h\"><\/i><\/div><\/div><\/div><div class=\"atheme-collage--image\" style=\"background-image:url( https:\/\/www.visitvarmland.com\/arjang\/wp-content\/uploads\/sites\/19\/2021\/07\/180829-web-9620-utan-bat.jpg )\"><div id=\"rshFmcoxcDQgpPvV\" class=\"atheme-collage--infobox\"><p>Unionsleden &#8211; 350 km cycle route between Moss and Karlstad<\/p><\/div><div class=\"atheme-collage--action\"><div class=\"atheme-collage--action-btn\" onclick=\"aToggleInfoBox('rshFmcoxcDQgpPvV')\"><i class=\"fal fa-ellipsis-h\"><\/i><\/div><\/div><\/div><\/div><\/div>\n\n\n\n<h2 class=\"wp-block-heading\">Activities on land and water<\/h2>\n\n\n\n<p>Here we offer you a great variety of activities close to nature, such as\u00a0<a href=\"https:\/\/www.visitvarmland.com\/en\/activities?categories=activities\/paddle&amp;municipalities=arjang\">canoeing\u00a0<\/a>in dalsland nordmarken lake system, which is one of Europe&#8217;s best water sports areas. Guests can go hiking in\u00a0<a href=\"https:\/\/www.visitvarmland.com\/arjang\/en\/activities\/hiking-2\/trails-2\/hiking-in-glaskogen-nature-reserve\">Glaskogen Nature Reserve<\/a>, which has a total of 300 km of hiking trails. For those interested in cycling, there is a large selection of winding gravel roads that take you along lakes, through forests and in open landscapes. Sport fishing in our lakes is world class and attracts visitors from near and far. Perch and pike (really large) are our most common species, but the availability of noble fish is also good.<\/p>\n\n\n\n<p>Do you like playing golf? Take a turn on\u00a0<a href=\"https:\/\/www.visitvarmland.com\/arjang\/en\/activities\/golfing\/golf\/arjangs-golf-course\">\u00c5rj\u00e4ngs golf course<\/a> beautifully situated at Lake Svensbysj\u00f6n near Sillerud.<\/p>\n\n\n\n<h2 class=\"wp-block-heading\">Culture &#8211; from classic to cool<\/h2>\n\n\n\n<p>In the centre of \u00c5rj\u00e4ngs stands the famous\u00a0<a href=\"https:\/\/www.visitvarmland.com\/arjang\/en\/culture-history\/art\/the-troll-in-arjang\">\u00a0Troll of \u00c5rj\u00e4ng<\/a>\u00a0it is 8 meters tall and has shoe size 3,5 meters! We can also boast with stunning murals from the street art festival Artscape, which adorns two of our house walls.. Welcome to enjoy a three kilometres long\u00a0<a href=\"https:\/\/www.visitvarmland.com\/arjang\/wp-content\/uploads\/sites\/19\/2021\/09\/3-kilometer-skulptur-webb.pdf\">sculpture walk\u00a0<\/a>between the centre of \u00c5rj\u00e4ng and Kyrkeruds Art School. The school&#8217;s summer courses in photography, sculpture and painting are very popular.<\/p>\n\n\n\n<p><a href=\"https:\/\/www.visitvarmland.com\/arjang\/en\/activities\/hiking-2\/the-borgas-man\">The Borg\u00e5s man<\/a>\u00a0(Borg\u00e5sgubben) is a stone statue that was built up in the 17th century to imprint a living guard and to intimidate enemies. From the hill on which the statue stands, you get an impressive view of Lake V\u00e4stra Silen.<\/p>\n\n\n\n<p>If you are looking for a little more excitement, we can recommend a visit at\u00a0<a href=\"https:\/\/www.visitvarmland.com\/arjang\/en\/culture-history\/houses-cultural-environments\/places-37\/langelanda-court-house\">L\u00e5ngelanda courthouse<\/a>\u00a0\u2013 Sweden&#8217;s oldest preserved courthouse. In 1865, the priest Anders Lindb\u00e4ck was on trial here after trying to poison his parishioners by mixing arsenic in communion wine.<\/p>\n\n\n\n<div class=\"wp-block-atheme-component-collage-2 atheme-collage\"><div class=\"atheme-collage--double\"><div class=\"atheme-collage--image\" style=\"background-image:url( https:\/\/www.visitvarmland.com\/arjang\/wp-content\/uploads\/sites\/19\/2021\/07\/Skulptur4.jpg )\"><div id=\"VqQovjMcfEhqspQY\" class=\"atheme-collage--infobox\"><p>Mural painting by Smug<\/p><\/div><div class=\"atheme-collage--action\"><div class=\"atheme-collage--action-btn\" onclick=\"aToggleInfoBox('VqQovjMcfEhqspQY')\"><i class=\"fal fa-ellipsis-h\"><\/i><\/div><\/div><\/div><div class=\"atheme-collage--image\" style=\"background-image:url( https:\/\/www.visitvarmland.com\/arjang\/wp-content\/uploads\/sites\/19\/2021\/08\/20210713_173941-scaled.jpg )\"><div id=\"jRDMRIDahoImHQoL\" class=\"atheme-collage--infobox\"><p>The homestead museum in Sillerud<\/p><\/div><div class=\"atheme-collage--action\"><div class=\"atheme-collage--action-btn\" onclick=\"aToggleInfoBox('jRDMRIDahoImHQoL')\"><i class=\"fal fa-ellipsis-h\"><\/i><\/div><\/div><\/div><\/div><\/div>\n\n\n\n<h2 class=\"wp-block-heading\">Restaurants and shopping<\/h2>\n\n\n\n<p>A shopping trip is usually popular with most people! In \u00c5rj\u00e4ng municipality we have skilled craftsmen, <a href=\"https:\/\/www.visitvarmland.com\/arjang\/en\/design-shopping\/\">cozy shops and two shopping centers<\/a>.&nbsp;<\/p>\n\n\n\n<p>In the mood for something good and tasty? At the lock area in the centre of T\u00f6cksfors you find the\u00a0<a href=\"https:\/\/www.visitvarmland.com\/arjang\/en\/food-drinks\/restaurant\/places-96\/waterside-restaurant\">Waterside restaurant<\/a>, a cosy restaurant, which has been recommended by the White Guide for several years. Another experience for your taste buds may be whisky tasting at\u00a0<a href=\"https:\/\/www.visitvarmland.com\/arjang\/en\/design-shopping\/farm-shop\/nordmarken-distillery\">Nordmarkens Distillery<\/a>\u00a0in Holmedal.<\/p>\n\n\n\n<p><\/p>\n\n\n\n<h2 class=\"wp-block-heading\">Hotels and Camp sites<\/h2>\n\n\n\n<p>After a long day with many activities, it can feel really good to sleep in a comfy bed. Why not check in at\u00a0<a href=\"https:\/\/www.visitvarmland.com\/arjang\/en\/accomodation\/cottages\/bed-breakfast\/turistgarden-tocksfors\">Turistg\u00e5rden<\/a>\u00a0in T\u00f6cksfors, at\u00a0Hotel \u00c5rj\u00e4ng\u00a0in the centre of \u00c5rj\u00e4ng or maybe even in a 1st class train carriage at\u00a0<a href=\"https:\/\/www.visitvarmland.com\/arjang\/en\/accomodation\/hotel-guest-house\/sillerud-station\">Silleruds station<\/a>? We have many campsites that are all located next to water. A real gem is V\u00e4rmland&#8217;s only 5-star campsite, <a href=\"https:\/\/www.visitvarmland.com\/arjang\/en\/accomodation\/camping\/arjang-camping-stugor-sommarvik\">\u00c5rj\u00e4ng Camping and Cottages, Sommarvik<\/a>, located just south of \u00c5rj\u00e4ng city centre.<\/p>\n\n\n\n    <div class=\"cards-section-top\">\n                <h2>Don&#8217;t miss!<\/h2>\n        <a class=\"a-button\" href=\"https:\/\/visitvarmland.com\/aktiviteter?municipalities=arjang\">Visa alla<\/a>\n    <\/div>\n    <section class=\"cards-section-wrapper\">\n        <div class=\"cards-section-slide\">\n            <!-- Card wrapper -->\n<article class=\"a-card a-card--turid\" link-finder     >\n                <div class=\"a-card__image a-card--turid__image\">\n                <div class=\"bg-img\" style=\"background-image:url(https:\/\/img.turid.visitvarmland.com\/afbe5d3c-e0fb-4c27-a001-e3da26621c9f\/fbannons-trollet3.jpg?q=80&#038;fit=crop&#038;w=300&#038;h=210&#038;v=1&#038;);\"><\/div>\n            <\/div>\n                        <h2 class=\"a-card__title a-card--turid__title\"><a data-no-translation href=\"https:\/\/www.visitvarmland.com\/arjang\/kultur-historia\/konst\/arjangstrollet\">\u00c5rj\u00e4ngstrollet<\/a><\/h2>\n                        <div class=\"a-card__content a-card--turid__content\">Trollet \u00e4r 8 meter h\u00f6gt och har 3,5&hellip;<\/div>\n                        <div class=\"a-card__bottom-wrapper a-card--turid__bottom-wrapper\" style=\"background-image:url();\">                            <div class=\"a-card__favorite a-card--turid__favorite\"><i class=\"fal fa-heart\"><\/i><\/div>\n                        <div class=\"a-card__tag a-card--turid__tag\"><!-- Button wrapper -->\n\n<a class=\"a-tag a-tag--small\" href=\"https:\/\/www.visitvarmland.com\/kultur-historia\/konst\/platser-44\" target=\"_self\" >\n    <span class='a-card--divider'>Platser<\/span>\n    <\/a><\/div>\n                        <\/div>\n            <\/article><!-- Card wrapper -->\n<article class=\"a-card a-card--turid\" link-finder     >\n                <div class=\"a-card__image a-card--turid__image\">\n                <div class=\"bg-img\" style=\"background-image:url(https:\/\/img.turid.visitvarmland.com\/legacy\/\u00c5rj\u00e4ng\/_MG_6314.jpeg?q=80&#038;fit=crop&#038;w=300&#038;h=210&#038;v=1&#038;);\"><\/div>\n            <\/div>\n                        <h2 class=\"a-card__title a-card--turid__title\"><a data-no-translation href=\"https:\/\/www.visitvarmland.com\/arjang\/aktiviteter\/golfa\/golf\/arjangs-golfklubb\">\u00c5rj\u00e4ngs Golfklubb<\/a><\/h2>\n                        <div class=\"a-card__content a-card--turid__content\">En av Sveriges vackraste banor enligt m\u00e5nga bes\u00f6kare.<\/div>\n                        <div class=\"a-card__bottom-wrapper a-card--turid__bottom-wrapper\" style=\"background-image:url();\">                            <div class=\"a-card__favorite a-card--turid__favorite\"><i class=\"fal fa-heart\"><\/i><\/div>\n                        <div class=\"a-card__tag a-card--turid__tag\"><!-- Button wrapper -->\n\n<a class=\"a-tag a-tag--small\" href=\"https:\/\/www.visitvarmland.com\/aktiviteter\/golfa\/golf\" target=\"_self\" >\n    <span class='a-card--divider'>Golf<\/span>\n    <\/a><\/div>\n                        <\/div>\n            <\/article><!-- Card wrapper -->\n<article class=\"a-card a-card--turid\" link-finder     >\n                <div class=\"a-card__image a-card--turid__image\">\n                <div class=\"bg-img\" style=\"background-image:url(https:\/\/img.turid.visitvarmland.com\/legacy\/\u00c5rj\u00e4ng\/whiskyprov-nordmarkens-destilleri.jpeg?q=80&#038;fit=crop&#038;w=300&#038;h=210&#038;v=1&#038;);\"><\/div>\n            <\/div>\n                        <h2 class=\"a-card__title a-card--turid__title\"><a data-no-translation href=\"https:\/\/www.visitvarmland.com\/arjang\/design-shopping\/gardsbutik\/nordmarkens-destilleri\">Nordmarkens Destilleri<\/a><\/h2>\n                        <div class=\"a-card__content a-card--turid__content\">Nordmarkens Destilleri tillverkar egen maltwhisky och erbjuder exklusiva&hellip;<\/div>\n                        <div class=\"a-card__bottom-wrapper a-card--turid__bottom-wrapper\" style=\"background-image:url();\">                            <div class=\"a-card__favorite a-card--turid__favorite\"><i class=\"fal fa-heart\"><\/i><\/div>\n                        <div class=\"a-card__tag a-card--turid__tag\"><!-- Button wrapper -->\n\n<a class=\"a-tag a-tag--small\" href=\"https:\/\/www.visitvarmland.com\/mat-dryck\/gardsbutiker\" target=\"_self\" >\n    <span class='a-card--divider'>G\u00e5rdsbutiker<\/span>\n    <\/a><\/div>\n                        <\/div>\n            <\/article><!-- Card wrapper -->\n<article class=\"a-card a-card--turid\" link-finder     >\n                <div class=\"a-card__image a-card--turid__image\">\n                <div class=\"bg-img\" style=\"background-image:url(https:\/\/img.turid.visitvarmland.com\/fff5c6cd-9292-4991-832b-e2168043eb78\/20210524-134250-red.jpg?q=80&#038;fit=crop&#038;w=300&#038;h=210&#038;v=1&#038;);\"><\/div>\n            <\/div>\n                        <h2 class=\"a-card__title a-card--turid__title\"><a data-no-translation href=\"https:\/\/www.visitvarmland.com\/arjang\/boende\/hotell-pensionat\/hotell-arjang\">Hotell \u00c5rj\u00e4ng<\/a><\/h2>\n                        <div class=\"a-card__content a-card--turid__content\">Trivsamt boende n\u00e4ra norska gr\u00e4nsen. Njut av sk\u00f6na&hellip;<\/div>\n                        <div class=\"a-card__bottom-wrapper a-card--turid__bottom-wrapper\" style=\"background-image:url();\">                            <div class=\"a-card__favorite a-card--turid__favorite\"><i class=\"fal fa-heart\"><\/i><\/div>\n                        <div class=\"a-card__tag a-card--turid__tag\"><!-- Button wrapper -->\n\n<a class=\"a-tag a-tag--small\" href=\"https:\/\/www.visitvarmland.com\/boende\/hotell-pensionat\" target=\"_self\" >\n    <span class='a-card--divider'>Hotell &#038; pensionat<\/span>\n    <\/a><\/div>\n                        <\/div>\n            <\/article><!-- Card wrapper -->\n<article class=\"a-card a-card--turid\" link-finder     >\n                <div class=\"a-card__image a-card--turid__image\">\n                <div class=\"bg-img\" style=\"background-image:url(https:\/\/img.turid.visitvarmland.com\/f908e11d-0d37-4aee-96ff-f617170c18b1\/20210623-134750.jpg?q=80&#038;fit=crop&#038;w=300&#038;h=210&#038;v=1&#038;);\"><\/div>\n            <\/div>\n                        <h2 class=\"a-card__title a-card--turid__title\"><a data-no-translation href=\"https:\/\/www.visitvarmland.com\/arjang\/kultur-historia\/museum\/nordiska-travmuseet\">Nordiska Travmuseet<\/a><\/h2>\n                        <div class=\"a-card__content a-card--turid__content\">Det enda museet i sitt slag i norra&hellip;<\/div>\n                        <div class=\"a-card__bottom-wrapper a-card--turid__bottom-wrapper\" style=\"background-image:url();\">                            <div class=\"a-card__favorite a-card--turid__favorite\"><i class=\"fal fa-heart\"><\/i><\/div>\n                        <div class=\"a-card__tag a-card--turid__tag\"><!-- Button wrapper -->\n\n<a class=\"a-tag a-tag--small\" href=\"https:\/\/www.visitvarmland.com\/kultur-historia\/museum\/platser-51\" target=\"_self\" >\n    <span class='a-card--divider'>Platser<\/span>\n    <\/a><\/div>\n                        <\/div>\n            <\/article><!-- Card wrapper -->\n<article class=\"a-card a-card--turid\" link-finder     >\n                <div class=\"a-card__image a-card--turid__image\">\n                <div class=\"bg-img\" style=\"background-image:url(https:\/\/img.turid.visitvarmland.com\/6d220e47-fb9b-444e-920d-9e8111fd6fe2\/20210902-082803.jpg?q=80&#038;fit=crop&#038;w=300&#038;h=210&#038;v=1&#038;);\"><\/div>\n            <\/div>\n                        <h2 class=\"a-card__title a-card--turid__title\"><a data-no-translation href=\"https:\/\/www.visitvarmland.com\/arjang\/aktiviteter\/skulpturpromenad\">Skulpturpromenad<\/a><\/h2>\n                        <div class=\"a-card__content a-card--turid__content\">En promenad f\u00f6r b\u00e5de kropp och sj\u00e4l.<\/div>\n                        <div class=\"a-card__bottom-wrapper a-card--turid__bottom-wrapper\" style=\"background-image:url();\">                            <div class=\"a-card__favorite a-card--turid__favorite\"><i class=\"fal fa-heart\"><\/i><\/div>\n                        <div class=\"a-card__tag a-card--turid__tag\"><!-- Button wrapper -->\n\n<a class=\"a-tag a-tag--small\" href=\"https:\/\/www.visitvarmland.com\/kultur-historia\/konst\" target=\"_self\" >\n    <span class='a-card--divider'>Konst<\/span>\n    <\/a><\/div>\n                        <\/div>\n            <\/article><!-- Card wrapper -->\n<article class=\"a-card a-card--turid\" link-finder     >\n                <div class=\"a-card__image a-card--turid__image\">\n                <div class=\"bg-img\" style=\"background-image:url(https:\/\/img.turid.visitvarmland.com\/legacy\/\u00c5rj\u00e4ng\/kanotpaddlare.jpeg?q=80&#038;fit=crop&#038;w=300&#038;h=210&#038;v=1&#038;);\"><\/div>\n            <\/div>\n                        <h2 class=\"a-card__title a-card--turid__title\"><a data-no-translation href=\"https:\/\/www.visitvarmland.com\/arjang\/aktiviteter\/paddla\/kanotuthyrning-hos-nordmarkens-kanot-center-ab\">Kanotuthyrning hos Nordmarkens Kanot Center AB<\/a><\/h2>\n                        <div class=\"a-card__content a-card--turid__content\">Med mer \u00e4n 70 \u00e5r i branschen har&hellip;<\/div>\n                        <div class=\"a-card__bottom-wrapper a-card--turid__bottom-wrapper\" style=\"background-image:url();\">                            <div class=\"a-card__favorite a-card--turid__favorite\"><i class=\"fal fa-heart\"><\/i><\/div>\n                        <div class=\"a-card__tag a-card--turid__tag\"><!-- Button wrapper -->\n\n<a class=\"a-tag a-tag--small\" href=\"https:\/\/www.visitvarmland.com\/aktiviteter\/paddla\/uthyrningservice-3\" target=\"_self\" >\n    <span class='a-card--divider'>Uthyrning\/<\/span><span class='a-card--divider'>service<\/span>\n    <\/a><\/div>\n                        <\/div>\n            <\/article><!-- Card wrapper -->\n<article class=\"a-card a-card--turid\" link-finder     >\n                <div class=\"a-card__image a-card--turid__image\">\n                <div class=\"bg-img\" style=\"background-image:url(https:\/\/img.turid.visitvarmland.com\/9c03eafc-e334-48ec-b69e-c8da8046ed78\/sommarvik-865x8004.jpg?q=80&#038;fit=crop&#038;w=300&#038;h=210&#038;v=1&#038;);\"><\/div>\n            <\/div>\n                        <h2 class=\"a-card__title a-card--turid__title\"><a data-no-translation href=\"https:\/\/www.visitvarmland.com\/arjang\/boende\/camping\/hyr-stuga-pa-sommarvik\">Hyr stuga p\u00e5 Sommarvik<\/a><\/h2>\n                        <div class=\"a-card__content a-card--turid__content\">V\u00e4lkommen till femstj\u00e4rniga och barnv\u00e4nliga semesteranl\u00e4ggningen \u00c5rj\u00e4ng Camping&hellip;<\/div>\n                        <div class=\"a-card__bottom-wrapper a-card--turid__bottom-wrapper\" style=\"background-image:url();\">                            <div class=\"a-card__favorite a-card--turid__favorite\"><i class=\"fal fa-heart\"><\/i><\/div>\n                        <div class=\"a-card__tag a-card--turid__tag\"><!-- Button wrapper -->\n\n<a class=\"a-tag a-tag--small\" href=\"https:\/\/www.visitvarmland.com\/boende\/stugor\" target=\"_self\" >\n    <span class='a-card--divider'>Stugor<\/span>\n    <\/a><\/div>\n                        <\/div>\n            <\/article><!-- Card wrapper -->\n<article class=\"a-card a-card--turid\" link-finder     >\n                <div class=\"a-card__image a-card--turid__image\">\n                <div class=\"bg-img\" style=\"background-image:url(https:\/\/img.turid.visitvarmland.com\/1a418bed-06b4-48a2-9a30-cd33e6673e6d\/20230707-124959.jpg?q=80&#038;fit=crop&#038;w=300&#038;h=210&#038;v=1&#038;);\"><\/div>\n            <\/div>\n                        <h2 class=\"a-card__title a-card--turid__title\"><a data-no-translation href=\"https:\/\/www.visitvarmland.com\/arjang\/kultur-historia\/hus-kulturmiljoer\/platser-37\/langelanda-tingshus\">L\u00e5ngelanda Tingshus<\/a><\/h2>\n                        <div class=\"a-card__content a-card--turid__content\">Sveriges \u00e4ldsta bevarade tingshus.<\/div>\n                        <div class=\"a-card__bottom-wrapper a-card--turid__bottom-wrapper\" style=\"background-image:url();\">                            <div class=\"a-card__favorite a-card--turid__favorite\"><i class=\"fal fa-heart\"><\/i><\/div>\n                        <div class=\"a-card__tag a-card--turid__tag\"><!-- Button wrapper -->\n\n<a class=\"a-tag a-tag--small\" href=\"https:\/\/www.visitvarmland.com\/kultur-historia\/hus-kulturmiljoer\/platser-37\" target=\"_self\" >\n    <span class='a-card--divider'>Platser<\/span>\n    <\/a><\/div>\n                        <\/div>\n            <\/article>        <\/div>\n        <button class=\"hero-scroll-icon section-scroll-side\" aria-label=\"Next\" aria-hidden=\"true\" tabindex=\"-1\">\n            <div class=\"pre-icon-dot\"><\/div>\n            <div class=\"pre-icon-dot\"><\/div>\n            <i class=\"fal fa-long-arrow-down\" aria-hidden=\"true\"><\/i>\n        <\/button>\n        <button class=\"hero-scroll-icon section-scroll-side-left section-scroll-side-left-hidden\" aria-label=\"Previous\" aria-hidden=\"true\" tabindex=\"-1\">\n            <div class=\"pre-icon-dot\"><\/div>\n            <div class=\"pre-icon-dot\"><\/div>\n            <i class=\"fal fa-long-arrow-down\" aria-hidden=\"true\"><\/i>\n        <\/button>\n    <\/section>\n\n\n","protected":false},"excerpt":{"rendered":"<p>1000 lakes and one canal Our beautiful part of V\u00e4rmland is not only one of the most lake-rich regions of Sweden, we also have the Dalslands kanal that runs like a blue vein throughout the municipality, from Norway all the way to Lake V\u00e4nern. You are close to water everywhere, perfect for swimming, fishing and [&hellip;]<\/p>\n","protected":false},"author":12,"featured_media":1911,"parent":0,"menu_order":0,"comment_status":"closed","ping_status":"closed","template":"","meta":{"_acf_changed":false,"footnotes":""},"class_list":["post-1959","page","type-page","status-publish","has-post-thumbnail","hentry"],"acf":[],"lang":"en","translations":{"en":1959,"sv":196},"pll_sync_post":[],"_links":{"self":[{"href":"https:\/\/www.visitvarmland.com\/arjang\/wp-json\/wp\/v2\/pages\/1959","targetHints":{"allow":["GET"]}}],"collection":[{"href":"https:\/\/www.visitvarmland.com\/arjang\/wp-json\/wp\/v2\/pages"}],"about":[{"href":"https:\/\/www.visitvarmland.com\/arjang\/wp-json\/wp\/v2\/types\/page"}],"author":[{"embeddable":true,"href":"https:\/\/www.visitvarmland.com\/arjang\/wp-json\/wp\/v2\/users\/12"}],"replies":[{"embeddable":true,"href":"https:\/\/www.visitvarmland.com\/arjang\/wp-json\/wp\/v2\/comments?post=1959"}],"version-history":[{"count":9,"href":"https:\/\/www.visitvarmland.com\/arjang\/wp-json\/wp\/v2\/pages\/1959\/revisions"}],"predecessor-version":[{"id":2073,"href":"https:\/\/www.visitvarmland.com\/arjang\/wp-json\/wp\/v2\/pages\/1959\/revisions\/2073"}],"wp:featuredmedia":[{"embeddable":true,"href":"https:\/\/www.visitvarmland.com\/arjang\/wp-json\/wp\/v2\/media\/1911"}],"wp:attachment":[{"href":"https:\/\/www.visitvarmland.com\/arjang\/wp-json\/wp\/v2\/media?parent=1959"}],"curies":[{"name":"wp","href":"https:\/\/api.w.org\/{rel}","templated":true}]}}