{"id":207,"date":"2021-05-21T12:08:02","date_gmt":"2021-05-21T10:08:02","guid":{"rendered":"https:\/\/www.visitvarmland.com\/arjang\/?page_id=207"},"modified":"2025-07-07T19:38:12","modified_gmt":"2025-07-07T17:38:12","slug":"besoksinformation","status":"publish","type":"page","link":"https:\/\/www.visitvarmland.com\/arjang\/besoksinformation\/","title":{"rendered":"Bes\u00f6ksinformation"},"content":{"rendered":"\n<div class=\"wp-block-atheme-component-cta atheme-wrapper\"><div class=\"atheme-components-cta--decoration-right\"><\/div><div class=\"atheme-components-cta--decoration-left\"><\/div><div class=\"atheme-components-cta\" style=\"height:600px;min-height:300px;background-image:url( https:\/\/www.visitvarmland.com\/arjang\/wp-content\/uploads\/sites\/19\/2021\/07\/text-pa-bild-1750x700-troll.jpg );background-size:cover;background-position:center center;background-attachment:scroll\"><div class=\"atheme-components-cta--overlay\"> <\/div><div class=\"atheme-components-cta--text\"><div><h3>&#8230; och att du minns \u00c5rj\u00e4ng med ett leende!<\/h3><p><\/p><div class=\"atheme-components-cta--text-border\"><\/div><\/div><\/div><\/div><\/div>\n\n\n\n<h2 class=\"wp-block-heading\"><strong>InfoPoints<\/strong><\/h2>\n\n\n\n<p><strong>N\u00e4r du \u00e4r p\u00e5 plats i v\u00e5r kommun finns det fyra InfoPoints som du kan bes\u00f6ka f\u00f6r broschyrer, information och tips som g\u00f6r din vistelse hos oss \u00e4nnu b\u00e4ttre<\/strong>.<\/p>\n\n\n\n<figure class=\"wp-block-image size-thumbnail is-style-default\"><img loading=\"lazy\" decoding=\"async\" width=\"150\" height=\"150\" src=\"https:\/\/www.visitvarmland.com\/arjang\/wp-content\/uploads\/sites\/19\/2022\/01\/FBannons_info-150x150.jpg\" alt=\"\" class=\"wp-image-1922\" srcset=\"https:\/\/www.visitvarmland.com\/app\/uploads\/sites\/19\/2022\/01\/FBannons_info-150x150.jpg 150w, https:\/\/www.visitvarmland.com\/app\/uploads\/sites\/19\/2022\/01\/FBannons_info-300x300.jpg 300w, https:\/\/www.visitvarmland.com\/app\/uploads\/sites\/19\/2022\/01\/FBannons_info-12x12.jpg 12w, https:\/\/www.visitvarmland.com\/app\/uploads\/sites\/19\/2022\/01\/FBannons_info-600x600.jpg 600w, https:\/\/www.visitvarmland.com\/app\/uploads\/sites\/19\/2022\/01\/FBannons_info.jpg 701w\" sizes=\"auto, (max-width: 150px) 100vw, 150px\" \/><\/figure>\n\n\n\n<div class=\"wp-block-group\"><div class=\"wp-block-group__inner-container is-layout-flow wp-block-group-is-layout-flow\">\n<div class=\"wp-block-buttons is-layout-flex wp-block-buttons-is-layout-flex\">\n<div class=\"wp-block-button is-style-fill\"><a class=\"wp-block-button__link has-svart-color has-text-color wp-element-button\" href=\"https:\/\/www.google.se\/maps\/place\/Hotell+%C3%85rj%C3%A4ng\/@59.3941564,12.1316783,17z\/data=!4m18!1m9!3m8!1s0x4643820b7da28605:0x40865842d29357ad!2zSG90ZWxsIMOFcmrDpG5n!5m2!4m1!1i2!8m2!3d59.3941014!4d12.1338142!3m7!1s0x4643820b7da28605:0x40865842d29357ad!5m2!4m1!1i2!8m2!3d59.3941014!4d12.1338142\" target=\"_blank\" rel=\"noopener\"> <strong>Hotell \u00c5rj\u00e4ng<\/strong><\/a><\/div>\n<\/div>\n<\/div><\/div>\n\n\n\n<p>Hotell \u00c5rj\u00e4ng ligger centralt i \u00c5rj\u00e4ng. H\u00e4r hj\u00e4lper personalen dig g\u00e4rna med med allt du beh\u00f6ver f\u00f6r din semester. I lobbyn hittar du ett stort och v\u00e4lfyllt broschyrst\u00e4ll med lokal och regional turistinformation.<\/p>\n\n\n\n<div class=\"wp-block-buttons is-layout-flex wp-block-buttons-is-layout-flex\">\n<div class=\"wp-block-button\"><a class=\"wp-block-button__link has-svart-color has-text-color wp-element-button\" href=\"https:\/\/www.google.se\/maps\/place\/ICA+Sillerud\/@59.3198919,12.3091796,17z\/data=!4m12!1m6!3m5!1s0x46437c5a81f0d2c5:0x8b2b59dddc4bfd15!2sICA+Sillerud!8m2!3d59.3198941!4d12.3112694!3m4!1s0x46437c5a81f0d2c5:0x8b2b59dddc4bfd15!8m2!3d59.3198941!4d12.3112694\" style=\"border-radius:2px\" target=\"_blank\" rel=\"noopener\">ICA Sillerud<\/a><\/div>\n<\/div>\n\n\n\n<p>Hos ICA-butiken i Sillerud tar Rikard och hans personal hand om dina \u00f6nskem\u00e5l och funderingar p\u00e5 b\u00e4sta s\u00e4tt. Bl\u00e4ddra i broschyrerna och njut av en god fika i tr\u00e4dg\u00e5rden p\u00e5 Silleruds station.<\/p>\n\n\n\n<div class=\"wp-block-buttons is-layout-flex wp-block-buttons-is-layout-flex\">\n<div class=\"wp-block-button\"><a class=\"wp-block-button__link has-svart-color has-text-color wp-element-button\" href=\"https:\/\/www.google.se\/maps\/place\/Lanthandel\/@59.6430563,11.8625867,291m\/data=!3m1!1e3!4m8!1m2!2m1!1sN%C3%A4ra+dej+%C3%B6stervallskog!3m4!1s0x46439645001b785b:0xfe400ac2d6518e32!8m2!3d59.6434616!4d11.8615577\" target=\"_blank\" rel=\"noopener\">N\u00e4ra Dej \u00d6stervallskog<\/a><\/div>\n<\/div>\n\n\n\n<p>Lanthandeln N\u00e4ra Dej  ligger i \u00d6stervallskog, i norra delen av v\u00e5r kommun. H\u00e4r svarar Ren\u00e9e och hennes personal p\u00e5 dina fr\u00e5gor och ger dig sina b\u00e4sta \u00c5rj\u00e4ngstips.<\/p>\n\n\n\n<div class=\"wp-block-buttons is-layout-flex wp-block-buttons-is-layout-flex\">\n<div class=\"wp-block-button\"><a class=\"wp-block-button__link wp-element-button\" href=\"https:\/\/www.google.com\/maps\/place\/Bergstugan+B%26B\/@59.3185198,11.9052529,15z\/data=!4m5!3m4!1s0x0:0x9e56dca6dc97dc1e!8m2!3d59.3185198!4d11.9052529\" target=\"_blank\" rel=\"noopener\">Bergstugan i Lennartsfors<\/a><\/div>\n<\/div>\n\n\n\n<p>Bergstugan B&amp;B och Restaurang ligger i den lilla bruksorten Lennartsfors i den nordligaste \u00e4ndan av sj\u00f6n Lel\u00e5ng &#8211; eller faktiskt precis mellan sj\u00f6arna Lel\u00e5ng och Foxen. H\u00e4r finns vackra slussmilj\u00f6er, hantverk, caf\u00e9 och restaurang.<\/p>\n\n\n\n<p>Dessutom finns det broschyrer p\u00e5\u00a0<a href=\"https:\/\/www.google.se\/maps\/place\/T%C3%B6cksfors+Shoppingcenter\/@59.5062175,11.8429898,420m\/data=!3m1!1e3!4m12!1m6!3m5!1s0x4643903bdbb93c1b:0x84b648448cd079ef!2sT%C3%B6cksfors+Shoppingcenter!8m2!3d59.5062175!4d11.8451785!3m4!1s0x4643903bdbb93c1b:0x84b648448cd079ef!8m2!3d59.5062175!4d11.8451785\" target=\"_blank\" rel=\"noreferrer noopener\">T\u00f6cksfors Shoppingscenter<\/a>\u00a0\u00e5ret om.<br>Och under sommars\u00e4songen har \u00e4ven v\u00e5ra turistanl\u00e4ggningar ett urval av broschyrer .<\/p>\n\n\n\n<div class=\"wp-block-buttons is-layout-flex wp-block-buttons-is-layout-flex\">\n<div class=\"wp-block-button\"><a class=\"wp-block-button__link has-svart-color has-text-color wp-element-button\">Kontakta oss<\/a><\/div>\n<\/div>\n\n\n\n<p>Vi p\u00e5 Visit \u00c5rj\u00e4ng svarar g\u00e4rna p\u00e5 dina fr\u00e5gor. <br>V\u00e5ra telefontider \u00e4r:<br>M\u00e5n &#8211; fre kl 10.00 &#8211; 16.00<br><strong>Tel:<\/strong>&nbsp;0573-141 36<br><strong>E-post:&nbsp;<\/strong><a href=\"mailto:turist@arjang.se\">turist@arjang.se<\/a><\/p>\n\n\n\n<figure class=\"wp-block-image size-large is-resized\"><img loading=\"lazy\" decoding=\"async\" width=\"313\" height=\"313\" src=\"https:\/\/www.visitvarmland.com\/arjang\/wp-content\/uploads\/sites\/19\/2023\/08\/logga-till-vA.jpg\" alt=\"\" class=\"wp-image-1923\" style=\"width:150px;height:150px\" srcset=\"https:\/\/www.visitvarmland.com\/app\/uploads\/sites\/19\/2023\/08\/logga-till-vA.jpg 313w, https:\/\/www.visitvarmland.com\/app\/uploads\/sites\/19\/2023\/08\/logga-till-vA-300x300.jpg 300w, https:\/\/www.visitvarmland.com\/app\/uploads\/sites\/19\/2023\/08\/logga-till-vA-150x150.jpg 150w, https:\/\/www.visitvarmland.com\/app\/uploads\/sites\/19\/2023\/08\/logga-till-vA-12x12.jpg 12w\" sizes=\"auto, (max-width: 313px) 100vw, 313px\" \/><\/figure>\n\n\n\n<figure class=\"wp-block-image size-large is-resized\"><img loading=\"lazy\" decoding=\"async\" width=\"282\" height=\"284\" src=\"https:\/\/www.visitvarmland.com\/arjang\/wp-content\/uploads\/sites\/19\/2023\/08\/ibyragroncmyk.jpg\" alt=\"\" class=\"wp-image-1924\" style=\"width:150px\" srcset=\"https:\/\/www.visitvarmland.com\/app\/uploads\/sites\/19\/2023\/08\/ibyragroncmyk.jpg 282w, https:\/\/www.visitvarmland.com\/app\/uploads\/sites\/19\/2023\/08\/ibyragroncmyk-150x150.jpg 150w, https:\/\/www.visitvarmland.com\/app\/uploads\/sites\/19\/2023\/08\/ibyragroncmyk-12x12.jpg 12w\" sizes=\"auto, (max-width: 282px) 100vw, 282px\" \/><\/figure>\n\n\n\n<div class=\"wp-block-buttons is-layout-flex wp-block-buttons-is-layout-flex\">\n<div class=\"wp-block-button\"><a class=\"wp-block-button__link wp-element-button\" href=\"https:\/\/www.visitvarmland.com\/arjang\/tips-och-guider\/tillganglighetsredogorelse\/\">Tillg\u00e4nglighetsredog\u00f6relse<\/a><\/div>\n<\/div>\n","protected":false},"excerpt":{"rendered":"<p>InfoPoints N\u00e4r du \u00e4r p\u00e5 plats i v\u00e5r kommun finns det fyra InfoPoints som du kan bes\u00f6ka f\u00f6r broschyrer, information och tips som g\u00f6r din vistelse hos oss \u00e4nnu b\u00e4ttre. Hotell \u00c5rj\u00e4ng ligger centralt i \u00c5rj\u00e4ng. H\u00e4r hj\u00e4lper personalen dig g\u00e4rna med med allt du beh\u00f6ver f\u00f6r din semester. I lobbyn hittar du ett stort [&hellip;]<\/p>\n","protected":false},"author":7,"featured_media":0,"parent":0,"menu_order":0,"comment_status":"closed","ping_status":"open","template":"","meta":{"_acf_changed":false,"footnotes":""},"class_list":["post-207","page","type-page","status-publish","hentry"],"acf":[],"lang":"sv","translations":{"sv":207,"en":1932},"pll_sync_post":[],"_links":{"self":[{"href":"https:\/\/www.visitvarmland.com\/arjang\/wp-json\/wp\/v2\/pages\/207","targetHints":{"allow":["GET"]}}],"collection":[{"href":"https:\/\/www.visitvarmland.com\/arjang\/wp-json\/wp\/v2\/pages"}],"about":[{"href":"https:\/\/www.visitvarmland.com\/arjang\/wp-json\/wp\/v2\/types\/page"}],"author":[{"embeddable":true,"href":"https:\/\/www.visitvarmland.com\/arjang\/wp-json\/wp\/v2\/users\/7"}],"replies":[{"embeddable":true,"href":"https:\/\/www.visitvarmland.com\/arjang\/wp-json\/wp\/v2\/comments?post=207"}],"version-history":[{"count":33,"href":"https:\/\/www.visitvarmland.com\/arjang\/wp-json\/wp\/v2\/pages\/207\/revisions"}],"predecessor-version":[{"id":2851,"href":"https:\/\/www.visitvarmland.com\/arjang\/wp-json\/wp\/v2\/pages\/207\/revisions\/2851"}],"wp:attachment":[{"href":"https:\/\/www.visitvarmland.com\/arjang\/wp-json\/wp\/v2\/media?parent=207"}],"curies":[{"name":"wp","href":"https:\/\/api.w.org\/{rel}","templated":true}]}}