{"id":209,"date":"2021-05-21T12:18:50","date_gmt":"2021-05-21T10:18:50","guid":{"rendered":"https:\/\/www.visitvarmland.com\/arjang\/?page_id=209"},"modified":"2024-02-28T11:08:47","modified_gmt":"2024-02-28T10:08:47","slug":"resa-hit","status":"publish","type":"page","link":"https:\/\/www.visitvarmland.com\/arjang\/resa-hit\/","title":{"rendered":"Resa hit"},"content":{"rendered":"\n<div class=\"wp-block-atheme-component-cta atheme-wrapper--full\"><div class=\"atheme-components-cta--decoration-right\"><\/div><div class=\"atheme-components-cta--decoration-left\"><\/div><div class=\"atheme-components-cta\" style=\"height:600px;min-height:300px;background-image:url( https:\/\/www.visitvarmland.com\/arjang\/wp-content\/uploads\/sites\/19\/2021\/07\/DJI_0647-scaled-e1626966007398.jpg );background-size:cover;background-position:center center;background-attachment:scroll\"><div class=\"atheme-components-cta--overlay\"> <\/div><div class=\"atheme-components-cta--text\"><div><h3>Resa till \u00c5rj\u00e4ng<\/h3><p>\u00c5rj\u00e4ngs kommun ligger i sydv\u00e4stra V\u00e4rmland, l\u00e4ttillg\u00e4ngligt utefter E18, mitt emellan Karlstad och Oslo. <\/p><div class=\"atheme-components-cta--text-border\"><\/div><\/div><\/div><\/div><\/div>\n\n\n\n<div class=\"wp-block-columns is-layout-flex wp-container-core-columns-is-layout-9d6595d7 wp-block-columns-is-layout-flex\">\n<div class=\"wp-block-column is-layout-flow wp-block-column-is-layout-flow\" style=\"flex-basis:33.33%\">\n<figure class=\"wp-block-image size-large is-resized\"><img loading=\"lazy\" decoding=\"async\" src=\"https:\/\/www.visitvarmland.com\/arjang\/wp-content\/uploads\/sites\/19\/2021\/05\/car-1024x1006.png\" alt=\"\"  class=\"wp-image-1913\" width=\"137\" height=\"134\" srcset=\"https:\/\/www.visitvarmland.com\/app\/uploads\/sites\/19\/2021\/05\/car-1024x1006.png 1024w, https:\/\/www.visitvarmland.com\/app\/uploads\/sites\/19\/2021\/05\/car-300x295.png 300w, https:\/\/www.visitvarmland.com\/app\/uploads\/sites\/19\/2021\/05\/car-768x754.png 768w, https:\/\/www.visitvarmland.com\/app\/uploads\/sites\/19\/2021\/05\/car-1536x1509.png 1536w, https:\/\/www.visitvarmland.com\/app\/uploads\/sites\/19\/2021\/05\/car-150x147.png 150w, https:\/\/www.visitvarmland.com\/app\/uploads\/sites\/19\/2021\/05\/car-600x589.png 600w, https:\/\/www.visitvarmland.com\/app\/uploads\/sites\/19\/2021\/05\/car.png 1735w\" sizes=\"auto, (max-width: 137px) 100vw, 137px\" \/><\/figure>\n<\/div>\n\n\n\n<div class=\"wp-block-column is-layout-flow wp-block-column-is-layout-flow\" style=\"flex-basis:66.66%\">\n<h3 class=\"wp-block-heading\">Med bil<\/h3>\n\n\n\n<p>E18 mot Oslo\/Stockholm g\u00e5r igenom \u00c5rj\u00e4ngs kommun. Kommer du norr eller s\u00f6derifr\u00e5n kommer du via v\u00e4g 172.&nbsp;<a href=\"https:\/\/www.google.se\/maps\/place\/%C3%85rj%C3%A4ng\/@59.4427544,12.0967765,9z\/data=!3m1!4b1!4m2!3m1!1s0x464382de284b8b99:0x6373cf566639bec5?hl=sv\" target=\"_blank\" rel=\"noopener\">H\u00e4r kan du planera din resa<\/a><\/p>\n<\/div>\n<\/div>\n\n\n\n<div class=\"wp-block-columns is-layout-flex wp-container-core-columns-is-layout-9d6595d7 wp-block-columns-is-layout-flex\">\n<div class=\"wp-block-column is-layout-flow wp-block-column-is-layout-flow\" style=\"flex-basis:33.33%\">\n<figure class=\"wp-block-image size-large is-resized\"><img loading=\"lazy\" decoding=\"async\" src=\"https:\/\/www.visitvarmland.com\/arjang\/wp-content\/uploads\/sites\/19\/2021\/05\/bus-1024x1006.png\" alt=\"\"  class=\"wp-image-1914\" width=\"131\" height=\"129\" srcset=\"https:\/\/www.visitvarmland.com\/app\/uploads\/sites\/19\/2021\/05\/bus-1024x1006.png 1024w, https:\/\/www.visitvarmland.com\/app\/uploads\/sites\/19\/2021\/05\/bus-300x295.png 300w, https:\/\/www.visitvarmland.com\/app\/uploads\/sites\/19\/2021\/05\/bus-768x754.png 768w, https:\/\/www.visitvarmland.com\/app\/uploads\/sites\/19\/2021\/05\/bus-1536x1509.png 1536w, https:\/\/www.visitvarmland.com\/app\/uploads\/sites\/19\/2021\/05\/bus-150x147.png 150w, https:\/\/www.visitvarmland.com\/app\/uploads\/sites\/19\/2021\/05\/bus-600x589.png 600w, https:\/\/www.visitvarmland.com\/app\/uploads\/sites\/19\/2021\/05\/bus.png 1735w\" sizes=\"auto, (max-width: 131px) 100vw, 131px\" \/><\/figure>\n<\/div>\n\n\n\n<div class=\"wp-block-column is-layout-flow wp-block-column-is-layout-flow\" style=\"flex-basis:66.66%\">\n<h3 class=\"wp-block-heading\">Med buss<\/h3>\n\n\n\n<p>Om du \u00e5ker fr\u00e5n Oslo eller Stockholm kan du \u00e5ka direkt\u00a0med\u00a0<a href=\"https:\/\/www.bus4you.se\/#!\/\" target=\"_blank\" rel=\"noopener\">Bus4you<\/a>\u00a0eller\u00a0<a rel=\"noreferrer noopener\" href=\"https:\/\/www.flixbus.se\/\" target=\"_blank\">Flixbus<\/a>\u00a0till oss.\u00a0<a rel=\"noreferrer noopener\" href=\"http:\/\/www.varmlandstrafik.se\/\" target=\"_blank\">V\u00e4rmlandstrafik<\/a>\u00a0k\u00f6r i hela regionen.<br>Det finns \u00e4ven m\u00f6jlighet att kombinera med\u00a0<a href=\"http:\/\/www.sj.se\/\" target=\"_blank\" rel=\"noopener\">SJ Buss &amp; T\u00e5g<\/a>\u00a0h\u00e4r kan du smidigt boka hela din resa med b\u00e5de buss och t\u00e5g.<\/p>\n<\/div>\n<\/div>\n\n\n\n<div class=\"wp-block-columns is-layout-flex wp-container-core-columns-is-layout-9d6595d7 wp-block-columns-is-layout-flex\">\n<div class=\"wp-block-column is-layout-flow wp-block-column-is-layout-flow\" style=\"flex-basis:33.33%\">\n<figure class=\"wp-block-image size-large is-resized\"><img loading=\"lazy\" decoding=\"async\" src=\"https:\/\/www.visitvarmland.com\/arjang\/wp-content\/uploads\/sites\/19\/2021\/05\/boat-1024x1006.png\" alt=\"\"  class=\"wp-image-1915\" width=\"136\" height=\"133\" srcset=\"https:\/\/www.visitvarmland.com\/app\/uploads\/sites\/19\/2021\/05\/boat-1024x1006.png 1024w, https:\/\/www.visitvarmland.com\/app\/uploads\/sites\/19\/2021\/05\/boat-300x295.png 300w, https:\/\/www.visitvarmland.com\/app\/uploads\/sites\/19\/2021\/05\/boat-768x754.png 768w, https:\/\/www.visitvarmland.com\/app\/uploads\/sites\/19\/2021\/05\/boat-1536x1509.png 1536w, https:\/\/www.visitvarmland.com\/app\/uploads\/sites\/19\/2021\/05\/boat-150x147.png 150w, https:\/\/www.visitvarmland.com\/app\/uploads\/sites\/19\/2021\/05\/boat-600x589.png 600w, https:\/\/www.visitvarmland.com\/app\/uploads\/sites\/19\/2021\/05\/boat.png 1735w\" sizes=\"auto, (max-width: 136px) 100vw, 136px\" \/><\/figure>\n<\/div>\n\n\n\n<div class=\"wp-block-column is-layout-flow wp-block-column-is-layout-flow\" style=\"flex-basis:66.66%\">\n<h3 class=\"wp-block-heading\">Med b\u00e5t<\/h3>\n\n\n\n<p>Kommer du till \u00c5rj\u00e4ng med egen&nbsp;b\u00e5t finns m\u00e5nga bra g\u00e4sthamnar och ett fantastiskt sj\u00f6system att uppt\u00e4cka. Sj\u00f6systemet \u00e4r en del av&nbsp;<a href=\"http:\/\/www.dalslandskanal.se\/\" target=\"_blank\" rel=\"noreferrer noopener\">Dalslands kanal<\/a>.<\/p>\n\n\n\n<p>Vi har m\u00e5nga g\u00e4ster som anv\u00e4nder sig av f\u00e4rjelinjer p\u00e5 sin resa till \u00c5rj\u00e4ng.<\/p>\n\n\n\n<ul class=\"wp-block-list\"><li><a href=\"http:\/\/www.stenaline.se\/farja\/\" target=\"_blank\" rel=\"noreferrer noopener\">Stena Line<\/a><\/li><li><a href=\"http:\/\/www.ttline.com\/sv\/Skandinavien\/?id=\" target=\"_blank\" rel=\"noreferrer noopener\">TT-line<\/a><\/li><li><a href=\"http:\/\/www.scandlines.se\/\" target=\"_blank\" rel=\"noreferrer noopener\">Scandlines<\/a><\/li><li>V\u00e4gf\u00e4rja&nbsp;<a href=\"http:\/\/basto-fosen.no\/\" target=\"_blank\" rel=\"noreferrer noopener\">Horten-Moss<\/a><\/li><li>V\u00e4gf\u00e4rja&nbsp;<a href=\"https:\/\/www.trafikverket.se\/farjerederiet\/farjeleder\/farjeleder-i-vastra-gotalands-lan\/SundJarenleden\/Tidtabell-Sund-Jarenleden\/\" target=\"_blank\" rel=\"noreferrer noopener\">Sund-Jaren<\/a><\/li><\/ul>\n<\/div>\n<\/div>\n\n\n\n<div class=\"wp-block-columns is-layout-flex wp-container-core-columns-is-layout-9d6595d7 wp-block-columns-is-layout-flex\">\n<div class=\"wp-block-column is-layout-flow wp-block-column-is-layout-flow\" style=\"flex-basis:33.33%\">\n<figure class=\"wp-block-image size-large is-resized\"><img loading=\"lazy\" decoding=\"async\" src=\"https:\/\/www.visitvarmland.com\/arjang\/wp-content\/uploads\/sites\/19\/2021\/05\/cycle-1024x1006.png\" alt=\"\"  class=\"wp-image-1916\" width=\"137\" height=\"134\" srcset=\"https:\/\/www.visitvarmland.com\/app\/uploads\/sites\/19\/2021\/05\/cycle-1024x1006.png 1024w, https:\/\/www.visitvarmland.com\/app\/uploads\/sites\/19\/2021\/05\/cycle-300x295.png 300w, https:\/\/www.visitvarmland.com\/app\/uploads\/sites\/19\/2021\/05\/cycle-768x754.png 768w, https:\/\/www.visitvarmland.com\/app\/uploads\/sites\/19\/2021\/05\/cycle-1536x1509.png 1536w, https:\/\/www.visitvarmland.com\/app\/uploads\/sites\/19\/2021\/05\/cycle-150x147.png 150w, https:\/\/www.visitvarmland.com\/app\/uploads\/sites\/19\/2021\/05\/cycle-600x589.png 600w, https:\/\/www.visitvarmland.com\/app\/uploads\/sites\/19\/2021\/05\/cycle.png 1735w\" sizes=\"auto, (max-width: 137px) 100vw, 137px\" \/><\/figure>\n<\/div>\n\n\n\n<div class=\"wp-block-column is-layout-flow wp-block-column-is-layout-flow\" style=\"flex-basis:66.66%\">\n<h3 class=\"wp-block-heading\">P\u00e5 cykel<\/h3>\n\n\n\n<p>Det \u00e4r inte s\u00e5 m\u00e5nga som kommer till oss p\u00e5 cykel. Men n\u00e4r du v\u00e4l \u00e4r h\u00e4r, s\u00e5 finns det&nbsp;bra m\u00f6jligheter till&nbsp;vackra upplevelser fr\u00e5n cykelsadeln.<\/p>\n<\/div>\n<\/div>\n\n\n\n<div class=\"wp-block-columns is-layout-flex wp-container-core-columns-is-layout-9d6595d7 wp-block-columns-is-layout-flex\">\n<div class=\"wp-block-column is-layout-flow wp-block-column-is-layout-flow\" style=\"flex-basis:33.33%\">\n<figure class=\"wp-block-image size-large is-resized\"><img loading=\"lazy\" decoding=\"async\" src=\"https:\/\/www.visitvarmland.com\/arjang\/wp-content\/uploads\/sites\/19\/2021\/05\/airplane-1024x1006.png\" alt=\"\"  class=\"wp-image-1917\" width=\"134\" height=\"131\" srcset=\"https:\/\/www.visitvarmland.com\/app\/uploads\/sites\/19\/2021\/05\/airplane-1024x1006.png 1024w, https:\/\/www.visitvarmland.com\/app\/uploads\/sites\/19\/2021\/05\/airplane-300x295.png 300w, https:\/\/www.visitvarmland.com\/app\/uploads\/sites\/19\/2021\/05\/airplane-768x754.png 768w, https:\/\/www.visitvarmland.com\/app\/uploads\/sites\/19\/2021\/05\/airplane-1536x1509.png 1536w, https:\/\/www.visitvarmland.com\/app\/uploads\/sites\/19\/2021\/05\/airplane-150x147.png 150w, https:\/\/www.visitvarmland.com\/app\/uploads\/sites\/19\/2021\/05\/airplane-600x589.png 600w, https:\/\/www.visitvarmland.com\/app\/uploads\/sites\/19\/2021\/05\/airplane.png 1735w\" sizes=\"auto, (max-width: 134px) 100vw, 134px\" \/><\/figure>\n<\/div>\n\n\n\n<div class=\"wp-block-column is-layout-flow wp-block-column-is-layout-flow\" style=\"flex-basis:66.66%\">\n<h3 class=\"wp-block-heading\">Med flyg<\/h3>\n\n\n\n<p>Det finns tre flygplatser inom 15 mils avst\u00e5nd. P\u00e5 den svenska sidan \u00e4r det&nbsp;<a rel=\"noreferrer noopener\" href=\"http:\/\/ksdarprt.se\/\" target=\"_blank\">Karlstad Airport<\/a>&nbsp;som \u00e4r n\u00e4rmast.&nbsp;I Norge har vi flygplatser&nbsp;strax utanf\u00f6r&nbsp;<a rel=\"noreferrer noopener\" href=\"http:\/\/www.osl.no\/\" target=\"_blank\">Oslo<\/a>&nbsp;och i&nbsp;<a rel=\"noreferrer noopener\" href=\"http:\/\/www.torp.no\/\" target=\"_blank\">Sandefjord<\/a>.<\/p>\n<\/div>\n<\/div>\n\n\n\n<div class=\"wp-block-columns is-layout-flex wp-container-core-columns-is-layout-9d6595d7 wp-block-columns-is-layout-flex\">\n<div class=\"wp-block-column is-layout-flow wp-block-column-is-layout-flow\" style=\"flex-basis:33.33%\">\n<figure class=\"wp-block-image size-large is-resized\"><img loading=\"lazy\" decoding=\"async\" src=\"https:\/\/www.visitvarmland.com\/arjang\/wp-content\/uploads\/sites\/19\/2021\/05\/tag-1024x1006.png\" alt=\"\"  class=\"wp-image-1918\" width=\"144\" height=\"141\" srcset=\"https:\/\/www.visitvarmland.com\/app\/uploads\/sites\/19\/2021\/05\/tag-1024x1006.png 1024w, https:\/\/www.visitvarmland.com\/app\/uploads\/sites\/19\/2021\/05\/tag-300x295.png 300w, https:\/\/www.visitvarmland.com\/app\/uploads\/sites\/19\/2021\/05\/tag-768x754.png 768w, https:\/\/www.visitvarmland.com\/app\/uploads\/sites\/19\/2021\/05\/tag-1536x1509.png 1536w, https:\/\/www.visitvarmland.com\/app\/uploads\/sites\/19\/2021\/05\/tag-150x147.png 150w, https:\/\/www.visitvarmland.com\/app\/uploads\/sites\/19\/2021\/05\/tag-600x589.png 600w, https:\/\/www.visitvarmland.com\/app\/uploads\/sites\/19\/2021\/05\/tag.png 1735w\" sizes=\"auto, (max-width: 144px) 100vw, 144px\" \/><\/figure>\n<\/div>\n\n\n\n<div class=\"wp-block-column is-layout-flow wp-block-column-is-layout-flow\" style=\"flex-basis:66.66%\">\n<h3 class=\"wp-block-heading\">Med t\u00e5g<\/h3>\n\n\n\n<p>Det g\u00e5r utm\u00e4rkt att ta sig till \u00c5rj\u00e4ng genom att kombinera <a href=\"http:\/\/www.sj.se\/\" target=\"_blank\" rel=\"noopener\">Buss &amp; T\u00e5g<\/a>&nbsp;F\u00f6rslagsvis via t ex Karlstad, varifr\u00e5n det finns goda f\u00f6rbindelser till Stockholm, G\u00f6teborg och Oslo. <\/p>\n<\/div>\n<\/div>\n","protected":false},"excerpt":{"rendered":"<p>Med bil E18 mot Oslo\/Stockholm g\u00e5r igenom \u00c5rj\u00e4ngs kommun. Kommer du norr eller s\u00f6derifr\u00e5n kommer du via v\u00e4g 172.&nbsp;H\u00e4r kan du planera din resa Med buss Om du \u00e5ker fr\u00e5n Oslo eller Stockholm kan du \u00e5ka direkt\u00a0med\u00a0Bus4you\u00a0eller\u00a0Flixbus\u00a0till oss.\u00a0V\u00e4rmlandstrafik\u00a0k\u00f6r i hela regionen.Det finns \u00e4ven m\u00f6jlighet att kombinera med\u00a0SJ Buss &amp; T\u00e5g\u00a0h\u00e4r kan du smidigt boka hela [&hellip;]<\/p>\n","protected":false},"author":7,"featured_media":0,"parent":0,"menu_order":0,"comment_status":"closed","ping_status":"open","template":"","meta":{"_acf_changed":false,"footnotes":""},"class_list":["post-209","page","type-page","status-publish","hentry"],"acf":[],"lang":"sv","translations":{"sv":209,"en":1956},"pll_sync_post":[],"_links":{"self":[{"href":"https:\/\/www.visitvarmland.com\/arjang\/wp-json\/wp\/v2\/pages\/209","targetHints":{"allow":["GET"]}}],"collection":[{"href":"https:\/\/www.visitvarmland.com\/arjang\/wp-json\/wp\/v2\/pages"}],"about":[{"href":"https:\/\/www.visitvarmland.com\/arjang\/wp-json\/wp\/v2\/types\/page"}],"author":[{"embeddable":true,"href":"https:\/\/www.visitvarmland.com\/arjang\/wp-json\/wp\/v2\/users\/7"}],"replies":[{"embeddable":true,"href":"https:\/\/www.visitvarmland.com\/arjang\/wp-json\/wp\/v2\/comments?post=209"}],"version-history":[{"count":25,"href":"https:\/\/www.visitvarmland.com\/arjang\/wp-json\/wp\/v2\/pages\/209\/revisions"}],"predecessor-version":[{"id":1849,"href":"https:\/\/www.visitvarmland.com\/arjang\/wp-json\/wp\/v2\/pages\/209\/revisions\/1849"}],"wp:attachment":[{"href":"https:\/\/www.visitvarmland.com\/arjang\/wp-json\/wp\/v2\/media?parent=209"}],"curies":[{"name":"wp","href":"https:\/\/api.w.org\/{rel}","templated":true}]}}