{"id":626,"date":"2021-08-23T09:57:12","date_gmt":"2021-08-23T07:57:12","guid":{"rendered":"https:\/\/www.visitvarmland.com\/arjang\/?page_id=626"},"modified":"2024-03-04T11:55:38","modified_gmt":"2024-03-04T10:55:38","slug":"velkommen-til-arjang-am","status":"publish","type":"page","link":"https:\/\/www.visitvarmland.com\/arjang\/velkommen-til-arjang-am\/","title":{"rendered":"Velkommen til \u00c5rj\u00e4ng"},"content":{"rendered":"\n<div class=\"wp-block-atheme-component-cta atheme-wrapper--full\"><div class=\"atheme-components-cta--decoration-right\"><\/div><div class=\"atheme-components-cta--decoration-left\"><\/div><div class=\"atheme-components-cta\" style=\"height:600px;min-height:300px;background-image:url( https:\/\/www.visitvarmland.com\/arjang\/wp-content\/uploads\/sites\/19\/2021\/09\/karta_bildspel_va_2_0-1-scaled.jpg );background-size:cover;background-position:center center;background-attachment:scroll\"><div class=\"atheme-components-cta--overlay\"> <\/div><div class=\"atheme-components-cta--text\"><div><a href=\"https:\/\/www.visitvarmland.com\/arjang\/tips-och-guider\/velkommen-til-arjang\/\" target=\"_self\" rel=\"noopener\"><h3>Velkommen til \u00c5rj\u00e4ng!<\/h3><p>Ta korteste veien&#8230;<\/p><div class=\"atheme-components-cta--text-border\"><\/div><\/a><\/div><\/div><\/div><\/div>\n\n\n\n<div class=\"wp-block-group atheme-wrapper--full\"><div class=\"wp-block-group__inner-container is-layout-flow wp-block-group-is-layout-flow\">\n<div class=\"wp-block-columns is-layout-flex wp-container-core-columns-is-layout-9d6595d7 wp-block-columns-is-layout-flex\">\n<div class=\"wp-block-column is-layout-flow wp-block-column-is-layout-flow\">\n<div class=\"wp-block-atheme-component-cta atheme-wrapper\"><div class=\"atheme-components-cta--decoration-right\"><\/div><div class=\"atheme-components-cta--decoration-left\"><\/div><div class=\"atheme-components-cta\" style=\"height:536px;min-height:300px;background-image:url( https:\/\/www.visitvarmland.com\/arjang\/wp-content\/uploads\/sites\/19\/2024\/03\/Tredjedel_-450x6503-1.jpg );background-size:cover;background-position:center center;background-attachment:scroll\"><div class=\"atheme-components-cta--overlay\"> <\/div><div class=\"atheme-components-cta--text\"><div><a href=\"https:\/\/www.visitvarmland.com\/arjang\/tips-och-guider\/bo-pa-fine-campingplasser\/\" target=\"_self\" rel=\"noopener\"><h3>Camping-<\/h3><p>bo p\u00e5 fine plasser rett ved vannet<\/p><div class=\"atheme-components-cta--text-border\"><\/div><\/a><\/div><\/div><\/div><\/div>\n<\/div>\n\n\n\n<div class=\"wp-block-column is-layout-flow wp-block-column-is-layout-flow\">\n<div class=\"wp-block-atheme-component-cta atheme-wrapper\"><div class=\"atheme-components-cta--decoration-right\"><\/div><div class=\"atheme-components-cta--decoration-left\"><\/div><div class=\"atheme-components-cta\" style=\"height:400px;min-height:300px;background-image:url( https:\/\/www.visitvarmland.com\/arjang\/wp-content\/uploads\/sites\/19\/2024\/03\/Tredjedel_-450x650-butik.jpg );background-size:cover;background-position:center center;background-attachment:scroll\"><div class=\"atheme-components-cta--overlay\"> <\/div><div class=\"atheme-components-cta--text\"><div><a href=\"https:\/\/www.visitvarmland.com\/arjang\/tips-och-guider\/trygg-handel-pa-kjopesentre-og-i-butikker\/\" target=\"_self\" rel=\"noopener\"><h3>Stort utvalg<\/h3><p>i koselige butikker og kj\u00f6pesentrum<\/p><div class=\"atheme-components-cta--text-border\"><\/div><\/a><\/div><\/div><\/div><\/div>\n<\/div>\n\n\n\n<div class=\"wp-block-column is-layout-flow wp-block-column-is-layout-flow\">\n<div class=\"wp-block-atheme-component-cta atheme-wrapper\"><div class=\"atheme-components-cta--decoration-right\"><\/div><div class=\"atheme-components-cta--decoration-left\"><\/div><div class=\"atheme-components-cta\" style=\"height:600px;min-height:300px;background-image:url( https:\/\/www.visitvarmland.com\/arjang\/wp-content\/uploads\/sites\/19\/2024\/03\/Tredjedel_-450x650-1.jpg );background-size:cover;background-position:center center;background-attachment:scroll\"><div class=\"atheme-components-cta--overlay\"> <\/div><div class=\"atheme-components-cta--text\"><div><a href=\"https:\/\/www.visitvarmland.com\/arjang\/tips-och-guider\/aktiviteter-i-naturen-rundt-arjang\/\" target=\"_self\" rel=\"noopener\"><h3>Aktiviteter i naturen<\/h3><p>Oplev \u00c5rj\u00e4ng&#8230;<\/p><div class=\"atheme-components-cta--text-border\"><\/div><\/a><\/div><\/div><\/div><\/div>\n<\/div>\n<\/div>\n<\/div><\/div>\n\n\n\n<h2 class=\"wp-block-heading has-text-align-center has-svart-color has-text-color\">Pristest p\u00e5 apotekvarer i Sverige og Norge<\/h2>\n\n\n\n<p class=\"has-text-align-center\">Det er betydelig billigere over grensen! I T\u00f6cksfors, rett over Riksgrensen, ligger Nordens st\u00f8rste apotek. En fersk sammenligning av priser p\u00e5 vaksiner og de mest popul\u00e6re reseptfrie legemidlene solgt i butikk i Norge og Sverige, viser at det er mange hundrelapper \u00e5 spare.<\/p>\n\n\n\n<div class=\"wp-block-group atheme-wrapper--full\"><div class=\"wp-block-group__inner-container is-layout-flow wp-block-group-is-layout-flow\">\n<div class=\"wp-block-columns is-layout-flex wp-container-core-columns-is-layout-9d6595d7 wp-block-columns-is-layout-flex\">\n<div class=\"wp-block-column is-layout-flow wp-block-column-is-layout-flow\">\n<div class=\"wp-block-atheme-component-cta atheme-wrapper\"><div class=\"atheme-components-cta--decoration-right\"><\/div><div class=\"atheme-components-cta--decoration-left\"><\/div><div class=\"atheme-components-cta\" style=\"height:400px;min-height:300px;background-image:url( https:\/\/www.visitvarmland.com\/arjang\/wp-content\/uploads\/sites\/19\/2021\/08\/IMG_0111-scaled-e1629901931900.jpg );background-size:cover;background-position:center center;background-attachment:scroll\"><div class=\"atheme-components-cta--overlay\"> <\/div><div class=\"atheme-components-cta--text\"><div><a href=\"https:\/\/www.visitvarmland.com\/arjang\/tips-och-guider\/pristest-pa-apotekvarer-i-sverige-och-norge\/\" target=\"_self\" rel=\"noopener\"><h3>Pristest p\u00e5 apotekvarer i Sverige och Norge<\/h3><p>Mange hundrelapper \u00e5 spare&#8230;<\/p><div class=\"atheme-components-cta--text-border\"><\/div><\/a><\/div><\/div><\/div><\/div>\n<\/div>\n<\/div>\n<\/div><\/div>\n\n\n\n<p><\/p>\n","protected":false},"excerpt":{"rendered":"<p>Pristest p\u00e5 apotekvarer i Sverige og Norge Det er betydelig billigere over grensen! I T\u00f6cksfors, rett over Riksgrensen, ligger Nordens st\u00f8rste apotek. En fersk sammenligning av priser p\u00e5 vaksiner og de mest popul\u00e6re reseptfrie legemidlene solgt i butikk i Norge og Sverige, viser at det er mange hundrelapper \u00e5 spare.<\/p>\n","protected":false},"author":12,"featured_media":0,"parent":0,"menu_order":0,"comment_status":"closed","ping_status":"closed","template":"archive-template.php","meta":{"_acf_changed":false,"footnotes":""},"class_list":["post-626","page","type-page","status-publish","hentry"],"acf":[],"lang":"sv","translations":{"sv":626},"pll_sync_post":[],"_links":{"self":[{"href":"https:\/\/www.visitvarmland.com\/arjang\/wp-json\/wp\/v2\/pages\/626","targetHints":{"allow":["GET"]}}],"collection":[{"href":"https:\/\/www.visitvarmland.com\/arjang\/wp-json\/wp\/v2\/pages"}],"about":[{"href":"https:\/\/www.visitvarmland.com\/arjang\/wp-json\/wp\/v2\/types\/page"}],"author":[{"embeddable":true,"href":"https:\/\/www.visitvarmland.com\/arjang\/wp-json\/wp\/v2\/users\/12"}],"replies":[{"embeddable":true,"href":"https:\/\/www.visitvarmland.com\/arjang\/wp-json\/wp\/v2\/comments?post=626"}],"version-history":[{"count":76,"href":"https:\/\/www.visitvarmland.com\/arjang\/wp-json\/wp\/v2\/pages\/626\/revisions"}],"predecessor-version":[{"id":2564,"href":"https:\/\/www.visitvarmland.com\/arjang\/wp-json\/wp\/v2\/pages\/626\/revisions\/2564"}],"wp:attachment":[{"href":"https:\/\/www.visitvarmland.com\/arjang\/wp-json\/wp\/v2\/media?parent=626"}],"curies":[{"name":"wp","href":"https:\/\/api.w.org\/{rel}","templated":true}]}}