{"id":856,"date":"2021-08-30T13:35:20","date_gmt":"2021-08-30T11:35:20","guid":{"rendered":"https:\/\/www.visitvarmland.com\/arjang\/?page_id=856"},"modified":"2026-04-01T14:42:43","modified_gmt":"2026-04-01T12:42:43","slug":"svemester-i-arjang-2","status":"publish","type":"page","link":"https:\/\/www.visitvarmland.com\/arjang\/svemester-i-arjang-2\/","title":{"rendered":"Svemester i \u00c5rj\u00e4ng"},"content":{"rendered":"\n<div class=\"wp-block-atheme-component-cta atheme-wrapperu002du002dfull atheme-wrapper--full\"><div class=\"atheme-components-cta--decoration-right\"><\/div><div class=\"atheme-components-cta--decoration-left\"><\/div><div class=\"atheme-components-cta\" style=\"height:600px;min-height:300px;background-image:url( https:\/\/www.visitvarmland.com\/arjang\/wp-content\/uploads\/sites\/19\/2021\/07\/MG_4952-scaled.jpg );background-size:cover;background-position:center center;background-attachment:scroll\"><div class=\"atheme-components-cta--overlay\"> <\/div><div class=\"atheme-components-cta--text\"><div><a href=\"https:\/\/www.visitvarmland.com\/arjang\/tips-och-guider\/valkommen-till-arjang\/\" target=\"_self\" rel=\"noopener\"><h3>V\u00e4lkommen till \u00c5rj\u00e4ng<\/h3><p>&#8211; vackrast och vildast&#8230;<\/p><div class=\"atheme-components-cta--text-border\"><\/div><\/a><\/div><\/div><\/div><\/div>\n\n\n\n<p><\/p>\n\n\n\n<div class=\"wp-block-group atheme-wrapper--full\"><div class=\"wp-block-group__inner-container is-layout-flow wp-block-group-is-layout-flow\">\n<div class=\"wp-block-columns is-layout-flex wp-container-core-columns-is-layout-9d6595d7 wp-block-columns-is-layout-flex\">\n<div class=\"wp-block-column is-layout-flow wp-block-column-is-layout-flow\">\n<div class=\"wp-block-atheme-component-cta atheme-wrapper\"><div class=\"atheme-components-cta--decoration-right\"><\/div><div class=\"atheme-components-cta--decoration-left\"><\/div><div class=\"atheme-components-cta\" style=\"height:600px;min-height:300px;background-image:url( https:\/\/www.visitvarmland.com\/arjang\/wp-content\/uploads\/sites\/19\/2021\/07\/MG_6808liten.jpg );background-size:cover;background-position:center center;background-attachment:scroll\"><div class=\"atheme-components-cta--overlay\"> <\/div><div class=\"atheme-components-cta--text\"><div><a href=\"https:\/\/www.visitvarmland.com\/arjang\/tips-och-guider\/aktiv-i-arjang\/\" target=\"_self\" rel=\"noopener\"><h3>Aktiv i \u00c5rj\u00e4ng<\/h3><p>Njut, andas och m\u00e5 bra!<\/p><div class=\"atheme-components-cta--text-border\"><\/div><\/a><\/div><\/div><\/div><\/div>\n<\/div>\n\n\n\n<div class=\"wp-block-column is-layout-flow wp-block-column-is-layout-flow\">\n<div class=\"wp-block-atheme-component-cta atheme-wrapper\"><div class=\"atheme-components-cta--decoration-right\"><\/div><div class=\"atheme-components-cta--decoration-left\"><\/div><div class=\"atheme-components-cta\" style=\"height:536px;min-height:300px;background-image:url( https:\/\/www.visitvarmland.com\/arjang\/wp-content\/uploads\/sites\/19\/2021\/08\/hem2_sommarvik.jpg );background-size:cover;background-position:center center;background-attachment:scroll\"><div class=\"atheme-components-cta--overlay\"> <\/div><div class=\"atheme-components-cta--text\"><div><a href=\"https:\/\/www.visitvarmland.com\/arjang\/tips-och-guider\/sjonara-camping\/\" target=\"_self\" rel=\"noopener\"><h3>Sj\u00f6n\u00e4ra camping<\/h3><p>Fr\u00e5n lyx till vildmark &#8211; uppt\u00e4ck v\u00e5ra campingplatser<\/p><div class=\"atheme-components-cta--text-border\"><\/div><\/a><\/div><\/div><\/div><\/div>\n<\/div>\n<\/div>\n<\/div><\/div>\n\n\n\n<figure class=\"wp-block-pullquote is-style-default\"><blockquote><p><strong>Full fokus p\u00e5 det roliga &#8211; markservicen sk\u00f6ts av n\u00e5gon annan!<\/strong><\/p><cite>Vill du inte planera alla detaljer av din semester sj\u00e4lv? D\u00e5 finns det flera paketl\u00f6sningar hos v\u00e5ra boenden.<\/cite><\/blockquote><\/figure>\n\n\n\n<p><\/p>\n\n\n\n<div class=\"wp-block-buttons is-layout-flex wp-block-buttons-is-layout-flex\">\n<div class=\"wp-block-button has-custom-width wp-block-button__width-100\"><a class=\"wp-block-button__link has-svart-color has-guld-background-color has-text-color has-background wp-element-button\" href=\"https:\/\/www.visitvarmland.com\/arjang\/tips-och-guider\/njut-av-paketerade-upplevelser\/\">Njut av v\u00e5ra paketerade upplevelser!<\/a><\/div>\n<\/div>\n\n\n\n<div class=\"wp-block-group atheme-wrapper--full\"><div class=\"wp-block-group__inner-container is-layout-flow wp-block-group-is-layout-flow\">\n<div class=\"wp-block-columns is-layout-flex wp-container-core-columns-is-layout-9d6595d7 wp-block-columns-is-layout-flex\">\n<div class=\"wp-block-column is-layout-flow wp-block-column-is-layout-flow\">\n<div class=\"wp-block-atheme-component-cta atheme-wrapper\"><div class=\"atheme-components-cta--decoration-right\"><\/div><div class=\"atheme-components-cta--decoration-left\"><\/div><div class=\"atheme-components-cta\" style=\"height:600px;min-height:300px;background-image:url( https:\/\/www.visitvarmland.com\/arjang\/wp-content\/uploads\/sites\/19\/2021\/07\/180829-web-9752.jpg );background-size:cover;background-position:center center;background-attachment:scroll\"><div class=\"atheme-components-cta--overlay\"> <\/div><div class=\"atheme-components-cta--text\"><div><a href=\"https:\/\/www.visitvarmland.com\/arjang\/tips-och-guider\/unionsleden\/\" target=\"_self\" rel=\"noopener\"><h3>Unionsleden<\/h3><p>350 km omv\u00e4xlande cykling genom tv\u00e5 l\u00e4nder<\/p><div class=\"atheme-components-cta--text-border\"><\/div><\/a><\/div><\/div><\/div><\/div>\n<\/div>\n\n\n\n<div class=\"wp-block-column is-layout-flow wp-block-column-is-layout-flow\">\n<div class=\"wp-block-atheme-component-cta atheme-wrapper\"><div class=\"atheme-components-cta--decoration-right\"><\/div><div class=\"atheme-components-cta--decoration-left\"><\/div><div class=\"atheme-components-cta\" style=\"height:600px;min-height:300px;background-image:url( https:\/\/www.visitvarmland.com\/arjang\/wp-content\/uploads\/sites\/19\/2021\/07\/rikards-sillerudsstation-kvall1-scaled.jpg );background-size:cover;background-position:center center;background-attachment:scroll\"><div class=\"atheme-components-cta--overlay\"> <\/div><div class=\"atheme-components-cta--text\"><div><a href=\"https:\/\/www.visitvarmland.com\/arjang\/tips-och-guider\/sov-gott-och-vakna-med-ett-leende\/\" target=\"_self\" rel=\"noopener\"><h3>Sov gott, trivs och vakna med ett leende!<\/h3><p>Hitta ditt semesterboende<\/p><div class=\"atheme-components-cta--text-border\"><\/div><\/a><\/div><\/div><\/div><\/div>\n<\/div>\n<\/div>\n<\/div><\/div>\n\n\n\n<p><\/p>\n\n\n\n<h2 class=\"wp-block-heading\"><\/h2>\n","protected":false},"excerpt":{"rendered":"<p>Full fokus p\u00e5 det roliga &#8211; markservicen sk\u00f6ts av n\u00e5gon annan! Vill du inte planera alla detaljer av din semester sj\u00e4lv? D\u00e5 finns det flera paketl\u00f6sningar hos v\u00e5ra boenden.<\/p>\n","protected":false},"author":12,"featured_media":2822,"parent":0,"menu_order":0,"comment_status":"closed","ping_status":"closed","template":"archive-template.php","meta":{"_acf_changed":false,"footnotes":""},"class_list":["post-856","page","type-page","status-publish","has-post-thumbnail","hentry"],"acf":[],"lang":"sv","translations":{"sv":856,"en":1943},"pll_sync_post":[],"_links":{"self":[{"href":"https:\/\/www.visitvarmland.com\/arjang\/wp-json\/wp\/v2\/pages\/856","targetHints":{"allow":["GET"]}}],"collection":[{"href":"https:\/\/www.visitvarmland.com\/arjang\/wp-json\/wp\/v2\/pages"}],"about":[{"href":"https:\/\/www.visitvarmland.com\/arjang\/wp-json\/wp\/v2\/types\/page"}],"author":[{"embeddable":true,"href":"https:\/\/www.visitvarmland.com\/arjang\/wp-json\/wp\/v2\/users\/12"}],"replies":[{"embeddable":true,"href":"https:\/\/www.visitvarmland.com\/arjang\/wp-json\/wp\/v2\/comments?post=856"}],"version-history":[{"count":9,"href":"https:\/\/www.visitvarmland.com\/arjang\/wp-json\/wp\/v2\/pages\/856\/revisions"}],"predecessor-version":[{"id":3294,"href":"https:\/\/www.visitvarmland.com\/arjang\/wp-json\/wp\/v2\/pages\/856\/revisions\/3294"}],"wp:featuredmedia":[{"embeddable":true,"href":"https:\/\/www.visitvarmland.com\/arjang\/wp-json\/wp\/v2\/media\/2822"}],"wp:attachment":[{"href":"https:\/\/www.visitvarmland.com\/arjang\/wp-json\/wp\/v2\/media?parent=856"}],"curies":[{"name":"wp","href":"https:\/\/api.w.org\/{rel}","templated":true}]}}