{"id":1282,"date":"2021-07-31T12:32:52","date_gmt":"2021-07-31T10:32:52","guid":{"rendered":"https:\/\/www.visitvarmland.com\/arvika\/?page_id=1282"},"modified":"2025-12-18T12:45:02","modified_gmt":"2025-12-18T11:45:02","slug":"bestall-kartor","status":"publish","type":"page","link":"https:\/\/www.visitvarmland.com\/arvika\/bestall-kartor\/","title":{"rendered":"Best\u00e4ll kartor"},"content":{"rendered":"\n<p><\/p>\n\n\n\n<ul class=\"wp-block-list\">\n<li>Kontakta oss p\u00e5 <a href=\"turist@arvika.se\">mail<\/a> (turist@arvika.se) eller telefon (0570-817 90) f\u00f6r best\u00e4llning av \u00f6nskad karta.<\/li>\n\n\n\n<li>S\u00e4tt in summan p\u00e5 v\u00e5rt bankgiro 861-8852.<\/li>\n\n\n\n<li>M\u00e4rk din ins\u00e4ttning med &#8221;Turistbyr\u00e5-Arvika kommun&#8221;.&nbsp; Ange namnet p\u00e5 kartan, ditt namn och din fullst\u00e4ndiga adress.<\/li>\n\n\n\n<li>Efter att vi har mottagit din betalning, skickar vi den \u00f6nskade kartan till dig.<\/li>\n<\/ul>\n\n\n\n<p><\/p>\n\n\n\n<p><strong>Du kan \u00e4ven betala med Swish.<\/strong><\/p>\n\n\n\n<ul class=\"wp-block-list\">\n<li>Swisha summan till: 123 230 04 57, Arvika Turistbyr\u00e5.<\/li>\n\n\n\n<li>M\u00e4rk swishen med ditt namn och \u00f6nskad karta.<\/li>\n\n\n\n<li>Maila din adress till turist@arvika.se<\/li>\n\n\n\n<li>Efter att vi har mottagit din betalning, skickar vi den \u00f6nskade kartan till dig.<\/li>\n<\/ul>\n\n\n\n<p>Bankgiro: 861-8852&nbsp;<br>Swish: 123 230 04 57, Arvika Turistbyr\u00e5<\/p>\n\n\n\n<p><em>F\u00f6r betalning fr\u00e5n utlandet:<\/em><br>Bankgiro: 861-8852<br>IBAN SE79 8000 0843 1969 3120 3621<br>BIC\/Swiftkod: SWEDSESS<br>Westra Wermlands Sparbank, Box 19, 67121 Arvika.<\/p>\n\n\n\n<div class=\"wp-block-columns is-layout-flex wp-container-core-columns-is-layout-9d6595d7 wp-block-columns-is-layout-flex\">\n<div class=\"wp-block-column is-layout-flow wp-block-column-is-layout-flow\"><div class=\"wp-block-image is-resized\">\n<figure class=\"alignleft size-full\"><img loading=\"lazy\" decoding=\"async\" width=\"1587\" height=\"2245\" src=\"https:\/\/www.visitvarmland.com\/arvika\/wp-content\/uploads\/sites\/2\/2025\/04\/Vandringsbroschyr_2025_framsida_mindre.jpg\" alt=\"\" class=\"wp-image-8943\" style=\"object-fit:cover;width:307px;height:437px\" srcset=\"https:\/\/www.visitvarmland.com\/app\/uploads\/sites\/2\/2025\/04\/Vandringsbroschyr_2025_framsida_mindre.jpg 1587w, https:\/\/www.visitvarmland.com\/app\/uploads\/sites\/2\/2025\/04\/Vandringsbroschyr_2025_framsida_mindre-212x300.jpg 212w, https:\/\/www.visitvarmland.com\/app\/uploads\/sites\/2\/2025\/04\/Vandringsbroschyr_2025_framsida_mindre-724x1024.jpg 724w, https:\/\/www.visitvarmland.com\/app\/uploads\/sites\/2\/2025\/04\/Vandringsbroschyr_2025_framsida_mindre-768x1086.jpg 768w, https:\/\/www.visitvarmland.com\/app\/uploads\/sites\/2\/2025\/04\/Vandringsbroschyr_2025_framsida_mindre-1086x1536.jpg 1086w, https:\/\/www.visitvarmland.com\/app\/uploads\/sites\/2\/2025\/04\/Vandringsbroschyr_2025_framsida_mindre-1448x2048.jpg 1448w, https:\/\/www.visitvarmland.com\/app\/uploads\/sites\/2\/2025\/04\/Vandringsbroschyr_2025_framsida_mindre-106x150.jpg 106w, https:\/\/www.visitvarmland.com\/app\/uploads\/sites\/2\/2025\/04\/Vandringsbroschyr_2025_framsida_mindre-424x600.jpg 424w\" sizes=\"auto, (max-width: 1587px) 100vw, 1587px\" \/><\/figure><\/div><\/div>\n\n\n\n<div class=\"wp-block-column is-layout-flow wp-block-column-is-layout-flow\"><div class=\"wp-block-image is-resized\">\n<figure class=\"alignleft size-full\"><img loading=\"lazy\" decoding=\"async\" width=\"1914\" height=\"2560\" src=\"https:\/\/www.visitvarmland.com\/arvika\/wp-content\/uploads\/sites\/2\/2023\/06\/Glaskogskarta-ny-scaled.jpg\" alt=\"\" class=\"wp-image-4240\" style=\"width:auto;height:437px\" srcset=\"https:\/\/www.visitvarmland.com\/app\/uploads\/sites\/2\/2023\/06\/Glaskogskarta-ny-scaled.jpg 1914w, https:\/\/www.visitvarmland.com\/app\/uploads\/sites\/2\/2023\/06\/Glaskogskarta-ny-224x300.jpg 224w, https:\/\/www.visitvarmland.com\/app\/uploads\/sites\/2\/2023\/06\/Glaskogskarta-ny-766x1024.jpg 766w, https:\/\/www.visitvarmland.com\/app\/uploads\/sites\/2\/2023\/06\/Glaskogskarta-ny-768x1027.jpg 768w, https:\/\/www.visitvarmland.com\/app\/uploads\/sites\/2\/2023\/06\/Glaskogskarta-ny-1149x1536.jpg 1149w, https:\/\/www.visitvarmland.com\/app\/uploads\/sites\/2\/2023\/06\/Glaskogskarta-ny-1532x2048.jpg 1532w, https:\/\/www.visitvarmland.com\/app\/uploads\/sites\/2\/2023\/06\/Glaskogskarta-ny-9x12.jpg 9w, https:\/\/www.visitvarmland.com\/app\/uploads\/sites\/2\/2023\/06\/Glaskogskarta-ny-112x150.jpg 112w, https:\/\/www.visitvarmland.com\/app\/uploads\/sites\/2\/2023\/06\/Glaskogskarta-ny-449x600.jpg 449w\" sizes=\"auto, (max-width: 1914px) 100vw, 1914px\" \/><\/figure><\/div><\/div>\n\n\n\n<div class=\"wp-block-column is-layout-flow wp-block-column-is-layout-flow\">\n<figure data-wp-context=\"{&quot;imageId&quot;:&quot;69e353e13039b&quot;}\" data-wp-interactive=\"core\/image\" class=\"wp-block-image size-full is-resized wp-lightbox-container\"><img loading=\"lazy\" decoding=\"async\" width=\"342\" height=\"500\" data-wp-class--hide=\"state.isContentHidden\" data-wp-class--show=\"state.isContentVisible\" data-wp-init=\"callbacks.setButtonStyles\" data-wp-on-async--click=\"actions.showLightbox\" data-wp-on-async--load=\"callbacks.setButtonStyles\" data-wp-on-async-window--resize=\"callbacks.setButtonStyles\" src=\"https:\/\/www.visitvarmland.com\/arvika\/wp-content\/uploads\/sites\/2\/2021\/08\/Karta-finnskogsleden-framsida.jpg\" alt=\"\" class=\"wp-image-2007\" style=\"width:auto;height:437px\" srcset=\"https:\/\/www.visitvarmland.com\/app\/uploads\/sites\/2\/2021\/08\/Karta-finnskogsleden-framsida.jpg 342w, https:\/\/www.visitvarmland.com\/app\/uploads\/sites\/2\/2021\/08\/Karta-finnskogsleden-framsida-205x300.jpg 205w, https:\/\/www.visitvarmland.com\/app\/uploads\/sites\/2\/2021\/08\/Karta-finnskogsleden-framsida-103x150.jpg 103w\" sizes=\"auto, (max-width: 342px) 100vw, 342px\" \/><button\n\t\t\tclass=\"lightbox-trigger\"\n\t\t\ttype=\"button\"\n\t\t\taria-haspopup=\"dialog\"\n\t\t\taria-label=\"F\u00f6rstora\"\n\t\t\tdata-wp-init=\"callbacks.initTriggerButton\"\n\t\t\tdata-wp-on-async--click=\"actions.showLightbox\"\n\t\t\tdata-wp-style--right=\"state.imageButtonRight\"\n\t\t\tdata-wp-style--top=\"state.imageButtonTop\"\n\t\t>\n\t\t\t<svg xmlns=\"http:\/\/www.w3.org\/2000\/svg\" width=\"12\" height=\"12\" fill=\"none\" viewBox=\"0 0 12 12\">\n\t\t\t\t<path fill=\"#fff\" d=\"M2 0a2 2 0 0 0-2 2v2h1.5V2a.5.5 0 0 1 .5-.5h2V0H2Zm2 10.5H2a.5.5 0 0 1-.5-.5V8H0v2a2 2 0 0 0 2 2h2v-1.5ZM8 12v-1.5h2a.5.5 0 0 0 .5-.5V8H12v2a2 2 0 0 1-2 2H8Zm2-12a2 2 0 0 1 2 2v2h-1.5V2a.5.5 0 0 0-.5-.5H8V0h2Z\" \/>\n\t\t\t<\/svg>\n\t\t<\/button><\/figure>\n<\/div>\n<\/div>\n\n\n\n<div class=\"wp-block-columns is-layout-flex wp-container-core-columns-is-layout-9d6595d7 wp-block-columns-is-layout-flex\">\n<div class=\"wp-block-column is-layout-flow wp-block-column-is-layout-flow\">\n<p><strong>Vandra i Arvika kommun<\/strong><\/p>\n\n\n\n<p>Den h\u00e4r foldern inspirerar till sk\u00f6na vandringar i Arvikas vackra natur. H\u00e4r finner du korta och l\u00e5nga vandringsleder som passar b\u00e5de den vana vandraren och den mer oerfarna. Enkel kartbild och kort information om lederna p\u00e5 svenska och engelska.<\/p>\n\n\n\n<p><strong>Pris inom Sverige: 71 SEK (inkl. porto 22 kr)<br>Pris till utlandet: 93 SEK (incl postage 44 kr)<\/strong><\/p>\n<\/div>\n\n\n\n<div class=\"wp-block-column is-layout-flow wp-block-column-is-layout-flow\">\n<p><strong>Glaskogskarta<\/strong><\/p>\n\n\n\n<p>Detaljerad karta i skala 1:50 000 \u00f6ver vandringslederna i Glaskogens Naturreservat. P\u00e5 Glaskogskartan finns alla vandrings- och kanotleder, vindskydd och \u00f6vernattningsstugor markerade. Kartan \u00e4r vattent\u00e5lig.<\/p>\n\n\n\n<p><strong>Pris&nbsp;inom Sverige: 171 SEK (inkl. porto 22 SEK)<br>Pris till utlandet: 193 SEK (inkl. porto 44 SEK )<\/strong><\/p>\n\n\n\n<p><strong>Till\u00e4gg: Vandringsturer i Glaskogen<\/strong><br>H\u00e4fte med turf\u00f6rslag f\u00f6r vandringar i Glaskogens Naturreservat.<br><strong>Pris: 49 SEK<\/strong>&nbsp;(exkl. porto vid best\u00e4llning tillsammans med kartan. Porto tillkommer om den skickas separat).<\/p>\n<\/div>\n\n\n\n<div class=\"wp-block-column is-layout-flow wp-block-column-is-layout-flow\">\n<p><strong>Finnskogsleden<\/strong><\/p>\n\n\n\n<p>Karth\u00e4fte \u00f6ver Finnskogsleden med kartbilder, etappbeskrivningar och praktisk information.&nbsp;<br>Finnskogsleden \u00e4r en 240 km l\u00e5ng vandringsled fr\u00e5n Morokulien i s\u00f6der till Trysil i norr och g\u00e5r b\u00e5de p\u00e5 den norska och svenska sidan av gr\u00e4nsen.<br>Karth\u00e4ftet finns p\u00e5 norska och engelska. Ange \u00f6nskat spr\u00e5k vid best\u00e4llning.<\/p>\n\n\n\n<p><strong>Pris inom Sverige: 244 SEK (inkl. porto 44 SEK)<\/strong><br><strong>Pris till utlandet: 266 SEK (inkl. porto 66 SEK)<\/strong><\/p>\n<\/div>\n<\/div>\n\n\n\n<p><\/p>\n\n\n\n<div class=\"wp-block-columns is-layout-flex wp-container-core-columns-is-layout-9d6595d7 wp-block-columns-is-layout-flex\">\n<div class=\"wp-block-column is-layout-flow wp-block-column-is-layout-flow\">\n<figure class=\"wp-block-image size-large is-resized\"><img loading=\"lazy\" decoding=\"async\" width=\"307\" height=\"437\" src=\"https:\/\/www.visitvarmland.com\/arvika\/wp-content\/uploads\/sites\/2\/2021\/08\/Namnlos-design-2021-08-30T135537.486.png\" alt=\"\" class=\"wp-image-1902\" style=\"width:auto;height:437px\" srcset=\"https:\/\/www.visitvarmland.com\/app\/uploads\/sites\/2\/2021\/08\/Namnlos-design-2021-08-30T135537.486.png 307w, https:\/\/www.visitvarmland.com\/app\/uploads\/sites\/2\/2021\/08\/Namnlos-design-2021-08-30T135537.486-211x300.png 211w, https:\/\/www.visitvarmland.com\/app\/uploads\/sites\/2\/2021\/08\/Namnlos-design-2021-08-30T135537.486-105x150.png 105w\" sizes=\"auto, (max-width: 307px) 100vw, 307px\" \/><\/figure>\n<\/div>\n\n\n\n<div class=\"wp-block-column is-layout-flow wp-block-column-is-layout-flow\"><\/div>\n<\/div>\n\n\n\n<div class=\"wp-block-columns is-layout-flex wp-container-core-columns-is-layout-9d6595d7 wp-block-columns-is-layout-flex\">\n<div class=\"wp-block-column is-layout-flow wp-block-column-is-layout-flow\">\n<p><strong>Cykla i Arvika kommun<\/strong><\/p>\n\n\n\n<p>Den h\u00e4r foldern ger tips p\u00e5 h\u00e4rliga cykelutflykter i Arvikas vackra natur. H\u00e4r finner du turer f\u00f6r leisurecyklisten, racercykelentusiasten och mountainbikecyklisten. Enkel kartbild och kort information om turerna p\u00e5 svenska och engelska.<\/p>\n\n\n\n<p>Broschyren \u00e4r gratis.<br>Kan \u00e4ven <a href=\"https:\/\/www.visitvarmland.com\/arvika\/wp-content\/uploads\/sites\/2\/2021\/08\/Cykla-i-Arvika-PDF.pdf\">laddas ner<\/a>. <\/p>\n<\/div>\n\n\n\n<div class=\"wp-block-column is-layout-flow wp-block-column-is-layout-flow\">\n<p><\/p>\n<\/div>\n<\/div>\n\n\n\n<h2 class=\"wp-block-heading\">Kommunkarta <\/h2>\n\n\n\n<p>P\u00e5 Arvika kommuns hemsida har du tillg\u00e5ng till en<a href=\"https:\/\/kartor.arvika.se\/WebMap\/\" target=\"_blank\" rel=\"noopener\"> interaktiv kommunkarta<\/a> som du kan anv\u00e4nda f\u00f6r att s\u00f6ka efter gatunamn, kommunala verksamheter, motionssp\u00e5r och mycket mer. P\u00e5 samma webbplats finns ocks\u00e5 en cykel- och parkeringskarta. <\/p>\n\n\n\n<div class=\"wp-block-atheme-component-action-button atheme-wrapper--action-button-single\"><a href=\"https:\/\/www.arvika.se\/byggaboochmiljo\/lantmateriochkartor\/kartor.2270.html\" target=\"_self\" class=\"a-action a-action--arrow\" rel=\"noopener\"><span>Till kartor p\u00e5 kommunens hemsida<\/span><\/a><\/div>\n\n\n<div class=\"wp-block-image\">\n<figure class=\"aligncenter size-large is-resized\"><img loading=\"lazy\" decoding=\"async\" width=\"1024\" height=\"405\" src=\"https:\/\/www.visitvarmland.com\/arvika\/wp-content\/uploads\/sites\/2\/2025\/03\/Arvika_Payoff_BW-1024x405.jpg\" alt=\"\" class=\"wp-image-8873\" style=\"object-fit:contain;width:240px;height:180px\" \/><\/figure><\/div>","protected":false},"excerpt":{"rendered":"<p>Du kan \u00e4ven betala med Swish. Bankgiro: 861-8852&nbsp;Swish: 123 230 04 57, Arvika Turistbyr\u00e5 F\u00f6r betalning fr\u00e5n utlandet:Bankgiro: 861-8852IBAN SE79 8000 0843 1969 3120 3621BIC\/Swiftkod: SWEDSESSWestra Wermlands Sparbank, Box 19, 67121 Arvika. Vandra i Arvika kommun Den h\u00e4r foldern inspirerar till sk\u00f6na vandringar i Arvikas vackra natur. H\u00e4r finner du korta och l\u00e5nga vandringsleder som [&hellip;]<\/p>\n","protected":false},"author":20,"featured_media":0,"parent":0,"menu_order":0,"comment_status":"closed","ping_status":"closed","template":"page-templates\/page-fullwidth.php","meta":{"_acf_changed":false,"footnotes":""},"class_list":["post-1282","page","type-page","status-publish","hentry"],"acf":[],"lang":"sv","translations":{"sv":1282,"en":7877},"pll_sync_post":[],"_links":{"self":[{"href":"https:\/\/www.visitvarmland.com\/arvika\/wp-json\/wp\/v2\/pages\/1282","targetHints":{"allow":["GET"]}}],"collection":[{"href":"https:\/\/www.visitvarmland.com\/arvika\/wp-json\/wp\/v2\/pages"}],"about":[{"href":"https:\/\/www.visitvarmland.com\/arvika\/wp-json\/wp\/v2\/types\/page"}],"author":[{"embeddable":true,"href":"https:\/\/www.visitvarmland.com\/arvika\/wp-json\/wp\/v2\/users\/20"}],"replies":[{"embeddable":true,"href":"https:\/\/www.visitvarmland.com\/arvika\/wp-json\/wp\/v2\/comments?post=1282"}],"version-history":[{"count":10,"href":"https:\/\/www.visitvarmland.com\/arvika\/wp-json\/wp\/v2\/pages\/1282\/revisions"}],"predecessor-version":[{"id":9490,"href":"https:\/\/www.visitvarmland.com\/arvika\/wp-json\/wp\/v2\/pages\/1282\/revisions\/9490"}],"wp:attachment":[{"href":"https:\/\/www.visitvarmland.com\/arvika\/wp-json\/wp\/v2\/media?parent=1282"}],"curies":[{"name":"wp","href":"https:\/\/api.w.org\/{rel}","templated":true}]}}