{"id":1291,"date":"2021-07-31T13:23:09","date_gmt":"2021-07-31T11:23:09","guid":{"rendered":"https:\/\/www.visitvarmland.com\/arvika\/?page_id=1291"},"modified":"2022-07-08T14:11:37","modified_gmt":"2022-07-08T12:11:37","slug":"videogalleri","status":"publish","type":"page","link":"https:\/\/www.visitvarmland.com\/arvika\/videogalleri\/","title":{"rendered":"Videogalleri"},"content":{"rendered":"\n<h2 class=\"wp-block-heading\">V\u00e4lkommen till Arvika<\/h2>\n\n\n\n<div class=\"wp-block-group\"><div class=\"wp-block-group__inner-container is-layout-flow wp-block-group-is-layout-flow\">\n<figure class=\"wp-block-image size-large is-resized is-style-default\"><a href=\"https:\/\/youtu.be\/G1CuPuP1lCI\" target=\"_blank\" rel=\"noopener\"><img loading=\"lazy\" decoding=\"async\" src=\"https:\/\/www.visitvarmland.com\/arvika\/wp-content\/uploads\/sites\/2\/2022\/04\/Introbild_valkommen_till_Arvika-2-1024x684.jpg\" alt=\"\" class=\"wp-image-2887\" width=\"1328\" height=\"887\" srcset=\"https:\/\/www.visitvarmland.com\/app\/uploads\/sites\/2\/2022\/04\/Introbild_valkommen_till_Arvika-2-1024x684.jpg 1024w, https:\/\/www.visitvarmland.com\/app\/uploads\/sites\/2\/2022\/04\/Introbild_valkommen_till_Arvika-2-300x200.jpg 300w, https:\/\/www.visitvarmland.com\/app\/uploads\/sites\/2\/2022\/04\/Introbild_valkommen_till_Arvika-2-768x513.jpg 768w, https:\/\/www.visitvarmland.com\/app\/uploads\/sites\/2\/2022\/04\/Introbild_valkommen_till_Arvika-2-16x12.jpg 16w, https:\/\/www.visitvarmland.com\/app\/uploads\/sites\/2\/2022\/04\/Introbild_valkommen_till_Arvika-2-150x100.jpg 150w, https:\/\/www.visitvarmland.com\/app\/uploads\/sites\/2\/2022\/04\/Introbild_valkommen_till_Arvika-2-600x401.jpg 600w, https:\/\/www.visitvarmland.com\/app\/uploads\/sites\/2\/2022\/04\/Introbild_valkommen_till_Arvika-2.jpg 1197w\" sizes=\"auto, (max-width: 1328px) 100vw, 1328px\" \/><\/a><\/figure>\n<\/div><\/div>\n\n\n\n<h2 class=\"wp-block-heading\">Citybreak<\/h2>\n\n\n\n<figure class=\"wp-block-video\"><video controls src=\"https:\/\/www.visitvarmland.com\/arvika\/wp-content\/uploads\/sites\/2\/2022\/04\/City-break-red-2.mp4\"><\/video><\/figure>\n\n\n\n<h2 class=\"wp-block-heading\">Naturupplevelser i Arvika<\/h2>\n\n\n\n<figure class=\"wp-block-image size-large is-resized is-style-default\"><a href=\"https:\/\/youtu.be\/9BxDpnYtj9I\" target=\"_blank\" rel=\"noopener\"><img loading=\"lazy\" decoding=\"async\" src=\"https:\/\/www.visitvarmland.com\/arvika\/wp-content\/uploads\/sites\/2\/2022\/04\/Introbild_naturupplevelser_i_Arvika-1024x594.jpg\" alt=\"\" class=\"wp-image-2888\" width=\"1327\" height=\"770\" srcset=\"https:\/\/www.visitvarmland.com\/app\/uploads\/sites\/2\/2022\/04\/Introbild_naturupplevelser_i_Arvika-1024x594.jpg 1024w, https:\/\/www.visitvarmland.com\/app\/uploads\/sites\/2\/2022\/04\/Introbild_naturupplevelser_i_Arvika-300x174.jpg 300w, https:\/\/www.visitvarmland.com\/app\/uploads\/sites\/2\/2022\/04\/Introbild_naturupplevelser_i_Arvika-768x445.jpg 768w, https:\/\/www.visitvarmland.com\/app\/uploads\/sites\/2\/2022\/04\/Introbild_naturupplevelser_i_Arvika-16x9.jpg 16w, https:\/\/www.visitvarmland.com\/app\/uploads\/sites\/2\/2022\/04\/Introbild_naturupplevelser_i_Arvika-150x87.jpg 150w, https:\/\/www.visitvarmland.com\/app\/uploads\/sites\/2\/2022\/04\/Introbild_naturupplevelser_i_Arvika-600x348.jpg 600w, https:\/\/www.visitvarmland.com\/app\/uploads\/sites\/2\/2022\/04\/Introbild_naturupplevelser_i_Arvika-1200x697.jpg 1200w, https:\/\/www.visitvarmland.com\/app\/uploads\/sites\/2\/2022\/04\/Introbild_naturupplevelser_i_Arvika.jpg 1202w\" sizes=\"auto, (max-width: 1327px) 100vw, 1327px\" \/><\/a><figcaption><em>Notera: H\u00f6gh\u00f6jdsbanan \u00e4r inte \u00f6ppen under 2022<\/em><\/figcaption><\/figure>\n\n\n\n<h2 class=\"wp-block-heading\">Kulturupplevelser i Arvika<\/h2>\n\n\n\n<figure class=\"wp-block-image size-large is-resized is-style-default\"><a href=\"https:\/\/youtu.be\/H9dwfbmnyNk\" target=\"_blank\" rel=\"noopener\"><img loading=\"lazy\" decoding=\"async\" src=\"https:\/\/www.visitvarmland.com\/arvika\/wp-content\/uploads\/sites\/2\/2022\/04\/Introbild_kulturupplevelser_i_Arvika-1024x563.jpg\" alt=\"\" class=\"wp-image-2889\" width=\"1331\" height=\"732\" srcset=\"https:\/\/www.visitvarmland.com\/app\/uploads\/sites\/2\/2022\/04\/Introbild_kulturupplevelser_i_Arvika-1024x563.jpg 1024w, https:\/\/www.visitvarmland.com\/app\/uploads\/sites\/2\/2022\/04\/Introbild_kulturupplevelser_i_Arvika-300x165.jpg 300w, https:\/\/www.visitvarmland.com\/app\/uploads\/sites\/2\/2022\/04\/Introbild_kulturupplevelser_i_Arvika-768x422.jpg 768w, https:\/\/www.visitvarmland.com\/app\/uploads\/sites\/2\/2022\/04\/Introbild_kulturupplevelser_i_Arvika-16x9.jpg 16w, https:\/\/www.visitvarmland.com\/app\/uploads\/sites\/2\/2022\/04\/Introbild_kulturupplevelser_i_Arvika-150x83.jpg 150w, https:\/\/www.visitvarmland.com\/app\/uploads\/sites\/2\/2022\/04\/Introbild_kulturupplevelser_i_Arvika-600x330.jpg 600w, https:\/\/www.visitvarmland.com\/app\/uploads\/sites\/2\/2022\/04\/Introbild_kulturupplevelser_i_Arvika.jpg 1200w\" sizes=\"auto, (max-width: 1331px) 100vw, 1331px\" \/><\/a><\/figure>\n","protected":false},"excerpt":{"rendered":"<p>V\u00e4lkommen till Arvika Citybreak Naturupplevelser i Arvika Kulturupplevelser i Arvika<\/p>\n","protected":false},"author":20,"featured_media":0,"parent":0,"menu_order":0,"comment_status":"closed","ping_status":"closed","template":"","meta":{"_acf_changed":false,"footnotes":""},"class_list":["post-1291","page","type-page","status-publish","hentry"],"acf":[],"lang":"sv","translations":{"sv":1291,"en":8015},"pll_sync_post":[],"_links":{"self":[{"href":"https:\/\/www.visitvarmland.com\/arvika\/wp-json\/wp\/v2\/pages\/1291","targetHints":{"allow":["GET"]}}],"collection":[{"href":"https:\/\/www.visitvarmland.com\/arvika\/wp-json\/wp\/v2\/pages"}],"about":[{"href":"https:\/\/www.visitvarmland.com\/arvika\/wp-json\/wp\/v2\/types\/page"}],"author":[{"embeddable":true,"href":"https:\/\/www.visitvarmland.com\/arvika\/wp-json\/wp\/v2\/users\/20"}],"replies":[{"embeddable":true,"href":"https:\/\/www.visitvarmland.com\/arvika\/wp-json\/wp\/v2\/comments?post=1291"}],"version-history":[{"count":6,"href":"https:\/\/www.visitvarmland.com\/arvika\/wp-json\/wp\/v2\/pages\/1291\/revisions"}],"predecessor-version":[{"id":3181,"href":"https:\/\/www.visitvarmland.com\/arvika\/wp-json\/wp\/v2\/pages\/1291\/revisions\/3181"}],"wp:attachment":[{"href":"https:\/\/www.visitvarmland.com\/arvika\/wp-json\/wp\/v2\/media?parent=1291"}],"curies":[{"name":"wp","href":"https:\/\/api.w.org\/{rel}","templated":true}]}}