{"id":215,"date":"2021-05-19T11:00:32","date_gmt":"2021-05-19T09:00:32","guid":{"rendered":"https:\/\/www.visitvarmland.com\/arvika\/?page_id=215"},"modified":"2026-02-12T10:59:01","modified_gmt":"2026-02-12T09:59:01","slug":"resa-hit","status":"publish","type":"page","link":"https:\/\/www.visitvarmland.com\/arvika\/resa-hit\/","title":{"rendered":"Resa hit"},"content":{"rendered":"\n<figure class=\"wp-block-image size-large\"><img loading=\"lazy\" decoding=\"async\" width=\"1024\" height=\"682\" src=\"https:\/\/www.visitvarmland.com\/arvika\/wp-content\/uploads\/sites\/2\/2024\/01\/resvaska_varldskarta_Arvika_fritt.jpg\" alt=\"\" class=\"wp-image-4705\" srcset=\"https:\/\/www.visitvarmland.com\/app\/uploads\/sites\/2\/2024\/01\/resvaska_varldskarta_Arvika_fritt.jpg 1024w, https:\/\/www.visitvarmland.com\/app\/uploads\/sites\/2\/2024\/01\/resvaska_varldskarta_Arvika_fritt-300x200.jpg 300w, https:\/\/www.visitvarmland.com\/app\/uploads\/sites\/2\/2024\/01\/resvaska_varldskarta_Arvika_fritt-768x512.jpg 768w, https:\/\/www.visitvarmland.com\/app\/uploads\/sites\/2\/2024\/01\/resvaska_varldskarta_Arvika_fritt-18x12.jpg 18w, https:\/\/www.visitvarmland.com\/app\/uploads\/sites\/2\/2024\/01\/resvaska_varldskarta_Arvika_fritt-150x100.jpg 150w, https:\/\/www.visitvarmland.com\/app\/uploads\/sites\/2\/2024\/01\/resvaska_varldskarta_Arvika_fritt-600x400.jpg 600w\" sizes=\"auto, (max-width: 1024px) 100vw, 1024px\" \/><\/figure>\n\n\n\n<div class=\"wp-block-columns is-layout-flex wp-container-core-columns-is-layout-9d6595d7 wp-block-columns-is-layout-flex\">\n<div class=\"wp-block-column is-layout-flow wp-block-column-is-layout-flow\" style=\"flex-basis:33.33%\">\n<figure class=\"wp-block-image size-large is-resized\"><img loading=\"lazy\" decoding=\"async\" width=\"1024\" height=\"1006\" src=\"https:\/\/www.visitvarmland.com\/arvika\/wp-content\/uploads\/sites\/2\/2021\/05\/car-1024x1006.png\" alt=\"\" class=\"wp-image-216\" style=\"width:116px;height:114px\" srcset=\"https:\/\/www.visitvarmland.com\/app\/uploads\/sites\/2\/2021\/05\/car-1024x1006.png 1024w, https:\/\/www.visitvarmland.com\/app\/uploads\/sites\/2\/2021\/05\/car-300x295.png 300w, https:\/\/www.visitvarmland.com\/app\/uploads\/sites\/2\/2021\/05\/car-768x754.png 768w, https:\/\/www.visitvarmland.com\/app\/uploads\/sites\/2\/2021\/05\/car-1536x1509.png 1536w, https:\/\/www.visitvarmland.com\/app\/uploads\/sites\/2\/2021\/05\/car-150x147.png 150w, https:\/\/www.visitvarmland.com\/app\/uploads\/sites\/2\/2021\/05\/car-600x589.png 600w, https:\/\/www.visitvarmland.com\/app\/uploads\/sites\/2\/2021\/05\/car.png 1735w\" sizes=\"auto, (max-width: 1024px) 100vw, 1024px\" \/><\/figure>\n<\/div>\n\n\n\n<div class=\"wp-block-column is-layout-flow wp-block-column-is-layout-flow\" style=\"flex-basis:66.66%\">\n<h3 class=\"wp-block-heading\">Med bil<\/h3>\n\n\n\n<p>Den gamla Kungsv\u00e4gen, numera riksv\u00e4g 61 g\u00e5r genom Arvika och kommer du fr\u00e5n Norge eller Karlstad \u00e4r det v\u00e4g 61 som g\u00e4ller. Fr\u00e5n \u00c5rj\u00e4ng g\u00e5r l\u00e4nsv\u00e4g 172 och fr\u00e5n S\u00e4ffle l\u00e4nsv\u00e4g 175.<\/p>\n\n\n\n<p>I Arvika centrum och innerstad finns 1 600 kommunala parkeringsplatser samt flera &#8221;privata&#8221; parkeringsplatser som en del st\u00f6rre aff\u00e4rskedjor erbjuder. Parkeringskartan visar var parkeringsplatserna i centrum finns. Ett tjugotal platser \u00e4r reserverade f\u00f6r r\u00f6relsehindrade med s\u00e4rskilt tillst\u00e5nd.<br>De kommunala parkeringsplatserna \u00e4r avgiftsfria, men f\u00f6r m\u00e5nga av dem g\u00e4ller att du m\u00e5ste anv\u00e4nda p-skiva. N\u00e4r du ska anv\u00e4nda p-skiva \u00e4r detta utm\u00e4rkt genom en till\u00e4ggstavla till det vanliga parkeringsv\u00e4gm\u00e4rket.<br>Det finns tre st\u00f6rre, kommunala parkeringsplatser d\u00e4r du kan st\u00e5 upp till 24 timmar utan parkeringsskiva: Parkeringen <br>-vid Stadsparken\/S\u00e5gudden<br>-i hamnen<br>-s\u00f6der om Palmviksrondellen.<\/p>\n\n\n\n<p><strong>P-skivan \u00e4r gratis och du kan h\u00e4mta den bland annat hos:<\/strong><br>Kundtj\u00e4nsten i stadshuset<br>Arvika Turistbyr\u00e5<br>Arvika Bibliotek<br>Ingestrands camping<br>Mataff\u00e4rerna ICA Palmviken, Coop Palmviken, Coop Styck\u00e5sen<br>Bensinstationerna Shell 7-Eleven, OKQ8<\/p>\n\n\n\n<p><strong>L\u00e5ngtidsparkering<\/strong><br>L\u00e5ngtidsparkering, l\u00e4ngre \u00e4n 24 timmar, finns p\u00e5 utm\u00e4rkta platser p\u00e5 parkeringsplatsen vid korsningen Strandv\u00e4gen\/Sp\u00e5rgatan i hamnomr\u00e5det. D\u00e4r f\u00e5r du parkera max 72 timmar (tre dygn) i str\u00e4ck.<\/p>\n\n\n\n<p><strong>Parkeringskarta<\/strong><br>En \u00f6versikt \u00f6ver parkeringsplatserna finner du p\u00e5 den<a href=\"https:\/\/kartor.arvika.se\/WebMap\/#m=Arvikakartan,c=183455.0014810726;6615924.662630027,l=54c767b0,sl=%7B%7D,tl=%7B%2254c767b0%22:%5B0;1;2;3;4;5;6;7;8;9;10;11%5D%7D,b=0,r=1.161886438809265\" target=\"_blank\" rel=\"noopener\"> interaktiva kommunkarta<\/a>. <\/p>\n\n\n\n<p><strong>Laddstationer<\/strong><br>I Arvika finns flera stationer d\u00e4r du kan ladda bilen med el:<br><strong>Stora Coop Styck\u00e5sen<\/strong><br>Styck\u00e5sgatan 37<br><strong>OKQ8<\/strong><br>Bl\u00e4sterv\u00e4gen 2<br><strong>Torget<\/strong><br>\u00d6stra Torggatan 2<br><strong>Hamnplan<\/strong><br>Parkeringen vid Olssons Brygga<br><strong>McDonalds<\/strong><br>\u00c5karegatan 1<br><strong>Stadshuset<\/strong><br>\u00d6stra Esplanaden 5<br>(dagtid reserverat f\u00f6r stadshusbes\u00f6kare med tillst\u00e5nd)&nbsp;&nbsp;<br><strong>Fredros<\/strong><br>Treens Camping<br>&nbsp;&nbsp;&nbsp;&nbsp;&nbsp;&nbsp;&nbsp;&nbsp;<\/p>\n\n\n\n<p>En digital karta \u00f6ver laddstationer finns h\u00e4r: <a href=\"https:\/\/www.uppladdning.nu\/Map.aspxu\/\" target=\"_blank\" rel=\"noopener\">https:\/\/www.uppladdning.nu\/Map.aspxu\/<\/a><\/p>\n<\/div>\n<\/div>\n\n\n\n<div class=\"wp-block-columns is-layout-flex wp-container-core-columns-is-layout-9d6595d7 wp-block-columns-is-layout-flex\">\n<div class=\"wp-block-column is-layout-flow wp-block-column-is-layout-flow\" style=\"flex-basis:33.33%\">\n<figure class=\"wp-block-image size-large is-resized\"><img loading=\"lazy\" decoding=\"async\" width=\"1024\" height=\"1006\" src=\"https:\/\/www.visitvarmland.com\/arvika\/wp-content\/uploads\/sites\/2\/2021\/05\/bus-1024x1006.png\" alt=\"\" class=\"wp-image-217\" style=\"width:119px;height:117px\" srcset=\"https:\/\/www.visitvarmland.com\/app\/uploads\/sites\/2\/2021\/05\/bus-1024x1006.png 1024w, https:\/\/www.visitvarmland.com\/app\/uploads\/sites\/2\/2021\/05\/bus-300x295.png 300w, https:\/\/www.visitvarmland.com\/app\/uploads\/sites\/2\/2021\/05\/bus-768x754.png 768w, https:\/\/www.visitvarmland.com\/app\/uploads\/sites\/2\/2021\/05\/bus-1536x1509.png 1536w, https:\/\/www.visitvarmland.com\/app\/uploads\/sites\/2\/2021\/05\/bus-150x147.png 150w, https:\/\/www.visitvarmland.com\/app\/uploads\/sites\/2\/2021\/05\/bus-600x589.png 600w, https:\/\/www.visitvarmland.com\/app\/uploads\/sites\/2\/2021\/05\/bus.png 1735w\" sizes=\"auto, (max-width: 1024px) 100vw, 1024px\" \/><\/figure>\n<\/div>\n\n\n\n<div class=\"wp-block-column is-layout-flow wp-block-column-is-layout-flow\" style=\"flex-basis:66.66%\">\n<h3 class=\"wp-block-heading\">Med buss<\/h3>\n\n\n\n<p>V\u00e4rmlandstrafik svarar f\u00f6r all regiontrafik med bussar och t\u00e5g i V\u00e4rmland.<br>Tidtabeller, f\u00f6rs\u00e4ljningsst\u00e4llen och annan trafikinformation om t\u00e5g och buss finns p\u00e5&nbsp;<a href=\"http:\/\/www.varmlandstrafik.se\/\" target=\"_blank\" rel=\"noopener\">V\u00e4rmlandstrafiks webbplats<\/a><\/p>\n\n\n\n<p>T\u00e4tortstrafiken i Arvika \u00e4r uppbyggd av dels tre vanliga pendellinjer, dels fyra flexlinjer med anropsstyrd trafik.<\/p>\n\n\n\n<p>Pendellinjerna trafikerar sjukhuset, Ingesund och Pr\u00e4st\u00e4ngen. Best\u00e4llning av anropsstyrd trafik g\u00f6rs p\u00e5 tfn 0771-32 32 00<\/p>\n<\/div>\n<\/div>\n\n\n\n<div class=\"wp-block-columns is-layout-flex wp-container-core-columns-is-layout-9d6595d7 wp-block-columns-is-layout-flex\">\n<div class=\"wp-block-column is-layout-flow wp-block-column-is-layout-flow\" style=\"flex-basis:33.33%\">\n<figure class=\"wp-block-image size-large is-resized\"><img loading=\"lazy\" decoding=\"async\" width=\"1024\" height=\"1006\" src=\"https:\/\/www.visitvarmland.com\/arvika\/wp-content\/uploads\/sites\/2\/2021\/05\/tag-1024x1006.png\" alt=\"\" class=\"wp-image-317\" style=\"width:120px;height:117px\" srcset=\"https:\/\/www.visitvarmland.com\/app\/uploads\/sites\/2\/2021\/05\/tag-1024x1006.png 1024w, https:\/\/www.visitvarmland.com\/app\/uploads\/sites\/2\/2021\/05\/tag-300x295.png 300w, https:\/\/www.visitvarmland.com\/app\/uploads\/sites\/2\/2021\/05\/tag-768x754.png 768w, https:\/\/www.visitvarmland.com\/app\/uploads\/sites\/2\/2021\/05\/tag-1536x1509.png 1536w, https:\/\/www.visitvarmland.com\/app\/uploads\/sites\/2\/2021\/05\/tag-150x147.png 150w, https:\/\/www.visitvarmland.com\/app\/uploads\/sites\/2\/2021\/05\/tag-600x589.png 600w, https:\/\/www.visitvarmland.com\/app\/uploads\/sites\/2\/2021\/05\/tag.png 1735w\" sizes=\"auto, (max-width: 1024px) 100vw, 1024px\" \/><\/figure>\n<\/div>\n\n\n\n<div class=\"wp-block-column is-layout-flow wp-block-column-is-layout-flow\" style=\"flex-basis:66.66%\">\n<h3 class=\"wp-block-heading\">Med t\u00e5g<\/h3>\n\n\n\n<p>Arvikas l\u00e4ge l\u00e4ngs j\u00e4rnv\u00e4gslinjen Stockholm &#8211; Oslo ger f\u00f6rbindelser mot b\u00e4gge huvudst\u00e4derna. Mer information om t\u00e5gf\u00f6rbindelser finns p\u00e5 <a href=\"http:\/\/www.sj.se\" target=\"_blank\" rel=\"noopener\">SJs hemsida<\/a>.<br><a href=\"http:\/\/www.varmlandstrafik.se\" target=\"_blank\" rel=\"noopener\">V\u00e4rmlandstrafik<\/a> trafikerar banan fr\u00e5n Charlottenberg till Kristinehamn.<\/p>\n\n\n\n<p>Fr\u00e5n busstationer i V\u00e4rmland &#8211; bland annat fr\u00e5n Karlstad &#8211; g\u00e5r l\u00e5ngf\u00e4rdsbussar till bland annat Stockholm, \u00d6rebro och G\u00f6teborg. Kontakta respektive bussbolag f\u00f6r mer information, exempelvis <a href=\"https:\/\/www.flixbus.se\/swebus\" target=\"_blank\" rel=\"noopener\">Swebus Express<\/a> eller <a href=\"https:\/\/www.bus4you.se\/#!\/\" target=\"_blank\" rel=\"noopener\">Nettbuss<\/a>.<\/p>\n<\/div>\n<\/div>\n\n\n\n<div class=\"wp-block-columns is-layout-flex wp-container-core-columns-is-layout-9d6595d7 wp-block-columns-is-layout-flex\">\n<div class=\"wp-block-column is-layout-flow wp-block-column-is-layout-flow\" style=\"flex-basis:33.33%\">\n<figure class=\"wp-block-image size-large is-resized\"><img loading=\"lazy\" decoding=\"async\" width=\"1024\" height=\"1006\" src=\"https:\/\/www.visitvarmland.com\/arvika\/wp-content\/uploads\/sites\/2\/2021\/05\/cycle-1024x1006.png\" alt=\"\" class=\"wp-image-219\" style=\"width:121px;height:118px\" srcset=\"https:\/\/www.visitvarmland.com\/app\/uploads\/sites\/2\/2021\/05\/cycle-1024x1006.png 1024w, https:\/\/www.visitvarmland.com\/app\/uploads\/sites\/2\/2021\/05\/cycle-300x295.png 300w, https:\/\/www.visitvarmland.com\/app\/uploads\/sites\/2\/2021\/05\/cycle-768x754.png 768w, https:\/\/www.visitvarmland.com\/app\/uploads\/sites\/2\/2021\/05\/cycle-1536x1509.png 1536w, https:\/\/www.visitvarmland.com\/app\/uploads\/sites\/2\/2021\/05\/cycle-150x147.png 150w, https:\/\/www.visitvarmland.com\/app\/uploads\/sites\/2\/2021\/05\/cycle-600x589.png 600w, https:\/\/www.visitvarmland.com\/app\/uploads\/sites\/2\/2021\/05\/cycle.png 1735w\" sizes=\"auto, (max-width: 1024px) 100vw, 1024px\" \/><\/figure>\n<\/div>\n\n\n\n<div class=\"wp-block-column is-layout-flow wp-block-column-is-layout-flow\" style=\"flex-basis:66.66%\">\n<h3 class=\"wp-block-heading\">P\u00e5 cykel<\/h3>\n\n\n\n<p>Cykelv\u00e4gn\u00e4tet i Arvika \u00e4r relativt v\u00e4l utbyggt. Det finns 35 km g\u00e5ng- och cykelleder i centrala Arvika och en cykelkarta underl\u00e4ttar cykelturen!<br>Foldern \u201dCykla i Arvika\u201d ger f\u00f6rslag p\u00e5 tre olika kategorier av cykelturer &#8211; picknickturer, mountainbiketurer och turer f\u00f6r racercykling. Den finns p\u00e5 Arvika Turistbyr\u00e5 eller att l\u00e4sa\/ladda ner <a href=\"\/Users\/turistpersonal\/Downloads\/Cykla-i-Arvika-PDF.pdf\">h\u00e4r<\/a>.<\/p>\n<\/div>\n<\/div>\n\n\n\n<div class=\"wp-block-columns is-layout-flex wp-container-core-columns-is-layout-9d6595d7 wp-block-columns-is-layout-flex\">\n<div class=\"wp-block-column is-layout-flow wp-block-column-is-layout-flow\" style=\"flex-basis:33.33%\">\n<figure class=\"wp-block-image size-large is-resized\"><img loading=\"lazy\" decoding=\"async\" width=\"1024\" height=\"1006\" src=\"https:\/\/www.visitvarmland.com\/arvika\/wp-content\/uploads\/sites\/2\/2021\/05\/airplane-1024x1006.png\" alt=\"\" class=\"wp-image-220\" style=\"width:120px;height:118px\" srcset=\"https:\/\/www.visitvarmland.com\/app\/uploads\/sites\/2\/2021\/05\/airplane-1024x1006.png 1024w, https:\/\/www.visitvarmland.com\/app\/uploads\/sites\/2\/2021\/05\/airplane-300x295.png 300w, https:\/\/www.visitvarmland.com\/app\/uploads\/sites\/2\/2021\/05\/airplane-768x754.png 768w, https:\/\/www.visitvarmland.com\/app\/uploads\/sites\/2\/2021\/05\/airplane-1536x1509.png 1536w, https:\/\/www.visitvarmland.com\/app\/uploads\/sites\/2\/2021\/05\/airplane-150x147.png 150w, https:\/\/www.visitvarmland.com\/app\/uploads\/sites\/2\/2021\/05\/airplane-600x589.png 600w, https:\/\/www.visitvarmland.com\/app\/uploads\/sites\/2\/2021\/05\/airplane.png 1735w\" sizes=\"auto, (max-width: 1024px) 100vw, 1024px\" \/><\/figure>\n<\/div>\n\n\n\n<div class=\"wp-block-column is-layout-flow wp-block-column-is-layout-flow\" style=\"flex-basis:66.66%\">\n<div class=\"wp-block-columns is-layout-flex wp-container-core-columns-is-layout-9d6595d7 wp-block-columns-is-layout-flex\">\n<div class=\"wp-block-column is-layout-flow wp-block-column-is-layout-flow\" style=\"flex-basis:100%\">\n<h3 class=\"wp-block-heading\">Med Flyg<\/h3>\n<\/div>\n<\/div>\n\n\n\n<p>Fr\u00e5n Arvika \u00e4r det cirka 15 mil till den internationella flygplatsen Oslo Lufthavn Gardermoen i Norge. L\u00e4nsflygplatsen Karlstad Airport &#8211; som \u00e4ven har viss chartertrafik, ligger sex mil \u00f6ster om Arvika.<\/p>\n<\/div>\n<\/div>\n\n\n\n<div class=\"wp-block-columns is-layout-flex wp-container-core-columns-is-layout-9d6595d7 wp-block-columns-is-layout-flex\">\n<div class=\"wp-block-column is-layout-flow wp-block-column-is-layout-flow\" style=\"flex-basis:33.33%\">\n<figure class=\"wp-block-image size-large is-resized\"><img loading=\"lazy\" decoding=\"async\" width=\"1024\" height=\"1006\" src=\"https:\/\/www.visitvarmland.com\/arvika\/wp-content\/uploads\/sites\/2\/2021\/05\/car-2-1024x1006.png\" alt=\"\" class=\"wp-image-333\" style=\"width:116px;height:114px\" srcset=\"https:\/\/www.visitvarmland.com\/app\/uploads\/sites\/2\/2021\/05\/car-2-1024x1006.png 1024w, https:\/\/www.visitvarmland.com\/app\/uploads\/sites\/2\/2021\/05\/car-2-300x295.png 300w, https:\/\/www.visitvarmland.com\/app\/uploads\/sites\/2\/2021\/05\/car-2-768x754.png 768w, https:\/\/www.visitvarmland.com\/app\/uploads\/sites\/2\/2021\/05\/car-2-1536x1509.png 1536w, https:\/\/www.visitvarmland.com\/app\/uploads\/sites\/2\/2021\/05\/car-2-150x147.png 150w, https:\/\/www.visitvarmland.com\/app\/uploads\/sites\/2\/2021\/05\/car-2-600x589.png 600w, https:\/\/www.visitvarmland.com\/app\/uploads\/sites\/2\/2021\/05\/car-2.png 1735w\" sizes=\"auto, (max-width: 1024px) 100vw, 1024px\" \/><\/figure>\n<\/div>\n\n\n\n<div class=\"wp-block-column is-layout-flow wp-block-column-is-layout-flow\" style=\"flex-basis:66.66%\">\n<h3 class=\"wp-block-heading\">Med taxi<\/h3>\n\n\n\n<p>Taxistationen finns p\u00e5 v\u00e4stra sidan av stationsbyggnaden p\u00e5 J\u00e4rnv\u00e4gsgatan.<br><strong>Arvika Eda Taxitransporter<\/strong><br>Tel 0570-107 00, <a rel=\"noreferrer noopener\" href=\"https:\/\/www.arvikataxi.se\/\" target=\"_blank\">https:\/\/www.arvikataxi.se\/<\/a><\/p>\n\n\n\n<p><strong>Arvikabygdens Taxi<\/strong><br>Tel 0570-46 50 88. <a href=\"https:\/\/www.arvikabygdenstaxi.se\/index.htm\" target=\"_blank\" rel=\"noopener\">Arvikabygdens Taxi<\/a>.<\/p>\n<\/div>\n<\/div>\n\n\n\n<div class=\"wp-block-columns is-layout-flex wp-container-core-columns-is-layout-9d6595d7 wp-block-columns-is-layout-flex\">\n<div class=\"wp-block-column is-layout-flow wp-block-column-is-layout-flow\" style=\"flex-basis:33.33%\">\n<figure class=\"wp-block-image size-large is-resized\"><img loading=\"lazy\" decoding=\"async\" width=\"1024\" height=\"1006\" src=\"https:\/\/www.visitvarmland.com\/arvika\/wp-content\/uploads\/sites\/2\/2021\/05\/boat-1024x1006.png\" alt=\"\" class=\"wp-image-221\" style=\"width:119px;height:117px\" srcset=\"https:\/\/www.visitvarmland.com\/app\/uploads\/sites\/2\/2021\/05\/boat-1024x1006.png 1024w, https:\/\/www.visitvarmland.com\/app\/uploads\/sites\/2\/2021\/05\/boat-300x295.png 300w, https:\/\/www.visitvarmland.com\/app\/uploads\/sites\/2\/2021\/05\/boat-768x754.png 768w, https:\/\/www.visitvarmland.com\/app\/uploads\/sites\/2\/2021\/05\/boat-1536x1509.png 1536w, https:\/\/www.visitvarmland.com\/app\/uploads\/sites\/2\/2021\/05\/boat-150x147.png 150w, https:\/\/www.visitvarmland.com\/app\/uploads\/sites\/2\/2021\/05\/boat-600x589.png 600w, https:\/\/www.visitvarmland.com\/app\/uploads\/sites\/2\/2021\/05\/boat.png 1735w\" sizes=\"auto, (max-width: 1024px) 100vw, 1024px\" \/><\/figure>\n<\/div>\n\n\n\n<div class=\"wp-block-column is-layout-flow wp-block-column-is-layout-flow\" style=\"flex-basis:66.66%\">\n<h3 class=\"wp-block-heading\">Med b\u00e5t<\/h3>\n\n\n\n<p>Arvika har Sveriges innersta hamn med f\u00f6rbindelse med havet, som n\u00e5s via diverse kanal-\/slussystem. Vattenv\u00e4gen och hamnen har alltid varit viktig f\u00f6r Arvika och bygdens utveckling. N\u00e5gon kommersiell b\u00e5ttrafik finns f\u00f6r n\u00e4rvarande inte till eller fr\u00e5n Arvika hamn, d\u00e4remot ett aktivt b\u00e5tliv. Det finns flera b\u00e5thamnar f\u00f6r fritidsb\u00e5tar i kommunen.<\/p>\n<\/div>\n<\/div>\n\n\n<div class=\"wp-block-image\">\n<figure class=\"aligncenter size-large is-resized\"><img loading=\"lazy\" decoding=\"async\" width=\"1024\" height=\"405\" src=\"https:\/\/www.visitvarmland.com\/arvika\/wp-content\/uploads\/sites\/2\/2025\/03\/Arvika_Payoff_BW-1024x405.jpg\" alt=\"\" class=\"wp-image-8873\" style=\"object-fit:contain;width:240px;height:179px\" \/><\/figure><\/div>","protected":false},"excerpt":{"rendered":"<p>Med bil Den gamla Kungsv\u00e4gen, numera riksv\u00e4g 61 g\u00e5r genom Arvika och kommer du fr\u00e5n Norge eller Karlstad \u00e4r det v\u00e4g 61 som g\u00e4ller. Fr\u00e5n \u00c5rj\u00e4ng g\u00e5r l\u00e4nsv\u00e4g 172 och fr\u00e5n S\u00e4ffle l\u00e4nsv\u00e4g 175. I Arvika centrum och innerstad finns 1 600 kommunala parkeringsplatser samt flera &#8221;privata&#8221; parkeringsplatser som en del st\u00f6rre aff\u00e4rskedjor erbjuder. Parkeringskartan [&hellip;]<\/p>\n","protected":false},"author":3,"featured_media":0,"parent":0,"menu_order":0,"comment_status":"closed","ping_status":"open","template":"","meta":{"_acf_changed":false,"footnotes":""},"class_list":["post-215","page","type-page","status-publish","hentry"],"acf":[],"lang":"sv","translations":{"sv":215,"en":7926},"pll_sync_post":[],"_links":{"self":[{"href":"https:\/\/www.visitvarmland.com\/arvika\/wp-json\/wp\/v2\/pages\/215","targetHints":{"allow":["GET"]}}],"collection":[{"href":"https:\/\/www.visitvarmland.com\/arvika\/wp-json\/wp\/v2\/pages"}],"about":[{"href":"https:\/\/www.visitvarmland.com\/arvika\/wp-json\/wp\/v2\/types\/page"}],"author":[{"embeddable":true,"href":"https:\/\/www.visitvarmland.com\/arvika\/wp-json\/wp\/v2\/users\/3"}],"replies":[{"embeddable":true,"href":"https:\/\/www.visitvarmland.com\/arvika\/wp-json\/wp\/v2\/comments?post=215"}],"version-history":[{"count":10,"href":"https:\/\/www.visitvarmland.com\/arvika\/wp-json\/wp\/v2\/pages\/215\/revisions"}],"predecessor-version":[{"id":9625,"href":"https:\/\/www.visitvarmland.com\/arvika\/wp-json\/wp\/v2\/pages\/215\/revisions\/9625"}],"wp:attachment":[{"href":"https:\/\/www.visitvarmland.com\/arvika\/wp-json\/wp\/v2\/media?parent=215"}],"curies":[{"name":"wp","href":"https:\/\/api.w.org\/{rel}","templated":true}]}}