{"id":969,"date":"2021-06-23T11:42:26","date_gmt":"2021-06-23T09:42:26","guid":{"rendered":"https:\/\/www.visitvarmland.com\/arvika\/?page_id=969"},"modified":"2025-03-31T15:19:12","modified_gmt":"2025-03-31T13:19:12","slug":"camping","status":"publish","type":"page","link":"https:\/\/www.visitvarmland.com\/arvika\/camping\/","title":{"rendered":"Campingar i Arvika"},"content":{"rendered":"\n    <div class=\"cards-section-top\">\n                <h2>Campingar i Arvika<\/h2>\n        <a class=\"a-button\" href=\"https:\/\/visitvarmland.com\/arvika\/tema-aktiviteter\/boende-i-arvika\/\">Tillbaka till artikel<\/a>\n    <\/div>\n    <section class=\"cards-section-wrapper\">\n        <div class=\"cards-section-slide\">\n            <!-- Card wrapper -->\n<article class=\"a-card a-card--turid\" link-finder     >\n                <div class=\"a-card__image a-card--turid__image\">\n                <div class=\"bg-img\" style=\"background-image:url(https:\/\/img.turid.visitvarmland.com\/2cd508ed-4443-4bea-881f-f3797d1b0bed\/20210909-185429.jpg?q=80&#038;fit=crop&#038;w=300&#038;h=210&#038;v=1&#038;);\"><\/div>\n            <\/div>\n                        <h2 class=\"a-card__title a-card--turid__title\"><a data-no-translation href=\"https:\/\/www.visitvarmland.com\/arvika\/boende\/camping\/ingestrands-camping\">Ingestrands Camping<\/a><\/h2>\n                        <div class=\"a-card__content a-card--turid__content\">En mycket vackert bel\u00e4gen familjecamping vid Glafsfjordens strand&hellip;<\/div>\n                        <div class=\"a-card__bottom-wrapper a-card--turid__bottom-wrapper\" style=\"background-image:url();\">                            <div class=\"a-card__favorite a-card--turid__favorite\"><i class=\"fal fa-heart\"><\/i><\/div>\n                        <div class=\"a-card__tag a-card--turid__tag\"><!-- Button wrapper -->\n\n<a class=\"a-tag a-tag--small\" href=\"https:\/\/www.visitvarmland.com\/boende\/camping\/uthyrningservice-108\" target=\"_self\" >\n    <span class='a-card--divider'>Uthyrning\/<\/span><span class='a-card--divider'>service<\/span>\n    <\/a><\/div>\n                        <\/div>\n            <\/article><!-- Card wrapper -->\n<article class=\"a-card a-card--turid\" link-finder     >\n                <div class=\"a-card__image a-card--turid__image\">\n                <div class=\"bg-img\" style=\"background-image:url(https:\/\/img.turid.visitvarmland.com\/146d8ad8-5e33-4c68-b50f-7d07bad959c6\/glaskogen-campingplats.jpg?q=80&#038;fit=crop&#038;w=300&#038;h=210&#038;v=1&#038;);\"><\/div>\n            <\/div>\n                        <h2 class=\"a-card__title a-card--turid__title\"><a data-no-translation href=\"https:\/\/www.visitvarmland.com\/arvika\/boende\/camping\/glaskogens-vildmarkscamping\">Glaskogens Vildmarkscamping<\/a><\/h2>\n                        <div class=\"a-card__content a-card--turid__content\">Campa med husvagn eller husbil p\u00e5 din egen&hellip;<\/div>\n                        <div class=\"a-card__bottom-wrapper a-card--turid__bottom-wrapper\" style=\"background-image:url();\">                            <div class=\"a-card__favorite a-card--turid__favorite\"><i class=\"fal fa-heart\"><\/i><\/div>\n                        <div class=\"a-card__tag a-card--turid__tag\"><!-- Button wrapper -->\n\n<a class=\"a-tag a-tag--small\" href=\"https:\/\/www.visitvarmland.com\/boende\/camping\" target=\"_self\" >\n    <span class='a-card--divider'>Camping<\/span>\n    <\/a><\/div>\n                        <\/div>\n            <\/article><!-- Card wrapper -->\n<article class=\"a-card a-card--turid\" link-finder     >\n                <div class=\"a-card__image a-card--turid__image\">\n                <div class=\"bg-img\" style=\"background-image:url(https:\/\/img.turid.visitvarmland.com\/legacy\/Arvika\/soljecampvy.JPG?q=80&#038;fit=crop&#038;w=300&#038;h=210&#038;v=1&#038;);\"><\/div>\n            <\/div>\n                        <h2 class=\"a-card__title a-card--turid__title\"><a data-no-translation href=\"https:\/\/www.visitvarmland.com\/arvika\/boende\/camping\/solje-camping\">S\u00f6lje Camping<\/a><\/h2>\n                        <div class=\"a-card__content a-card--turid__content\">En mysig, familjev\u00e4nlig campingplats bel\u00e4gen vid Stora Lesj\u00f6n&hellip;<\/div>\n                        <div class=\"a-card__bottom-wrapper a-card--turid__bottom-wrapper\" style=\"background-image:url();\">                            <div class=\"a-card__favorite a-card--turid__favorite\"><i class=\"fal fa-heart\"><\/i><\/div>\n                        <div class=\"a-card__tag a-card--turid__tag\"><!-- Button wrapper -->\n\n<a class=\"a-tag a-tag--small\" href=\"https:\/\/www.visitvarmland.com\/boende\/camping\" target=\"_self\" >\n    <span class='a-card--divider'>Camping<\/span>\n    <\/a><\/div>\n                        <\/div>\n            <\/article><!-- Card wrapper -->\n<article class=\"a-card a-card--turid\" link-finder     >\n                <div class=\"a-card__image a-card--turid__image\">\n                <div class=\"bg-img\" style=\"background-image:url(https:\/\/img.turid.visitvarmland.com\/legacy\/Arvika\/campingtreen.JPG?q=80&#038;fit=crop&#038;w=300&#038;h=210&#038;v=1&#038;);\"><\/div>\n            <\/div>\n                        <h2 class=\"a-card__title a-card--turid__title\"><a data-no-translation href=\"https:\/\/www.visitvarmland.com\/arvika\/boende\/camping\/treens-camping\">Treens Camping<\/a><\/h2>\n                        <div class=\"a-card__content a-card--turid__content\">En h\u00e4rlig camping bel\u00e4gen vid sj\u00f6n Stor-Treen, ca&hellip;<\/div>\n                        <div class=\"a-card__bottom-wrapper a-card--turid__bottom-wrapper\" style=\"background-image:url();\">                            <div class=\"a-card__favorite a-card--turid__favorite\"><i class=\"fal fa-heart\"><\/i><\/div>\n                        <div class=\"a-card__tag a-card--turid__tag\"><!-- Button wrapper -->\n\n<a class=\"a-tag a-tag--small\" href=\"https:\/\/www.visitvarmland.com\/boende\/camping\" target=\"_self\" >\n    <span class='a-card--divider'>Camping<\/span>\n    <\/a><\/div>\n                        <\/div>\n            <\/article>        <\/div>\n        <button class=\"hero-scroll-icon section-scroll-side\" aria-label=\"Next\" aria-hidden=\"true\" tabindex=\"-1\">\n            <div class=\"pre-icon-dot\"><\/div>\n            <div class=\"pre-icon-dot\"><\/div>\n            <i class=\"fal fa-long-arrow-down\" aria-hidden=\"true\"><\/i>\n        <\/button>\n        <button class=\"hero-scroll-icon section-scroll-side-left section-scroll-side-left-hidden\" aria-label=\"Previous\" aria-hidden=\"true\" tabindex=\"-1\">\n            <div class=\"pre-icon-dot\"><\/div>\n            <div class=\"pre-icon-dot\"><\/div>\n            <i class=\"fal fa-long-arrow-down\" aria-hidden=\"true\"><\/i>\n        <\/button>\n    <\/section>\n\n\n","protected":false},"excerpt":{"rendered":"","protected":false},"author":20,"featured_media":0,"parent":0,"menu_order":0,"comment_status":"closed","ping_status":"closed","template":"","meta":{"_acf_changed":false,"footnotes":""},"class_list":["post-969","page","type-page","status-publish","hentry"],"acf":[],"lang":"sv","translations":{"sv":969,"en":7894},"pll_sync_post":[],"_links":{"self":[{"href":"https:\/\/www.visitvarmland.com\/arvika\/wp-json\/wp\/v2\/pages\/969","targetHints":{"allow":["GET"]}}],"collection":[{"href":"https:\/\/www.visitvarmland.com\/arvika\/wp-json\/wp\/v2\/pages"}],"about":[{"href":"https:\/\/www.visitvarmland.com\/arvika\/wp-json\/wp\/v2\/types\/page"}],"author":[{"embeddable":true,"href":"https:\/\/www.visitvarmland.com\/arvika\/wp-json\/wp\/v2\/users\/20"}],"replies":[{"embeddable":true,"href":"https:\/\/www.visitvarmland.com\/arvika\/wp-json\/wp\/v2\/comments?post=969"}],"version-history":[{"count":13,"href":"https:\/\/www.visitvarmland.com\/arvika\/wp-json\/wp\/v2\/pages\/969\/revisions"}],"predecessor-version":[{"id":8921,"href":"https:\/\/www.visitvarmland.com\/arvika\/wp-json\/wp\/v2\/pages\/969\/revisions\/8921"}],"wp:attachment":[{"href":"https:\/\/www.visitvarmland.com\/arvika\/wp-json\/wp\/v2\/media?parent=969"}],"curies":[{"name":"wp","href":"https:\/\/api.w.org\/{rel}","templated":true}]}}