{"id":1039,"date":"2021-12-07T16:11:35","date_gmt":"2021-12-07T15:11:35","guid":{"rendered":"https:\/\/www.visitvarmland.com\/visitvarmland-org\/?page_id=1039"},"modified":"2025-08-26T14:16:16","modified_gmt":"2025-08-26T12:16:16","slug":"kontakt","status":"publish","type":"page","link":"https:\/\/www.visitvarmland.com\/corporate\/om-visit-varmland\/kontakt\/","title":{"rendered":"Kontakt"},"content":{"rendered":"\n<h2 class=\"wp-block-heading\"><br>Kontakta Visit V\u00e4rmland<\/h2>\n\n\n\n<p>V\u00e4lkommen att kontakta oss p\u00e5 Visit V\u00e4rmland. <br><strong>Telefon:<\/strong> 054-776 60 00<br><strong>E-mail:&nbsp;<\/strong><a href=\"mailto:info@visitvarmland.com\">info@visitvarmland.com<\/a><\/p>\n\n\n\n<p><\/p>\n\n\n\n<p><\/p>\n\n\n\n<div class=\"wp-block-columns is-layout-flex wp-container-core-columns-is-layout-9d6595d7 wp-block-columns-is-layout-flex\">\n<div class=\"wp-block-column is-layout-flow wp-block-column-is-layout-flow\">\n<div class=\"wp-block-columns is-layout-flex wp-container-core-columns-is-layout-9d6595d7 wp-block-columns-is-layout-flex\">\n<div class=\"wp-block-column is-layout-flow wp-block-column-is-layout-flow\"><div class=\"wp-block-image is-style-default\">\n<figure class=\"aligncenter size-large is-resized\"><a href=\"mailto:mia.landin@visitvarmland.com\"><img decoding=\"async\" src=\"https:\/\/www.visitvarmland.com\/corporate\/wp-content\/uploads\/sites\/20\/2025\/02\/Mia.jpg\" alt=\"\" style=\"width:165px\"\/><\/a><\/figure><\/div>\n\n\n<p class=\"has-text-align-center\"><strong>Mia Landin<br><\/strong><em>Vd<\/em><br>Tel: 054-776 60 01<br><a href=\"mailto:mia.landin@visitvarmland.com\" target=\"_blank\" rel=\"noreferrer noopener\">mia.landin@visitvarmland.com<\/a><\/p>\n<\/div>\n\n\n\n<div class=\"wp-block-column is-layout-flow wp-block-column-is-layout-flow\"><div class=\"wp-block-image is-style-default\">\n<figure class=\"aligncenter size-large is-resized\"><a href=\"mailto:niclas.wikman@visitvarmland.com\"><img decoding=\"async\" src=\"https:\/\/www.visitvarmland.com\/corporate\/wp-content\/uploads\/sites\/20\/2025\/02\/Niclas.jpg\" alt=\"\" style=\"width:165px\"\/><\/a><\/figure><\/div>\n\n\n<p class=\"has-text-align-center\"><strong>Niclas Wikman<\/strong><br><em>Ledningsst\u00f6d och <em>processer<\/em>&nbsp;<br><\/em>Tel: 054-776 60 02<br><a href=\"mailto:niclas.wikman@visitvarmland.com\">niclas.wikman@visitvarmland.com<\/a><\/p>\n<\/div>\n<\/div>\n\n\n\n<hr class=\"wp-block-separator has-alpha-channel-opacity\"\/>\n\n\n\n<h2 class=\"wp-block-heading has-text-align-center\">Aff\u00e4rsutveckling<\/h2>\n\n\n\n<p><\/p>\n\n\n\n<div class=\"wp-block-columns is-layout-flex wp-container-core-columns-is-layout-9d6595d7 wp-block-columns-is-layout-flex\">\n<div class=\"wp-block-column is-layout-flow wp-block-column-is-layout-flow\"><div class=\"wp-block-image is-style-default\">\n<figure class=\"aligncenter size-large is-resized\"><a href=\"mailto:andreas.norum@visitvarmland.com\"><img decoding=\"async\" src=\"https:\/\/www.visitvarmland.com\/corporate\/wp-content\/uploads\/sites\/20\/2025\/02\/Andreas.jpg\" alt=\"\" style=\"width:165px\"\/><\/a><\/figure><\/div>\n\n\n<p class=\"has-text-align-center\"><strong>Andreas Norum<\/strong><br><em>Teamledare, projektledare,&nbsp;<\/em><br><em><em>Nationellt ramverk vandringsturismleder<\/em> <br><\/em>Tel: 054-776 60 06<br><a href=\"mailto:andreas.norum@visitvarmland.com\" target=\"_blank\" rel=\"noreferrer noopener\">andreas.norum@visitvarmland.com<\/a><\/p>\n<\/div>\n\n\n\n<div class=\"wp-block-column is-layout-flow wp-block-column-is-layout-flow\"><div class=\"wp-block-image\">\n<figure class=\"aligncenter size-large is-resized\"><a href=\"mailto:cajsa.jansson@visitvarmland.com\"><img decoding=\"async\" src=\"https:\/\/www.visitvarmland.com\/corporate\/wp-content\/uploads\/sites\/20\/2025\/02\/Cajsa.jpg\" alt=\"\" style=\"width:165px\"\/><\/a><\/figure><\/div>\n\n\n<p class=\"has-text-align-center\"><strong>Cajsa Jansson<\/strong><br><em>Projekt- och processkoordinator<\/em><br>Tel: 054-776 60 03<br><a href=\"mailto:cajsa.jansson@visitvarmland.com\" target=\"_blank\" rel=\"noreferrer noopener\">cajsa.jansson@visitvarmland.com<\/a><\/p>\n<\/div>\n<\/div>\n\n\n\n<div class=\"wp-block-columns is-layout-flex wp-container-core-columns-is-layout-9d6595d7 wp-block-columns-is-layout-flex\">\n<div class=\"wp-block-column is-layout-flow wp-block-column-is-layout-flow\"><div class=\"wp-block-image is-resized\">\n<figure class=\"aligncenter size-large\"><a href=\"mailto:jessica.karlsson@visitvarmland.com\"><img decoding=\"async\" src=\"https:\/\/www.visitvarmland.com\/corporate\/wp-content\/uploads\/sites\/20\/2025\/02\/Jessica.jpg\" alt=\"\" style=\"aspect-ratio:3\/4;object-fit:cover;width:165px\"\/><\/a><\/figure><\/div>\n\n\n<p class=\"has-text-align-center\"><strong>Jessica Carlsson<\/strong><br><em>Senior aff\u00e4rsutvecklare<\/em><br>Tel: 054 776 60 05<br><a href=\"mailto:jessica.carlsson@visitvarmland.com\" target=\"_blank\" rel=\"noreferrer noopener\">jessica.karlsson@visitvarmland.com<\/a><\/p>\n<\/div>\n\n\n\n<div class=\"wp-block-column is-layout-flow wp-block-column-is-layout-flow\"><div class=\"wp-block-image is-resized\">\n<figure class=\"aligncenter size-large\"><img decoding=\"async\" src=\"https:\/\/www.visitvarmland.com\/corporate\/wp-content\/uploads\/sites\/20\/2025\/02\/Pernilla.jpg\" alt=\"\" style=\"width:165px\"\/><\/figure><\/div>\n\n\n<p class=\"has-text-align-center\"><strong>Pernilla Bredberg<\/strong><br><em>Aff\u00e4rsutvecklare<\/em><br>Tel: 054-776 60 12<br><a href=\"mailto:pernilla.bredberg@visitvarmland.com\" data-type=\"mailto\" data-id=\"mailto:pernilla.bredberg@visitvarmland.com\" target=\"_blank\" rel=\"noreferrer noopener\">pernilla.bredberg@visitvarmland.com<\/a><\/p>\n<\/div>\n<\/div>\n\n\n\n<div class=\"wp-block-columns is-layout-flex wp-container-core-columns-is-layout-9d6595d7 wp-block-columns-is-layout-flex\">\n<div class=\"wp-block-column is-layout-flow wp-block-column-is-layout-flow\"><div class=\"wp-block-image is-resized\">\n<figure class=\"aligncenter size-large\"><img loading=\"lazy\" decoding=\"async\" width=\"768\" height=\"1024\" src=\"https:\/\/www.visitvarmland.com\/corporate\/wp-content\/uploads\/sites\/20\/2025\/03\/Elin-F-768x1024.jpg\" alt=\"\" class=\"wp-image-5369\" style=\"width:165px\" srcset=\"https:\/\/www.visitvarmland.com\/app\/uploads\/sites\/20\/2025\/03\/Elin-F-768x1023.jpg 768w, https:\/\/www.visitvarmland.com\/app\/uploads\/sites\/20\/2025\/03\/Elin-F-225x300.jpg 225w, https:\/\/www.visitvarmland.com\/app\/uploads\/sites\/20\/2025\/03\/Elin-F-113x150.jpg 113w, https:\/\/www.visitvarmland.com\/app\/uploads\/sites\/20\/2025\/03\/Elin-F-450x600.jpg 450w, https:\/\/www.visitvarmland.com\/app\/uploads\/sites\/20\/2025\/03\/Elin-F.jpg 800w\" sizes=\"auto, (max-width: 768px) 100vw, 768px\" \/><\/figure><\/div>\n\n\n<p class=\"has-text-align-center\"><strong>Elin Flyg<\/strong><br><em>Aff\u00e4rsutvecklare<\/em><br>Tel: 054-776 60 07<br><a href=\"mailto:elin.flyg@visitvarmland.com\" data-type=\"mailto\" data-id=\"mailto:elin.flyg@visitvarmland.com\" target=\"_blank\" rel=\"noreferrer noopener\">elin.flyg@visitvarmland.com<\/a><\/p>\n<\/div>\n\n\n\n<div class=\"wp-block-column is-layout-flow wp-block-column-is-layout-flow\"><div class=\"wp-block-image is-resized\">\n<figure class=\"aligncenter size-large\"><img decoding=\"async\" src=\"https:\/\/www.visitvarmland.com\/corporate\/wp-content\/uploads\/sites\/20\/2025\/02\/Elin-V.jpg\" alt=\"Elin V\u00e4rmsj\u00f6\" style=\"width:165px\"\/><\/figure><\/div>\n\n\n<p class=\"has-text-align-center\"><strong>Elin V\u00e4rmsj\u00f6<\/strong><br><em>Aff\u00e4rsutvecklare<\/em><br>Tel: 054-776 60 14<br><a href=\"elin.varmsjo@visitvarmland.com\" data-type=\"URL\" data-id=\"elin.varmsjo@visitvarmland.com\" target=\"_blank\" rel=\"noreferrer noopener\">elin.varmsjo@visitvarmland.com<\/a><\/p>\n<\/div>\n<\/div>\n\n\n\n<hr class=\"wp-block-separator has-alpha-channel-opacity\"\/>\n\n\n\n<h2 class=\"wp-block-heading has-text-align-center\" id=\"kommunikation\">Marknad och kommunikation<\/h2>\n\n\n\n<p class=\"has-text-align-center\">F\u00f6r erbjudanden och f\u00f6rslag kring samarbeten, kampanjer och tj\u00e4nster, v\u00e4nligen mejla oss p\u00e5 <a href=\"mailto:marknad@visitvarmland.com\" target=\"_blank\" rel=\"noreferrer noopener\">marknad@visitvarmland.com<\/a><br>Vill du tipsa om ett evenemang eller synas i v\u00e5r bes\u00f6ksm\u00e5lsdatabas? <a href=\"https:\/\/www.visitvarmland.com\/corporate\/anmal-ditt-evenemang-ditt-boende-eller-din-aktivitet\/\" data-type=\"link\" data-id=\"https:\/\/www.visitvarmland.com\/corporate\/anmal-ditt-evenemang-ditt-boende-eller-din-aktivitet\/\">L\u00e4s mer h\u00e4r.<\/a><\/p>\n\n\n\n<p><\/p>\n\n\n\n<div class=\"wp-block-columns is-layout-flex wp-container-core-columns-is-layout-9d6595d7 wp-block-columns-is-layout-flex\">\n<div class=\"wp-block-column is-layout-flow wp-block-column-is-layout-flow\"><div class=\"wp-block-image\">\n<figure class=\"aligncenter size-large is-resized\"><a href=\"mailto:jenny.nohren@visitvarmland.com\"><img decoding=\"async\" src=\"https:\/\/www.visitvarmland.com\/corporate\/wp-content\/uploads\/sites\/20\/2025\/02\/Jenny.jpg\" alt=\"\" style=\"width:165px\"\/><\/a><\/figure><\/div>\n\n\n<p class=\"has-text-align-center\"><strong>Jenny Nohr\u00e9n<\/strong><br><em>Teamledare, h\u00e5llbarhet, PR och kommunikation<\/em><br>Tel: 054-776 60 04<br><a href=\"mailto:jenny.nohren@visitvarmland.com\" target=\"_blank\" rel=\"noreferrer noopener\">jenny.nohren@visitvarmland.com<\/a><\/p>\n<\/div>\n\n\n\n<div class=\"wp-block-column is-layout-flow wp-block-column-is-layout-flow\"><div class=\"wp-block-image is-resized\">\n<figure class=\"aligncenter size-large\"><img decoding=\"async\" src=\"https:\/\/www.visitvarmland.com\/corporate\/wp-content\/uploads\/sites\/20\/2025\/02\/Frida.jpg\" alt=\"\" style=\"width:165px\"\/><\/figure><\/div>\n\n\n<p class=\"has-text-align-center\"><strong>Frida Jansson H\u00f6gberg<\/strong><br><em>Webbutveckling, webbcontent och kommunikation<\/em><br>Tel: 054-776 60 11<br><a href=\"mailto:frida.jansson.hogberg@visitvarmland.com\" target=\"_blank\" rel=\"noreferrer noopener\">frida.jansson.hogberg@visitvarmland.com<\/a><\/p>\n<\/div>\n<\/div>\n\n\n\n<div class=\"wp-block-columns is-layout-flex wp-container-core-columns-is-layout-9d6595d7 wp-block-columns-is-layout-flex\">\n<div class=\"wp-block-column is-layout-flow wp-block-column-is-layout-flow\"><div class=\"wp-block-image is-resized\">\n<figure class=\"aligncenter size-large\"><img decoding=\"async\" src=\"https:\/\/www.visitvarmland.com\/corporate\/wp-content\/uploads\/sites\/20\/2025\/02\/Ellinor.jpg\" alt=\"Ellinor Andersson\" style=\"width:165px\"\/><\/figure><\/div>\n\n\n<p class=\"has-text-align-center\"><strong>Ellinor Andersson<\/strong><br><em>Sociala medier, content, kampanjer och kommunikation<\/em><br>Tel: 054-776 60 08<br><a href=\"mailto:ellinor.andersson@visitvarmland.com\" data-type=\"mailto\" data-id=\"mailto:ellinor.andersson@visitvarmland.com\" target=\"_blank\" rel=\"noreferrer noopener\">ellinor.andersson@visitvarmland.com<\/a><\/p>\n<\/div>\n\n\n\n<div class=\"wp-block-column is-layout-flow wp-block-column-is-layout-flow\"><div class=\"wp-block-image is-resized\">\n<figure class=\"aligncenter size-large\"><img decoding=\"async\" src=\"https:\/\/www.visitvarmland.com\/corporate\/wp-content\/uploads\/sites\/20\/2025\/02\/Sanna.jpg\" alt=\"Sanna Kvicklund\" style=\"width:165px\"\/><\/figure><\/div>\n\n\n<p class=\"has-text-align-center\"><strong>Sanna Kvicklund<\/strong><br><em>Kampanjer, webbcontent och kommunikation<\/em><br>Tel: 054-776 60 13<br><a href=\"mailto:sanna.kvicklund@visitvarmland.com\" data-type=\"mailto\" data-id=\"mailto:sanna.kvicklund@visitvarmland.com\" target=\"_blank\" rel=\"noreferrer noopener\">sanna.kvicklund@visitvarmland.com<\/a><\/p>\n<\/div>\n<\/div>\n\n\n\n<hr class=\"wp-block-separator has-alpha-channel-opacity\"\/>\n<\/div>\n<\/div>\n\n\n\n<p><\/p>\n\n\n\n<h2 class=\"wp-block-heading\">Turistbyr\u00e5er i V\u00e4rmland<\/h2>\n\n\n\n<p>Letar du efter turistinformation om n\u00e5gon specifik kommun eller vill du bes\u00f6ka n\u00e5gon av turistbyr\u00e5rerna i V\u00e4rmland?&nbsp;<a href=\"https:\/\/www.visitvarmland.com\/turistbyraer-i-varmland\/\">H\u00e4r hittar du en kontaktlista.<\/a><\/p>\n","protected":false},"excerpt":{"rendered":"<p>Kontakta Visit V\u00e4rmland V\u00e4lkommen att kontakta oss p\u00e5 Visit V\u00e4rmland. Telefon: 054-776 60 00E-mail:&nbsp;info@visitvarmland.com Mia LandinVdTel: 054-776 60 01mia.landin@visitvarmland.com Niclas WikmanLedningsst\u00f6d och processer&nbsp;Tel: 054-776 60 02niclas.wikman@visitvarmland.com Aff\u00e4rsutveckling Andreas NorumTeamledare, projektledare,&nbsp;Nationellt ramverk vandringsturismleder Tel: 054-776 60 06andreas.norum@visitvarmland.com Cajsa JanssonProjekt- och processkoordinatorTel: 054-776 60 03cajsa.jansson@visitvarmland.com Jessica CarlssonSenior aff\u00e4rsutvecklareTel: 054 776 60 05jessica.karlsson@visitvarmland.com Pernilla BredbergAff\u00e4rsutvecklareTel: 054-776 60 12pernilla.bredberg@visitvarmland.com [&hellip;]<\/p>\n","protected":false},"author":379,"featured_media":1276,"parent":5923,"menu_order":0,"comment_status":"closed","ping_status":"closed","template":"","meta":{"_acf_changed":false,"footnotes":""},"class_list":["post-1039","page","type-page","status-publish","has-post-thumbnail","hentry"],"acf":[],"lang":"sv","translations":{"sv":1039},"pll_sync_post":[],"_links":{"self":[{"href":"https:\/\/www.visitvarmland.com\/corporate\/wp-json\/wp\/v2\/pages\/1039","targetHints":{"allow":["GET"]}}],"collection":[{"href":"https:\/\/www.visitvarmland.com\/corporate\/wp-json\/wp\/v2\/pages"}],"about":[{"href":"https:\/\/www.visitvarmland.com\/corporate\/wp-json\/wp\/v2\/types\/page"}],"author":[{"embeddable":true,"href":"https:\/\/www.visitvarmland.com\/corporate\/wp-json\/wp\/v2\/users\/379"}],"replies":[{"embeddable":true,"href":"https:\/\/www.visitvarmland.com\/corporate\/wp-json\/wp\/v2\/comments?post=1039"}],"version-history":[{"count":90,"href":"https:\/\/www.visitvarmland.com\/corporate\/wp-json\/wp\/v2\/pages\/1039\/revisions"}],"predecessor-version":[{"id":6617,"href":"https:\/\/www.visitvarmland.com\/corporate\/wp-json\/wp\/v2\/pages\/1039\/revisions\/6617"}],"up":[{"embeddable":true,"href":"https:\/\/www.visitvarmland.com\/corporate\/wp-json\/wp\/v2\/pages\/5923"}],"wp:featuredmedia":[{"embeddable":true,"href":"https:\/\/www.visitvarmland.com\/corporate\/wp-json\/wp\/v2\/media\/1276"}],"wp:attachment":[{"href":"https:\/\/www.visitvarmland.com\/corporate\/wp-json\/wp\/v2\/media?parent=1039"}],"curies":[{"name":"wp","href":"https:\/\/api.w.org\/{rel}","templated":true}]}}