{"id":1081,"date":"2021-12-08T11:17:25","date_gmt":"2021-12-08T10:17:25","guid":{"rendered":"https:\/\/www.visitvarmland.com\/visitvarmland-org\/?page_id=1081"},"modified":"2025-05-08T16:47:38","modified_gmt":"2025-05-08T14:47:38","slug":"arsrapporter","status":"publish","type":"page","link":"https:\/\/www.visitvarmland.com\/corporate\/om-visit-varmland\/foreningen-visit-varmland\/arsrapporter\/","title":{"rendered":"\u00c5rsrapporter"},"content":{"rendered":"\n<p>H\u00e4r hittar du Visit V\u00e4rmlands \u00e5rsrapporter.<\/p>\n\n\n\n<div class=\"wp-block-atheme-component-action-button atheme-wrapper--action-button-single\"><a href=\"https:\/\/www.visitvarmland.com\/corporate\/wp-content\/uploads\/sites\/20\/2025\/05\/Visit-Varmland-Arsrapport-2024.pdf\" target=\"_blank\" class=\"a-action a-action--arrow\" rel=\"noopener\"><span>\u00c5rsrapport 2024<\/span><\/a><\/div>\n\n\n\n<div class=\"wp-block-atheme-component-action-button atheme-wrapper--action-button-single\"><a href=\"https:\/\/www.visitvarmland.com\/corporate\/wp-content\/uploads\/sites\/20\/2024\/07\/ArsRapport-2023.pdf\" target=\"_self\" class=\"a-action a-action--arrow\" rel=\"noopener\"><span>\u00c5rsrapport 2023<\/span><\/a><\/div>\n\n\n\n<div class=\"wp-block-atheme-component-action-button atheme-wrapper--action-button-single\"><a href=\"https:\/\/www.visitvarmland.com\/corporate\/wp-content\/uploads\/sites\/20\/2024\/01\/A\u030arsrapport-2022.pdf\" target=\"_blank\" class=\"a-action a-action--arrow\" rel=\"noopener\"><span>\u00c5rsrapport 2022<\/span><\/a><\/div>\n\n\n\n<div class=\"wp-block-atheme-component-action-button atheme-wrapper--action-button-single\"><a href=\"https:\/\/www.visitvarmland.com\/corporate\/wp-content\/uploads\/sites\/20\/2022\/05\/arsrapport-2021.pdf\" target=\"_blank\" class=\"a-action a-action--arrow\" rel=\"noopener\"><span>\u00c5rsrapport 2021<\/span><\/a><\/div>\n\n\n\n<div class=\"wp-block-atheme-component-action-button atheme-wrapper--action-button-single\"><a href=\"https:\/\/www.visitvarmland.com\/visitvarmland-org\/wp-content\/uploads\/sites\/20\/2021\/12\/arsapport_2020.pdf\" target=\"_blank\" class=\"a-action a-action--arrow\" rel=\"noopener\"><span>\u00c5rsrapport 2020<\/span><\/a><\/div>\n\n\n\n<div class=\"wp-block-atheme-component-action-button atheme-wrapper--action-button-single\"><a href=\"https:\/\/issuu.com\/visitvarmland\/docs\/_rsrapport_2019_visit_v_rmland\" target=\"_blank\" class=\"a-action a-action--arrow\" rel=\"noopener\"><span>\u00c5rsrapport 2019<\/span><\/a><\/div>\n\n\n\n<div class=\"wp-block-atheme-component-action-button atheme-wrapper--action-button-single\"><a href=\"https:\/\/issuu.com\/visitvarmland\/docs\/_rsrapport_2018_visit_v_rmland\" target=\"_blank\" class=\"a-action a-action--arrow\" rel=\"noopener\"><span>\u00c5rskr\u00f6nika 2018<\/span><\/a><\/div>\n\n\n\n<div class=\"wp-block-atheme-component-action-button atheme-wrapper--action-button-single\"><a href=\"https:\/\/issuu.com\/visitvarmland\/docs\/visit_varmland_arskronika_2017\" target=\"_blank\" class=\"a-action a-action--arrow\" rel=\"noopener\"><span>\u00c5rskr\u00f6nika 2017<\/span><\/a><\/div>\n\n\n\n<div class=\"wp-block-atheme-component-action-button atheme-wrapper--action-button-single\"><a href=\"https:\/\/issuu.com\/visitvarmland\/docs\/visit_varmland_arskronika_2016\" target=\"_blank\" class=\"a-action a-action--arrow\" rel=\"noopener\"><span>\u00c5rskr\u00f6nika 2016<\/span><\/a><\/div>\n","protected":false},"excerpt":{"rendered":"<p>H\u00e4r hittar du Visit V\u00e4rmlands \u00e5rsrapporter.<\/p>\n","protected":false},"author":3,"featured_media":1931,"parent":1051,"menu_order":0,"comment_status":"closed","ping_status":"closed","template":"","meta":{"_acf_changed":false,"footnotes":""},"class_list":["post-1081","page","type-page","status-publish","has-post-thumbnail","hentry"],"acf":[],"lang":"sv","translations":{"sv":1081},"pll_sync_post":[],"_links":{"self":[{"href":"https:\/\/www.visitvarmland.com\/corporate\/wp-json\/wp\/v2\/pages\/1081","targetHints":{"allow":["GET"]}}],"collection":[{"href":"https:\/\/www.visitvarmland.com\/corporate\/wp-json\/wp\/v2\/pages"}],"about":[{"href":"https:\/\/www.visitvarmland.com\/corporate\/wp-json\/wp\/v2\/types\/page"}],"author":[{"embeddable":true,"href":"https:\/\/www.visitvarmland.com\/corporate\/wp-json\/wp\/v2\/users\/3"}],"replies":[{"embeddable":true,"href":"https:\/\/www.visitvarmland.com\/corporate\/wp-json\/wp\/v2\/comments?post=1081"}],"version-history":[{"count":13,"href":"https:\/\/www.visitvarmland.com\/corporate\/wp-json\/wp\/v2\/pages\/1081\/revisions"}],"predecessor-version":[{"id":6185,"href":"https:\/\/www.visitvarmland.com\/corporate\/wp-json\/wp\/v2\/pages\/1081\/revisions\/6185"}],"up":[{"embeddable":true,"href":"https:\/\/www.visitvarmland.com\/corporate\/wp-json\/wp\/v2\/pages\/1051"}],"wp:featuredmedia":[{"embeddable":true,"href":"https:\/\/www.visitvarmland.com\/corporate\/wp-json\/wp\/v2\/media\/1931"}],"wp:attachment":[{"href":"https:\/\/www.visitvarmland.com\/corporate\/wp-json\/wp\/v2\/media?parent=1081"}],"curies":[{"name":"wp","href":"https:\/\/api.w.org\/{rel}","templated":true}]}}