{"id":1536,"date":"2022-03-17T10:21:09","date_gmt":"2022-03-17T09:21:09","guid":{"rendered":"https:\/\/www.visitvarmland.com\/corporate\/?page_id=1536"},"modified":"2025-01-27T12:07:11","modified_gmt":"2025-01-27T11:07:11","slug":"hur-skriver-jag-en-alt-text","status":"publish","type":"page","link":"https:\/\/www.visitvarmland.com\/corporate\/marknad-och-kommunikation\/guider-webb-turid\/hur-skriver-jag-en-alt-text\/","title":{"rendered":"Hur skriver jag en Alt-text?"},"content":{"rendered":"\n<h2 class=\"wp-block-heading\">Vad \u00e4r Alt-texten till f\u00f6r?<\/h2>\n\n\n\n<div class=\"wp-block-columns is-layout-flex wp-container-core-columns-is-layout-9d6595d7 wp-block-columns-is-layout-flex\">\n<div class=\"wp-block-column is-layout-flow wp-block-column-is-layout-flow\" style=\"flex-basis:100%\">\n<ul class=\"wp-block-list\"><li>Alt-texten \u00e4r till f\u00f6r att hj\u00e4lpa de som har nedsatt syn och beh\u00f6ver sk\u00e4rml\u00e4sare ocks\u00e5 ska kunna f\u00f6rst\u00e5 webbens bilder och annat grafiskt inneh\u00e5ll. Sk\u00e4rml\u00e4saren l\u00e4ser upp webbens inneh\u00e5ll s\u00e5 att anv\u00e4ndaren ska kunna tillgodog\u00f6ra sig informationen.<\/li><li>Om sidan av n\u00e5gon anledning inte laddar bilderna visas alt-texterna och sidans inneh\u00e5ll g\u00e5r att f\u00f6rst\u00e5 \u00e4nd\u00e5. <\/li><\/ul>\n\n\n\n<ul class=\"wp-block-list\"><li>S\u00f6kmotorer \u00e4r \u00e4n s\u00e5 l\u00e4nge d\u00e5liga p\u00e5 att l\u00e4sa bilder. De anv\u00e4nder alt-texterna f\u00f6r att f\u00f6rst\u00e5 bilderna p\u00e5 sidan och kan d\u00e4rmed indexera dem b\u00e4ttre.<\/li><\/ul>\n<\/div>\n<\/div>\n\n\n\n<h2 class=\"wp-block-heading\">Hur skriver jag en bra Alt-text?<\/h2>\n\n\n\n<p>En alt-text skall s\u00e5 l\u00e5ngt m\u00f6jligt vara ett likv\u00e4rdigt alternativ till bilden. Den skall allts\u00e5 inte i f\u00f6rsta hand beskriva bilden utan fylla samma funktion. Om bilden till exempel \u00e4r en h\u00f6gerpil l\u00e4nkad till n\u00e4sta sida, skall alt-texten vara \u201dN\u00e4sta sida\u201d, inte \u201dPil som pekar \u00e5t h\u00f6ger\u201d.<\/p>\n\n\n\n<ul class=\"wp-block-list\"><li>T\u00e4nk dig att du beskriver en webbsidas inneh\u00e5ll&nbsp; f\u00f6r n\u00e5gon \u00f6ver telefon som beh\u00f6ver f\u00f6rst\u00e5 inneh\u00e5llet. Den beskrivning du d\u00e5 ger av en bild, om du ens ger n\u00e5gon beskrivning,&nbsp; \u00e4r en bra startpunkt f\u00f6r att formulera alt-texten. <\/li><\/ul>\n\n\n\n<h2 class=\"wp-block-heading\"><strong>Alt-texter f\u00f6r s\u00f6kmotoroptimering<\/strong><\/h2>\n\n\n\n<p>F\u00f6r s\u00f6kmotoroptimering kan alt-texter ocks\u00e5 vara viktiga. \u00c4ven om ditt st\u00f6rsta fokus ska vara p\u00e5 tillg\u00e4nglighet, \u00e4r det viktigt att komma ih\u00e5g att Google ocks\u00e5 ser och l\u00e4ser dina alt-texter.<\/p>\n\n\n\n<p>Kom d\u00e4rf\u00f6r ih\u00e5g att ha med nyckelordet p\u00e5 sidan i alt-texten om det passar. Texten ska fortfarande k\u00e4nnas bra f\u00f6r en som inte ser bilden. I huvudtexten anv\u00e4nder du ditt nyckelord ibland f\u00f6r att skapa ett tydligt \u00e4mne f\u00f6r sidan. Samma sak kan du g\u00f6ra i alt-texterna. L\u00e5t det bara inte g\u00e5 till \u00f6verdrift som i det d\u00e5liga exemplet ovan.<\/p>\n\n\n\n<p>S\u00e5 h\u00e4r skriver du en bra alt-text \u2013 5 regler<\/p>\n\n\n\n<p>\u2022 Beskriv bilden noggrant och specifikt.<\/p>\n\n\n\n<p>\u2022 H\u00e5ll texten relativt kort. Sikta p\u00e5 maximalt 125 tecken.<\/p>\n\n\n\n<p>\u2022 Anv\u00e4nd dina nyckelord p\u00e5 sidan \u00e4ven i alt-texten. Det skapar sammanhang f\u00f6r b\u00e5de bes\u00f6kare och s\u00f6kmotorer.<\/p>\n\n\n\n<p>\u2022 Fokusera fr\u00e4mst p\u00e5 de som inte kan se bilden.<\/p>\n\n\n\n<p>\u2022 Skriv aldrig \u201dbild p\u00e5\u201d i din alt-text. Alla vet att det \u00e4r en alternativ text ist\u00e4llet f\u00f6r en bild. Det beh\u00f6ver du inte skriva.<\/p>\n\n\n\n<h2 class=\"wp-block-heading\"><strong>Vad \u00e4r det f\u00f6r skillnad p\u00e5 en bildbeskrivning och en alt-text?<\/strong><\/h2>\n\n\n\n<p>\u2022 Alt-texten \u00e4r bara \u00e5tkomlig f\u00f6r den som anv\u00e4nder sk\u00e4rml\u00e4sare. En bildbeskrivning \u00e4r synlig f\u00f6r alla. Du skriver bildbeskrivningen som ren text sist i ditt inl\u00e4gg. Inled texten med ordet Bildbeskrivning eller Syntolkning.<\/p>\n\n\n\n<p>\u2022 En alt-text ska inte vara s\u00e5 l\u00e5ng. H\u00e5ll dig under 120 tecken. En bildbeskrivning har inte n\u00e5gon maxl\u00e4ngd. Om det \u00e4r en l\u00e5ng text \u00e4r det bra att anv\u00e4nda radbrytningar och stycken f\u00f6r att den ska blir l\u00e4ttare att l\u00e4sa.<\/p>\n\n\n\n<p>\u2022 En bildbeskrivning kan vara till nytta \u00e4ven f\u00f6r den som kan se, men som kan beh\u00f6va lite hj\u00e4lp f\u00f6r att tolka din bild.<\/p>\n","protected":false},"excerpt":{"rendered":"<p>Vad \u00e4r Alt-texten till f\u00f6r? Alt-texten \u00e4r till f\u00f6r att hj\u00e4lpa de som har nedsatt syn och beh\u00f6ver sk\u00e4rml\u00e4sare ocks\u00e5 ska kunna f\u00f6rst\u00e5 webbens bilder och annat grafiskt inneh\u00e5ll. Sk\u00e4rml\u00e4saren l\u00e4ser upp webbens inneh\u00e5ll s\u00e5 att anv\u00e4ndaren ska kunna tillgodog\u00f6ra sig informationen. Om sidan av n\u00e5gon anledning inte laddar bilderna visas alt-texterna och sidans inneh\u00e5ll [&hellip;]<\/p>\n","protected":false},"author":3,"featured_media":0,"parent":1506,"menu_order":0,"comment_status":"closed","ping_status":"closed","template":"","meta":{"_acf_changed":false,"footnotes":""},"class_list":["post-1536","page","type-page","status-publish","hentry"],"acf":[],"lang":"sv","translations":{"sv":1536},"pll_sync_post":[],"_links":{"self":[{"href":"https:\/\/www.visitvarmland.com\/corporate\/wp-json\/wp\/v2\/pages\/1536","targetHints":{"allow":["GET"]}}],"collection":[{"href":"https:\/\/www.visitvarmland.com\/corporate\/wp-json\/wp\/v2\/pages"}],"about":[{"href":"https:\/\/www.visitvarmland.com\/corporate\/wp-json\/wp\/v2\/types\/page"}],"author":[{"embeddable":true,"href":"https:\/\/www.visitvarmland.com\/corporate\/wp-json\/wp\/v2\/users\/3"}],"replies":[{"embeddable":true,"href":"https:\/\/www.visitvarmland.com\/corporate\/wp-json\/wp\/v2\/comments?post=1536"}],"version-history":[{"count":3,"href":"https:\/\/www.visitvarmland.com\/corporate\/wp-json\/wp\/v2\/pages\/1536\/revisions"}],"predecessor-version":[{"id":1722,"href":"https:\/\/www.visitvarmland.com\/corporate\/wp-json\/wp\/v2\/pages\/1536\/revisions\/1722"}],"up":[{"embeddable":true,"href":"https:\/\/www.visitvarmland.com\/corporate\/wp-json\/wp\/v2\/pages\/1506"}],"wp:attachment":[{"href":"https:\/\/www.visitvarmland.com\/corporate\/wp-json\/wp\/v2\/media?parent=1536"}],"curies":[{"name":"wp","href":"https:\/\/api.w.org\/{rel}","templated":true}]}}