{"id":4168,"date":"2023-11-30T08:14:20","date_gmt":"2023-11-30T07:14:20","guid":{"rendered":"https:\/\/www.visitvarmland.com\/corporate\/?page_id=4168"},"modified":"2025-11-28T11:56:53","modified_gmt":"2025-11-28T10:56:53","slug":"praktisera-hos-visit-varmland","status":"publish","type":"page","link":"https:\/\/www.visitvarmland.com\/corporate\/om-visit-varmland\/praktisera-hos-visit-varmland\/","title":{"rendered":"Praktik hos Visit V\u00e4rmland"},"content":{"rendered":"\n<p><strong>V\u00e4lkommen att g\u00f6ra din praktik hos oss p\u00e5 Visit V\u00e4rmland. Vi tar g\u00e4rna emot studenter som \u00e4r intresserade av bes\u00f6ksn\u00e4ring, platsutveckling, kommunikation och attraktion \u2013 och som brinner f\u00f6r V\u00e4rmland f\u00f6rst\u00e5s. <\/strong><\/p>\n\n\n\n<p>Vi har m\u00f6jlighet att ta emot en praktikant \u00e5t g\u00e5ngen p\u00e5 respektive avdelning f\u00f6r aff\u00e4rsutveckling samt kommunikation och marknad. Praktiken sker huvudsakligen p\u00e5 v\u00e5rt kontor i Karlstad.<\/p>\n\n\n\n<h2 class=\"wp-block-heading\">Om Visit V\u00e4rmland<\/h2>\n\n\n\n<p>Visit V\u00e4rmland arbetar f\u00f6r bes\u00f6ksn\u00e4ringen i V\u00e4rmland. V\u00e5rt m\u00e5l \u00e4r att \u00f6ka v\u00e4rdet p\u00e5 upplevelsen av V\u00e4rmland och v\u00e5r uppgift \u00e4r att hj\u00e4lpa bes\u00f6ksn\u00e4ringen att utvecklas mot en h\u00e5llbar, v\u00e4rdeskapande och attraktiv n\u00e4ring som skapar f\u00f6ruts\u00e4ttningar f\u00f6r alla som lever, verkar, bor och bes\u00f6ker V\u00e4rmland.<\/p>\n\n\n\n<h2 class=\"wp-block-heading\">Praktik p\u00e5 kommunikationsavdelningen<\/h2>\n\n\n\n<p><mark style=\"background-color:rgba(0, 0, 0, 0);color:#ff0000\" class=\"has-inline-color\">Vi har redan tillsatt platsen f\u00f6r v\u00e5ren 2026, men tar emot ans\u00f6kningar f\u00f6r h\u00f6sten 2026.<\/mark><\/p>\n\n\n\n<h3 class=\"wp-block-heading\">Kommunikation<\/h3>\n\n\n\n<p>Vi p\u00e5 Visit V\u00e4rmland s\u00f6ker en praktikant till v\u00e5r kommunikations- och marknadsavdelning.&nbsp;Vi s\u00f6ker dig som studerar medie och kommunikationsvetenskap och \u00e4r nyfiken, tar egna initiativ, arbetar sj\u00e4lvst\u00e4ndigt och som har ett driv.&nbsp; F\u00f6r att s\u00f6ka b\u00f6r du ha m\u00f6jlighet att praktisera i minst tio veckor eller mer. Arbetsuppgifterna \u00e4r blandade och g\u00e5r delvis att styra efter \u00f6nskem\u00e5l.<\/p>\n\n\n\n<p>N\u00e5gra av v\u00e5ra arbetsuppgifter p\u00e5 marknadsavdelningen \u00e4r:<\/p>\n\n\n\n<ul class=\"wp-block-list\">\n<li>Arbete med marknadsf\u00f6ringskampanjer internationellt och nationellt<\/li>\n\n\n\n<li>PR i form av influencerresor och pressresor<\/li>\n\n\n\n<li>Publicering i v\u00e5ra sociala medier-kanaler<\/li>\n\n\n\n<li>Produktion av material till webb<\/li>\n\n\n\n<li>Copywriting<\/li>\n\n\n\n<li>Viss produktion av video och grafisk design<\/li>\n\n\n\n<li>Pressmeddelanden<\/li>\n\n\n\n<li>Kommunikationsst\u00f6d<\/li>\n<\/ul>\n\n\n\n<p><\/p>\n\n\n\n<h3 class=\"wp-block-heading\">Digital analys<\/h3>\n\n\n\n<p>Vi tar \u00e4ven emot praktikanter som studerar digital analys med kunskaper inom SEO, AI, och sociala medier. Vi erbjuder m\u00f6jlighet att arbeta med analys och utveckling av v\u00e5r webbplats visitvarmland.com inom SEO och anv\u00e4ndarfl\u00f6den.<\/p>\n\n\n\n<p><\/p>\n\n\n\n<h2 class=\"wp-block-heading\"><strong>Praktik inom aff\u00e4rsutveckling<\/strong><\/h2>\n\n\n\n<p>Vill du vara med och utveckla bes\u00f6ksn\u00e4ringen i V\u00e4rmland? Vi p\u00e5 Visit V\u00e4rmland erbjuder praktikplats p\u00e5 v\u00e5r aff\u00e4rsutvecklingsavdelning! Vi letar efter dig som \u00e4r nyfiken, initiativrik, sj\u00e4lvg\u00e5ende och har ett starkt driv. Praktiken b\u00f6r vara minst tio veckor och kan delvis anpassas efter dina intressen och m\u00e5l.<\/p>\n\n\n\n<p>Hos oss f\u00e5r du bland annat arbeta med:<\/p>\n\n\n\n<ul class=\"wp-block-list\">\n<li>Aff\u00e4rsutveckling och internationalisering<\/li>\n\n\n\n<li>Samverkan med f\u00f6retag och organisationer i regionen<\/li>\n\n\n\n<li>H\u00e5llbarhet och digitalisering<\/li>\n\n\n\n<li>Event och n\u00e4tverkstr\u00e4ffar med bes\u00f6ksn\u00e4ringen<\/li>\n\n\n\n<li>F\u00f6retagsbes\u00f6k<\/li>\n\n\n\n<li>Delta i den dagliga verksamheter<\/li>\n\n\n\n<li>F\u00f6rst\u00e5else f\u00f6r projekt i olika faser<\/li>\n\n\n\n<li>Strategidokument<\/li>\n<\/ul>\n\n\n\n<p><\/p>\n\n\n\n<h2 class=\"wp-block-heading\">Kontakta oss<\/h2>\n\n\n\n<p>Om du \u00e4r intresserad av att g\u00f6ra din praktik hos oss skicka ett mejl d\u00e4r du ber\u00e4ttar om dig sj\u00e4lv, vad du studerar, hur l\u00e5ng din praktik \u00e4r och vad du \u00e4r intresserad av att g\u00f6ra under din praktik. Du kan givetvis kontakta oss om du har fr\u00e5gor om att praktisera h\u00e4r.<\/p>\n\n\n\n<p>Kontakt: Niclas Wikman,&nbsp;<a href=\"mailto:niclas.wikman@visitvarmland.com\" target=\"_blank\" rel=\"noreferrer noopener\">niclas.wikman@visitvarmland.com<\/a>,&nbsp;054-776 60 02.<\/p>\n","protected":false},"excerpt":{"rendered":"<p>V\u00e4lkommen att g\u00f6ra din praktik hos oss p\u00e5 Visit V\u00e4rmland. Vi tar g\u00e4rna emot studenter som \u00e4r intresserade av bes\u00f6ksn\u00e4ring, platsutveckling, kommunikation och attraktion \u2013 och som brinner f\u00f6r V\u00e4rmland f\u00f6rst\u00e5s. Vi har m\u00f6jlighet att ta emot en praktikant \u00e5t g\u00e5ngen p\u00e5 respektive avdelning f\u00f6r aff\u00e4rsutveckling samt kommunikation och marknad. Praktiken sker huvudsakligen p\u00e5 v\u00e5rt [&hellip;]<\/p>\n","protected":false},"author":383,"featured_media":5004,"parent":5923,"menu_order":0,"comment_status":"closed","ping_status":"closed","template":"","meta":{"_acf_changed":false,"footnotes":""},"class_list":["post-4168","page","type-page","status-publish","has-post-thumbnail","hentry"],"acf":[],"lang":"sv","translations":{"sv":4168},"pll_sync_post":[],"_links":{"self":[{"href":"https:\/\/www.visitvarmland.com\/corporate\/wp-json\/wp\/v2\/pages\/4168","targetHints":{"allow":["GET"]}}],"collection":[{"href":"https:\/\/www.visitvarmland.com\/corporate\/wp-json\/wp\/v2\/pages"}],"about":[{"href":"https:\/\/www.visitvarmland.com\/corporate\/wp-json\/wp\/v2\/types\/page"}],"author":[{"embeddable":true,"href":"https:\/\/www.visitvarmland.com\/corporate\/wp-json\/wp\/v2\/users\/383"}],"replies":[{"embeddable":true,"href":"https:\/\/www.visitvarmland.com\/corporate\/wp-json\/wp\/v2\/comments?post=4168"}],"version-history":[{"count":10,"href":"https:\/\/www.visitvarmland.com\/corporate\/wp-json\/wp\/v2\/pages\/4168\/revisions"}],"predecessor-version":[{"id":6866,"href":"https:\/\/www.visitvarmland.com\/corporate\/wp-json\/wp\/v2\/pages\/4168\/revisions\/6866"}],"up":[{"embeddable":true,"href":"https:\/\/www.visitvarmland.com\/corporate\/wp-json\/wp\/v2\/pages\/5923"}],"wp:featuredmedia":[{"embeddable":true,"href":"https:\/\/www.visitvarmland.com\/corporate\/wp-json\/wp\/v2\/media\/5004"}],"wp:attachment":[{"href":"https:\/\/www.visitvarmland.com\/corporate\/wp-json\/wp\/v2\/media?parent=4168"}],"curies":[{"name":"wp","href":"https:\/\/api.w.org\/{rel}","templated":true}]}}