{"id":4423,"date":"2024-03-12T17:04:52","date_gmt":"2024-03-12T16:04:52","guid":{"rendered":"https:\/\/www.visitvarmland.com\/corporate\/?page_id=4423"},"modified":"2025-10-06T13:38:10","modified_gmt":"2025-10-06T11:38:10","slug":"prenumerera-pa-vart-nyhetsbrev","status":"publish","type":"page","link":"https:\/\/www.visitvarmland.com\/corporate\/vart-erbjudande\/prenumerera-pa-vart-nyhetsbrev\/","title":{"rendered":"Prenumerera p\u00e5 v\u00e5rt nyhetsbrev"},"content":{"rendered":"\n<p><\/p>\n\n\n\n<form id=\"form-b370fff5-e264-4749-8b8d-9a52f4bc362f\" action=\"https:\/\/ui.ungpd.com\/Api\/Subscriptions\/e95de8d4-c0d0-4ceb-9a6b-49de4fff700f\" method=\"post\"><input name=\"SubscriptionConfirmedUrl\" type=\"hidden\" value=\"https:\/\/www.visitvarmland.com\/corporate\/vart-erbjudande\/prenumerera-pa-vart-nyhetsbrev\/prenumerera-succe\/\"><input name=\"SubscriptionFailedUrl\" type=\"hidden\" value=\"https:\/\/visitvarmlanhttps:\/\/www.visitvarmland.com\/corporate\/vart-erbjudande\/prenumerera-pa-vart-nyhetsbrev\/prenumerera-error\/d.com\/corporate\/vart-erbjudande\/prenumerera-pa-vart-nyhetsbrev\/prenumerera-error\/\"><input name=\"DoubleOptIn[Issue][IssueId]\" type=\"hidden\" value=\"67b809b2-0659-40d4-8b96-22c8fe0d2783\"><input name=\"DoubleOptIn[EmailSentUrl]\" type=\"hidden\" value=\"https:\/\/www.visitvarmland.com\/corporate\/vart-erbjudande\/prenumerera-pa-vart-nyhetsbrev\/prenumerera-bekrafta-mejl\/\"><input name=\"ConfirmationIssue[IssueId]\" type=\"hidden\" value=\"ebb3a4e6-19d2-41ce-9c1a-e810e963c77e\"><input name=\"DefaultCountryCode\" type=\"hidden\" value=\"+46\"><input id=\"listId-2e58631f-266c-4c6f-982d-98fcb14de1f5\" name=\"ListIds\" type=\"hidden\" value=\"2e58631f-266c-4c6f-982d-98fcb14de1f5\">\n<h3>Prenumerera p\u00e5 V\u00e4rldens b\u00e4sta V\u00e4rmland!<\/h3>\n<p>Kom in i v\u00e4rmen!<br>Fyll i f\u00e4lten nedan och prenumerera p\u00e5 v\u00e5rt nyhetsbrev V\u00e4rldens b\u00e4sta V\u00e4rmland. <br>Nyhetsbrevet kommer tio g\u00e5nger om \u00e5ret med uppdateringar som r\u00f6r den v\u00e4rml\u00e4ndska bes\u00f6ksn\u00e4ringen, Visit V\u00e4rmland och med tips f\u00f6r dig som \u00e4r f\u00f6retagare.<\/p>\n<p><label for=\"Contact[Name]\">Namn: <\/label><input id=\"Contact[Name]\" name=\"Contact[Name]\" type=\"text\" placeholder=\"Ange ditt namn\"><br><label for=\"Contact[Email]\">E-post: *<\/label><input id=\"Contact[Email]\" name=\"Contact[Email]\" required=\"\" type=\"email\" placeholder=\"Ange din e-post\"><br><label for=\"consentText\"><input id=\"consentText\" name=\"ConsentText\" required=\"\" type=\"checkbox\" value=\"Dina uppgifter kommer inte att delas med tredje part och hanteras i enlighet med GDPR.\">Dina uppgifter kommer inte att delas med tredje part och hanteras i enlighet med GDPR.<\/label><br><button type=\"submit\">Prenumerera<\/button><\/p>\n<\/form>\n","protected":false},"excerpt":{"rendered":"<p>Prenumerera p\u00e5 V\u00e4rldens b\u00e4sta V\u00e4rmland! Kom in i v\u00e4rmen!Fyll i f\u00e4lten nedan och prenumerera p\u00e5 v\u00e5rt nyhetsbrev V\u00e4rldens b\u00e4sta V\u00e4rmland. Nyhetsbrevet kommer tio g\u00e5nger om \u00e5ret med uppdateringar som r\u00f6r den v\u00e4rml\u00e4ndska bes\u00f6ksn\u00e4ringen, Visit V\u00e4rmland och med tips f\u00f6r dig som \u00e4r f\u00f6retagare. Namn: E-post: *Dina uppgifter kommer inte att delas med tredje part och [&hellip;]<\/p>\n","protected":false},"author":383,"featured_media":0,"parent":5499,"menu_order":0,"comment_status":"closed","ping_status":"closed","template":"","meta":{"_acf_changed":false,"footnotes":""},"class_list":["post-4423","page","type-page","status-publish","hentry"],"acf":[],"lang":"sv","translations":{"sv":4423},"pll_sync_post":[],"_links":{"self":[{"href":"https:\/\/www.visitvarmland.com\/corporate\/wp-json\/wp\/v2\/pages\/4423","targetHints":{"allow":["GET"]}}],"collection":[{"href":"https:\/\/www.visitvarmland.com\/corporate\/wp-json\/wp\/v2\/pages"}],"about":[{"href":"https:\/\/www.visitvarmland.com\/corporate\/wp-json\/wp\/v2\/types\/page"}],"author":[{"embeddable":true,"href":"https:\/\/www.visitvarmland.com\/corporate\/wp-json\/wp\/v2\/users\/383"}],"replies":[{"embeddable":true,"href":"https:\/\/www.visitvarmland.com\/corporate\/wp-json\/wp\/v2\/comments?post=4423"}],"version-history":[{"count":6,"href":"https:\/\/www.visitvarmland.com\/corporate\/wp-json\/wp\/v2\/pages\/4423\/revisions"}],"predecessor-version":[{"id":6658,"href":"https:\/\/www.visitvarmland.com\/corporate\/wp-json\/wp\/v2\/pages\/4423\/revisions\/6658"}],"up":[{"embeddable":true,"href":"https:\/\/www.visitvarmland.com\/corporate\/wp-json\/wp\/v2\/pages\/5499"}],"wp:attachment":[{"href":"https:\/\/www.visitvarmland.com\/corporate\/wp-json\/wp\/v2\/media?parent=4423"}],"curies":[{"name":"wp","href":"https:\/\/api.w.org\/{rel}","templated":true}]}}