{"id":4957,"date":"2025-04-15T11:08:46","date_gmt":"2025-04-15T09:08:46","guid":{"rendered":"https:\/\/www.visitvarmland.com\/corporate\/?page_id=4957"},"modified":"2025-06-12T17:44:39","modified_gmt":"2025-06-12T15:44:39","slug":"marknad-och-kommunikation","status":"publish","type":"page","link":"https:\/\/www.visitvarmland.com\/corporate\/marknad-och-kommunikation\/","title":{"rendered":"Marknad och kommunikation"},"content":{"rendered":"\n<p>Genom strategisk marknadsf\u00f6ring, redaktionellt inneh\u00e5ll, kampanjer, samarbeten och guidning vill vi hj\u00e4lpa bes\u00f6ksn\u00e4ringens akt\u00f6rer att n\u00e5 ut med sina erbjudanden till b\u00e5de svenska och internationella m\u00e5lgrupper.<\/p>\n\n\n\n<p>H\u00e4r hittar du samlad information om vad vi g\u00f6r och hur du kan ta del av v\u00e5rt arbete \u2013 oavsett om du beh\u00f6ver hj\u00e4lp med presskontakter, vill anv\u00e4nda v\u00e5rt varum\u00e4rke, beh\u00f6ver guider f\u00f6r att synas p\u00e5 visitvarmland.com eller vill samverka i en kampanj.<\/p>\n\n\n\n<p>Vi \u00e4r ocks\u00e5 ansvariga f\u00f6r inneh\u00e5ll och utveckling av webbplatsen <a class=\"\" href=\"https:\/\/www.visitvarmland.com\">visitvarmland.com<\/a>, som \u00e4r v\u00e5r viktigaste digitala kanal ut mot bes\u00f6kare, samt v\u00e5r databas Turid som samlar information om tusentals bes\u00f6ksm\u00e5l och evenemang i hela V\u00e4rmland.<\/p>\n\n\n\n<div class=\"wp-block-columns is-layout-flex wp-container-core-columns-is-layout-9d6595d7 wp-block-columns-is-layout-flex\">\n<div class=\"wp-block-column is-layout-flow wp-block-column-is-layout-flow\">\n<figure class=\"wp-block-image size-large\"><img loading=\"lazy\" decoding=\"async\" width=\"1024\" height=\"683\" src=\"https:\/\/www.visitvarmland.com\/corporate\/wp-content\/uploads\/sites\/20\/2025\/01\/5-low-1024x683.jpg\" alt=\"Kvinna som tittar ut \u00f6ver dimmig skog\" class=\"wp-image-4947\" srcset=\"https:\/\/www.visitvarmland.com\/app\/uploads\/sites\/20\/2025\/01\/5-low-1024x683.jpg 1024w, https:\/\/www.visitvarmland.com\/app\/uploads\/sites\/20\/2025\/01\/5-low-300x200.jpg 300w, https:\/\/www.visitvarmland.com\/app\/uploads\/sites\/20\/2025\/01\/5-low-768x512.jpg 768w, https:\/\/www.visitvarmland.com\/app\/uploads\/sites\/20\/2025\/01\/5-low-1536x1024.jpg 1536w, https:\/\/www.visitvarmland.com\/app\/uploads\/sites\/20\/2025\/01\/5-low-2048x1366.jpg 2048w, https:\/\/www.visitvarmland.com\/app\/uploads\/sites\/20\/2025\/01\/5-low-150x100.jpg 150w, https:\/\/www.visitvarmland.com\/app\/uploads\/sites\/20\/2025\/01\/5-low-600x400.jpg 600w, https:\/\/www.visitvarmland.com\/app\/uploads\/sites\/20\/2025\/01\/5-low-1200x800.jpg 1200w\" sizes=\"auto, (max-width: 1024px) 100vw, 1024px\" \/><\/figure>\n\n\n\n<p><\/p>\n\n\n\n<h2 class=\"wp-block-heading\">Marknadsplan<\/h2>\n\n\n\n<p>H\u00e4r kan du l\u00e4sa mer om v\u00e5r planerade marknadsf\u00f6ring och tidigare aktiviter.<\/p>\n\n\n\n<div class=\"wp-block-atheme-component-action-button atheme-wrapper--action-button-single\"><a href=\"https:\/\/www.visitvarmland.com\/corporate\/marknad-och-kommunikation\/vara-marknadsplaner\/\" target=\"_self\" class=\"a-action a-action--arrow\" rel=\"noopener\"><span>V\u00e5ra marknadsplaner<\/span><\/a><\/div>\n<\/div>\n\n\n\n<div class=\"wp-block-column is-layout-flow wp-block-column-is-layout-flow\">\n<figure class=\"wp-block-image size-large\"><img loading=\"lazy\" decoding=\"async\" width=\"1024\" height=\"681\" src=\"https:\/\/www.visitvarmland.com\/corporate\/wp-content\/uploads\/sites\/20\/2025\/04\/mindre-webb-von-e-1024x681.png\" alt=\"Bord uppdukat med kandelabrar\" class=\"wp-image-5743\" srcset=\"https:\/\/www.visitvarmland.com\/app\/uploads\/sites\/20\/2025\/04\/mindre-webb-von-e-1024x681.png 1024w, https:\/\/www.visitvarmland.com\/app\/uploads\/sites\/20\/2025\/04\/mindre-webb-von-e-300x200.png 300w, https:\/\/www.visitvarmland.com\/app\/uploads\/sites\/20\/2025\/04\/mindre-webb-von-e-768x511.png 768w, https:\/\/www.visitvarmland.com\/app\/uploads\/sites\/20\/2025\/04\/mindre-webb-von-e-150x100.png 150w, https:\/\/www.visitvarmland.com\/app\/uploads\/sites\/20\/2025\/04\/mindre-webb-von-e-600x399.png 600w, https:\/\/www.visitvarmland.com\/app\/uploads\/sites\/20\/2025\/04\/mindre-webb-von-e.png 1300w\" sizes=\"auto, (max-width: 1024px) 100vw, 1024px\" \/><\/figure>\n\n\n\n<p><\/p>\n\n\n\n<h2 class=\"wp-block-heading\">Pressrum<\/h2>\n\n\n\n<p>H\u00e4r kan du l\u00e4sa v\u00e5ra pressmeddelanden om v\u00e5r verksamhet.<\/p>\n\n\n\n<div class=\"wp-block-atheme-component-action-button atheme-wrapper--action-button-single\"><a href=\"https:\/\/press.visitvarmland.com\" target=\"_self\" class=\"a-action a-action--arrow\" rel=\"noopener\"><span>Visit V\u00e4rmlands Pressrum<\/span><\/a><\/div>\n<\/div>\n<\/div>\n\n\n\n<div class=\"wp-block-columns is-layout-flex wp-container-core-columns-is-layout-9d6595d7 wp-block-columns-is-layout-flex\">\n<div class=\"wp-block-column is-layout-flow wp-block-column-is-layout-flow\">\n<figure class=\"wp-block-image size-large\"><img loading=\"lazy\" decoding=\"async\" width=\"1024\" height=\"683\" src=\"https:\/\/www.visitvarmland.com\/corporate\/wp-content\/uploads\/sites\/20\/2021\/10\/Roger-Borgelid-Visit-Varmland-Vandring-MbSkogen-Pernilla-Lia-Stig-01-1024x683.jpg\" alt=\"Vandrare\" class=\"wp-image-1276\" srcset=\"https:\/\/www.visitvarmland.com\/app\/uploads\/sites\/20\/2021\/10\/Roger-Borgelid-Visit-Varmland-Vandring-MbSkogen-Pernilla-Lia-Stig-01-1024x683.jpg 1024w, https:\/\/www.visitvarmland.com\/app\/uploads\/sites\/20\/2021\/10\/Roger-Borgelid-Visit-Varmland-Vandring-MbSkogen-Pernilla-Lia-Stig-01-300x200.jpg 300w, https:\/\/www.visitvarmland.com\/app\/uploads\/sites\/20\/2021\/10\/Roger-Borgelid-Visit-Varmland-Vandring-MbSkogen-Pernilla-Lia-Stig-01-768x512.jpg 768w, https:\/\/www.visitvarmland.com\/app\/uploads\/sites\/20\/2021\/10\/Roger-Borgelid-Visit-Varmland-Vandring-MbSkogen-Pernilla-Lia-Stig-01-1536x1024.jpg 1536w, https:\/\/www.visitvarmland.com\/app\/uploads\/sites\/20\/2021\/10\/Roger-Borgelid-Visit-Varmland-Vandring-MbSkogen-Pernilla-Lia-Stig-01-150x100.jpg 150w, https:\/\/www.visitvarmland.com\/app\/uploads\/sites\/20\/2021\/10\/Roger-Borgelid-Visit-Varmland-Vandring-MbSkogen-Pernilla-Lia-Stig-01-600x400.jpg 600w, https:\/\/www.visitvarmland.com\/app\/uploads\/sites\/20\/2021\/10\/Roger-Borgelid-Visit-Varmland-Vandring-MbSkogen-Pernilla-Lia-Stig-01-1200x800.jpg 1200w, https:\/\/www.visitvarmland.com\/app\/uploads\/sites\/20\/2021\/10\/Roger-Borgelid-Visit-Varmland-Vandring-MbSkogen-Pernilla-Lia-Stig-01.jpg 1920w\" sizes=\"auto, (max-width: 1024px) 100vw, 1024px\" \/><\/figure>\n\n\n\n<p><\/p>\n\n\n\n<h2 class=\"wp-block-heading\">Varum\u00e4rket V\u00e4rmland<\/h2>\n\n\n\n<p>Vi f\u00f6ljer Varum\u00e4rket V\u00e4rmland n\u00e4r det g\u00e4ller grafisk profil. H\u00e4r hittar du \u00e4ven en bildbank med bilder av V\u00e4rmland.<\/p>\n\n\n\n<div class=\"wp-block-atheme-component-action-button atheme-wrapper--action-button-single\"><a href=\"https:\/\/www.varumarketvarmland.se\/\" target=\"_blank\" class=\"a-action a-action--arrow\" rel=\"noopener\"><span>Till Varum\u00e4rket V\u00e4rmland<\/span><\/a><\/div>\n<\/div>\n\n\n\n<div class=\"wp-block-column is-layout-flow wp-block-column-is-layout-flow\">\n<figure class=\"wp-block-image size-large\"><img loading=\"lazy\" decoding=\"async\" width=\"1024\" height=\"683\" src=\"https:\/\/www.visitvarmland.com\/corporate\/wp-content\/uploads\/sites\/20\/2025\/04\/Low-Visit-Va\u2560erm-Rottneros-Park-Solrosor-1024x683.jpg\" alt=\"Solrosor\" class=\"wp-image-5739\" srcset=\"https:\/\/www.visitvarmland.com\/app\/uploads\/sites\/20\/2025\/04\/Low-Visit-Va\u2560erm-Rottneros-Park-Solrosor-1024x683.jpg 1024w, https:\/\/www.visitvarmland.com\/app\/uploads\/sites\/20\/2025\/04\/Low-Visit-Va\u2560erm-Rottneros-Park-Solrosor-300x200.jpg 300w, https:\/\/www.visitvarmland.com\/app\/uploads\/sites\/20\/2025\/04\/Low-Visit-Va\u2560erm-Rottneros-Park-Solrosor-768x512.jpg 768w, https:\/\/www.visitvarmland.com\/app\/uploads\/sites\/20\/2025\/04\/Low-Visit-Va\u2560erm-Rottneros-Park-Solrosor-1536x1025.jpg 1536w, https:\/\/www.visitvarmland.com\/app\/uploads\/sites\/20\/2025\/04\/Low-Visit-Va\u2560erm-Rottneros-Park-Solrosor-2048x1366.jpg 2048w, https:\/\/www.visitvarmland.com\/app\/uploads\/sites\/20\/2025\/04\/Low-Visit-Va\u2560erm-Rottneros-Park-Solrosor-150x100.jpg 150w, https:\/\/www.visitvarmland.com\/app\/uploads\/sites\/20\/2025\/04\/Low-Visit-Va\u2560erm-Rottneros-Park-Solrosor-600x400.jpg 600w, https:\/\/www.visitvarmland.com\/app\/uploads\/sites\/20\/2025\/04\/Low-Visit-Va\u2560erm-Rottneros-Park-Solrosor-1200x800.jpg 1200w\" sizes=\"auto, (max-width: 1024px) 100vw, 1024px\" \/><\/figure>\n\n\n\n<p><\/p>\n\n\n\n<h2 class=\"wp-block-heading\">F\u00f6r redakt\u00f6rer i webb och Turid<\/h2>\n\n\n\n<p>Du som \u00e4r redakt\u00f6r i webb och Turid hittar guider och lathundar med tips f\u00f6r att underl\u00e4tta ditt arbete h\u00e4r.<\/p>\n\n\n\n<div class=\"wp-block-atheme-component-action-button atheme-wrapper--action-button-single\"><a href=\"https:\/\/www.visitvarmland.com\/corporate\/marknad-och-kommunikation\/guider-webb-turid\/\" target=\"_self\" class=\"a-action a-action--arrow\" rel=\"noopener\"><span>Guide f\u00f6r webb och Turid<\/span><\/a><\/div>\n<\/div>\n<\/div>\n\n\n\n<h2 class=\"wp-block-heading\">Andra verktyg<\/h2>\n\n\n\n<h3 class=\"wp-block-heading\">Logotyper<\/h3>\n\n\n\n<details class=\"wp-block-details is-layout-flow wp-block-details-is-layout-flow\"><summary>L\u00e4s mer<\/summary>\n<p><\/p>\n\n\n\n<h4 class=\"wp-block-heading\">Visit V\u00e4rmlands logotyp<\/h4>\n\n\n\n<div class=\"wp-block-file\"><a id=\"wp-block-file--media-7c5b5c7b-8880-449b-a52f-04de9e7d81de\" href=\"https:\/\/www.visitvarmland.com\/corporate\/wp-content\/uploads\/sites\/20\/2022\/01\/visitvarmland.jpg\">Visit V\u00e4rmland logotyp webb<\/a><a href=\"https:\/\/www.visitvarmland.com\/corporate\/wp-content\/uploads\/sites\/20\/2022\/01\/visitvarmland.jpg\" class=\"wp-block-file__button wp-element-button\" aria-describedby=\"wp-block-file--media-7c5b5c7b-8880-449b-a52f-04de9e7d81de\" download>Ladda ner<\/a><\/div>\n\n\n\n<p>Anv\u00e4nds i alla sammanhang d\u00e4r slutprodukten ska l\u00e4sas digitalt p\u00e5 sk\u00e4rm. Exempelvis till webbplatser, banners och Powerpoint-presentationer.<\/p>\n\n\n\n<p><\/p>\n\n\n\n<h4 class=\"wp-block-heading\">Hiking V\u00e4rmland och Biking V\u00e4rmland logotyper <\/h4>\n\n\n\n<div class=\"wp-block-columns is-layout-flex wp-container-core-columns-is-layout-9d6595d7 wp-block-columns-is-layout-flex\">\n<div class=\"wp-block-column is-layout-flow wp-block-column-is-layout-flow\"><div class=\"wp-block-image is-resized\">\n<figure class=\"alignright size-large\"><img loading=\"lazy\" decoding=\"async\" width=\"444\" height=\"207\" src=\"https:\/\/www.visitvarmland.com\/corporate\/wp-content\/uploads\/sites\/20\/2022\/12\/Hiking-Varmland_platta_skarm.jpg\" alt=\"\" class=\"wp-image-2872\" style=\"width:150px\" srcset=\"https:\/\/www.visitvarmland.com\/app\/uploads\/sites\/20\/2022\/12\/Hiking-Varmland_platta_skarm.jpg 444w, https:\/\/www.visitvarmland.com\/app\/uploads\/sites\/20\/2022\/12\/Hiking-Varmland_platta_skarm-300x140.jpg 300w, https:\/\/www.visitvarmland.com\/app\/uploads\/sites\/20\/2022\/12\/Hiking-Varmland_platta_skarm-18x8.jpg 18w, https:\/\/www.visitvarmland.com\/app\/uploads\/sites\/20\/2022\/12\/Hiking-Varmland_platta_skarm-150x70.jpg 150w\" sizes=\"auto, (max-width: 444px) 100vw, 444px\" \/><\/figure><\/div><\/div>\n\n\n\n<div class=\"wp-block-column is-layout-flow wp-block-column-is-layout-flow\"><div class=\"wp-block-image is-resized\">\n<figure class=\"alignleft size-large\"><img loading=\"lazy\" decoding=\"async\" width=\"887\" height=\"414\" src=\"https:\/\/www.visitvarmland.com\/corporate\/wp-content\/uploads\/sites\/20\/2022\/12\/Biking-Varmland_platta_skarm-1.png\" alt=\"\" class=\"wp-image-2873\" style=\"width:150px\" srcset=\"https:\/\/www.visitvarmland.com\/app\/uploads\/sites\/20\/2022\/12\/Biking-Varmland_platta_skarm-1.png 887w, https:\/\/www.visitvarmland.com\/app\/uploads\/sites\/20\/2022\/12\/Biking-Varmland_platta_skarm-1-300x140.png 300w, https:\/\/www.visitvarmland.com\/app\/uploads\/sites\/20\/2022\/12\/Biking-Varmland_platta_skarm-1-768x358.png 768w, https:\/\/www.visitvarmland.com\/app\/uploads\/sites\/20\/2022\/12\/Biking-Varmland_platta_skarm-1-18x8.png 18w, https:\/\/www.visitvarmland.com\/app\/uploads\/sites\/20\/2022\/12\/Biking-Varmland_platta_skarm-1-150x70.png 150w, https:\/\/www.visitvarmland.com\/app\/uploads\/sites\/20\/2022\/12\/Biking-Varmland_platta_skarm-1-600x280.png 600w\" sizes=\"auto, (max-width: 887px) 100vw, 887px\" \/><\/figure><\/div><\/div>\n<\/div>\n\n\n\n<div class=\"wp-block-file\"><a id=\"wp-block-file--media-9e561341-20bf-40aa-a21b-a8869b6e3010\" href=\"https:\/\/www.visitvarmland.com\/corporate\/wp-content\/uploads\/sites\/20\/2022\/12\/Hiking-Varmland_platta_skarm.jpg\">Hiking-V\u00e4rmland_platta_sk\u00e4rm<\/a><a href=\"https:\/\/www.visitvarmland.com\/corporate\/wp-content\/uploads\/sites\/20\/2022\/12\/Hiking-Varmland_platta_skarm.jpg\" class=\"wp-block-file__button wp-element-button\" aria-describedby=\"wp-block-file--media-9e561341-20bf-40aa-a21b-a8869b6e3010\" download>Ladda ner<\/a><\/div>\n\n\n\n<div class=\"wp-block-file\"><a id=\"wp-block-file--media-0919de76-902e-41e6-b0ed-76cdacece212\" href=\"https:\/\/www.visitvarmland.com\/corporate\/wp-content\/uploads\/sites\/20\/2022\/12\/Biking-Varmland_platta_skarm-1.png\">Biking-V\u00e4rmland_platta_sk\u00e4rm<\/a><a href=\"https:\/\/www.visitvarmland.com\/corporate\/wp-content\/uploads\/sites\/20\/2022\/12\/Biking-Varmland_platta_skarm-1.png\" class=\"wp-block-file__button wp-element-button\" aria-describedby=\"wp-block-file--media-0919de76-902e-41e6-b0ed-76cdacece212\" download>Ladda ner<\/a><\/div>\n<\/details>\n\n\n\n<hr class=\"wp-block-separator has-alpha-channel-opacity\"\/>\n\n\n\n<p><\/p>\n\n\n<div class=\"wp-block-image\">\n<figure class=\"aligncenter size-large\"><img loading=\"lazy\" decoding=\"async\" width=\"1024\" height=\"682\" src=\"https:\/\/www.visitvarmland.com\/corporate\/wp-content\/uploads\/sites\/20\/2025\/04\/Utsikt2-low-1024x682.jpg\" alt=\"Utsikt \u00f6ver vattnet och solnedg\u00e5ng\" class=\"wp-image-6016\" srcset=\"https:\/\/www.visitvarmland.com\/app\/uploads\/sites\/20\/2025\/04\/Utsikt2-low-1024x682.jpg 1024w, https:\/\/www.visitvarmland.com\/app\/uploads\/sites\/20\/2025\/04\/Utsikt2-low-300x200.jpg 300w, https:\/\/www.visitvarmland.com\/app\/uploads\/sites\/20\/2025\/04\/Utsikt2-low-768x512.jpg 768w, https:\/\/www.visitvarmland.com\/app\/uploads\/sites\/20\/2025\/04\/Utsikt2-low-1536x1024.jpg 1536w, https:\/\/www.visitvarmland.com\/app\/uploads\/sites\/20\/2025\/04\/Utsikt2-low-2048x1365.jpg 2048w, https:\/\/www.visitvarmland.com\/app\/uploads\/sites\/20\/2025\/04\/Utsikt2-low-150x100.jpg 150w, https:\/\/www.visitvarmland.com\/app\/uploads\/sites\/20\/2025\/04\/Utsikt2-low-600x400.jpg 600w, https:\/\/www.visitvarmland.com\/app\/uploads\/sites\/20\/2025\/04\/Utsikt2-low-1200x800.jpg 1200w\" sizes=\"auto, (max-width: 1024px) 100vw, 1024px\" \/><\/figure><\/div>\n\n\n<p><\/p>\n\n\n\n<h2 class=\"wp-block-heading\">Fr\u00e5gor? Kontakta oss p\u00e5 marknad!<\/h2>\n\n\n\n<p>F\u00f6r att kontakta oss kan du alltid mejla <a href=\"mailto:marknad@visitvarmland.com\">marknad@visitvarmland.com<\/a>.<\/p>\n\n\n\n<p><strong>Jenny Nohr\u00e9n<\/strong><br><strong>Kommunikat\u00f6r,<\/strong> PR, samarbeten och pressresor <br>Tel: 054-776 60 04<br>E-mail:&nbsp;<a href=\"mailto:jenny.nohren@visitvarmland.com\" target=\"_blank\" rel=\"noreferrer noopener\">jenny.nohren@visitvarmland.com<\/a><\/p>\n\n\n\n<p><strong>Frida Jansson H\u00f6gberg<br>Kommunikat\u00f6r, <\/strong>systemf\u00f6rvaltning och webbredakt\u00f6r<br>Tel: 054-776 60 11<br>E-mail:&nbsp;<a href=\"mailto:frida.jansson.hogberg@visitvarmland.com\" data-type=\"mailto\" data-id=\"mailto:frida.jansson.hogberg@visitvarmland.com\" target=\"_blank\" rel=\"noreferrer noopener\">frida.jansson.hogberg@visitvarmland.com<\/a><\/p>\n\n\n\n<p><strong>Ellinor Andersson<br>Kommunikat\u00f6r<\/strong>, content och sociala medier<br>Tel: 054-776 60 08<br>E-mail: <a href=\"mailto:ellinor.andersson@visitvarmland.com\" data-type=\"mailto\" data-id=\"mailto:ellinor.andersson@visitvarmland.com\" target=\"_blank\" rel=\"noreferrer noopener\">ellinor.andersson@visitvarmland.com<\/a> <\/p>\n\n\n\n<p><strong>Sanna Kvicklund<br>Kommunikat\u00f6r<\/strong>, kampanjer och webbredakt\u00f6r<br>Tel: 054-776 60 13<br>E-mail: <a href=\"mailto:ellinor.andersson@visitvarmland.com\" target=\"_blank\" rel=\"noreferrer noopener\">sanna.kvicklund@visitvarmland.com<\/a><\/p>\n","protected":false},"excerpt":{"rendered":"<p>Genom strategisk marknadsf\u00f6ring, redaktionellt inneh\u00e5ll, kampanjer, samarbeten och guidning vill vi hj\u00e4lpa bes\u00f6ksn\u00e4ringens akt\u00f6rer att n\u00e5 ut med sina erbjudanden till b\u00e5de svenska och internationella m\u00e5lgrupper. H\u00e4r hittar du samlad information om vad vi g\u00f6r och hur du kan ta del av v\u00e5rt arbete \u2013 oavsett om du beh\u00f6ver hj\u00e4lp med presskontakter, vill anv\u00e4nda v\u00e5rt [&hellip;]<\/p>\n","protected":false},"author":383,"featured_media":5750,"parent":0,"menu_order":0,"comment_status":"closed","ping_status":"closed","template":"","meta":{"_acf_changed":false,"footnotes":""},"class_list":["post-4957","page","type-page","status-publish","has-post-thumbnail","hentry"],"acf":[],"lang":"sv","translations":{"sv":4957},"pll_sync_post":[],"_links":{"self":[{"href":"https:\/\/www.visitvarmland.com\/corporate\/wp-json\/wp\/v2\/pages\/4957","targetHints":{"allow":["GET"]}}],"collection":[{"href":"https:\/\/www.visitvarmland.com\/corporate\/wp-json\/wp\/v2\/pages"}],"about":[{"href":"https:\/\/www.visitvarmland.com\/corporate\/wp-json\/wp\/v2\/types\/page"}],"author":[{"embeddable":true,"href":"https:\/\/www.visitvarmland.com\/corporate\/wp-json\/wp\/v2\/users\/383"}],"replies":[{"embeddable":true,"href":"https:\/\/www.visitvarmland.com\/corporate\/wp-json\/wp\/v2\/comments?post=4957"}],"version-history":[{"count":29,"href":"https:\/\/www.visitvarmland.com\/corporate\/wp-json\/wp\/v2\/pages\/4957\/revisions"}],"predecessor-version":[{"id":6339,"href":"https:\/\/www.visitvarmland.com\/corporate\/wp-json\/wp\/v2\/pages\/4957\/revisions\/6339"}],"wp:featuredmedia":[{"embeddable":true,"href":"https:\/\/www.visitvarmland.com\/corporate\/wp-json\/wp\/v2\/media\/5750"}],"wp:attachment":[{"href":"https:\/\/www.visitvarmland.com\/corporate\/wp-json\/wp\/v2\/media?parent=4957"}],"curies":[{"name":"wp","href":"https:\/\/api.w.org\/{rel}","templated":true}]}}