{"id":4963,"date":"2025-01-07T11:25:44","date_gmt":"2025-01-07T10:25:44","guid":{"rendered":"https:\/\/www.visitvarmland.com\/corporate\/?page_id=4963"},"modified":"2025-04-22T09:05:17","modified_gmt":"2025-04-22T07:05:17","slug":"affarsutvecklingsstegen-steg-2","status":"publish","type":"page","link":"https:\/\/www.visitvarmland.com\/corporate\/vart-erbjudande\/affarsutvecklingsstegen\/affarsutvecklingsstegen-steg-2\/","title":{"rendered":"Aff\u00e4rsutvecklingsstegen \u2013 Steg 2"},"content":{"rendered":"\n<p><strong>I Aff\u00e4rsutvecklingsstegen<\/strong> \u2013 <strong>Steg 2 definieras \u00e5tta n\u00f6dv\u00e4ndiga punkter f\u00f6r att vara i det andra steget av aff\u00e4rsutvecklingsprocessen. I stegen framg\u00e5r ocks\u00e5 vilka st\u00f6d, verktyg och resurser Visit V\u00e4rmland erbjuder f\u00f6r en organisation som vill g\u00f6ra en f\u00f6rflyttning i sitt marknads- och utvecklingsarbete. F\u00f6r att uppn\u00e5 steg tv\u00e5 erbjuder Visit V\u00e4rmland personlig r\u00e5dgivning, dialog och utbildningstillf\u00e4llen.<\/strong><\/p>\n\n\n\n<h2 class=\"wp-block-heading\">2.1 H\u00e5llbarhet \u2013 one-to-one coachning<\/h2>\n\n\n\n<p>Organisationen ska ha genomf\u00f6rt en coachning inom h\u00e5llbarhet med &#8221;V\u00e4rmlandsv\u00e4gen&#8221; som verktyg. I arbetet ing\u00e5r att identifiera m\u00e5lsatta utvecklingsomr\u00e5den att arbeta vidare med.<\/p>\n\n\n\n<h4 class=\"wp-block-heading\">Erbjudande:<\/h4>\n\n\n\n<p>Visit V\u00e4rmland tillhandah\u00e5ller en coach inom h\u00e5llbarhet som tillsammans med organisationen genomf\u00f6r en genomlysning av verksamheten.<\/p>\n\n\n\n<h2 class=\"wp-block-heading\">2.2 Gemensamt v\u00e4rdskap<\/h2>\n\n\n\n<p>Organisationen f\u00f6rv\u00e4ntas ha mycket god kunskap om V\u00e4rmland och specifika bes\u00f6ksm\u00e5l som intresserar m\u00e5lgruppen. Syftet \u00e4r att kunna f\u00f6rmedla djupare kunskap och tips om V\u00e4rmland, f\u00f6r att inspirera till fler upplevelser.<\/p>\n\n\n\n<h4 class=\"wp-block-heading\">Erbjudande:<\/h4>\n\n\n\n<p>Visit V\u00e4rmland erbjuder coachning med fokus p\u00e5 v\u00e4rdskap. Den officiella v\u00e4rml\u00e4ndska bes\u00f6kssidan, visitvarmland.com, finns som ett verktyg f\u00f6r organisationen, f\u00f6r att l\u00e4ra k\u00e4nna sitt omr\u00e5de och \u00f6ka kunskapen om regionen.<\/p>\n\n\n\n<figure class=\"wp-block-image size-large\"><img loading=\"lazy\" decoding=\"async\" width=\"1024\" height=\"683\" src=\"https:\/\/www.visitvarmland.com\/corporate\/wp-content\/uploads\/sites\/20\/2025\/03\/Julins-backyard-BBQ-1-1024x683.jpeg\" alt=\"\" class=\"wp-image-5245\" style=\"aspect-ratio:4\/3;object-fit:cover\" srcset=\"https:\/\/www.visitvarmland.com\/app\/uploads\/sites\/20\/2025\/03\/Julins-backyard-BBQ-1-1024x683.jpeg 1024w, https:\/\/www.visitvarmland.com\/app\/uploads\/sites\/20\/2025\/03\/Julins-backyard-BBQ-1-300x200.jpeg 300w, https:\/\/www.visitvarmland.com\/app\/uploads\/sites\/20\/2025\/03\/Julins-backyard-BBQ-1-768x512.jpeg 768w, https:\/\/www.visitvarmland.com\/app\/uploads\/sites\/20\/2025\/03\/Julins-backyard-BBQ-1-1536x1025.jpeg 1536w, https:\/\/www.visitvarmland.com\/app\/uploads\/sites\/20\/2025\/03\/Julins-backyard-BBQ-1-150x100.jpeg 150w, https:\/\/www.visitvarmland.com\/app\/uploads\/sites\/20\/2025\/03\/Julins-backyard-BBQ-1-600x400.jpeg 600w, https:\/\/www.visitvarmland.com\/app\/uploads\/sites\/20\/2025\/03\/Julins-backyard-BBQ-1-1200x800.jpeg 1200w, https:\/\/www.visitvarmland.com\/app\/uploads\/sites\/20\/2025\/03\/Julins-backyard-BBQ-1.jpeg 2000w\" sizes=\"auto, (max-width: 1024px) 100vw, 1024px\" \/><\/figure>\n\n\n\n<p><\/p>\n\n\n\n<h2 class=\"wp-block-heading\">2.3 Professionellt mottagande av press-, influencer- och visningsresor<\/h2>\n\n\n\n<p>Organisationen arbetar med att ta emot press, influencers och visningsresor p\u00e5 ett professionellt s\u00e4tt d\u00e4r de erbjuder ett gott v\u00e4rdskap och h\u00f6g service. Organisationen f\u00f6rv\u00e4ntas aktivt f\u00f6rse Visit V\u00e4rmland och andra intressenter med aktuella bilder, information och nyheter.<\/p>\n\n\n\n<h4 class=\"wp-block-heading\">Erbjudande:<\/h4>\n\n\n\n<p>Visit V\u00e4rmland arrangerar visningsresor och erbjuder samarbeten vid press- och influencerbes\u00f6k vilket ger m\u00f6jlighet f\u00f6r organisationen att lyfta fram sina produkter och erbjudanden.<\/p>\n\n\n\n<h2 class=\"wp-block-heading\">2.4 F\u00f6rvalta influencerbes\u00f6k<\/h2>\n\n\n\n<p>Organisationen behandlar bes\u00f6k av influencers som ett marknadsf\u00f6ringstillf\u00e4lle och skapar inneh\u00e5ll kring bes\u00f6ket. Organisationen skapar eget material och delar inl\u00e4gg och stories som de har taggats i p\u00e5 sociala medier samt anv\u00e4nder sig av influencerns varum\u00e4rke som en kvalitetsst\u00e4mpel, till exempel p\u00e5 sin hemsida.<\/p>\n\n\n\n<h4 class=\"wp-block-heading\">Erbjudande:<\/h4>\n\n\n\n<p>Visit V\u00e4rmland erbjuder dialog och coaching om hur organisationen p\u00e5 b\u00e4sta s\u00e4tt kan f\u00f6rvalta press- och influencerbes\u00f6k. <\/p>\n\n\n\n<h4 class=\"wp-block-heading\"><strong>Anv\u00e4ndbara l\u00e4nkar<\/strong>:<\/h4>\n\n\n\n<p>\u2022 <a href=\"https:\/\/www.lalinda.se\/sa%cc%8a-jobbar-du-med-influencer-marketing-2022\/\" data-type=\"link\" data-id=\"https:\/\/www.lalinda.se\/sa%cc%8a-jobbar-du-med-influencer-marketing-2022\/\" target=\"_blank\" rel=\"noreferrer noopener\">S\u00e5 arbetar du med influencermarketing<\/a><\/p>\n\n\n\n<figure class=\"wp-block-image size-large\"><img loading=\"lazy\" decoding=\"async\" width=\"1024\" height=\"719\" src=\"https:\/\/www.visitvarmland.com\/corporate\/wp-content\/uploads\/sites\/20\/2025\/01\/Oyvind-Lund-200612-Klaralvsbanan-37-kopia-1024x719.jpg\" alt=\"\" class=\"wp-image-5005\" style=\"aspect-ratio:4\/3;object-fit:cover\" srcset=\"https:\/\/www.visitvarmland.com\/app\/uploads\/sites\/20\/2025\/01\/Oyvind-Lund-200612-Klaralvsbanan-37-kopia-1024x719.jpg 1024w, https:\/\/www.visitvarmland.com\/app\/uploads\/sites\/20\/2025\/01\/Oyvind-Lund-200612-Klaralvsbanan-37-kopia-300x211.jpg 300w, https:\/\/www.visitvarmland.com\/app\/uploads\/sites\/20\/2025\/01\/Oyvind-Lund-200612-Klaralvsbanan-37-kopia-768x539.jpg 768w, https:\/\/www.visitvarmland.com\/app\/uploads\/sites\/20\/2025\/01\/Oyvind-Lund-200612-Klaralvsbanan-37-kopia-1536x1078.jpg 1536w, https:\/\/www.visitvarmland.com\/app\/uploads\/sites\/20\/2025\/01\/Oyvind-Lund-200612-Klaralvsbanan-37-kopia-2048x1438.jpg 2048w, https:\/\/www.visitvarmland.com\/app\/uploads\/sites\/20\/2025\/01\/Oyvind-Lund-200612-Klaralvsbanan-37-kopia-150x105.jpg 150w, https:\/\/www.visitvarmland.com\/app\/uploads\/sites\/20\/2025\/01\/Oyvind-Lund-200612-Klaralvsbanan-37-kopia-600x421.jpg 600w\" sizes=\"auto, (max-width: 1024px) 100vw, 1024px\" \/><\/figure>\n\n\n\n<p><\/p>\n\n\n\n<h2 class=\"wp-block-heading\">2.5 Ett digitalt hem<\/h2>\n\n\n\n<p>Organisationen har ett digitalt hem, till exempel en webbplats d\u00e4r bes\u00f6karen finner information om vilka produkter och tj\u00e4nster som erbjuds. F\u00f6r att vara konkurrenskraftig b\u00f6r relevant information finnas p\u00e5 engelska, antingen utvalda delar av eller hela webbplatsen.<\/p>\n\n\n\n<h4 class=\"wp-block-heading\">Erbjudande:<\/h4>\n\n\n\n<p>Visit V\u00e4rmland h\u00e4nvisar till informationsmaterial f\u00f6r att internt bygga en webbplats samt till st\u00f6dfunktioner i det regionala systemet, f\u00f6r m\u00f6jlig medfinansiering av extern konsulttj\u00e4nst f\u00f6r webbutveckling.<\/p>\n\n\n\n<h4 class=\"wp-block-heading\"><strong>Anv\u00e4ndbara l\u00e4nkar<\/strong>:<\/h4>\n\n\n\n<p>\u2022 <a href=\"https:\/\/be-digital.se\/verktygslada-for-digitalisering\/bygg-en-sokmotoroptimerad-webbplats-i-wordpress\/\" data-type=\"link\" data-id=\"https:\/\/be-digital.se\/verktygslada-for-digitalisering\/bygg-en-sokmotoroptimerad-webbplats-i-wordpress\/\" target=\"_blank\" rel=\"noreferrer noopener\">Bygg en s\u00f6kmotoroptimerad webbplats i WordPress<\/a><br>\u2022 <a href=\"https:\/\/fjallbyran.se\/blogg\/en-guide-till-sokmotoroptimering-seo\/\" data-type=\"link\" data-id=\"https:\/\/fjallbyran.se\/blogg\/en-guide-till-sokmotoroptimering-seo\/\" target=\"_blank\" rel=\"noreferrer noopener\">En guide till S\u00f6kmotoroptimering \u2013 SEO<br><\/a>\u2022 <a href=\"https:\/\/fjallbyran.se\/blogg\/google-analytics-for-nyborjare\/\" target=\"_blank\" rel=\"noreferrer noopener\">Google Analytics f\u00f6r nyb\u00f6rjare<\/a><br>\u2022 <a href=\"https:\/\/fjallbyran.se\/blogg\/sa-lyckas-du-skapa-en-riktigt-bra-hemsida\/\" target=\"_blank\" rel=\"noreferrer noopener\">S\u00e5 lyckas du skapa en riktigt bra hemsida<\/a><br>\u2022 <a href=\"https:\/\/fjallbyran.se\/blogg\/sa-okar-du-trafiken-till-din-hemsida\/\" data-type=\"link\" data-id=\"https:\/\/fjallbyran.se\/blogg\/sa-okar-du-trafiken-till-din-hemsida\/\" target=\"_blank\" rel=\"noreferrer noopener\">S\u00e5 \u00f6kar du trafiken till din hemsida<\/a><\/p>\n\n\n\n<p><\/p>\n\n\n\n<h2 class=\"wp-block-heading\">2.6 Bokningsbar online<\/h2>\n\n\n\n<p>Organisationen ska ge bes\u00f6karen m\u00f6jlighet att boka sin upplevelse digitalt. \u00d6nskv\u00e4rt \u00e4r att bes\u00f6karen \u00e4ven kan se tillg\u00e4nglighet och olika bokningsalternativ digitalt.<\/p>\n\n\n\n<h4 class=\"wp-block-heading\">Erbjudande:<\/h4>\n\n\n\n<p>Visit V\u00e4rmland h\u00e4nvisar till informationsmaterial om bokningssystem och plattformar som kan vara aktuella.<\/p>\n\n\n\n<h4 class=\"wp-block-heading\"><strong>Anv\u00e4ndbara l\u00e4nkar: <\/strong><\/h4>\n\n\n\n<p>\u2022 <a href=\"https:\/\/corporate.visitsweden.com\/kunskap\/kanaler\/digitala-kanaler\/planering-och-bokning\/varfor-behovs-ett-bokningssystem\/\" target=\"_blank\" rel=\"noreferrer noopener\">Varf\u00f6r beh\u00f6vs ett bokningsystem<\/a><br>\u2022 <a href=\"https:\/\/corporate.visitsweden.com\/kunskap\/kanaler\/digitala-kanaler\/att-synas-online\/google-my-business\/\" target=\"_blank\" rel=\"noreferrer noopener\">Google Business Profile<\/a><\/p>\n\n\n\n<figure class=\"wp-block-image size-large\"><img loading=\"lazy\" decoding=\"async\" width=\"1024\" height=\"683\" src=\"https:\/\/www.visitvarmland.com\/corporate\/wp-content\/uploads\/sites\/20\/2025\/01\/NORR_Varmland_Oktober2023_MelanieHaas_2689-kopia-1024x683.jpeg\" alt=\"\" class=\"wp-image-4997\" style=\"aspect-ratio:4\/3;object-fit:cover\" srcset=\"https:\/\/www.visitvarmland.com\/app\/uploads\/sites\/20\/2025\/01\/NORR_Varmland_Oktober2023_MelanieHaas_2689-kopia-1024x683.jpeg 1024w, https:\/\/www.visitvarmland.com\/app\/uploads\/sites\/20\/2025\/01\/NORR_Varmland_Oktober2023_MelanieHaas_2689-kopia-300x200.jpeg 300w, https:\/\/www.visitvarmland.com\/app\/uploads\/sites\/20\/2025\/01\/NORR_Varmland_Oktober2023_MelanieHaas_2689-kopia-768x513.jpeg 768w, https:\/\/www.visitvarmland.com\/app\/uploads\/sites\/20\/2025\/01\/NORR_Varmland_Oktober2023_MelanieHaas_2689-kopia-1536x1025.jpeg 1536w, https:\/\/www.visitvarmland.com\/app\/uploads\/sites\/20\/2025\/01\/NORR_Varmland_Oktober2023_MelanieHaas_2689-kopia-150x100.jpeg 150w, https:\/\/www.visitvarmland.com\/app\/uploads\/sites\/20\/2025\/01\/NORR_Varmland_Oktober2023_MelanieHaas_2689-kopia-600x400.jpeg 600w, https:\/\/www.visitvarmland.com\/app\/uploads\/sites\/20\/2025\/01\/NORR_Varmland_Oktober2023_MelanieHaas_2689-kopia-1200x800.jpeg 1200w, https:\/\/www.visitvarmland.com\/app\/uploads\/sites\/20\/2025\/01\/NORR_Varmland_Oktober2023_MelanieHaas_2689-kopia.jpeg 1804w\" sizes=\"auto, (max-width: 1024px) 100vw, 1024px\" \/><\/figure>\n\n\n\n<p><\/p>\n\n\n\n<h2 class=\"wp-block-heading\">2.7 Strategiskt arbete med sociala medier<\/h2>\n\n\n\n<p>Organisationen arbetar strategiskt med sin kommunikation p\u00e5 sociala medier, f\u00f6r att n\u00e5 och tilltala sin m\u00e5lgrupp p\u00e5 ett effektivt s\u00e4tt.<\/p>\n\n\n\n<h4 class=\"wp-block-heading\">Erbjudande:<\/h4>\n\n\n\n<p>Visit V\u00e4rmland erbjuder dialog och coachning samt h\u00e4nvisningar till relevant informationsmaterial.<\/p>\n\n\n\n<h4 class=\"wp-block-heading\"><strong>Anv\u00e4ndbara l\u00e4nkar:<\/strong><\/h4>\n\n\n\n<p>\u2022 <a href=\"https:\/\/fjallbyran.se\/blogg\/lat-oss-minska-din-marknadsforingsangest\/\" data-type=\"link\" data-id=\"https:\/\/fjallbyran.se\/blogg\/lat-oss-minska-din-marknadsforingsangest\/\" target=\"_blank\" rel=\"noreferrer noopener\">Storytelling \u2013 konsten att kommunicera minnesv\u00e4rda m\u00e5ltidsupplevelser<\/a><br>\u2022 <a href=\"https:\/\/corporate.visitsweden.com\/kunskap\/kanaler\/go-online\/\" data-type=\"link\" data-id=\"https:\/\/corporate.visitsweden.com\/kunskap\/kanaler\/go-online\/\" target=\"_blank\" rel=\"noreferrer noopener\">Go Online genom att \u00f6ka din digitala tillg\u00e4nglighet i hela resecykeln<\/a><br>\u2022 <a href=\"https:\/\/corporate.visitsweden.com\/kunskap\/maltidsturism\/sociala-medier\/\" data-type=\"link\" data-id=\"https:\/\/corporate.visitsweden.com\/kunskap\/maltidsturism\/sociala-medier\/\" target=\"_blank\" rel=\"noreferrer noopener\">Sociala medier inom m\u00e5ltidsturism<\/a><br>\u2022 <a href=\"https:\/\/corporate.visitsweden.com\/kunskap\/kanaler\/digitala-kanaler\/sociala-medier-och-inspiration\/kommunikationsstrategi-sociala-medier\/\" data-type=\"link\" data-id=\"https:\/\/corporate.visitsweden.com\/kunskap\/kanaler\/digitala-kanaler\/sociala-medier-och-inspiration\/kommunikationsstrategi-sociala-medier\/\" target=\"_blank\" rel=\"noreferrer noopener\">Kommunikationsstrategi f\u00f6r Sociala Medier<\/a><\/p>\n\n\n\n<h2 class=\"wp-block-heading\">2.8 Interagera med m\u00e5lgruppen<\/h2>\n\n\n\n<p>Organisationen arbetar aktivt med \u00e5terkoppling och interaktion med m\u00e5lgruppen, b\u00e5de fysiskt och digitalt. Det inneb\u00e4r att organisationen arbetar med anv\u00e4ndargenererat material i sociala medier, bland annat genom taggningar, svara p\u00e5 kommentarer och direktmeddelanden (DM). Svara i telefon och p\u00e5 mail kontinuerligt.<\/p>\n\n\n\n<h4 class=\"wp-block-heading\">Erbjudande:<\/h4>\n\n\n\n<p>Visit V\u00e4rmland erbjuder dialog och coachning samt h\u00e4nvisningar till relevant informationsmaterial.<\/p>\n\n\n\n<h4 class=\"wp-block-heading\"><strong>Anv\u00e4ndbara l\u00e4nkar<\/strong>:<\/h4>\n\n\n\n<p>\u2022 <a href=\"https:\/\/corporate.visitsweden.com\/kunskap\/kanaler\/digitala-kanaler\/omdomessidor\/\" data-type=\"link\" data-id=\"https:\/\/corporate.visitsweden.com\/kunskap\/kanaler\/digitala-kanaler\/omdomessidor\/\" target=\"_blank\" rel=\"noreferrer noopener\">Omd\u00f6messidor<\/a><br><\/p>\n\n\n\n<p><\/p>\n\n\n\n<hr class=\"wp-block-separator has-alpha-channel-opacity\"\/>\n\n\n\n<div class=\"wp-block-atheme-component-action-button atheme-wrapper--action-button-single\"><a href=\"https:\/\/www.visitvarmland.com\/corporate\/vart-erbjudande\/affarsutvecklingsstegen\/affarsutvecklingsstegen-steg-3\/\" target=\"_self\" class=\"a-action a-action--arrow\" rel=\"noopener\"><span>Till Aff\u00e4rsutvecklingsstegen \u2013 Steg 3<\/span><\/a><\/div>\n\n\n\n<div class=\"wp-block-atheme-component-action-button atheme-wrapper--action-button-single\"><a href=\"https:\/\/www.visitvarmland.com\/corporate\/vart-erbjudande\/affarsutvecklingsstegen\/\" target=\"_self\" class=\"a-action a-action--arrow\" rel=\"noopener\"><span>Till Aff\u00e4rsutvecklingsstegen \u2013 Startsida<\/span><\/a><\/div>\n","protected":false},"excerpt":{"rendered":"<p>I Aff\u00e4rsutvecklingsstegen \u2013 Steg 2 definieras \u00e5tta n\u00f6dv\u00e4ndiga punkter f\u00f6r att vara i det andra steget av aff\u00e4rsutvecklingsprocessen. I stegen framg\u00e5r ocks\u00e5 vilka st\u00f6d, verktyg och resurser Visit V\u00e4rmland erbjuder f\u00f6r en organisation som vill g\u00f6ra en f\u00f6rflyttning i sitt marknads- och utvecklingsarbete. F\u00f6r att uppn\u00e5 steg tv\u00e5 erbjuder Visit V\u00e4rmland personlig r\u00e5dgivning, dialog och [&hellip;]<\/p>\n","protected":false},"author":383,"featured_media":5004,"parent":4955,"menu_order":0,"comment_status":"closed","ping_status":"closed","template":"","meta":{"_acf_changed":false,"footnotes":""},"class_list":["post-4963","page","type-page","status-publish","has-post-thumbnail","hentry"],"acf":[],"lang":"sv","translations":{"sv":4963},"pll_sync_post":[],"_links":{"self":[{"href":"https:\/\/www.visitvarmland.com\/corporate\/wp-json\/wp\/v2\/pages\/4963","targetHints":{"allow":["GET"]}}],"collection":[{"href":"https:\/\/www.visitvarmland.com\/corporate\/wp-json\/wp\/v2\/pages"}],"about":[{"href":"https:\/\/www.visitvarmland.com\/corporate\/wp-json\/wp\/v2\/types\/page"}],"author":[{"embeddable":true,"href":"https:\/\/www.visitvarmland.com\/corporate\/wp-json\/wp\/v2\/users\/383"}],"replies":[{"embeddable":true,"href":"https:\/\/www.visitvarmland.com\/corporate\/wp-json\/wp\/v2\/comments?post=4963"}],"version-history":[{"count":33,"href":"https:\/\/www.visitvarmland.com\/corporate\/wp-json\/wp\/v2\/pages\/4963\/revisions"}],"predecessor-version":[{"id":6079,"href":"https:\/\/www.visitvarmland.com\/corporate\/wp-json\/wp\/v2\/pages\/4963\/revisions\/6079"}],"up":[{"embeddable":true,"href":"https:\/\/www.visitvarmland.com\/corporate\/wp-json\/wp\/v2\/pages\/4955"}],"wp:featuredmedia":[{"embeddable":true,"href":"https:\/\/www.visitvarmland.com\/corporate\/wp-json\/wp\/v2\/media\/5004"}],"wp:attachment":[{"href":"https:\/\/www.visitvarmland.com\/corporate\/wp-json\/wp\/v2\/media?parent=4963"}],"curies":[{"name":"wp","href":"https:\/\/api.w.org\/{rel}","templated":true}]}}