{"id":4985,"date":"2025-01-07T11:43:27","date_gmt":"2025-01-07T10:43:27","guid":{"rendered":"https:\/\/www.visitvarmland.com\/corporate\/?page_id=4985"},"modified":"2026-02-16T16:05:40","modified_gmt":"2026-02-16T15:05:40","slug":"kunskapsbank","status":"publish","type":"page","link":"https:\/\/www.visitvarmland.com\/corporate\/kunskapsbank\/","title":{"rendered":"Kunskapsbank"},"content":{"rendered":"\n<p><br><br><strong>H\u00e4r hittar du kunskap, verktyg, inspiration och strategier som kan st\u00f6tta dig och din verksamhet fram\u00e5t. Utforska i din egen takt \u2013 ta del av filmer, handb\u00f6cker, rapporter och statistik eller f\u00f6rdjupa dig inom olika omr\u00e5den som r\u00f6r bes\u00f6ksn\u00e4ringens utveckling i V\u00e4rmland.<\/strong><\/p>\n\n\n\n<div class=\"wp-block-columns is-layout-flex wp-container-core-columns-is-layout-9d6595d7 wp-block-columns-is-layout-flex\">\n<div class=\"wp-block-column is-layout-flow wp-block-column-is-layout-flow\">\n<figure class=\"wp-block-image size-large\"><img loading=\"lazy\" decoding=\"async\" width=\"1024\" height=\"683\" src=\"https:\/\/www.visitvarmland.com\/corporate\/wp-content\/uploads\/sites\/20\/2021\/10\/Roger-Borgelid-Visit-Varmland-Vandring-MbSkogen-Pernilla-Lia-Stig-01-1024x683.jpg\" alt=\"Vandrare\" class=\"wp-image-1276\" style=\"aspect-ratio:4\/3;object-fit:cover\" srcset=\"https:\/\/www.visitvarmland.com\/app\/uploads\/sites\/20\/2021\/10\/Roger-Borgelid-Visit-Varmland-Vandring-MbSkogen-Pernilla-Lia-Stig-01-1024x683.jpg 1024w, https:\/\/www.visitvarmland.com\/app\/uploads\/sites\/20\/2021\/10\/Roger-Borgelid-Visit-Varmland-Vandring-MbSkogen-Pernilla-Lia-Stig-01-300x200.jpg 300w, https:\/\/www.visitvarmland.com\/app\/uploads\/sites\/20\/2021\/10\/Roger-Borgelid-Visit-Varmland-Vandring-MbSkogen-Pernilla-Lia-Stig-01-768x512.jpg 768w, https:\/\/www.visitvarmland.com\/app\/uploads\/sites\/20\/2021\/10\/Roger-Borgelid-Visit-Varmland-Vandring-MbSkogen-Pernilla-Lia-Stig-01-1536x1024.jpg 1536w, https:\/\/www.visitvarmland.com\/app\/uploads\/sites\/20\/2021\/10\/Roger-Borgelid-Visit-Varmland-Vandring-MbSkogen-Pernilla-Lia-Stig-01-150x100.jpg 150w, https:\/\/www.visitvarmland.com\/app\/uploads\/sites\/20\/2021\/10\/Roger-Borgelid-Visit-Varmland-Vandring-MbSkogen-Pernilla-Lia-Stig-01-600x400.jpg 600w, https:\/\/www.visitvarmland.com\/app\/uploads\/sites\/20\/2021\/10\/Roger-Borgelid-Visit-Varmland-Vandring-MbSkogen-Pernilla-Lia-Stig-01-1200x800.jpg 1200w, https:\/\/www.visitvarmland.com\/app\/uploads\/sites\/20\/2021\/10\/Roger-Borgelid-Visit-Varmland-Vandring-MbSkogen-Pernilla-Lia-Stig-01.jpg 1920w\" sizes=\"auto, (max-width: 1024px) 100vw, 1024px\" \/><\/figure>\n\n\n\n<p><\/p>\n\n\n\n<h2 class=\"wp-block-heading\">Den v\u00e4rml\u00e4ndska bes\u00f6ksn\u00e4ringen<\/h2>\n\n\n\n<p>H\u00e4r hittar du strategidokument och information om den v\u00e4rml\u00e4ndska bes\u00f6ksn\u00e4ringen.<\/p>\n\n\n\n<div class=\"wp-block-atheme-component-action-button atheme-wrapper--action-button-single\"><a href=\"https:\/\/www.visitvarmland.com\/corporate\/kunskapsbank\/den-varmlandska-besoksnaringen\/\" target=\"_self\" class=\"a-action a-action--arrow\" rel=\"noopener\"><span>Den v\u00e4rml\u00e4ndska bes\u00f6ksn\u00e4ringen<\/span><\/a><\/div>\n<\/div>\n\n\n\n<div class=\"wp-block-column is-layout-flow wp-block-column-is-layout-flow\">\n<figure class=\"wp-block-image size-large\"><img loading=\"lazy\" decoding=\"async\" width=\"1024\" height=\"683\" src=\"https:\/\/www.visitvarmland.com\/corporate\/wp-content\/uploads\/sites\/20\/2025\/06\/Visit-Varmland-Cykel-Borgvik-Glass-Paus-Hamn-01-1024x683.jpg\" alt=\"\" class=\"wp-image-6331\" style=\"aspect-ratio:4\/3;object-fit:cover\" srcset=\"https:\/\/www.visitvarmland.com\/app\/uploads\/sites\/20\/2025\/06\/Visit-Varmland-Cykel-Borgvik-Glass-Paus-Hamn-01-1024x683.jpg 1024w, https:\/\/www.visitvarmland.com\/app\/uploads\/sites\/20\/2025\/06\/Visit-Varmland-Cykel-Borgvik-Glass-Paus-Hamn-01-300x200.jpg 300w, https:\/\/www.visitvarmland.com\/app\/uploads\/sites\/20\/2025\/06\/Visit-Varmland-Cykel-Borgvik-Glass-Paus-Hamn-01-768x512.jpg 768w, https:\/\/www.visitvarmland.com\/app\/uploads\/sites\/20\/2025\/06\/Visit-Varmland-Cykel-Borgvik-Glass-Paus-Hamn-01-150x100.jpg 150w, https:\/\/www.visitvarmland.com\/app\/uploads\/sites\/20\/2025\/06\/Visit-Varmland-Cykel-Borgvik-Glass-Paus-Hamn-01-600x400.jpg 600w, https:\/\/www.visitvarmland.com\/app\/uploads\/sites\/20\/2025\/06\/Visit-Varmland-Cykel-Borgvik-Glass-Paus-Hamn-01.jpg 1134w\" sizes=\"auto, (max-width: 1024px) 100vw, 1024px\" \/><\/figure>\n\n\n\n<p><\/p>\n\n\n\n<h2 class=\"wp-block-heading\">M\u00e5lgrupper och marknader<\/h2>\n\n\n\n<p>H\u00e4r kan du l\u00e4sa v\u00e5ra viktigaste m\u00e5lgrupper och marknader.<\/p>\n\n\n\n<div class=\"wp-block-atheme-component-action-button atheme-wrapper--action-button-single\"><a href=\"https:\/\/www.visitvarmland.com\/corporate\/kunskapsbank\/malgrupper-och-marknader\/\" target=\"_self\" class=\"a-action a-action--arrow\" rel=\"noopener\"><span>M\u00e5lgrupper och marknader<\/span><\/a><\/div>\n<\/div>\n<\/div>\n\n\n\n<div class=\"wp-block-columns is-layout-flex wp-container-core-columns-is-layout-9d6595d7 wp-block-columns-is-layout-flex\">\n<div class=\"wp-block-column is-layout-flow wp-block-column-is-layout-flow\">\n<figure class=\"wp-block-image size-large\"><img loading=\"lazy\" decoding=\"async\" width=\"1024\" height=\"768\" src=\"https:\/\/www.visitvarmland.com\/corporate\/wp-content\/uploads\/sites\/20\/2025\/06\/Guesthouse-eleven-1024x768.jpg\" alt=\"Resv\u00e4skor p\u00e5 en v\u00e4gg\" class=\"wp-image-6220\" style=\"aspect-ratio:4\/3;object-fit:cover\" srcset=\"https:\/\/www.visitvarmland.com\/app\/uploads\/sites\/20\/2025\/06\/Guesthouse-eleven-1024x768.jpg 1024w, https:\/\/www.visitvarmland.com\/app\/uploads\/sites\/20\/2025\/06\/Guesthouse-eleven-300x225.jpg 300w, https:\/\/www.visitvarmland.com\/app\/uploads\/sites\/20\/2025\/06\/Guesthouse-eleven-768x576.jpg 768w, https:\/\/www.visitvarmland.com\/app\/uploads\/sites\/20\/2025\/06\/Guesthouse-eleven-1536x1152.jpg 1536w, https:\/\/www.visitvarmland.com\/app\/uploads\/sites\/20\/2025\/06\/Guesthouse-eleven-2048x1536.jpg 2048w, https:\/\/www.visitvarmland.com\/app\/uploads\/sites\/20\/2025\/06\/Guesthouse-eleven-150x113.jpg 150w, https:\/\/www.visitvarmland.com\/app\/uploads\/sites\/20\/2025\/06\/Guesthouse-eleven-600x450.jpg 600w\" sizes=\"auto, (max-width: 1024px) 100vw, 1024px\" \/><\/figure>\n\n\n\n<p><\/p>\n\n\n\n<h2 class=\"wp-block-heading\">Insikter och statistik<\/h2>\n\n\n\n<p>H\u00e4r samlar vi fakta, statistik och analyser som ger en f\u00f6rdjupad bild av V\u00e4rmlands bes\u00f6ksn\u00e4ring. Du hittar bland annat uppgifter om g\u00e4stn\u00e4tter, turismens oms\u00e4ttning och marknader<\/p>\n\n\n\n<div class=\"wp-block-atheme-component-action-button atheme-wrapper--action-button-single\"><a href=\"https:\/\/www.visitvarmland.com\/corporate\/kunskapsbank\/insikter-och-statistik\/\" target=\"_blank\" class=\"a-action a-action--arrow\" rel=\"noopener\"><span>Insikter och statistik<\/span><\/a><\/div>\n<\/div>\n\n\n\n<div class=\"wp-block-column is-layout-flow wp-block-column-is-layout-flow\">\n<figure class=\"wp-block-image size-large\"><img loading=\"lazy\" decoding=\"async\" width=\"1024\" height=\"471\" src=\"https:\/\/www.visitvarmland.com\/corporate\/wp-content\/uploads\/sites\/20\/2025\/06\/Vardskapsguiden-1024x471.png\" alt=\"Grafik fr\u00e5n restaurang\" class=\"wp-image-6336\" style=\"aspect-ratio:4\/3;object-fit:cover\" srcset=\"https:\/\/www.visitvarmland.com\/app\/uploads\/sites\/20\/2025\/06\/Vardskapsguiden-1024x471.png 1024w, https:\/\/www.visitvarmland.com\/app\/uploads\/sites\/20\/2025\/06\/Vardskapsguiden-300x138.png 300w, https:\/\/www.visitvarmland.com\/app\/uploads\/sites\/20\/2025\/06\/Vardskapsguiden-768x354.png 768w, https:\/\/www.visitvarmland.com\/app\/uploads\/sites\/20\/2025\/06\/Vardskapsguiden-1536x707.png 1536w, https:\/\/www.visitvarmland.com\/app\/uploads\/sites\/20\/2025\/06\/Vardskapsguiden-2048x943.png 2048w, https:\/\/www.visitvarmland.com\/app\/uploads\/sites\/20\/2025\/06\/Vardskapsguiden-150x69.png 150w, https:\/\/www.visitvarmland.com\/app\/uploads\/sites\/20\/2025\/06\/Vardskapsguiden-600x276.png 600w\" sizes=\"auto, (max-width: 1024px) 100vw, 1024px\" \/><\/figure>\n\n\n\n<p><\/p>\n\n\n\n<h2 class=\"wp-block-heading\">V\u00e4rdskapsguiden<\/h2>\n\n\n\n<p>Bra v\u00e4rdskap handlar om att se varje g\u00e4st, \u00f6vertr\u00e4ffa f\u00f6rv\u00e4ntningar och samarbeta f\u00f6r att skapa en helhetsupplevelse. H\u00e4r har vi samlat konkreta verktyg som hj\u00e4lper dig att h\u00f6ja serviceniv\u00e5n och st\u00e4rka V\u00e4rmland som bes\u00f6ksm\u00e5l.<\/p>\n\n\n\n<div class=\"wp-block-atheme-component-action-button atheme-wrapper--action-button-single\"><a href=\"https:\/\/www.visitvarmland.com\/corporate\/kunskapsbank\/vardskapsguiden-verktyg-for-ett-battre-bemotande\/\" target=\"_self\" class=\"a-action a-action--arrow\" rel=\"noopener\"><span>V\u00e4rdskapsguiden<\/span><\/a><\/div>\n<\/div>\n<\/div>\n\n\n\n<h2 class=\"wp-block-heading\">Fler verktyg i v\u00e5r kunskapsbank<\/h2>\n\n\n\n<p><\/p>\n\n\n\n<h3 class=\"wp-block-heading\">Tillg\u00e4nglighet p\u00e5 bes\u00f6ksm\u00e5l<\/h3>\n\n\n\n<p>Tillg\u00e4nglighet g\u00f6r det l\u00e4ttare f\u00f6r fler att bes\u00f6ka dig. H\u00e4r hittar du tips och verktyg f\u00f6r hur du kan bli mer tillg\u00e4nglig.<\/p>\n\n\n\n<div class=\"wp-block-atheme-component-action-button atheme-wrapper--action-button-single\"><a href=\"https:\/\/www.visitvarmland.com\/corporate\/kunskapsbank\/tillganglighet\/\" target=\"_self\" class=\"a-action a-action--arrow\" rel=\"noopener\"><span>Tillg\u00e4nglighet p\u00e5 bes\u00f6ksm\u00e5l<\/span><\/a><\/div>\n\n\n\n<p><\/p>\n\n\n\n<h3 class=\"wp-block-heading\">St\u00f6dtj\u00e4nster f\u00f6r f\u00f6retagare<\/h3>\n\n\n\n<p>H\u00e4r hittar du mer information om olika st\u00f6dtj\u00e4nster, d\u00e4ribland Timbanken.<\/p>\n\n\n\n<div class=\"wp-block-atheme-component-action-button atheme-wrapper--action-button-single\"><a href=\"https:\/\/www.visitvarmland.com\/corporate\/kunskapsbank\/stodtjanster\/\" target=\"_self\" class=\"a-action a-action--arrow\" rel=\"noopener\"><span>St\u00f6dtj\u00e4nster f\u00f6r f\u00f6retagare<\/span><\/a><\/div>\n\n\n\n<p><\/p>\n\n\n\n<h3 class=\"wp-block-heading\">M\u00e5ltidsturism<\/h3>\n\n\n\n<p>H\u00e4r hittar du kunskap och mer information om m\u00e5ltidsturism.<\/p>\n\n\n\n<div class=\"wp-block-atheme-component-action-button atheme-wrapper--action-button-single\"><a href=\"https:\/\/www.visitvarmland.com\/corporate\/kunskapsbank\/maltidsturism\/\" target=\"_self\" class=\"a-action a-action--arrow\" rel=\"noopener\"><span>M\u00e5ltidsturism<\/span><\/a><\/div>\n\n\n\n<p><\/p>\n\n\n\n<h3 class=\"wp-block-heading\">Ledutveckling<\/h3>\n\n\n\n<p>H\u00e4r hittar du kunskap och mer information om ledutveckling.<\/p>\n\n\n\n<div class=\"wp-block-atheme-component-action-button atheme-wrapper--action-button-single\"><a href=\"https:\/\/www.visitvarmland.com\/corporate\/kunskapsbank\/ledutveckling\/\" target=\"_self\" class=\"a-action a-action--arrow\" rel=\"noopener\"><span>Ledutveckling<\/span><\/a><\/div>\n\n\n\n<p><\/p>\n\n\n\n<p><\/p>\n","protected":false},"excerpt":{"rendered":"<p>H\u00e4r hittar du kunskap, verktyg, inspiration och strategier som kan st\u00f6tta dig och din verksamhet fram\u00e5t. Utforska i din egen takt \u2013 ta del av filmer, handb\u00f6cker, rapporter och statistik eller f\u00f6rdjupa dig inom olika omr\u00e5den som r\u00f6r bes\u00f6ksn\u00e4ringens utveckling i V\u00e4rmland. Den v\u00e4rml\u00e4ndska bes\u00f6ksn\u00e4ringen H\u00e4r hittar du strategidokument och information om den v\u00e4rml\u00e4ndska bes\u00f6ksn\u00e4ringen. [&hellip;]<\/p>\n","protected":false},"author":383,"featured_media":6252,"parent":0,"menu_order":0,"comment_status":"closed","ping_status":"closed","template":"","meta":{"_acf_changed":false,"footnotes":""},"class_list":["post-4985","page","type-page","status-publish","has-post-thumbnail","hentry"],"acf":[],"lang":"sv","translations":{"sv":4985},"pll_sync_post":[],"_links":{"self":[{"href":"https:\/\/www.visitvarmland.com\/corporate\/wp-json\/wp\/v2\/pages\/4985","targetHints":{"allow":["GET"]}}],"collection":[{"href":"https:\/\/www.visitvarmland.com\/corporate\/wp-json\/wp\/v2\/pages"}],"about":[{"href":"https:\/\/www.visitvarmland.com\/corporate\/wp-json\/wp\/v2\/types\/page"}],"author":[{"embeddable":true,"href":"https:\/\/www.visitvarmland.com\/corporate\/wp-json\/wp\/v2\/users\/383"}],"replies":[{"embeddable":true,"href":"https:\/\/www.visitvarmland.com\/corporate\/wp-json\/wp\/v2\/comments?post=4985"}],"version-history":[{"count":9,"href":"https:\/\/www.visitvarmland.com\/corporate\/wp-json\/wp\/v2\/pages\/4985\/revisions"}],"predecessor-version":[{"id":7032,"href":"https:\/\/www.visitvarmland.com\/corporate\/wp-json\/wp\/v2\/pages\/4985\/revisions\/7032"}],"wp:featuredmedia":[{"embeddable":true,"href":"https:\/\/www.visitvarmland.com\/corporate\/wp-json\/wp\/v2\/media\/6252"}],"wp:attachment":[{"href":"https:\/\/www.visitvarmland.com\/corporate\/wp-json\/wp\/v2\/media?parent=4985"}],"curies":[{"name":"wp","href":"https:\/\/api.w.org\/{rel}","templated":true}]}}