{"id":5499,"date":"2025-04-03T22:00:52","date_gmt":"2025-04-03T20:00:52","guid":{"rendered":"https:\/\/www.visitvarmland.com\/corporate\/?page_id=5499"},"modified":"2025-06-12T21:10:55","modified_gmt":"2025-06-12T19:10:55","slug":"vart-erbjudande","status":"publish","type":"page","link":"https:\/\/www.visitvarmland.com\/corporate\/vart-erbjudande\/","title":{"rendered":"V\u00e5rt erbjudande"},"content":{"rendered":"\n<p><strong>Hos oss hittar du v\u00e4gledning och resurser f\u00f6r att utveckla din verksamhet \u2013 oavsett om du vill v\u00e4ssa ditt erbjudande, f\u00e5 ny kunskap eller n\u00e5 internationella bes\u00f6kare. H\u00e4r har vi samlat v\u00e5ra initiativ, verktyg och aktiviteter.<\/strong><\/p>\n\n\n\n<hr class=\"wp-block-separator has-alpha-channel-opacity\"\/>\n\n\n\n<figure class=\"wp-block-image size-large\"><img loading=\"lazy\" decoding=\"async\" width=\"1024\" height=\"683\" src=\"https:\/\/www.visitvarmland.com\/corporate\/wp-content\/uploads\/sites\/20\/2025\/01\/NORR_Varmland_Oktober2023_MelanieHaas_2689-kopia-1024x683.jpeg\" alt=\"Kvinnor som blickar ut \u00f6ver ett landskap\" class=\"wp-image-4997\" srcset=\"https:\/\/www.visitvarmland.com\/app\/uploads\/sites\/20\/2025\/01\/NORR_Varmland_Oktober2023_MelanieHaas_2689-kopia-1024x683.jpeg 1024w, https:\/\/www.visitvarmland.com\/app\/uploads\/sites\/20\/2025\/01\/NORR_Varmland_Oktober2023_MelanieHaas_2689-kopia-300x200.jpeg 300w, https:\/\/www.visitvarmland.com\/app\/uploads\/sites\/20\/2025\/01\/NORR_Varmland_Oktober2023_MelanieHaas_2689-kopia-768x513.jpeg 768w, https:\/\/www.visitvarmland.com\/app\/uploads\/sites\/20\/2025\/01\/NORR_Varmland_Oktober2023_MelanieHaas_2689-kopia-1536x1025.jpeg 1536w, https:\/\/www.visitvarmland.com\/app\/uploads\/sites\/20\/2025\/01\/NORR_Varmland_Oktober2023_MelanieHaas_2689-kopia-150x100.jpeg 150w, https:\/\/www.visitvarmland.com\/app\/uploads\/sites\/20\/2025\/01\/NORR_Varmland_Oktober2023_MelanieHaas_2689-kopia-600x400.jpeg 600w, https:\/\/www.visitvarmland.com\/app\/uploads\/sites\/20\/2025\/01\/NORR_Varmland_Oktober2023_MelanieHaas_2689-kopia-1200x800.jpeg 1200w, https:\/\/www.visitvarmland.com\/app\/uploads\/sites\/20\/2025\/01\/NORR_Varmland_Oktober2023_MelanieHaas_2689-kopia.jpeg 1804w\" sizes=\"auto, (max-width: 1024px) 100vw, 1024px\" \/><\/figure>\n\n\n\n<p><\/p>\n\n\n\n<h2 class=\"wp-block-heading\">Aff\u00e4rsutvecklingsstegen<\/h2>\n\n\n\n<p>Driver du f\u00f6retag inom V\u00e4rmlands bes\u00f6ksn\u00e4ring? D\u00e5 har du en unik chans att utveckla din verksamhet och skapa l\u00e5ngsiktig framg\u00e5ng. Visit V\u00e4rmland har tagit fram Aff\u00e4rsutvecklingsstegen \u2013 en praktisk guide med verktyg och st\u00f6d f\u00f6r att hj\u00e4lpa dig m\u00f6ta bes\u00f6karnas f\u00f6rv\u00e4ntningar och st\u00e4rka din konkurrenskraft.<\/p>\n\n\n\n<div class=\"wp-block-atheme-component-action-button atheme-wrapper--action-button-single\"><a href=\"https:\/\/www.visitvarmland.com\/corporate\/vart-erbjudande\/affarsutvecklingsstegen\/\" target=\"_self\" class=\"a-action a-action--arrow\" rel=\"noopener\"><span>Till Aff\u00e4rsutvecklingsstegen<\/span><\/a><\/div>\n\n\n\n<figure class=\"wp-block-image size-large\"><img loading=\"lazy\" decoding=\"async\" width=\"1024\" height=\"576\" src=\"https:\/\/www.visitvarmland.com\/corporate\/wp-content\/uploads\/sites\/20\/2025\/02\/Varboost-blommor-1024x576.jpg\" alt=\"Bild med blommor och Logga\" class=\"wp-image-5127\" srcset=\"https:\/\/www.visitvarmland.com\/app\/uploads\/sites\/20\/2025\/02\/Varboost-blommor-1024x576.jpg 1024w, https:\/\/www.visitvarmland.com\/app\/uploads\/sites\/20\/2025\/02\/Varboost-blommor-300x169.jpg 300w, https:\/\/www.visitvarmland.com\/app\/uploads\/sites\/20\/2025\/02\/Varboost-blommor-768x432.jpg 768w, https:\/\/www.visitvarmland.com\/app\/uploads\/sites\/20\/2025\/02\/Varboost-blommor-1536x864.jpg 1536w, https:\/\/www.visitvarmland.com\/app\/uploads\/sites\/20\/2025\/02\/Varboost-blommor-150x84.jpg 150w, https:\/\/www.visitvarmland.com\/app\/uploads\/sites\/20\/2025\/02\/Varboost-blommor-600x338.jpg 600w, https:\/\/www.visitvarmland.com\/app\/uploads\/sites\/20\/2025\/02\/Varboost-blommor.jpg 1600w\" sizes=\"auto, (max-width: 1024px) 100vw, 1024px\" \/><\/figure>\n\n\n\n<p><\/p>\n\n\n\n<h2 class=\"wp-block-heading\">Boostar<\/h2>\n\n\n\n<p>Genom v\u00e5r digitala och kostnadsfria webbinarier V\u00e5rboost och H\u00f6stboost f\u00f6rser vi dig med nya insikter och inspiration inom sociala medier, m\u00e5lgrupper, digitala verktyg och v\u00e4rdskap. H\u00e4r hittar du presentationerna efter webbinarier. <\/p>\n\n\n\n<div class=\"wp-block-atheme-component-action-button atheme-wrapper--action-button-single\"><a href=\"https:\/\/www.visitvarmland.com\/corporate\/vart-erbjudande\/boostar\" target=\"_self\" class=\"a-action a-action--arrow\" rel=\"noopener\"><span>Till Boostarna<\/span><\/a><\/div>\n\n\n\n<p><\/p>\n\n\n\n<figure class=\"wp-block-image size-large\"><img loading=\"lazy\" decoding=\"async\" width=\"1024\" height=\"683\" src=\"https:\/\/www.visitvarmland.com\/corporate\/wp-content\/uploads\/sites\/20\/2025\/04\/Paddling-2-low-1024x683.jpg\" alt=\"Kvinnor som paddlar i en sj\u00f6\" class=\"wp-image-5966\" srcset=\"https:\/\/www.visitvarmland.com\/app\/uploads\/sites\/20\/2025\/04\/Paddling-2-low-1024x683.jpg 1024w, https:\/\/www.visitvarmland.com\/app\/uploads\/sites\/20\/2025\/04\/Paddling-2-low-300x200.jpg 300w, https:\/\/www.visitvarmland.com\/app\/uploads\/sites\/20\/2025\/04\/Paddling-2-low-768x512.jpg 768w, https:\/\/www.visitvarmland.com\/app\/uploads\/sites\/20\/2025\/04\/Paddling-2-low-1536x1024.jpg 1536w, https:\/\/www.visitvarmland.com\/app\/uploads\/sites\/20\/2025\/04\/Paddling-2-low-2048x1366.jpg 2048w, https:\/\/www.visitvarmland.com\/app\/uploads\/sites\/20\/2025\/04\/Paddling-2-low-150x100.jpg 150w, https:\/\/www.visitvarmland.com\/app\/uploads\/sites\/20\/2025\/04\/Paddling-2-low-600x400.jpg 600w, https:\/\/www.visitvarmland.com\/app\/uploads\/sites\/20\/2025\/04\/Paddling-2-low-1200x800.jpg 1200w\" sizes=\"auto, (max-width: 1024px) 100vw, 1024px\" \/><\/figure>\n\n\n\n<p><\/p>\n\n\n\n<h2 class=\"wp-block-heading\">Travel Trade<\/h2>\n\n\n\n<p>N\u00e5 internationella bes\u00f6kare genom researrang\u00f6rer. M\u00e5nga internationella bes\u00f6kare bokar sin resa till V\u00e4rmland genom en researrang\u00f6r. Genom Travel Trade, samarbete med internationella researrang\u00f6rer, \u00f6ppnas nya d\u00f6rrar till marknader utomlands.<\/p>\n\n\n\n<div class=\"wp-block-atheme-component-action-button atheme-wrapper--action-button-single\"><a href=\"https:\/\/www.visitvarmland.com\/corporate\/vart-erbjudande\/travel-trade\/\" target=\"_self\" class=\"a-action a-action--arrow\" rel=\"noopener\"><span>Travel Trade<\/span><\/a><\/div>\n\n\n\n<p><\/p>\n\n\n\n<figure class=\"wp-block-image size-large\"><img loading=\"lazy\" decoding=\"async\" width=\"1024\" height=\"768\" src=\"https:\/\/www.visitvarmland.com\/corporate\/wp-content\/uploads\/sites\/20\/2025\/06\/BND-2024-publik-1024x768.jpg\" alt=\"Publik p\u00e5 bes\u00f6ksn\u00e4ringsdagarna\" class=\"wp-image-6348\" srcset=\"https:\/\/www.visitvarmland.com\/app\/uploads\/sites\/20\/2025\/06\/BND-2024-publik-1024x768.jpg 1024w, https:\/\/www.visitvarmland.com\/app\/uploads\/sites\/20\/2025\/06\/BND-2024-publik-300x225.jpg 300w, https:\/\/www.visitvarmland.com\/app\/uploads\/sites\/20\/2025\/06\/BND-2024-publik-768x576.jpg 768w, https:\/\/www.visitvarmland.com\/app\/uploads\/sites\/20\/2025\/06\/BND-2024-publik-1536x1152.jpg 1536w, https:\/\/www.visitvarmland.com\/app\/uploads\/sites\/20\/2025\/06\/BND-2024-publik-2048x1536.jpg 2048w, https:\/\/www.visitvarmland.com\/app\/uploads\/sites\/20\/2025\/06\/BND-2024-publik-150x113.jpg 150w, https:\/\/www.visitvarmland.com\/app\/uploads\/sites\/20\/2025\/06\/BND-2024-publik-600x450.jpg 600w\" sizes=\"auto, (max-width: 1024px) 100vw, 1024px\" \/><\/figure>\n\n\n\n<p><\/p>\n\n\n\n<h2 class=\"wp-block-heading\">Aktiviteter<\/h2>\n\n\n\n<p>I v\u00e5r aktivitetskalender hittar du evenemang, webbinarier, workshops och insatser som du inom bes\u00f6ksn\u00e4ringen kan ta del av och delta i.<\/p>\n\n\n\n<div class=\"wp-block-atheme-component-action-button atheme-wrapper--action-button-single\"><a href=\"https:\/\/www.visitvarmland.com\/corporate\/aktiviteter\" target=\"_self\" class=\"a-action a-action--arrow\" rel=\"noopener\"><span>Aktivitetskalendern<\/span><\/a><\/div>\n","protected":false},"excerpt":{"rendered":"<p>Hos oss hittar du v\u00e4gledning och resurser f\u00f6r att utveckla din verksamhet \u2013 oavsett om du vill v\u00e4ssa ditt erbjudande, f\u00e5 ny kunskap eller n\u00e5 internationella bes\u00f6kare. H\u00e4r har vi samlat v\u00e5ra initiativ, verktyg och aktiviteter. Aff\u00e4rsutvecklingsstegen Driver du f\u00f6retag inom V\u00e4rmlands bes\u00f6ksn\u00e4ring? D\u00e5 har du en unik chans att utveckla din verksamhet och skapa [&hellip;]<\/p>\n","protected":false},"author":383,"featured_media":5509,"parent":0,"menu_order":0,"comment_status":"closed","ping_status":"closed","template":"","meta":{"_acf_changed":false,"footnotes":""},"class_list":["post-5499","page","type-page","status-publish","has-post-thumbnail","hentry"],"acf":[],"lang":"sv","translations":{"sv":5499},"pll_sync_post":[],"_links":{"self":[{"href":"https:\/\/www.visitvarmland.com\/corporate\/wp-json\/wp\/v2\/pages\/5499","targetHints":{"allow":["GET"]}}],"collection":[{"href":"https:\/\/www.visitvarmland.com\/corporate\/wp-json\/wp\/v2\/pages"}],"about":[{"href":"https:\/\/www.visitvarmland.com\/corporate\/wp-json\/wp\/v2\/types\/page"}],"author":[{"embeddable":true,"href":"https:\/\/www.visitvarmland.com\/corporate\/wp-json\/wp\/v2\/users\/383"}],"replies":[{"embeddable":true,"href":"https:\/\/www.visitvarmland.com\/corporate\/wp-json\/wp\/v2\/comments?post=5499"}],"version-history":[{"count":13,"href":"https:\/\/www.visitvarmland.com\/corporate\/wp-json\/wp\/v2\/pages\/5499\/revisions"}],"predecessor-version":[{"id":6356,"href":"https:\/\/www.visitvarmland.com\/corporate\/wp-json\/wp\/v2\/pages\/5499\/revisions\/6356"}],"wp:featuredmedia":[{"embeddable":true,"href":"https:\/\/www.visitvarmland.com\/corporate\/wp-json\/wp\/v2\/media\/5509"}],"wp:attachment":[{"href":"https:\/\/www.visitvarmland.com\/corporate\/wp-json\/wp\/v2\/media?parent=5499"}],"curies":[{"name":"wp","href":"https:\/\/api.w.org\/{rel}","templated":true}]}}