{"id":5809,"date":"2025-04-15T16:17:59","date_gmt":"2025-04-15T14:17:59","guid":{"rendered":"https:\/\/www.visitvarmland.com\/corporate\/?page_id=5809"},"modified":"2025-06-12T17:37:08","modified_gmt":"2025-06-12T15:37:08","slug":"malgrupper-och-marknader","status":"publish","type":"page","link":"https:\/\/www.visitvarmland.com\/corporate\/kunskapsbank\/malgrupper-och-marknader\/","title":{"rendered":"M\u00e5lgrupper och marknader"},"content":{"rendered":"\n<p>H\u00e4r kommer du att kunna l\u00e4sa mer om v\u00e5ra m\u00e5lgrupper och marknader<\/p>\n\n\n\n<h2 class=\"wp-block-heading\"><strong>Norge<\/strong><\/h2>\n\n\n\n<figure class=\"wp-block-image size-large\"><img loading=\"lazy\" decoding=\"async\" width=\"842\" height=\"595\" src=\"https:\/\/www.visitvarmland.com\/visitvarmland-org\/wp-content\/uploads\/sites\/20\/2021\/11\/norge.png\" alt=\"\" class=\"wp-image-766\" srcset=\"https:\/\/www.visitvarmland.com\/app\/uploads\/sites\/20\/2021\/11\/norge.png 842w, https:\/\/www.visitvarmland.com\/app\/uploads\/sites\/20\/2021\/11\/norge-300x212.png 300w, https:\/\/www.visitvarmland.com\/app\/uploads\/sites\/20\/2021\/11\/norge-768x543.png 768w, https:\/\/www.visitvarmland.com\/app\/uploads\/sites\/20\/2021\/11\/norge-150x106.png 150w, https:\/\/www.visitvarmland.com\/app\/uploads\/sites\/20\/2021\/11\/norge-600x424.png 600w\" sizes=\"auto, (max-width: 842px) 100vw, 842px\" \/><\/figure>\n\n\n\n<p>Norge&nbsp;\u00e4r&nbsp;V\u00e4rmlands&nbsp;st\u00f6rsta g\u00e4stnattbes\u00f6kare och&nbsp;statistiskt sett \u00e4r juli den starkaste h\u00f6gs\u00e4songsm\u00e5nanden. Norrm\u00e4nnens val av boendeform \u00e4r framf\u00f6rallt camping.&nbsp;Norge&nbsp;liknar Sverige&nbsp;n\u00e4r det&nbsp;kommer till val av betalningsalternativ,&nbsp;de betalar g\u00e4rna och n\u00e4stan helt uteslutande med sitt VISA-kort och Mastercard&nbsp;under sin semester.&nbsp;Vid s\u00f6kning av&nbsp;information om ett resm\u00e5l, turisttj\u00e4nst&nbsp;eller biljettpris anv\u00e4ndes smartphone mest av m\u00e5lgruppen.<\/p>\n\n\n\n<div class=\"wp-block-atheme-component-action-button atheme-wrapper--action-button-single\"><a href=\"https:\/\/corporate.visitsweden.com\/utlandsmarknader\/norge\/\" target=\"_self\" class=\"a-action a-action--arrow\" rel=\"noopener\"><span>L\u00c4S MER OM NORGE<\/span><\/a><\/div>\n\n\n\n<h2 class=\"wp-block-heading\"><strong>Danmark<\/strong><\/h2>\n\n\n\n<p><\/p>\n\n\n\n<figure class=\"wp-block-image size-large\"><img loading=\"lazy\" decoding=\"async\" width=\"842\" height=\"595\" src=\"https:\/\/www.visitvarmland.com\/visitvarmland-org\/wp-content\/uploads\/sites\/20\/2021\/11\/danmark.png\" alt=\"\" class=\"wp-image-767\" srcset=\"https:\/\/www.visitvarmland.com\/app\/uploads\/sites\/20\/2021\/11\/danmark.png 842w, https:\/\/www.visitvarmland.com\/app\/uploads\/sites\/20\/2021\/11\/danmark-300x212.png 300w, https:\/\/www.visitvarmland.com\/app\/uploads\/sites\/20\/2021\/11\/danmark-768x543.png 768w, https:\/\/www.visitvarmland.com\/app\/uploads\/sites\/20\/2021\/11\/danmark-150x106.png 150w, https:\/\/www.visitvarmland.com\/app\/uploads\/sites\/20\/2021\/11\/danmark-600x424.png 600w\" sizes=\"auto, (max-width: 842px) 100vw, 842px\" \/><\/figure>\n\n\n\n<p>Dansken skiljer sig lite mot&nbsp;V\u00e4rmlands&nbsp;andra starka m\u00e5lgrupper och de har&nbsp;h\u00f6gst&nbsp;antal&nbsp;g\u00e4stn\u00e4tter hos oss under februari och januari, sedan kommer augusti. Danskarna som bes\u00f6kare bor helst i kommersiellt f\u00f6rmedlade privata stugor och l\u00e4genheter, men \u00e4ven hotell och camping \u00e4r ett vanligt boendealternativ.&nbsp;De betalar g\u00e4rna med&nbsp;sitt&nbsp;Mastercard&nbsp;och&nbsp;VISA-kort&nbsp;under sin semester.&nbsp;N\u00e4r de bes\u00f6ker olika sev\u00e4rdheter under sin semester har de f\u00f6rmodligen hittat informationen p\u00e5 Google, d\u00e5 det \u00e4r danskarnas st\u00f6rsta s\u00f6kmotor. Vid digitala bokningar och&nbsp;biljettk\u00f6p betalar de g\u00e4rna med betalningsl\u00f6sningen Klarna.<\/p>\n\n\n\n<div class=\"wp-block-atheme-component-action-button atheme-wrapper--action-button-single\"><a href=\"https:\/\/corporate.visitsweden.com\/utlandsmarknader\/danmark\/\" target=\"_self\" class=\"a-action a-action--arrow\" rel=\"noopener\"><span>L\u00c4S MER OM DANMARK<\/span><\/a><\/div>\n\n\n\n<h2 class=\"wp-block-heading\"><strong>Tyskland<\/strong><\/h2>\n\n\n\n<figure class=\"wp-block-image size-large\"><img loading=\"lazy\" decoding=\"async\" width=\"842\" height=\"595\" src=\"https:\/\/www.visitvarmland.com\/visitvarmland-org\/wp-content\/uploads\/sites\/20\/2021\/11\/tyskland.png\" alt=\"\" class=\"wp-image-768\" srcset=\"https:\/\/www.visitvarmland.com\/app\/uploads\/sites\/20\/2021\/11\/tyskland.png 842w, https:\/\/www.visitvarmland.com\/app\/uploads\/sites\/20\/2021\/11\/tyskland-300x212.png 300w, https:\/\/www.visitvarmland.com\/app\/uploads\/sites\/20\/2021\/11\/tyskland-768x543.png 768w, https:\/\/www.visitvarmland.com\/app\/uploads\/sites\/20\/2021\/11\/tyskland-150x106.png 150w, https:\/\/www.visitvarmland.com\/app\/uploads\/sites\/20\/2021\/11\/tyskland-600x424.png 600w\" sizes=\"auto, (max-width: 842px) 100vw, 842px\" \/><\/figure>\n\n\n\n<p>Tyskland \u00e4r en stark m\u00e5lgrupp f\u00f6r oss i bes\u00f6ksn\u00e4ringen i V\u00e4rmland.&nbsp;Efter Norge kommer Tyskland p\u00e5 andra plats i flest&nbsp;antal&nbsp;g\u00e4stn\u00e4tter,&nbsp;och de deras val av boende \u00e4r&nbsp;framf\u00f6rallt&nbsp;camping och kommersiellt f\u00f6rmedlade privata stugor och l\u00e4genheter.<\/p>\n\n\n\n<div class=\"wp-block-atheme-component-action-button atheme-wrapper--action-button-single\"><a href=\"https:\/\/corporate.visitsweden.com\/utlandsmarknader\/tyskland\/\" target=\"_self\" class=\"a-action a-action--arrow\" rel=\"noopener\"><span>L\u00c4S MER OM TYSKLAND<\/span><\/a><\/div>\n\n\n\n<h2 class=\"wp-block-heading\"><strong>Nederl\u00e4nderna<\/strong><\/h2>\n\n\n\n<figure class=\"wp-block-image size-large\"><img loading=\"lazy\" decoding=\"async\" width=\"842\" height=\"595\" src=\"https:\/\/www.visitvarmland.com\/visitvarmland-org\/wp-content\/uploads\/sites\/20\/2021\/11\/nederlanderna.png\" alt=\"\" class=\"wp-image-769\" srcset=\"https:\/\/www.visitvarmland.com\/app\/uploads\/sites\/20\/2021\/11\/nederlanderna.png 842w, https:\/\/www.visitvarmland.com\/app\/uploads\/sites\/20\/2021\/11\/nederlanderna-300x212.png 300w, https:\/\/www.visitvarmland.com\/app\/uploads\/sites\/20\/2021\/11\/nederlanderna-768x543.png 768w, https:\/\/www.visitvarmland.com\/app\/uploads\/sites\/20\/2021\/11\/nederlanderna-150x106.png 150w, https:\/\/www.visitvarmland.com\/app\/uploads\/sites\/20\/2021\/11\/nederlanderna-600x424.png 600w\" sizes=\"auto, (max-width: 842px) 100vw, 842px\" \/><\/figure>\n\n\n\n<p>Nederl\u00e4nderna \u00e4r&nbsp;den&nbsp;tredje st\u00f6rsta marknaden i antal g\u00e4stn\u00e4tter&nbsp;hos oss i V\u00e4rmland&nbsp;och&nbsp;under deras vistelse bor bes\u00f6karna fr\u00e4mst p\u00e5 camping under&nbsp;juli och augusti.&nbsp;Deras digitala beteende liknas med oss svenskar, att en bokning ofta sker&nbsp;efter anv\u00e4ndande av olika enheter. Vid s\u00f6kning av exempelvis biljettpriser s\u00e5 kan det ske i en smartphone och sedan bytas till&nbsp;en&nbsp;datask\u00e4rm vid genomf\u00f6randet av en bokning.&nbsp;Vid digitala bokningar och biljettk\u00f6p betalar de g\u00e4rna med betalningsl\u00f6sningen Klarna.&nbsp;<\/p>\n\n\n\n<div class=\"wp-block-atheme-component-action-button atheme-wrapper--action-button-single\"><a href=\"https:\/\/corporate.visitsweden.com\/utlandsmarknader\/nederlanderna\/\" target=\"_self\" class=\"a-action a-action--arrow\" rel=\"noopener\"><span>L\u00c4S MER OM NEDERL\u00c4NDERNA<\/span><\/a><\/div>\n\n\n\n<h2 class=\"wp-block-heading\"><strong>Storbritanninen<\/strong><\/h2>\n\n\n\n<p><\/p>\n\n\n\n<figure class=\"wp-block-image size-large\"><img loading=\"lazy\" decoding=\"async\" width=\"842\" height=\"595\" src=\"https:\/\/www.visitvarmland.com\/visitvarmland-org\/wp-content\/uploads\/sites\/20\/2021\/11\/storbritannien.png\" alt=\"\" class=\"wp-image-770\" srcset=\"https:\/\/www.visitvarmland.com\/app\/uploads\/sites\/20\/2021\/11\/storbritannien.png 842w, https:\/\/www.visitvarmland.com\/app\/uploads\/sites\/20\/2021\/11\/storbritannien-300x212.png 300w, https:\/\/www.visitvarmland.com\/app\/uploads\/sites\/20\/2021\/11\/storbritannien-768x543.png 768w, https:\/\/www.visitvarmland.com\/app\/uploads\/sites\/20\/2021\/11\/storbritannien-150x106.png 150w, https:\/\/www.visitvarmland.com\/app\/uploads\/sites\/20\/2021\/11\/storbritannien-600x424.png 600w\" sizes=\"auto, (max-width: 842px) 100vw, 842px\" \/><\/figure>\n\n\n\n<div class=\"wp-block-atheme-component-action-button atheme-wrapper--action-button-single\"><a href=\"https:\/\/corporate.visitsweden.com\/utlandsmarknader\/storbritannien\/\" target=\"_self\" class=\"a-action a-action--arrow\" rel=\"noopener\"><span>L\u00c4S MER OM STORBRITANNIEN<\/span><\/a><\/div>\n\n\n\n<figure class=\"wp-block-image size-large\"><img loading=\"lazy\" decoding=\"async\" width=\"842\" height=\"595\" src=\"https:\/\/www.visitvarmland.com\/visitvarmland-org\/wp-content\/uploads\/sites\/20\/2021\/11\/kina.png\" alt=\"\" class=\"wp-image-771\" srcset=\"https:\/\/www.visitvarmland.com\/app\/uploads\/sites\/20\/2021\/11\/kina.png 842w, https:\/\/www.visitvarmland.com\/app\/uploads\/sites\/20\/2021\/11\/kina-300x212.png 300w, https:\/\/www.visitvarmland.com\/app\/uploads\/sites\/20\/2021\/11\/kina-768x543.png 768w, https:\/\/www.visitvarmland.com\/app\/uploads\/sites\/20\/2021\/11\/kina-150x106.png 150w, https:\/\/www.visitvarmland.com\/app\/uploads\/sites\/20\/2021\/11\/kina-600x424.png 600w\" sizes=\"auto, (max-width: 842px) 100vw, 842px\" \/><\/figure>\n\n\n\n<p>Kina \u00e4r en m\u00e5lgrupp som&nbsp;v\u00e4xer sig allt starkare&nbsp;i V\u00e4rmland&nbsp;och vi hade fler antal&nbsp;g\u00e4stn\u00e4tter&nbsp;av kineser \u00e4n av danskar under 2019. Kinesernas&nbsp;boendeform&nbsp;p\u00e5 semestern&nbsp;\u00e4r n\u00e4stan&nbsp;helt&nbsp;uteslutande&nbsp;p\u00e5 hotell under&nbsp;h\u00f6gs\u00e4songsm\u00e5naderna&nbsp;juni, juli och augusti. &nbsp;<\/p>\n\n\n\n<p>Deras betalningsalternativ och digitala n\u00e4rvaro skiljer sig mot de andra m\u00e5lgrupperna, vid&nbsp;kortbetalning eller direktbetalning&nbsp;anv\u00e4nder de&nbsp;WeChat&nbsp;eller&nbsp;Alipay&nbsp;i smartphones.&nbsp;Om det inte \u00e4r m\u00f6jligt vill&nbsp;de helst&nbsp;anv\u00e4nda&nbsp;kontanter&nbsp;under sin semester.&nbsp;Deras st\u00f6rsta s\u00f6kmotor \u00e4r&nbsp;Baidu, d\u00e5 Google censureras eller&nbsp;inte f\u00e5r&nbsp;anv\u00e4ndas i Kina.<\/p>\n\n\n\n<div class=\"wp-block-atheme-component-action-button atheme-wrapper--action-button-single\"><a href=\"https:\/\/corporate.visitsweden.com\/utlandsmarknader\/kina\/\" target=\"_self\" class=\"a-action a-action--arrow\" rel=\"noopener\"><span>L\u00c4S MER OM KINA   <\/span><\/a><\/div>\n","protected":false},"excerpt":{"rendered":"<p>H\u00e4r kommer du att kunna l\u00e4sa mer om v\u00e5ra m\u00e5lgrupper och marknader Norge Norge&nbsp;\u00e4r&nbsp;V\u00e4rmlands&nbsp;st\u00f6rsta g\u00e4stnattbes\u00f6kare och&nbsp;statistiskt sett \u00e4r juli den starkaste h\u00f6gs\u00e4songsm\u00e5nanden. Norrm\u00e4nnens val av boendeform \u00e4r framf\u00f6rallt camping.&nbsp;Norge&nbsp;liknar Sverige&nbsp;n\u00e4r det&nbsp;kommer till val av betalningsalternativ,&nbsp;de betalar g\u00e4rna och n\u00e4stan helt uteslutande med sitt VISA-kort och Mastercard&nbsp;under sin semester.&nbsp;Vid s\u00f6kning av&nbsp;information om ett resm\u00e5l, turisttj\u00e4nst&nbsp;eller biljettpris [&hellip;]<\/p>\n","protected":false},"author":383,"featured_media":6331,"parent":4985,"menu_order":0,"comment_status":"closed","ping_status":"closed","template":"","meta":{"_acf_changed":false,"footnotes":""},"class_list":["post-5809","page","type-page","status-publish","has-post-thumbnail","hentry"],"acf":[],"lang":"sv","translations":{"sv":5809},"pll_sync_post":[],"_links":{"self":[{"href":"https:\/\/www.visitvarmland.com\/corporate\/wp-json\/wp\/v2\/pages\/5809","targetHints":{"allow":["GET"]}}],"collection":[{"href":"https:\/\/www.visitvarmland.com\/corporate\/wp-json\/wp\/v2\/pages"}],"about":[{"href":"https:\/\/www.visitvarmland.com\/corporate\/wp-json\/wp\/v2\/types\/page"}],"author":[{"embeddable":true,"href":"https:\/\/www.visitvarmland.com\/corporate\/wp-json\/wp\/v2\/users\/383"}],"replies":[{"embeddable":true,"href":"https:\/\/www.visitvarmland.com\/corporate\/wp-json\/wp\/v2\/comments?post=5809"}],"version-history":[{"count":3,"href":"https:\/\/www.visitvarmland.com\/corporate\/wp-json\/wp\/v2\/pages\/5809\/revisions"}],"predecessor-version":[{"id":6332,"href":"https:\/\/www.visitvarmland.com\/corporate\/wp-json\/wp\/v2\/pages\/5809\/revisions\/6332"}],"up":[{"embeddable":true,"href":"https:\/\/www.visitvarmland.com\/corporate\/wp-json\/wp\/v2\/pages\/4985"}],"wp:featuredmedia":[{"embeddable":true,"href":"https:\/\/www.visitvarmland.com\/corporate\/wp-json\/wp\/v2\/media\/6331"}],"wp:attachment":[{"href":"https:\/\/www.visitvarmland.com\/corporate\/wp-json\/wp\/v2\/media?parent=5809"}],"curies":[{"name":"wp","href":"https:\/\/api.w.org\/{rel}","templated":true}]}}