{"id":6127,"date":"2025-04-25T16:46:41","date_gmt":"2025-04-25T14:46:41","guid":{"rendered":"https:\/\/www.visitvarmland.com\/corporate\/?page_id=6127"},"modified":"2025-04-25T16:46:42","modified_gmt":"2025-04-25T14:46:42","slug":"sakerhet-i-besoksnaringen","status":"publish","type":"page","link":"https:\/\/www.visitvarmland.com\/corporate\/kunskapsbank\/sakerhet-i-besoksnaringen\/","title":{"rendered":"S\u00e4kerhet i bes\u00f6ksn\u00e4ringen"},"content":{"rendered":"\n<h2 class=\"wp-block-heading\">S\u00e4ker digitalisering<\/h2>\n\n\n\n<p>I en bransch som bes\u00f6ksn\u00e4ringen d\u00e4r alltmer av verksamheterna digitaliseras tillkommer ett behov av att ha kunskap kring den digitala s\u00e4ker\u00adheten och de risker och hot som finns. Bes\u00f6ks\u00adn\u00e4ringen digitaliseras allt mer med n\u00e4tverk, webbplatser och digitala boknings-\u00ad och kassasystem. Digitaliseringen bidrar till att minska det administrativa ar\u00adbetet och f\u00e5 smidigare, effektivare verksamheter, dels f\u00f6r att \u00f6ka marknadsf\u00f6ringen av f\u00f6retaget och bredda erbjudandet till kunder. Med digitaliseringen \u00f6kar \u00e4ven risker och hot. Det kan kan leda till att verksamheterna kan skadas exempelvis om data l\u00e4cker ut eller system ligger nere, vilket kan medf\u00f6ra att ocks\u00e5 verksamheten tillf\u00e4lligt inte kan bedrivas. Link\u00f6pings Sciencepark har p\u00e5 uppdrag av Tillv\u00e4xtverket sammanst\u00e4llt en rapport kring s\u00e4ker digitalisering i bes\u00f6ksn\u00e4ringen.<\/p>\n\n\n\n<div class=\"wp-block-atheme-component-action-button atheme-wrapper--action-button-single\"><a href=\"https:\/\/linkopingsciencepark.se\/wp-content\/uploads\/2022\/09\/rapport.pdf\" target=\"_self\" class=\"a-action a-action--arrow\" rel=\"noopener\"><span>S\u00e4ker digitalisering i bes\u00f6ksn\u00e4ringen<\/span><\/a><\/div>\n","protected":false},"excerpt":{"rendered":"<p>S\u00e4ker digitalisering I en bransch som bes\u00f6ksn\u00e4ringen d\u00e4r alltmer av verksamheterna digitaliseras tillkommer ett behov av att ha kunskap kring den digitala s\u00e4ker\u00adheten och de risker och hot som finns. Bes\u00f6ks\u00adn\u00e4ringen digitaliseras allt mer med n\u00e4tverk, webbplatser och digitala boknings-\u00ad och kassasystem. Digitaliseringen bidrar till att minska det administrativa ar\u00adbetet och f\u00e5 smidigare, effektivare verksamheter, [&hellip;]<\/p>\n","protected":false},"author":383,"featured_media":0,"parent":4985,"menu_order":0,"comment_status":"closed","ping_status":"closed","template":"","meta":{"_acf_changed":false,"footnotes":""},"class_list":["post-6127","page","type-page","status-publish","hentry"],"acf":[],"lang":"sv","translations":{"sv":6127},"pll_sync_post":[],"_links":{"self":[{"href":"https:\/\/www.visitvarmland.com\/corporate\/wp-json\/wp\/v2\/pages\/6127","targetHints":{"allow":["GET"]}}],"collection":[{"href":"https:\/\/www.visitvarmland.com\/corporate\/wp-json\/wp\/v2\/pages"}],"about":[{"href":"https:\/\/www.visitvarmland.com\/corporate\/wp-json\/wp\/v2\/types\/page"}],"author":[{"embeddable":true,"href":"https:\/\/www.visitvarmland.com\/corporate\/wp-json\/wp\/v2\/users\/383"}],"replies":[{"embeddable":true,"href":"https:\/\/www.visitvarmland.com\/corporate\/wp-json\/wp\/v2\/comments?post=6127"}],"version-history":[{"count":2,"href":"https:\/\/www.visitvarmland.com\/corporate\/wp-json\/wp\/v2\/pages\/6127\/revisions"}],"predecessor-version":[{"id":6164,"href":"https:\/\/www.visitvarmland.com\/corporate\/wp-json\/wp\/v2\/pages\/6127\/revisions\/6164"}],"up":[{"embeddable":true,"href":"https:\/\/www.visitvarmland.com\/corporate\/wp-json\/wp\/v2\/pages\/4985"}],"wp:attachment":[{"href":"https:\/\/www.visitvarmland.com\/corporate\/wp-json\/wp\/v2\/media?parent=6127"}],"curies":[{"name":"wp","href":"https:\/\/api.w.org\/{rel}","templated":true}]}}