{"id":199,"date":"2021-05-19T17:13:09","date_gmt":"2021-05-19T15:13:09","guid":{"rendered":"https:\/\/www.visitvarmland.com\/eda\/?page_id=199"},"modified":"2025-02-13T08:22:54","modified_gmt":"2025-02-13T07:22:54","slug":"resa-hit","status":"publish","type":"page","link":"https:\/\/www.visitvarmland.com\/eda\/resa-hit\/","title":{"rendered":"Resa hit"},"content":{"rendered":"\n<p><\/p>\n\n\n\n<h2 class=\"wp-block-heading\">Ta t\u00e5get till Eda<\/h2>\n\n\n\n<p>Att resa med t\u00e5g \u00e4r ett klimatsmart alternativ och det g\u00e5r att resa med t\u00e5g till Eda. Du kan ta dig till Eda med t\u00e5g fr\u00e5n b\u00e5de Stockholm och Oslo. D\u00e5 kommer du \u00e5ka stambanan som passerar genom \u00c5motfors och Charlottenberg, men det \u00e4r enbart <a href=\"https:\/\/www.varmlandstrafik.se\/\" target=\"_blank\" rel=\"noopener\">V\u00e4rmlandstrafiks<\/a> t\u00e5g som stannar. N\u00e4rmaste station \u00e4r Arvika och d\u00e4rifr\u00e5n finns f\u00f6rbindelser med t\u00e5g och buss till Eda.<\/p>\n\n\n\n<p>J\u00e4rnv\u00e4gsstationen i \u00c5motfors ligger p\u00e5 J\u00e4rnv\u00e4gsgatan n\u00e4ra centrum och Eda Skans Museum.<\/p>\n\n\n\n<p>J\u00e4rnv\u00e4gsstationen och Resecentrum i Charlottenberg ligger centralt vid Storgatan och med cirka 10 minuters promenad till Charlottenberg Shoppingcenter.<\/p>\n\n\n\n<div class=\"wp-block-atheme-component-action-button atheme-wrapper--action-button-single\"><a href=\"https:\/\/www.sj.se\/?a=b&amp;gclsrc=aw.ds&amp;ds_rl=1249642&amp;gad_source=1&amp;gclid=CjwKCAiAtYy9BhBcEiwANWQQLy90foLIXoDp_Ih-XIzcZQj9-7xGP8jO69fc7kW7NnI-N7ROzh-UwhoCkvMQAvD_BwE\" target=\"_blank\" class=\"a-action a-action--arrow\" rel=\"noopener\"><span>L\u00e4s mer om hur du reser till Eda med t\u00e5g<\/span><\/a><\/div>\n\n\n\n<h2 class=\"wp-block-heading\">Ta bussen till Eda<\/h2>\n\n\n\n<p>Till och inom Eda \u00e5ker du buss med <a href=\"https:\/\/www.varmlandstrafik.se\/\" target=\"_blank\" rel=\"noopener\">V\u00e4rmlandstrafik<\/a>. Bussf\u00f6rbindelser finns mellan t\u00e4torterna Charlottenberg, \u00c5motfors och Koppom, samt till H\u00e4ljeboda och Skillingsfors. Det finns \u00e4ven bussf\u00f6rbindelser till Charlottenberg fr\u00e5n Norge med <a href=\"https:\/\/innlandstrafikk.no\/\" target=\"_blank\" rel=\"noopener\">Innlandstrafikk<\/a>. Bussarna stannar vid Charlottenberg Shoppingcenter och Charlottenberg Resecentrum.<\/p>\n\n\n\n<p>Beh\u00f6ver ni anlita ett bussbolag f\u00f6r era transporter s\u00e5 finns \u00e4ven det i Eda. Kontakta <a href=\"https:\/\/skillingmarksbuss.se\/\" data-type=\"URL\" data-id=\"https:\/\/skillingmarksbuss.se\/\" target=\"_blank\" rel=\"noopener\">Skillingmarks Buss<\/a>, tel. +46 (0)76-80 80 538. <\/p>\n\n\n\n<div class=\"wp-block-atheme-component-action-button atheme-wrapper--action-button-single\"><a href=\"https:\/\/www.varmlandstrafik.se\/\" target=\"_self\" class=\"a-action a-action--arrow\" rel=\"noopener\"><span>L\u00e4s mer om V\u00e4rmlandstrafik<\/span><\/a><\/div>\n\n\n\n<figure class=\"wp-block-image size-large is-style-default\"><img loading=\"lazy\" decoding=\"async\" width=\"1024\" height=\"696\" src=\"https:\/\/www.visitvarmland.com\/eda\/wp-content\/uploads\/sites\/4\/2025\/02\/171016-Transport-03-webb-1024x696.png\" alt=\"\" class=\"wp-image-467\" srcset=\"https:\/\/www.visitvarmland.com\/app\/uploads\/sites\/4\/2025\/02\/171016-Transport-03-webb-1024x696.png 1024w, https:\/\/www.visitvarmland.com\/app\/uploads\/sites\/4\/2025\/02\/171016-Transport-03-webb-300x204.png 300w, https:\/\/www.visitvarmland.com\/app\/uploads\/sites\/4\/2025\/02\/171016-Transport-03-webb-768x522.png 768w, https:\/\/www.visitvarmland.com\/app\/uploads\/sites\/4\/2025\/02\/171016-Transport-03-webb-1536x1044.png 1536w, https:\/\/www.visitvarmland.com\/app\/uploads\/sites\/4\/2025\/02\/171016-Transport-03-webb-2048x1392.png 2048w, https:\/\/www.visitvarmland.com\/app\/uploads\/sites\/4\/2025\/02\/171016-Transport-03-webb-150x102.png 150w, https:\/\/www.visitvarmland.com\/app\/uploads\/sites\/4\/2025\/02\/171016-Transport-03-webb-600x408.png 600w\" sizes=\"auto, (max-width: 1024px) 100vw, 1024px\" \/><\/figure>\n\n\n\n<p><\/p>\n\n\n\n<h2 class=\"wp-block-heading\">Med flyg<\/h2>\n\n\n\n<p>Fr\u00e5n Charlottenberg \u00e4r det cirka 100 km till <a href=\"http:\/\/ksdarprt.se\/\" target=\"_blank\" rel=\"noreferrer noopener\">Karlstad flygplats<\/a> och 110 km till <a href=\"https:\/\/avinor.no\/flyplass\/oslo\/\" target=\"_blank\" rel=\"noopener\">Oslo Lufthavn Gardermoen<\/a>.&nbsp;<\/p>\n\n\n\n<h2 class=\"wp-block-heading\">Ta bilen till Eda<\/h2>\n\n\n\n<p>Genom Eda g\u00e5r riksv\u00e4g 61 som kommer fr\u00e5n Karlstad &#8211; Arvika och upp till norska gr\u00e4nsen, d\u00e4r forts\u00e4tter v\u00e4gen som rikvei 2 i Norge. Riksv\u00e4g 61 passerar b\u00e5de genom Charlottenberg och \u00c5motfors. V\u00e4g 177 kommer fr\u00e5n \u00c5rj\u00e4ng och till Eda vid Koppom.<\/p>\n\n\n\n<p>Det finns gott om gratis parkeringsplatser i samtliga t\u00e4torter. Parkeringsplatserna finns markerade i Eda Bes\u00f6kskarta.<\/p>\n\n\n\n<div class=\"wp-block-atheme-component-facts atheme-wrapper\"><div class=\"atheme-facts\"><h3>Avst\u00e5nd<\/h3><p>Fr\u00e5n Arvika \u00e4r det 38 km till Charlottenberg och 24 km till \u00c5motfors.<br>Fr\u00e5n \u00c5rj\u00e4ng \u00e4r det 37 km till Koppom.<br>Fr\u00e5n Kongsvinger \u00e4r det 43 km till Charlottenberg.<\/p><\/div><\/div>\n\n\n\n<h4 class=\"wp-block-heading\"><strong>Laddstationer<\/strong><\/h4>\n\n\n\n<p>Laddstationer finns vid Charlottenberg Shoppingcenter och Charlottenberg Handelspark.<\/p>\n\n\n\n<h4 class=\"wp-block-heading\"><strong>Bensinstationer<\/strong><\/h4>\n\n\n\n<p>InGo i Morokulien, Kungsv\u00e4gen 34<br>Cirkle K i Charlottenberg, Charlottenbergsv\u00e4gen 1<br>Preem i Charlottenberg, Emterudsv\u00e4gen 25<br>Shell Truck Diesel i Charlottenberg, H\u00f6kedalsv\u00e4gen 1 och i \u00c5motfors, Viksv\u00e4gen 1<br>Koppomsmacken AB i Koppom, Koppomsv\u00e4gen 19<\/p>\n\n\n\n<h4 class=\"wp-block-heading\"><strong>Bilverkst\u00e4der<\/strong><\/h4>\n\n\n\n<p>AD Bilverkstad, Snickarv\u00e4gen 7 Charlottenberg, 076-007 30 38<br>Autoexperten, K\u00e4llgatan 5 Charlottenberg, 0571-210 80<br>Meca Carservice, Industrigatan 3 Charlottenberg, 0571-200 35<br>Mekonomen, Industrigatan 7 Charlottenberg, 0571-220 10<br>Preem, Emterudsv\u00e4gen 25 Charlottenberg, 0571-208 40<br>\u00c5motfors Bilverkstad, Viks Gr\u00e4nd 1, 0571-314 12<br>Kenta`s Bil &amp; D\u00e4ck Service, Noreborg \u00c5motfors, 070-301 78 61<br>LK:s Bilb\u00e4rgning Bilservice, Norumsv\u00e4gen 5 \u00c5motfors, 0571-304 00<br>Allservice, Koppomsv\u00e4gen 31 Koppom, 0571-101 10<br>Stefans Bilreparationer, Hagtorpsv\u00e4gen 6 Koppom, 0571-108 52<br>Swe Baltin, Koppomsv\u00e4gen 10 Koppom, 070-848 97 11<br>H\u00f6gdahls Bilservice, Stora Koppom, 0571-106 30&nbsp;<\/p>\n\n\n\n<h4 class=\"wp-block-heading\">Ta taxi till Eda<\/h4>\n\n\n\n<p>Arvika-Eda Taxitransporter hj\u00e4lper dig till r\u00e4tt adress. Tel +46 (0)570-107 00, <a href=\"https:\/\/www.arvikataxi.se\/\" data-type=\"URL\" data-id=\"https:\/\/www.arvikataxi.se\/\" target=\"_blank\" rel=\"noopener\">www.arvikataxi.se<\/a><\/p>\n","protected":false},"excerpt":{"rendered":"<p>Ta t\u00e5get till Eda Att resa med t\u00e5g \u00e4r ett klimatsmart alternativ och det g\u00e5r att resa med t\u00e5g till Eda. Du kan ta dig till Eda med t\u00e5g fr\u00e5n b\u00e5de Stockholm och Oslo. D\u00e5 kommer du \u00e5ka stambanan som passerar genom \u00c5motfors och Charlottenberg, men det \u00e4r enbart V\u00e4rmlandstrafiks t\u00e5g som stannar. N\u00e4rmaste station [&hellip;]<\/p>\n","protected":false},"author":3,"featured_media":478,"parent":0,"menu_order":0,"comment_status":"closed","ping_status":"open","template":"","meta":{"_acf_changed":false,"footnotes":""},"class_list":["post-199","page","type-page","status-publish","has-post-thumbnail","hentry"],"acf":[],"lang":"sv","translations":{"sv":199,"en":659},"pll_sync_post":[],"_links":{"self":[{"href":"https:\/\/www.visitvarmland.com\/eda\/wp-json\/wp\/v2\/pages\/199","targetHints":{"allow":["GET"]}}],"collection":[{"href":"https:\/\/www.visitvarmland.com\/eda\/wp-json\/wp\/v2\/pages"}],"about":[{"href":"https:\/\/www.visitvarmland.com\/eda\/wp-json\/wp\/v2\/types\/page"}],"author":[{"embeddable":true,"href":"https:\/\/www.visitvarmland.com\/eda\/wp-json\/wp\/v2\/users\/3"}],"replies":[{"embeddable":true,"href":"https:\/\/www.visitvarmland.com\/eda\/wp-json\/wp\/v2\/comments?post=199"}],"version-history":[{"count":51,"href":"https:\/\/www.visitvarmland.com\/eda\/wp-json\/wp\/v2\/pages\/199\/revisions"}],"predecessor-version":[{"id":665,"href":"https:\/\/www.visitvarmland.com\/eda\/wp-json\/wp\/v2\/pages\/199\/revisions\/665"}],"wp:featuredmedia":[{"embeddable":true,"href":"https:\/\/www.visitvarmland.com\/eda\/wp-json\/wp\/v2\/media\/478"}],"wp:attachment":[{"href":"https:\/\/www.visitvarmland.com\/eda\/wp-json\/wp\/v2\/media?parent=199"}],"curies":[{"name":"wp","href":"https:\/\/api.w.org\/{rel}","templated":true}]}}