{"id":384,"date":"2024-12-18T16:24:10","date_gmt":"2024-12-18T15:24:10","guid":{"rendered":"https:\/\/www.visitvarmland.com\/eda\/?page_id=384"},"modified":"2025-02-13T09:24:17","modified_gmt":"2025-02-13T08:24:17","slug":"vinter-i-eda","status":"publish","type":"page","link":"https:\/\/www.visitvarmland.com\/eda\/vinter-i-eda\/","title":{"rendered":"Vinter i Eda"},"content":{"rendered":"\n<figure class=\"wp-block-image size-large\"><img loading=\"lazy\" decoding=\"async\" width=\"1024\" height=\"810\" src=\"https:\/\/www.visitvarmland.com\/eda\/wp-content\/uploads\/sites\/4\/2024\/11\/Eda-Valfjallet-1388-1024x810.jpg\" alt=\"Snowboard\u00e5kare i luften med vita byxor och gr\u00f6n jacka\" class=\"wp-image-363\" style=\"aspect-ratio:4\/3;object-fit:cover\" srcset=\"https:\/\/www.visitvarmland.com\/app\/uploads\/sites\/4\/2024\/11\/Eda-Valfjallet-1388-1024x810.jpg 1024w, https:\/\/www.visitvarmland.com\/app\/uploads\/sites\/4\/2024\/11\/Eda-Valfjallet-1388-300x237.jpg 300w, https:\/\/www.visitvarmland.com\/app\/uploads\/sites\/4\/2024\/11\/Eda-Valfjallet-1388-768x607.jpg 768w, https:\/\/www.visitvarmland.com\/app\/uploads\/sites\/4\/2024\/11\/Eda-Valfjallet-1388-150x119.jpg 150w, https:\/\/www.visitvarmland.com\/app\/uploads\/sites\/4\/2024\/11\/Eda-Valfjallet-1388-600x474.jpg 600w, https:\/\/www.visitvarmland.com\/app\/uploads\/sites\/4\/2024\/11\/Eda-Valfjallet-1388.jpg 1142w\" sizes=\"auto, (max-width: 1024px) 100vw, 1024px\" \/><\/figure>\n\n\n\n<p><\/p>\n\n\n\n<h2 class=\"wp-block-heading\">Valfj\u00e4llet Skicenter<\/h2>\n\n\n\n<p>Valfj\u00e4llet erbjuder perfekt skid\u00e5kning f\u00f6r hela familjen. N\u00e4r hela backen \u00e4r \u00f6ppen har du tillg\u00e5ng till fem liftar, tolv nedfarter, Funpark med Airbag och rails samt en Skicross-bana. \u00c4r du nyb\u00f6rjare s\u00e5 beh\u00f6ver du inte vara orolig, h\u00e4r finns skidor att hyra och skidskola om du vill l\u00e4ra dig grunderna innan du susar ned f\u00f6r backen. Du bor bekv\u00e4mt i Dr\u00f6mbyn n\u00e4ra liftarna. Villavagnarna \u00e4r p\u00e5 40 kvm och har tre sovrum i varje, tv\u00e5 av rummen har tv\u00e5 enkels\u00e4ngar vardera och ett rum har dubbels\u00e4ng. Det finns \u00e4ven bad med dusch samt allrum med fullt utrustat k\u00f6k. P\u00e5 omr\u00e5det finns ocks\u00e5 en husvagnscamping, Valfj\u00e4llskrogen, grillplatser och v\u00e4rmestugor.<\/p>\n\n\n\n<div class=\"wp-block-atheme-component-action-button atheme-wrapper--action-button-single\"><a href=\"https:\/\/www.valfjallet.se\/vinter\" target=\"_blank\" class=\"a-action a-action--arrow\" rel=\"noopener\"><span>L\u00e4s mer och boka ditt bes\u00f6k p\u00e5 Valfj\u00e4llets Skicenter<\/span><\/a><\/div>\n\n\n\n<figure class=\"wp-block-image size-full\"><img loading=\"lazy\" decoding=\"async\" width=\"2560\" height=\"1703\" src=\"https:\/\/www.visitvarmland.com\/eda\/wp-content\/uploads\/sites\/4\/2025\/02\/K.E-2-webb.png\" alt=\"Sn\u00f6landskap med skotersp\u00e5r mot solen, bl\u00e5 himmel med l\u00e4tta moln\" class=\"wp-image-437\" style=\"aspect-ratio:4\/3;object-fit:cover\" srcset=\"https:\/\/www.visitvarmland.com\/app\/uploads\/sites\/4\/2025\/02\/K.E-2-webb.png 2560w, https:\/\/www.visitvarmland.com\/app\/uploads\/sites\/4\/2025\/02\/K.E-2-webb-300x200.png 300w, https:\/\/www.visitvarmland.com\/app\/uploads\/sites\/4\/2025\/02\/K.E-2-webb-1024x681.png 1024w, https:\/\/www.visitvarmland.com\/app\/uploads\/sites\/4\/2025\/02\/K.E-2-webb-768x511.png 768w, https:\/\/www.visitvarmland.com\/app\/uploads\/sites\/4\/2025\/02\/K.E-2-webb-1536x1022.png 1536w, https:\/\/www.visitvarmland.com\/app\/uploads\/sites\/4\/2025\/02\/K.E-2-webb-2048x1362.png 2048w, https:\/\/www.visitvarmland.com\/app\/uploads\/sites\/4\/2025\/02\/K.E-2-webb-150x100.png 150w, https:\/\/www.visitvarmland.com\/app\/uploads\/sites\/4\/2025\/02\/K.E-2-webb-600x399.png 600w\" sizes=\"auto, (max-width: 2560px) 100vw, 2560px\" \/><\/figure>\n\n\n\n<p><\/p>\n\n\n\n<h2 class=\"wp-block-heading\">L\u00e4ngd\u00e5kning<\/h2>\n\n\n\n<p>N\u00e4r sn\u00f6tillg\u00e5ngen och vinterv\u00e4dret till\u00e5ter har vi flera m\u00f6jligheter till l\u00e4ngdskid\u00e5kning i Eda. <a href=\"https:\/\/www.skidspar.se\/varmland\/eda\/valfjallet-skicenter\" data-type=\"link\" data-id=\"https:\/\/www.skidspar.se\/varmland\/eda\/valfjallet-skicenter\" target=\"_blank\" rel=\"noopener\">Valfj\u00e4llet<\/a> k\u00f6r upp l\u00e4ngdskidsp\u00e5r mot <a href=\"https:\/\/www.skidspar.se\/varmland\/eda\/kiolasen-skidstadion\" target=\"_blank\" rel=\"noopener\">Ki\u00f6l\u00e5sens skidstadion<\/a>. Det kanske mest sn\u00f6s\u00e4kra omr\u00e5det ligger vid <a href=\"https:\/\/www.skidspar.se\/varmland\/eda\/sagesatra\" target=\"_blank\" rel=\"noopener\">Sages\u00e4tra<\/a>. Omr\u00e5det h\u00e4r erbjuder flacka l\u00e4ngdskidsp\u00e5r \u00f6ver myrar och mossar. Du kan v\u00e4lja mellan 7 eller 9 kilometer med ett naturligt stopp vid vindskyddet med grillm\u00f6jligheter. Vill du g\u00f6ra en kortare rundslinga kan du v\u00e4lja ett skidsp\u00e5r vid Eda Golfbana Noresund vid <a href=\"https:\/\/www.skidspar.se\/varmland\/eda\/skottvika-skidstadion\" data-type=\"link\" data-id=\"https:\/\/www.skidspar.se\/varmland\/eda\/skottvika-skidstadion\" target=\"_blank\" rel=\"noopener\">Sk\u00f6ttvika<\/a> i \u00c5motfors eller i <a href=\"https:\/\/www.skidspar.se\/varmland\/eda\/tallmon\" data-type=\"link\" data-id=\"https:\/\/www.skidspar.se\/varmland\/eda\/tallmon\" target=\"_blank\" rel=\"noopener\">Tallmon<\/a>, Charlottenberg.<\/p>\n\n\n\n<figure class=\"wp-block-image size-large\"><img loading=\"lazy\" decoding=\"async\" width=\"1024\" height=\"498\" src=\"https:\/\/www.visitvarmland.com\/eda\/wp-content\/uploads\/sites\/4\/2024\/12\/Hag-C-1-1024x498.jpg\" alt=\"\" class=\"wp-image-365\" style=\"aspect-ratio:4\/3;object-fit:cover\" srcset=\"https:\/\/www.visitvarmland.com\/app\/uploads\/sites\/4\/2024\/12\/Hag-C-1-1024x498.jpg 1024w, https:\/\/www.visitvarmland.com\/app\/uploads\/sites\/4\/2024\/12\/Hag-C-1-300x146.jpg 300w, https:\/\/www.visitvarmland.com\/app\/uploads\/sites\/4\/2024\/12\/Hag-C-1-768x373.jpg 768w, https:\/\/www.visitvarmland.com\/app\/uploads\/sites\/4\/2024\/12\/Hag-C-1-1536x747.jpg 1536w, https:\/\/www.visitvarmland.com\/app\/uploads\/sites\/4\/2024\/12\/Hag-C-1-2048x995.jpg 2048w, https:\/\/www.visitvarmland.com\/app\/uploads\/sites\/4\/2024\/12\/Hag-C-1-150x73.jpg 150w, https:\/\/www.visitvarmland.com\/app\/uploads\/sites\/4\/2024\/12\/Hag-C-1-600x292.jpg 600w\" sizes=\"auto, (max-width: 1024px) 100vw, 1024px\" \/><\/figure>\n\n\n\n<p><\/p>\n\n\n\n<h2 class=\"wp-block-heading\">Isfiske<\/h2>\n\n\n\n<p>N\u00e4r isarna \u00e4r som starkast finns det fina fiskem\u00f6jligheter runt om i Eda. P\u00e5 <a href=\"https:\/\/edafiske.se\/\" data-type=\"link\" data-id=\"https:\/\/edafiske.se\/\" target=\"_blank\" rel=\"noopener\">Eda Fiske och Natur<\/a> kan du l\u00e4sa mer om fiskevatten och fiskekort. Varje fiskev\u00e5rdsf\u00f6rening kan ha specifika regler f\u00f6r isfiske. Den vanligaste f\u00e5ngsten vid pimpelfiske \u00e4r abborre och m\u00f6rt. Vid ismete \u00e4r g\u00e4dda vanligast. Det finns \u00e4ven fiskeguider du kan ta kontakt med f\u00f6r att f\u00e5 de b\u00e4sta tipsen. <\/p>\n\n\n\n<figure class=\"wp-block-image size-full\"><img loading=\"lazy\" decoding=\"async\" width=\"960\" height=\"639\" src=\"https:\/\/www.visitvarmland.com\/eda\/wp-content\/uploads\/sites\/4\/2024\/12\/skridskor2_0.jpeg\" alt=\"\" class=\"wp-image-389\" style=\"aspect-ratio:4\/3;object-fit:cover\" srcset=\"https:\/\/www.visitvarmland.com\/app\/uploads\/sites\/4\/2024\/12\/skridskor2_0.jpeg 960w, https:\/\/www.visitvarmland.com\/app\/uploads\/sites\/4\/2024\/12\/skridskor2_0-300x200.jpeg 300w, https:\/\/www.visitvarmland.com\/app\/uploads\/sites\/4\/2024\/12\/skridskor2_0-768x511.jpeg 768w, https:\/\/www.visitvarmland.com\/app\/uploads\/sites\/4\/2024\/12\/skridskor2_0-150x100.jpeg 150w, https:\/\/www.visitvarmland.com\/app\/uploads\/sites\/4\/2024\/12\/skridskor2_0-600x399.jpeg 600w\" sizes=\"auto, (max-width: 960px) 100vw, 960px\" \/><\/figure>\n\n\n\n<p><\/p>\n\n\n\n<h2 class=\"wp-block-heading\">Skridsko\u00e5kning<\/h2>\n\n\n\n<p>Skridsko\u00e5kningen p\u00e5 v\u00e5ra fina sj\u00f6isar \u00e4r fantastisk n\u00e4r v\u00e4dret till\u00e5ter, men f\u00f6r att vara p\u00e5 den s\u00e4kra sidan kan du bes\u00f6ka <a href=\"https:\/\/www.visitvarmland.com\/eda\/skridskoakning-granshallen\" data-type=\"link\" data-id=\"https:\/\/www.visitvarmland.com\/eda\/skridskoakning-granshallen\">Gr\u00e4nshallen i Charlottenberg<\/a>. Ishallen \u00e4r Charlottenbergs Hockeyklubbs hemmaarena, men de har \u00e4ven utrymme f\u00f6r allm\u00e4nhetens \u00e5kning b\u00e5de med och utan klubba. Tiderna f\u00f6r detta \u00e4r schemalagda f\u00f6r en vecka \u00e5t g\u00e5ngen under hela s\u00e4songen.<\/p>\n\n\n\n<figure class=\"wp-block-image size-full\"><img decoding=\"async\" src=\"https:\/\/www.visitvarmland.com\/eda\/wp-content\/uploads\/sites\/4\/2024\/12\/1000000024.jpg\" alt=\"\" class=\"wp-image-390\" style=\"aspect-ratio:4\/3;object-fit:cover\"\/><\/figure>\n\n\n\n<p><\/p>\n\n\n\n<h2 class=\"wp-block-heading\">Bowling<\/h2>\n\n\n\n<p>Efter en dag i skidbacken kan det vara sk\u00f6nt att g\u00f6ra n\u00e5gonting annat. D\u00e5 kan en timmes bowling p\u00e5 <a href=\"https:\/\/escape-eda.se\/\" data-type=\"link\" data-id=\"https:\/\/escape-eda.se\/\" target=\"_blank\" rel=\"noopener\">Escape<\/a> i Charlottenberg vara ett bra alternativ. Det passar hela familjen och de minsta barnen kan f\u00e5 staket p\u00e5 sin bana. Efter bowlingen kan ni \u00e4ta n\u00e5got gott tillsammans i restaurangen. H\u00e4r finns \u00e4ven casino, shuffleboard, biljard och arkadspel.<\/p>\n\n\n\n<h2 class=\"wp-block-heading\">Fritidsbanken<\/h2>\n\n\n\n<p>Fritidsbanken i Eda ligger i \u00c5motfors. H\u00e4r kan du l\u00e5na utrustning till dina vinteraktiviteter helt gratis.<\/p>\n\n\n\n    <div class=\"cards-section-top\">\n                <h2>Aktiviteter<\/h2>\n        <a class=\"a-button\" href=\"\/aktiviteter\">Visa alla<\/a>\n    <\/div>\n    <section class=\"cards-section-wrapper\">\n        <div class=\"cards-section-slide\">\n            <!-- Card wrapper -->\n<article class=\"a-card a-card--turid\" link-finder     >\n                <div class=\"a-card__image a-card--turid__image\">\n                <div class=\"bg-img\" style=\"background-image:url(https:\/\/img.turid.visitvarmland.com\/e118d53c-c60b-4bf1-b331-5312ee7fe706\/750-utsikt.jpg?q=80&#038;fit=crop&#038;w=300&#038;h=210&#038;v=1&#038;);\"><\/div>\n            <\/div>\n                        <h2 class=\"a-card__title a-card--turid__title\"><a href=\"https:\/\/www.visitvarmland.com\/eda\/valfjallet-skicenter\" data-no-translation>Valfj\u00e4llet Skicenter<\/a><\/h2>\n                        <div class=\"a-card__content a-card--turid__content\">Perfekt skid\u00e5kning f\u00f6r hela familjen! Nedfarter p\u00e5 upp&hellip;<\/div>\n                        <div class=\"a-card__bottom-wrapper a-card--turid__bottom-wrapper\" style=\"background-image:url();\">                            <div class=\"a-card__favorite a-card--turid__favorite\"><i class=\"fal fa-heart\"><\/i><\/div>\n                        <div class=\"a-card__tag a-card--turid__tag\"><!-- Button wrapper -->\n\n<a class=\"a-tag a-tag--small\" href=\"https:\/\/www.visitvarmland.com\/aktiviteter\/skidakning\" target=\"_self\">\n    <span class='a-card--divider'>Skid\u00e5kning<\/span>\n    <\/a><\/div>\n                        <\/div>\n            <\/article><!-- Card wrapper -->\n<article class=\"a-card a-card--turid\" link-finder     >\n                <div class=\"a-card__image a-card--turid__image\">\n                <div class=\"bg-img\" style=\"background-image:url(https:\/\/img.turid.visitvarmland.com\/17857db4-945a-42de-8564-c45bcd20e215\/drombyn.jpg?q=80&#038;fit=crop&#038;w=300&#038;h=210&#038;v=1&#038;);\"><\/div>\n            <\/div>\n                        <h2 class=\"a-card__title a-card--turid__title\"><a href=\"https:\/\/www.visitvarmland.com\/eda\/drombyn\" data-no-translation>Dr\u00f6mbyn<\/a><\/h2>\n                        <div class=\"a-card__content a-card--turid__content\">Stugboende i direkt anslutning till Valfj\u00e4llet Skicenter. G\u00e5ngavst\u00e5nd&hellip;<\/div>\n                        <div class=\"a-card__bottom-wrapper a-card--turid__bottom-wrapper\" style=\"background-image:url();\">                            <div class=\"a-card__favorite a-card--turid__favorite\"><i class=\"fal fa-heart\"><\/i><\/div>\n                        <div class=\"a-card__tag a-card--turid__tag\"><!-- Button wrapper -->\n\n<a class=\"a-tag a-tag--small\" href=\"https:\/\/www.visitvarmland.com\/boende\/stugor\" target=\"_self\">\n    <span class='a-card--divider'>Stugor<\/span>\n    <\/a><\/div>\n                        <\/div>\n            <\/article><!-- Card wrapper -->\n<article class=\"a-card a-card--turid\" link-finder     >\n                <div class=\"a-card__image a-card--turid__image\">\n                <div class=\"bg-img\" style=\"background-image:url(https:\/\/img.turid.visitvarmland.com\/legacy\/Eda\/SAM_7847.JPG?q=80&#038;fit=crop&#038;w=300&#038;h=210&#038;v=1&#038;);\"><\/div>\n            <\/div>\n                        <h2 class=\"a-card__title a-card--turid__title\"><a href=\"https:\/\/www.visitvarmland.com\/eda\/mat-dryck\/valfjallskrogen\" data-no-translation>Valfj\u00e4llskrogen<\/a><\/h2>\n                        <div class=\"a-card__content a-card--turid__content\">Mysig krog med hemmak\u00e4nsla och fullst\u00e4ndiga r\u00e4ttigheter. God&hellip;<\/div>\n                        <div class=\"a-card__bottom-wrapper a-card--turid__bottom-wrapper\" style=\"background-image:url();\">                            <div class=\"a-card__favorite a-card--turid__favorite\"><i class=\"fal fa-heart\"><\/i><\/div>\n                        <div class=\"a-card__tag a-card--turid__tag\"><!-- Button wrapper -->\n\n<a class=\"a-tag a-tag--small\" href=\"https:\/\/www.visitvarmland.com\/mat-dryck\" target=\"_self\">\n    <span class='a-card--divider'>Mat &#038; dryck<\/span>\n    <\/a><\/div>\n                        <\/div>\n            <\/article><!-- Card wrapper -->\n<article class=\"a-card a-card--turid\" link-finder     >\n                <div class=\"a-card__image a-card--turid__image\">\n                <div class=\"bg-img\" style=\"background-image:url(https:\/\/img.turid.visitvarmland.com\/legacy\/Eda\/sagosatra.jpeg?q=80&#038;fit=crop&#038;w=300&#038;h=210&#038;v=1&#038;);\"><\/div>\n            <\/div>\n                        <h2 class=\"a-card__title a-card--turid__title\"><a href=\"https:\/\/www.visitvarmland.com\/eda\/aktiviteter\/skidakning\/langdskidakning-vid-sagesatra\" data-no-translation>L\u00e4ngdskid\u00e5kning vid Sages\u00e4tra<\/a><\/h2>\n                        <div class=\"a-card__content a-card--turid__content\">Sages\u00e4tra \u00e4r ett fantastiskt fint skidomr\u00e5de i sydv\u00e4stra&hellip;<\/div>\n                        <div class=\"a-card__bottom-wrapper a-card--turid__bottom-wrapper\" style=\"background-image:url();\">                            <div class=\"a-card__favorite a-card--turid__favorite\"><i class=\"fal fa-heart\"><\/i><\/div>\n                        <div class=\"a-card__tag a-card--turid__tag\"><!-- Button wrapper -->\n\n<a class=\"a-tag a-tag--small\" href=\"https:\/\/www.visitvarmland.com\/aktiviteter\/skidakning\" target=\"_self\">\n    <span class='a-card--divider'>Skid\u00e5kning<\/span>\n    <\/a><\/div>\n                        <\/div>\n            <\/article><!-- Card wrapper -->\n<article class=\"a-card a-card--turid\" link-finder     >\n                <div class=\"a-card__image a-card--turid__image\">\n                <div class=\"bg-img\" style=\"background-image:url(https:\/\/img.turid.visitvarmland.com\/legacy\/Eda\/skridskor2_0.jpeg?q=80&#038;fit=crop&#038;w=300&#038;h=210&#038;v=1&#038;);\"><\/div>\n            <\/div>\n                        <h2 class=\"a-card__title a-card--turid__title\"><a href=\"https:\/\/www.visitvarmland.com\/eda\/skridskoakning-granshallen\" data-no-translation>Skridsko\u00e5kning &#8211; Gr\u00e4nshallen<\/a><\/h2>\n                        <div class=\"a-card__content a-card--turid__content\">Gr\u00e4nshallen \u00e4r \u00f6ppen f\u00f6r allm\u00e4nheten fr\u00e5n september till&hellip;<\/div>\n                        <div class=\"a-card__bottom-wrapper a-card--turid__bottom-wrapper\" style=\"background-image:url();\">                            <div class=\"a-card__favorite a-card--turid__favorite\"><i class=\"fal fa-heart\"><\/i><\/div>\n                        <div class=\"a-card__tag a-card--turid__tag\"><!-- Button wrapper -->\n\n<a class=\"a-tag a-tag--small\" href=\"https:\/\/www.visitvarmland.com\/aktiviteter\/ovriga-vinteraktiviteter\" target=\"_self\">\n    <span class='a-card--divider'>\u00d6vriga vinteraktiviteter<\/span>\n    <\/a><\/div>\n                        <\/div>\n            <\/article><!-- Card wrapper -->\n<article class=\"a-card a-card--turid\" link-finder     >\n                <div class=\"a-card__image a-card--turid__image\">\n                <div class=\"bg-img\" style=\"background-image:url(https:\/\/img.turid.visitvarmland.com\/legacy\/Munkfors\/Cross-country-ski_Foto%20Mostphotos_red%20Turid.jpeg?q=80&#038;fit=crop&#038;w=300&#038;h=210&#038;v=1&#038;);\"><\/div>\n            <\/div>\n                        <h2 class=\"a-card__title a-card--turid__title\"><a href=\"https:\/\/www.visitvarmland.com\/eda\/aktiviteter\/barn-familj\/fritidsbanken-eda\" data-no-translation>Fritidsbanken Eda<\/a><\/h2>\n                        <div class=\"a-card__content a-card--turid__content\">Fritidsbanken i Eda ligger vid Torget i \u00c5motfors.&hellip;<\/div>\n                        <div class=\"a-card__bottom-wrapper a-card--turid__bottom-wrapper\" style=\"background-image:url();\">                            <div class=\"a-card__favorite a-card--turid__favorite\"><i class=\"fal fa-heart\"><\/i><\/div>\n                        <div class=\"a-card__tag a-card--turid__tag\"><!-- Button wrapper -->\n\n<a class=\"a-tag a-tag--small\" href=\"https:\/\/www.visitvarmland.com\/aktiviteter\/barn-familj\" target=\"_self\">\n    <span class='a-card--divider'>Barn &#038; Familj<\/span>\n    <\/a><\/div>\n                        <\/div>\n            <\/article>        <\/div>\n        <button class=\"hero-scroll-icon section-scroll-side\" aria-label=\"Next\" aria-hidden=\"true\" tabindex=\"-1\">\n            <div class=\"pre-icon-dot\"><\/div>\n            <div class=\"pre-icon-dot\"><\/div>\n            <i class=\"fal fa-long-arrow-down\" aria-hidden=\"true\"><\/i>\n        <\/button>\n        <button class=\"hero-scroll-icon section-scroll-side-left section-scroll-side-left-hidden\" aria-label=\"Previous\" aria-hidden=\"true\" tabindex=\"-1\">\n            <div class=\"pre-icon-dot\"><\/div>\n            <div class=\"pre-icon-dot\"><\/div>\n            <i class=\"fal fa-long-arrow-down\" aria-hidden=\"true\"><\/i>\n        <\/button>\n    <\/section>\n\n\n\n\n\n<div class=\"wp-block-atheme-component-action-button atheme-wrapper--action-button-single\"><a href=\"https:\/\/www.visitvarmland.com\/eda\/\" target=\"_self\" class=\"a-action a-action--arrow\" rel=\"noopener\"><span>Tillbaka till Eda<\/span><\/a><\/div>\n","protected":false},"excerpt":{"rendered":"<p>Valfj\u00e4llet Skicenter Valfj\u00e4llet erbjuder perfekt skid\u00e5kning f\u00f6r hela familjen. N\u00e4r hela backen \u00e4r \u00f6ppen har du tillg\u00e5ng till fem liftar, tolv nedfarter, Funpark med Airbag och rails samt en Skicross-bana. \u00c4r du nyb\u00f6rjare s\u00e5 beh\u00f6ver du inte vara orolig, h\u00e4r finns skidor att hyra och skidskola om du vill l\u00e4ra dig grunderna innan du susar [&hellip;]<\/p>\n","protected":false},"author":391,"featured_media":0,"parent":0,"menu_order":0,"comment_status":"closed","ping_status":"closed","template":"","meta":{"_acf_changed":false,"footnotes":""},"class_list":["post-384","page","type-page","status-publish","hentry"],"acf":[],"lang":"sv","translations":{"sv":384,"en":683},"pll_sync_post":[],"_links":{"self":[{"href":"https:\/\/www.visitvarmland.com\/eda\/wp-json\/wp\/v2\/pages\/384","targetHints":{"allow":["GET"]}}],"collection":[{"href":"https:\/\/www.visitvarmland.com\/eda\/wp-json\/wp\/v2\/pages"}],"about":[{"href":"https:\/\/www.visitvarmland.com\/eda\/wp-json\/wp\/v2\/types\/page"}],"author":[{"embeddable":true,"href":"https:\/\/www.visitvarmland.com\/eda\/wp-json\/wp\/v2\/users\/391"}],"replies":[{"embeddable":true,"href":"https:\/\/www.visitvarmland.com\/eda\/wp-json\/wp\/v2\/comments?post=384"}],"version-history":[{"count":11,"href":"https:\/\/www.visitvarmland.com\/eda\/wp-json\/wp\/v2\/pages\/384\/revisions"}],"predecessor-version":[{"id":693,"href":"https:\/\/www.visitvarmland.com\/eda\/wp-json\/wp\/v2\/pages\/384\/revisions\/693"}],"wp:attachment":[{"href":"https:\/\/www.visitvarmland.com\/eda\/wp-json\/wp\/v2\/media?parent=384"}],"curies":[{"name":"wp","href":"https:\/\/api.w.org\/{rel}","templated":true}]}}