{"id":519,"date":"2025-02-12T13:10:32","date_gmt":"2025-02-12T12:10:32","guid":{"rendered":"https:\/\/www.visitvarmland.com\/eda\/?page_id=519"},"modified":"2025-08-21T11:56:19","modified_gmt":"2025-08-21T09:56:19","slug":"om-eda-2","status":"publish","type":"page","link":"https:\/\/www.visitvarmland.com\/eda\/om-eda-2\/","title":{"rendered":"Om Eda"},"content":{"rendered":"\n<h2 class=\"wp-block-heading\">Eda \u2013 en gr\u00e4nskommun med n\u00e4ra till allt<\/h2>\n\n\n\n<p>V\u00e4lkomna till v\u00e5r gr\u00e4nskommun med n\u00e4ra till allt. Eda ligger endast en och en halv timme med bil till Karlstad, lika l\u00e5ngt som till Norges huvudstad Oslo och \u00e4nnu n\u00e4rmare till den internationella flygplatsen Gardermoen samt Karlstad Airport. <\/p>\n\n\n\n<div class=\"wp-block-atheme-component-facts atheme-wrapper\"><div class=\"atheme-facts\"><h3>Visste du att&#8230;<\/h3><p>&#8230; I Eda finns totalt 12 naturreservat.&nbsp;<a href=\"https:\/\/www.visitvarmland.se\/sv\/gora\/naturreservatet-tallmon-56067\" target=\"_blank\" rel=\"noopener\">Tallmons Naturreservat&nbsp;<\/a>i Charlottenberg ligger centralt och bara ett stenkast fr\u00e5n shoppingutbudet. H\u00e4r finns olika motionssp\u00e5r, v\u00e4rmestuga, vindskydd och ett utegym.<\/p><\/div><\/div>\n\n\n\n<p>I Eda bor det cirka 8 600 inv\u00e5nare. De tre st\u00f6rsta t\u00e4torterna \u00e4r Charlottenberg, \u00c5motfors samt Koppom och de st\u00f6rsta sj\u00f6arna \u00e4r R\u00e4nken, Bysj\u00f6n, Hugn och Askesj\u00f6n.<\/p>\n\n\n\n<h2 class=\"wp-block-heading\">Ett ledande n\u00e4ringsliv och engagerat f\u00f6reningsliv<\/h2>\n\n\n\n<p>I Eda finns flera stora och ledande f\u00f6retag inom basindustrin, n\u00e5gra av de st\u00f6rsta f\u00f6retagen \u00e4r Norma Precision, Nordic Paper, Fundo Components, Hilmer Andersson och Crem International.<\/p>\n\n\n\n<p>H\u00e4r finns stora m\u00f6jligheter till gr\u00e4nshandel i <a href=\"https:\/\/charlottenbergsshopping.se\/\" target=\"_blank\" rel=\"noopener\">Charlottenberg Shoppingcenter<\/a> med 60 butiker. En del v\u00e4ljer att stanna p\u00e5&nbsp;<a href=\"https:\/\/www.visitvarmland.se\/sv\/bo\/hotell-charlottenberg-65873\" target=\"_blank\" rel=\"noopener\">Hotell Charlottenberg<\/a>&nbsp;\u00f6ver natten och kan njuta av v\u00e4llagad meny p\u00e5 kv\u00e4llen. Under dagtid kan du \u00e4ven hitta lunchrestauranger inne p\u00e5 k\u00f6pcentren och vid Storgatan.<\/p>\n\n\n\n<div class=\"wp-block-atheme-component-action-button atheme-wrapper--action-button-single\"><a href=\"https:\/\/www.visitvarmland.com\/eda\/tips-och-guider\/ata-i-eda\/\" target=\"_self\" class=\"a-action a-action--arrow\" rel=\"noopener\"><span>L\u00e4s mer om mat och fika i Eda<\/span><\/a><\/div>\n\n\n\n<p>F\u00f6reningslivet engagerar m\u00e5nga Edabor och lockar, med sina aktiviteter och evenemang, bes\u00f6kare under hela \u00e5ret. H\u00e4r finns ett brett sportintresse som g\u00f6r att ishallen i Charlottenberg och Sporthallarna i \u00c5motfors och Koppom utnyttjas flitigt. Dessutom ligger s\u00e5ng och musik m\u00e5nga varmt om hj\u00e4rtat. Under sommaren \u00f6ppnas hembygdsg\u00e5rdarna upp med utst\u00e4llningar, hantverk, lotterier, caf\u00e8er med hembakat br\u00f6d och underh\u00e5llning av lokala f\u00f6rm\u00e5gor. H\u00e4r anordnas \u00e4ven midsommarfirande, julmarknader och andra aktiviteter.<\/p>\n\n\n\n<div class=\"wp-block-atheme-component-facts atheme-wrapper\"><div class=\"atheme-facts\"><h3>Visste du att&#8230;<\/h3><p>&#8230; Det finns m\u00e5nga k\u00e4ndisar som har vuxit upp i Eda. H\u00e4r kommer n\u00e5gra k\u00e4nda namn som storslalom\u00e5karen Matts Olsson, skidskytten Mona Brorsson, Rallyf\u00f6raren Pontus Tidemand, operas\u00e5ngaren Annalena Persson och s\u00e5ngaren Mattias Holmgren. <\/p><\/div><\/div>\n\n\n\n<div class=\"wp-block-atheme-component-action-button atheme-wrapper--action-button-single\"><a href=\"https:\/\/www.visitvarmland.com\/aktiviteter?categories=aktiviteter&amp;municipalities=eda\" target=\"_self\" class=\"a-action a-action--arrow\" rel=\"noopener\"><span>Kolla vad som h\u00e4nder i Eda just nu<\/span><\/a><\/div>\n\n\n\n<figure class=\"wp-block-image size-large\"><img loading=\"lazy\" decoding=\"async\" width=\"1024\" height=\"617\" src=\"https:\/\/www.visitvarmland.com\/eda\/wp-content\/uploads\/sites\/4\/2024\/12\/img-9036-1024x617.jpg\" alt=\"\" class=\"wp-image-407\" srcset=\"https:\/\/www.visitvarmland.com\/app\/uploads\/sites\/4\/2024\/12\/img-9036-1024x617.jpg 1024w, https:\/\/www.visitvarmland.com\/app\/uploads\/sites\/4\/2024\/12\/img-9036-300x181.jpg 300w, https:\/\/www.visitvarmland.com\/app\/uploads\/sites\/4\/2024\/12\/img-9036-768x463.jpg 768w, https:\/\/www.visitvarmland.com\/app\/uploads\/sites\/4\/2024\/12\/img-9036-150x90.jpg 150w, https:\/\/www.visitvarmland.com\/app\/uploads\/sites\/4\/2024\/12\/img-9036-600x362.jpg 600w, https:\/\/www.visitvarmland.com\/app\/uploads\/sites\/4\/2024\/12\/img-9036.jpg 1500w\" sizes=\"auto, (max-width: 1024px) 100vw, 1024px\" \/><\/figure>\n\n\n\n<p><\/p>\n\n\n\n<h2 class=\"wp-block-heading\">Gr\u00e4ns\u00f6verskridande historia och kultur<\/h2>\n\n\n\n<p>Eda \u00e4r bland annat k\u00e4nt f\u00f6r sin gr\u00e4ns\u00f6verskridande historia och kultur. <a href=\"https:\/\/www.visitvarmland.se\/sv\/gora\/morokulien-fredsplats-45977\" target=\"_blank\" rel=\"noopener\">Gr\u00e4ns\u00f6verg\u00e5ngen i Morokulien<\/a>, vid rv 61\/rv 2 \u00e4r den n\u00e4st st\u00f6rsta \u00f6verfarten mellan Sverige och Norge. Morokulien \u00e4r framf\u00f6r allt k\u00e4nt f\u00f6r Fredsmonumentet fr\u00e5n 1914 som byggdes till minne av 100 \u00e5rs fred mellan de b\u00e5da l\u00e4nderna. I Morokulien startar Finnskogleden, en unik vildmarksled, 240 km, genom Finnskogen. Leden korsar riksgr\u00e4nsen flera g\u00e5nger.<\/p>\n\n\n\n<h4 class=\"wp-block-heading\">Morokulien, Eda Skans och Eda glasbruk<\/h4>\n\n\n\n<p>I Eda finns flera museum och m\u00e5nga gr\u00e4nshistoriska minnesm\u00e4rken som \u00e4r v\u00e4rda ett bes\u00f6k. Fredsmonumentet i Morokulien,&nbsp;<a href=\"https:\/\/www.visitvarmland.se\/sv\/gora\/eda-skans-28367\" target=\"_blank\" rel=\"noopener\">Eda Skans<\/a>&nbsp;och&nbsp;<a href=\"https:\/\/www.visitvarmland.se\/sv\/gora\/eda-skans-museum-35001\" target=\"_blank\" rel=\"noopener\">Eda Skans Museum<\/a>,<a href=\"https:\/\/www.visitvarmland.se\/sv\/gora\/museet-beredskapsara-28258\" target=\"_blank\" rel=\"noopener\">&nbsp;Mus\u00e8et Beredskaps\u00e5ra<\/a>,&nbsp;<a href=\"https:\/\/www.visitvarmland.se\/sv\/gora\/skansen-hultet-31751\" target=\"_blank\" rel=\"noopener\">Skansen Hultet<\/a>&nbsp;och&nbsp;<a href=\"https:\/\/www.visitvarmland.se\/sv\/gora\/eda-glasmuseum-29450\" target=\"_blank\" rel=\"noopener\">Eda Glasmuseum<\/a>. Eda Glasbruk lades ner 1953, men mycket glas och andra f\u00f6rem\u00e5l finns bevarat och nu finns \u00e4ven en ugn f\u00f6r produktion i mindre skala. Varje sommar visas en temautst\u00e4llning ut\u00f6ver den vanliga utst\u00e4llningen.<\/p>\n\n\n\n<div class=\"wp-block-atheme-component-action-button atheme-wrapper--action-button-single\"><a href=\"https:\/\/www.visitvarmland.com\/eda\/tips-och-guider\/se-och-gora-i-eda\/\" target=\"_self\" class=\"a-action a-action--arrow\" rel=\"noopener\"><span>L\u00e4s mer om kultur i Eda<\/span><\/a><\/div>\n\n\n\n<figure class=\"wp-block-image size-full\"><img loading=\"lazy\" decoding=\"async\" width=\"1000\" height=\"665\" src=\"https:\/\/www.visitvarmland.com\/eda\/wp-content\/uploads\/sites\/4\/2023\/06\/kajaker.jpg\" alt=\"\" class=\"wp-image-252\" srcset=\"https:\/\/www.visitvarmland.com\/app\/uploads\/sites\/4\/2023\/06\/kajaker.jpg 1000w, https:\/\/www.visitvarmland.com\/app\/uploads\/sites\/4\/2023\/06\/kajaker-300x200.jpg 300w, https:\/\/www.visitvarmland.com\/app\/uploads\/sites\/4\/2023\/06\/kajaker-768x511.jpg 768w, https:\/\/www.visitvarmland.com\/app\/uploads\/sites\/4\/2023\/06\/kajaker-18x12.jpg 18w, https:\/\/www.visitvarmland.com\/app\/uploads\/sites\/4\/2023\/06\/kajaker-150x100.jpg 150w, https:\/\/www.visitvarmland.com\/app\/uploads\/sites\/4\/2023\/06\/kajaker-600x399.jpg 600w\" sizes=\"auto, (max-width: 1000px) 100vw, 1000px\" \/><\/figure>\n\n\n\n<p><\/p>\n\n\n\n<h2 class=\"wp-block-heading\">Aktiviteter i Eda<\/h2>\n\n\n\n<p>Under sommaren lockar vandring, paddling, fiske och bad. Vid sj\u00f6n Hugn ligger <a href=\"https:\/\/www.visitvarmland.se\/sv\/gora\/eda-golfklubb-noresund-29459\" data-type=\"link\" data-id=\"https:\/\/www.visitvarmland.se\/sv\/gora\/eda-golfklubb-noresund-29459\" target=\"_blank\" rel=\"noopener\">Eda Golfklubb<\/a> med 18 h\u00e5l och fantastisk sj\u00f6utsikt. <a href=\"https:\/\/www.visitvarmland.se\/sv\/gora\/pilgrimsleden-vastra-varmland-40664\" target=\"_blank\" rel=\"noopener\">Pilgrimsleden V\u00e4stra V\u00e4rmland <\/a>str\u00e4cker sig genom kommunen l\u00e4ngs den gamla j\u00e4rnv\u00e4gsbanken fr\u00e5n Koppom till Skillingmark \u2013 perfekt f\u00f6r en natursk\u00f6n vandring.<\/p>\n\n\n\n<p>P\u00e5 vintern \u00e4r <a href=\"https:\/\/www.visitvarmland.se\/sv\/gora\/valfjallet-skicenter-35070\" data-type=\"link\" data-id=\"https:\/\/www.visitvarmland.se\/sv\/gora\/valfjallet-skicenter-35070\" target=\"_blank\" rel=\"noopener\">Valfj\u00e4llet Skicenter<\/a> ett popul\u00e4rt bes\u00f6ksm\u00e5l med sina fem liftar och tolv nedfarter. H\u00e4r finns \u00e4ven skiduthyrning och skidskola. Valter h\u00e4lsar alla barnfamiljer v\u00e4lkomna!<\/p>\n\n\n\n<div class=\"wp-block-atheme-component-facts atheme-wrapper\"><div class=\"atheme-facts\"><h3>Visste du att&#8230;<\/h3><p>&#8230; Eda har l\u00e4nge varit k\u00e4nt f\u00f6r att ha en vit \u00e4lgstam. I dag finns det cirka 15 vita \u00e4lgar och har man tur kan man f\u00e5 syn p\u00e5 n\u00e5gon av dessa n\u00e4r man vistas i kommunen.<\/p><\/div><\/div>\n\n\n\n<p>H\u00e4ljeboda ligger l\u00e4ngst norrut i Eda. Hit kommer m\u00e5nga som vill paddla kanot eller kajak, cykla, vandra, fiska eller bara vistas n\u00e4ra naturen. I v\u00e4stra delen av Eda ligger Skillingsfors. H\u00e4r kan du paddla kanot, vandra, fiska och bes\u00f6ka ett popul\u00e4rt v\u00e5ffelcaf\u00e8.&nbsp;<a href=\"https:\/\/www.visitvarmland.se\/sv\/gora\/skillingmarks-hembygdsgard-28913\" target=\"_blank\" rel=\"noopener\">Skillingmarks Hembygdsg\u00e5rd<\/a>, \u00e4ven kallad Frammeg\u00e5rden, \u00e4r kanske mer k\u00e4nt under namnet \u201dSp\u00f6kg\u00e5rden\u201d. H\u00e4r kan den som v\u00e5gar prova p\u00e5 en \u00f6vernattning. Bes\u00f6ker du Skillingmark under vintertid s\u00e5 \u00e4r ett bes\u00f6k i&nbsp;<a href=\"https:\/\/www.visitvarmland.se\/sv\/gora\/bryelsegrottan-28371\" target=\"_blank\" rel=\"noopener\">Bryelsegrottan<\/a>&nbsp;v\u00e4l v\u00e4rt ett bes\u00f6k. Denna grotta bildas d\u00e5 vattnet fr\u00e5n myrarna rinner ner \u00f6ver berget och fryser till is.<\/p>\n\n\n\n<div class=\"wp-block-atheme-component-action-button atheme-wrapper--action-button-single\"><a href=\"https:\/\/www.visitvarmland.com\/eda\/tips-och-guider\/se-och-gora-i-eda\/\" target=\"_self\" class=\"a-action a-action--arrow\" rel=\"noopener\"><span>L\u00e4s mer om vad du kan se och g\u00f6ra i Eda<\/span><\/a><\/div>\n\n\n\n<figure class=\"wp-block-image size-large\"><img loading=\"lazy\" decoding=\"async\" width=\"1024\" height=\"683\" src=\"https:\/\/www.visitvarmland.com\/eda\/wp-content\/uploads\/sites\/4\/2024\/12\/superiorrum-1-1024x683.jpg\" alt=\"\" class=\"wp-image-369\" srcset=\"https:\/\/www.visitvarmland.com\/app\/uploads\/sites\/4\/2024\/12\/superiorrum-1-1024x683.jpg 1024w, https:\/\/www.visitvarmland.com\/app\/uploads\/sites\/4\/2024\/12\/superiorrum-1-300x200.jpg 300w, https:\/\/www.visitvarmland.com\/app\/uploads\/sites\/4\/2024\/12\/superiorrum-1-768x512.jpg 768w, https:\/\/www.visitvarmland.com\/app\/uploads\/sites\/4\/2024\/12\/superiorrum-1-1536x1024.jpg 1536w, https:\/\/www.visitvarmland.com\/app\/uploads\/sites\/4\/2024\/12\/superiorrum-1-2048x1365.jpg 2048w, https:\/\/www.visitvarmland.com\/app\/uploads\/sites\/4\/2024\/12\/superiorrum-1-150x100.jpg 150w, https:\/\/www.visitvarmland.com\/app\/uploads\/sites\/4\/2024\/12\/superiorrum-1-600x400.jpg 600w, https:\/\/www.visitvarmland.com\/app\/uploads\/sites\/4\/2024\/12\/superiorrum-1-1200x800.jpg 1200w\" sizes=\"auto, (max-width: 1024px) 100vw, 1024px\" \/><\/figure>\n\n\n\n<p><\/p>\n\n\n\n<h2 class=\"wp-block-heading\">Boende i Eda<\/h2>\n\n\n\n<p>Oavsett om du vill \u00f6vernatten i en lyxig svit, i en stuga eller i ett t\u00e4lt med naturen en arml\u00e4ngd bort s\u00e5 har Eda n\u00e5got f\u00f6r dig.&nbsp;<a href=\"https:\/\/www.visitvarmland.se\/sv\/bo\/hotell-charlottenberg-65873\" target=\"_blank\" rel=\"noopener\">Hotell Charlottenberg<\/a>&nbsp;\u00e4r ett konferenshotell mitt emellan Olav Thons shoppingbyggnader. H\u00e4r serveras dagligen en popul\u00e4r lunchbuff\u00e8 och under kv\u00e4llstid kan man v\u00e4lja fr\u00e5n meny med husmanskost. Ett annat popul\u00e4rt bes\u00f6k \u00e4r <a href=\"https:\/\/www.visitvarmland.se\/en\/stay\/charlottenberg-camping-haganaset-27672\" target=\"_blank\" rel=\"noopener\">Charlottenberg Camping &amp; Stugor Hagan\u00e4set<\/a>. Campingen ligger n\u00e4ra riksv\u00e4g 61 och vid Bysj\u00f6ns strand. <\/p>\n\n\n\n<p>Eda Bes\u00f6kskarta finns att ladda ner fr\u00e5n startsidan. Du kan \u00e4ven maila kommun@eda.se s\u00e5 skickar vi en karta till dig.<\/p>\n\n\n\n<div class=\"wp-block-atheme-component-action-button atheme-wrapper--action-button-single\"><a href=\"https:\/\/www.visitvarmland.com\/eda\/tips-och-guider\/boenden-i-eda\/\" target=\"_self\" class=\"a-action a-action--arrow\" rel=\"noopener\"><span>L\u00e4s mer om boenden i Eda<\/span><\/a><\/div>\n\n\n\n    <div class=\"cards-section-top\">\n                <h2>Aktiviteter<\/h2>\n        <a class=\"a-button\" href=\"\/aktiviteter\">Visa alla<\/a>\n    <\/div>\n    <section class=\"cards-section-wrapper\">\n        <div class=\"cards-section-slide\">\n            <!-- Card wrapper -->\n<article class=\"a-card a-card--turid\" link-finder     >\n                <div class=\"a-card__image a-card--turid__image\">\n                <div class=\"bg-img\" style=\"background-image:url(https:\/\/img.turid.visitvarmland.com\/legacy\/Eda\/Screenshot_20210407-105258_Instagram.jpeg?q=80&#038;fit=crop&#038;w=300&#038;h=210&#038;v=1&#038;);\"><\/div>\n            <\/div>\n                        <h2 class=\"a-card__title a-card--turid__title\"><a href=\"https:\/\/www.visitvarmland.com\/eda\/aktiviteter\/eda-golfklubb-noresund\" data-no-translation>Eda Golfklubb Noresund<\/a><\/h2>\n                        <div class=\"a-card__content a-card--turid__content\">Vacker 18-h\u00e5lsbana vid sj\u00f6n Hugn, restaurang, \u00f6vernattningsm\u00f6jligheter i&hellip;<\/div>\n                        <div class=\"a-card__bottom-wrapper a-card--turid__bottom-wrapper\" style=\"background-image:url();\">                            <div class=\"a-card__favorite a-card--turid__favorite\"><i class=\"fal fa-heart\"><\/i><\/div>\n                        <div class=\"a-card__tag a-card--turid__tag\"><!-- Button wrapper -->\n\n<a class=\"a-tag a-tag--small\" href=\"https:\/\/www.visitvarmland.com\/boende\" target=\"_self\">\n    <span class='a-card--divider'>Boende<\/span>\n    <\/a><\/div>\n                        <\/div>\n            <\/article><!-- Card wrapper -->\n<article class=\"a-card a-card--turid\" link-finder     >\n                <div class=\"a-card__image a-card--turid__image\">\n                <div class=\"bg-img\" style=\"background-image:url(https:\/\/img.turid.visitvarmland.com\/aa0f86b6-3b04-4aa0-8424-df0ad0ea27c6\/skillingmarks-kyrka.jpg?q=80&#038;fit=crop&#038;w=300&#038;h=210&#038;v=1&#038;);\"><\/div>\n            <\/div>\n                        <h2 class=\"a-card__title a-card--turid__title\"><a href=\"https:\/\/www.visitvarmland.com\/eda\/skillingmark-kyrka\" data-no-translation>Skillingmark kyrka<\/a><\/h2>\n                        <div class=\"a-card__content a-card--turid__content\">Kyrkan byggdes 1689 och \u00e4r restaurerad vid flera&hellip;<\/div>\n                        <div class=\"a-card__bottom-wrapper a-card--turid__bottom-wrapper\" style=\"background-image:url();\">                            <div class=\"a-card__favorite a-card--turid__favorite\"><i class=\"fal fa-heart\"><\/i><\/div>\n                        <div class=\"a-card__tag a-card--turid__tag\"><!-- Button wrapper -->\n\n<a class=\"a-tag a-tag--small\" href=\"https:\/\/www.visitvarmland.com\/kultur-historia\/kyrka\" target=\"_self\">\n    <span class='a-card--divider'>Kyrka<\/span>\n    <\/a><\/div>\n                        <\/div>\n            <\/article><!-- Card wrapper -->\n<article class=\"a-card a-card--turid\" link-finder     >\n                <div class=\"a-card__image a-card--turid__image\">\n                <div class=\"bg-img\" style=\"background-image:url(https:\/\/img.turid.visitvarmland.com\/e118d53c-c60b-4bf1-b331-5312ee7fe706\/750-utsikt.jpg?q=80&#038;fit=crop&#038;w=300&#038;h=210&#038;v=1&#038;);\"><\/div>\n            <\/div>\n                        <h2 class=\"a-card__title a-card--turid__title\"><a href=\"https:\/\/www.visitvarmland.com\/eda\/valfjallet-skicenter\" data-no-translation>Valfj\u00e4llet Skicenter<\/a><\/h2>\n                        <div class=\"a-card__content a-card--turid__content\">Perfekt skid\u00e5kning f\u00f6r hela familjen! Nedfarter p\u00e5 upp&hellip;<\/div>\n                        <div class=\"a-card__bottom-wrapper a-card--turid__bottom-wrapper\" style=\"background-image:url();\">                            <div class=\"a-card__favorite a-card--turid__favorite\"><i class=\"fal fa-heart\"><\/i><\/div>\n                        <div class=\"a-card__tag a-card--turid__tag\"><!-- Button wrapper -->\n\n<a class=\"a-tag a-tag--small\" href=\"https:\/\/www.visitvarmland.com\/aktiviteter\/skidakning\" target=\"_self\">\n    <span class='a-card--divider'>Skid\u00e5kning<\/span>\n    <\/a><\/div>\n                        <\/div>\n            <\/article><!-- Card wrapper -->\n<article class=\"a-card a-card--turid\" link-finder     >\n                <div class=\"a-card__image a-card--turid__image\">\n                <div class=\"bg-img\" style=\"background-image:url(https:\/\/img.turid.visitvarmland.com\/legacy\/Eda\/kajak-eda-1.jpeg?q=80&#038;fit=crop&#038;w=300&#038;h=210&#038;v=1&#038;);\"><\/div>\n            <\/div>\n                        <h2 class=\"a-card__title a-card--turid__title\"><a href=\"https:\/\/www.visitvarmland.com\/eda\/aktiviteter\/paddla\/kajakuthyrning-hotell-charlottenberg\" data-no-translation>Kajakuthyrning &#8211; Hotell Charlottenberg<\/a><\/h2>\n                        <div class=\"a-card__content a-card--turid__content\">Nu finns m\u00f6jlighet till Kajakuthyrning<\/div>\n                        <div class=\"a-card__bottom-wrapper a-card--turid__bottom-wrapper\" style=\"background-image:url();\">                            <div class=\"a-card__favorite a-card--turid__favorite\"><i class=\"fal fa-heart\"><\/i><\/div>\n                        <div class=\"a-card__tag a-card--turid__tag\"><!-- Button wrapper -->\n\n<a class=\"a-tag a-tag--small\" href=\"https:\/\/www.visitvarmland.com\/aktiviteter\/paddla\" target=\"_self\">\n    <span class='a-card--divider'>Paddla<\/span>\n    <\/a><\/div>\n                        <\/div>\n            <\/article>        <\/div>\n        <button class=\"hero-scroll-icon section-scroll-side\" aria-label=\"Next\" aria-hidden=\"true\" tabindex=\"-1\">\n            <div class=\"pre-icon-dot\"><\/div>\n            <div class=\"pre-icon-dot\"><\/div>\n            <i class=\"fal fa-long-arrow-down\" aria-hidden=\"true\"><\/i>\n        <\/button>\n        <button class=\"hero-scroll-icon section-scroll-side-left section-scroll-side-left-hidden\" aria-label=\"Previous\" aria-hidden=\"true\" tabindex=\"-1\">\n            <div class=\"pre-icon-dot\"><\/div>\n            <div class=\"pre-icon-dot\"><\/div>\n            <i class=\"fal fa-long-arrow-down\" aria-hidden=\"true\"><\/i>\n        <\/button>\n    <\/section>\n\n\n","protected":false},"excerpt":{"rendered":"<p>Eda \u2013 en gr\u00e4nskommun med n\u00e4ra till allt V\u00e4lkomna till v\u00e5r gr\u00e4nskommun med n\u00e4ra till allt. Eda ligger endast en och en halv timme med bil till Karlstad, lika l\u00e5ngt som till Norges huvudstad Oslo och \u00e4nnu n\u00e4rmare till den internationella flygplatsen Gardermoen samt Karlstad Airport. I Eda bor det cirka 8 600 inv\u00e5nare. De [&hellip;]<\/p>\n","protected":false},"author":410,"featured_media":0,"parent":0,"menu_order":0,"comment_status":"closed","ping_status":"open","template":"","meta":{"_acf_changed":false,"footnotes":""},"class_list":["post-519","page","type-page","status-publish","hentry"],"acf":[],"lang":"sv","translations":{"sv":519,"en":666},"pll_sync_post":[],"_links":{"self":[{"href":"https:\/\/www.visitvarmland.com\/eda\/wp-json\/wp\/v2\/pages\/519","targetHints":{"allow":["GET"]}}],"collection":[{"href":"https:\/\/www.visitvarmland.com\/eda\/wp-json\/wp\/v2\/pages"}],"about":[{"href":"https:\/\/www.visitvarmland.com\/eda\/wp-json\/wp\/v2\/types\/page"}],"author":[{"embeddable":true,"href":"https:\/\/www.visitvarmland.com\/eda\/wp-json\/wp\/v2\/users\/410"}],"replies":[{"embeddable":true,"href":"https:\/\/www.visitvarmland.com\/eda\/wp-json\/wp\/v2\/comments?post=519"}],"version-history":[{"count":33,"href":"https:\/\/www.visitvarmland.com\/eda\/wp-json\/wp\/v2\/pages\/519\/revisions"}],"predecessor-version":[{"id":851,"href":"https:\/\/www.visitvarmland.com\/eda\/wp-json\/wp\/v2\/pages\/519\/revisions\/851"}],"wp:attachment":[{"href":"https:\/\/www.visitvarmland.com\/eda\/wp-json\/wp\/v2\/media?parent=519"}],"curies":[{"name":"wp","href":"https:\/\/api.w.org\/{rel}","templated":true}]}}