{"id":683,"date":"2025-02-13T09:21:03","date_gmt":"2025-02-13T08:21:03","guid":{"rendered":"https:\/\/www.visitvarmland.com\/eda\/?page_id=683"},"modified":"2025-02-13T09:23:31","modified_gmt":"2025-02-13T08:23:31","slug":"winter-activities-in-eda","status":"publish","type":"page","link":"https:\/\/www.visitvarmland.com\/eda\/en\/winter-activities-in-eda\/","title":{"rendered":"Winter activities in Eda"},"content":{"rendered":"\n<p><\/p>\n\n\n\n<figure class=\"wp-block-image size-large\"><img loading=\"lazy\" decoding=\"async\" width=\"1024\" height=\"810\" src=\"https:\/\/www.visitvarmland.com\/eda\/wp-content\/uploads\/sites\/4\/2024\/11\/Eda-Valfjallet-1388-1024x810.jpg\" alt=\"Snowboarder in the air wearing white pants and a green jacket\" class=\"wp-image-363\" style=\"aspect-ratio:4\/3;object-fit:cover\" srcset=\"https:\/\/www.visitvarmland.com\/app\/uploads\/sites\/4\/2024\/11\/Eda-Valfjallet-1388-1024x810.jpg 1024w, https:\/\/www.visitvarmland.com\/app\/uploads\/sites\/4\/2024\/11\/Eda-Valfjallet-1388-300x237.jpg 300w, https:\/\/www.visitvarmland.com\/app\/uploads\/sites\/4\/2024\/11\/Eda-Valfjallet-1388-768x607.jpg 768w, https:\/\/www.visitvarmland.com\/app\/uploads\/sites\/4\/2024\/11\/Eda-Valfjallet-1388-150x119.jpg 150w, https:\/\/www.visitvarmland.com\/app\/uploads\/sites\/4\/2024\/11\/Eda-Valfjallet-1388-600x474.jpg 600w, https:\/\/www.visitvarmland.com\/app\/uploads\/sites\/4\/2024\/11\/Eda-Valfjallet-1388.jpg 1142w\" sizes=\"auto, (max-width: 1024px) 100vw, 1024px\" \/><\/figure>\n\n\n\n<p><\/p>\n\n\n\n<h2 class=\"wp-block-heading\">Valfj\u00e4llet Skicenter<\/h2>\n\n\n\n<p>Valfj\u00e4llet offers perfect skiing for the whole family. When the entire slope is open, you&#8217;ll have access to five lifts, twelve runs, a Funpark with an Airbag and rails, as well as a Skicross course. If you&#8217;re a beginner, don&#8217;t worry\u2014skis are available for rent, and there are ski lessons to help you learn the basics before speeding down the slopes. You can stay comfortably in Dr\u00f6mbyn near the lifts. The villa caravans are 40 sqm, with three bedrooms\u2014two rooms with two single beds each and one room with a double bed. There&#8217;s also a bathroom with a shower and a living room with a fully equipped kitchen. The area also features a caravan campsite, Valfj\u00e4llskrogen restaurant, BBQ spots, and warming huts.<\/p>\n\n\n\n<div class=\"wp-block-atheme-component-action-button atheme-wrapper--action-button-single\"><a href=\"https:\/\/www.valfjallet.se\/vinter\" target=\"_blank\" class=\"a-action a-action--arrow\" rel=\"noopener\"><span>Read more and book your visit to Valfj\u00e4llet Skicenter<\/span><\/a><\/div>\n\n\n\n<figure class=\"wp-block-image size-full\"><img loading=\"lazy\" decoding=\"async\" width=\"2560\" height=\"1703\" src=\"https:\/\/www.visitvarmland.com\/eda\/wp-content\/uploads\/sites\/4\/2025\/02\/K.E-2-webb.png\" alt=\"Snowy landscape with snowmobile tracks towards the sun, blue sky with light clouds\" class=\"wp-image-437\" style=\"aspect-ratio:4\/3;object-fit:cover\" srcset=\"https:\/\/www.visitvarmland.com\/app\/uploads\/sites\/4\/2025\/02\/K.E-2-webb.png 2560w, https:\/\/www.visitvarmland.com\/app\/uploads\/sites\/4\/2025\/02\/K.E-2-webb-300x200.png 300w, https:\/\/www.visitvarmland.com\/app\/uploads\/sites\/4\/2025\/02\/K.E-2-webb-1024x681.png 1024w, https:\/\/www.visitvarmland.com\/app\/uploads\/sites\/4\/2025\/02\/K.E-2-webb-768x511.png 768w, https:\/\/www.visitvarmland.com\/app\/uploads\/sites\/4\/2025\/02\/K.E-2-webb-1536x1022.png 1536w, https:\/\/www.visitvarmland.com\/app\/uploads\/sites\/4\/2025\/02\/K.E-2-webb-2048x1362.png 2048w, https:\/\/www.visitvarmland.com\/app\/uploads\/sites\/4\/2025\/02\/K.E-2-webb-150x100.png 150w, https:\/\/www.visitvarmland.com\/app\/uploads\/sites\/4\/2025\/02\/K.E-2-webb-600x399.png 600w\" sizes=\"auto, (max-width: 2560px) 100vw, 2560px\" \/><\/figure>\n\n\n\n<p><\/p>\n\n\n\n<h2 class=\"wp-block-heading\">Cross-Country Skiing<\/h2>\n\n\n\n<p>When snow conditions and winter weather permit, there are several opportunities for cross-country skiing in Eda. <a href=\"https:\/\/www.skidspar.se\/varmland\/eda\/valfjallet-skicenter\" data-type=\"link\" data-id=\"https:\/\/www.skidspar.se\/varmland\/eda\/valfjallet-skicenter\" target=\"_blank\" rel=\"noopener\">Valfj\u00e4llet<\/a> sets up cross-country ski tracks towards <a href=\"https:\/\/www.skidspar.se\/varmland\/eda\/kiolasen-skidstadion\" target=\"_blank\" rel=\"noopener\">Ki\u00f6l\u00e5sen Ski Stadium<\/a>. The most snow-sure area is at <a href=\"https:\/\/www.skidspar.se\/varmland\/eda\/sagesatra\" target=\"_blank\" rel=\"noopener\">Sages\u00e4tra<\/a>, where you can enjoy flat cross-country trails over bogs and marshes. You can choose between 7 or 9 kilometers, with a natural stop at a shelter with BBQ facilities. For a shorter loop, you can choose a trail at Eda Golf Course Noresund at <a href=\"https:\/\/www.skidspar.se\/varmland\/eda\/skottvika-skidstadion\" data-type=\"link\" data-id=\"https:\/\/www.skidspar.se\/varmland\/eda\/skottvika-skidstadion\" target=\"_blank\" rel=\"noopener\">Sk\u00f6ttvika<\/a> in \u00c5motfors or in <a href=\"https:\/\/www.skidspar.se\/varmland\/eda\/tallmon\" data-type=\"link\" data-id=\"https:\/\/www.skidspar.se\/varmland\/eda\/tallmon\" target=\"_blank\" rel=\"noopener\">Tallmon<\/a>, Charlottenberg.<\/p>\n\n\n\n<figure class=\"wp-block-image size-large\"><img loading=\"lazy\" decoding=\"async\" width=\"1024\" height=\"498\" src=\"https:\/\/www.visitvarmland.com\/eda\/wp-content\/uploads\/sites\/4\/2024\/12\/Hag-C-1-1024x498.jpg\" alt=\"\" class=\"wp-image-365\" style=\"aspect-ratio:4\/3;object-fit:cover\" srcset=\"https:\/\/www.visitvarmland.com\/app\/uploads\/sites\/4\/2024\/12\/Hag-C-1-1024x498.jpg 1024w, https:\/\/www.visitvarmland.com\/app\/uploads\/sites\/4\/2024\/12\/Hag-C-1-300x146.jpg 300w, https:\/\/www.visitvarmland.com\/app\/uploads\/sites\/4\/2024\/12\/Hag-C-1-768x373.jpg 768w, https:\/\/www.visitvarmland.com\/app\/uploads\/sites\/4\/2024\/12\/Hag-C-1-1536x747.jpg 1536w, https:\/\/www.visitvarmland.com\/app\/uploads\/sites\/4\/2024\/12\/Hag-C-1-2048x995.jpg 2048w, https:\/\/www.visitvarmland.com\/app\/uploads\/sites\/4\/2024\/12\/Hag-C-1-150x73.jpg 150w, https:\/\/www.visitvarmland.com\/app\/uploads\/sites\/4\/2024\/12\/Hag-C-1-600x292.jpg 600w\" sizes=\"auto, (max-width: 1024px) 100vw, 1024px\" \/><\/figure>\n\n\n\n<p><\/p>\n\n\n\n<h2 class=\"wp-block-heading\">Ice Fishing<\/h2>\n\n\n\n<p>When the ice is at its strongest, there are great fishing opportunities throughout Eda. On <a href=\"https:\/\/edafiske.se\/\" data-type=\"link\" data-id=\"https:\/\/edafiske.se\/\" target=\"_blank\" rel=\"noopener\">Eda Fiske och Natur<\/a>, you can learn more about fishing waters and fishing permits. Each fishery association may have specific rules for ice fishing. The most common catches for ice fishing are perch and roach. For ice fishing with a rod, pike is the most common catch. There are also fishing guides you can contact for the best tips.<\/p>\n\n\n\n<figure class=\"wp-block-image size-full\"><img loading=\"lazy\" decoding=\"async\" width=\"960\" height=\"639\" src=\"https:\/\/www.visitvarmland.com\/eda\/wp-content\/uploads\/sites\/4\/2024\/12\/skridskor2_0.jpeg\" alt=\"\" class=\"wp-image-389\" style=\"aspect-ratio:4\/3;object-fit:cover\" srcset=\"https:\/\/www.visitvarmland.com\/app\/uploads\/sites\/4\/2024\/12\/skridskor2_0.jpeg 960w, https:\/\/www.visitvarmland.com\/app\/uploads\/sites\/4\/2024\/12\/skridskor2_0-300x200.jpeg 300w, https:\/\/www.visitvarmland.com\/app\/uploads\/sites\/4\/2024\/12\/skridskor2_0-768x511.jpeg 768w, https:\/\/www.visitvarmland.com\/app\/uploads\/sites\/4\/2024\/12\/skridskor2_0-150x100.jpeg 150w, https:\/\/www.visitvarmland.com\/app\/uploads\/sites\/4\/2024\/12\/skridskor2_0-600x399.jpeg 600w\" sizes=\"auto, (max-width: 960px) 100vw, 960px\" \/><\/figure>\n\n\n\n<p><\/p>\n\n\n\n<h2 class=\"wp-block-heading\">Ice Skating<\/h2>\n\n\n\n<p>Ice skating on our beautiful lake ice is fantastic when the weather allows, but for safety, you can visit <a href=\"https:\/\/www.visitvarmland.com\/eda\/skridskoakning-granshallen\" data-type=\"link\" data-id=\"https:\/\/www.visitvarmland.com\/eda\/skridskoakning-granshallen\">Gr\u00e4nshallen in Charlottenberg<\/a>. The ice rink is home to the Charlottenberg Hockey Club, but they also offer space for public skating with or without a stick. Public skating times are scheduled for one week at a time throughout the season.<\/p>\n\n\n\n<figure class=\"wp-block-image size-full\"><img decoding=\"async\" src=\"https:\/\/www.visitvarmland.com\/eda\/wp-content\/uploads\/sites\/4\/2024\/12\/1000000024.jpg\" alt=\"\" class=\"wp-image-390\" style=\"aspect-ratio:4\/3;object-fit:cover\"\/><\/figure>\n\n\n\n<p><\/p>\n\n\n\n<h2 class=\"wp-block-heading\">Bowling<\/h2>\n\n\n\n<p>After a day on the ski slopes, it might be nice to do something different. A one-hour bowling session at <a href=\"https:\/\/escape-eda.se\/\" data-type=\"link\" data-id=\"https:\/\/escape-eda.se\/\" target=\"_blank\" rel=\"noopener\">Escape<\/a> in Charlottenberg could be a great option. It\u2019s fun for the whole family, and the youngest children can have bumpers on their lanes. After bowling, you can enjoy a delicious meal together at the restaurant. There&#8217;s also a casino, shuffleboard, pool, and arcade games available.<\/p>\n\n\n\n<h2 class=\"wp-block-heading\">Fritidsbanken<\/h2>\n\n\n\n<p>The Fritidsbanken in Eda is located in \u00c5motfors. Here, you can borrow equipment for your winter activities completely free of charge.<\/p>\n\n\n\n    <div class=\"cards-section-top\">\n                <h2>Aktiviteter<\/h2>\n        <a class=\"a-button\" href=\"\/aktiviteter\">Visa alla<\/a>\n    <\/div>\n    <section class=\"cards-section-wrapper\">\n        <div class=\"cards-section-slide\">\n            <!-- Card wrapper -->\n<article class=\"a-card a-card--turid\" link-finder     >\n                <div class=\"a-card__image a-card--turid__image\">\n                <div class=\"bg-img\" style=\"background-image:url(https:\/\/img.turid.visitvarmland.com\/e118d53c-c60b-4bf1-b331-5312ee7fe706\/750-utsikt.jpg?q=80&#038;fit=crop&#038;w=300&#038;h=210&#038;v=1&#038;);\"><\/div>\n            <\/div>\n                        <h2 class=\"a-card__title a-card--turid__title\"><a href=\"https:\/\/www.visitvarmland.com\/eda\/valfjallet-skicenter\" data-no-translation>Valfj\u00e4llet Skicenter<\/a><\/h2>\n                        <div class=\"a-card__content a-card--turid__content\">Perfekt skid\u00e5kning f\u00f6r hela familjen! Nedfarter p\u00e5 upp&hellip;<\/div>\n                        <div class=\"a-card__bottom-wrapper a-card--turid__bottom-wrapper\" style=\"background-image:url();\">                            <div class=\"a-card__favorite a-card--turid__favorite\"><i class=\"fal fa-heart\"><\/i><\/div>\n                        <div class=\"a-card__tag a-card--turid__tag\"><!-- Button wrapper -->\n\n<a class=\"a-tag a-tag--small\" href=\"https:\/\/www.visitvarmland.com\/aktiviteter\/skidakning\" target=\"_self\">\n    <span class='a-card--divider'>Skid\u00e5kning<\/span>\n    <\/a><\/div>\n                        <\/div>\n            <\/article><!-- Card wrapper -->\n<article class=\"a-card a-card--turid\" link-finder     >\n                <div class=\"a-card__image a-card--turid__image\">\n                <div class=\"bg-img\" style=\"background-image:url(https:\/\/img.turid.visitvarmland.com\/17857db4-945a-42de-8564-c45bcd20e215\/drombyn.jpg?q=80&#038;fit=crop&#038;w=300&#038;h=210&#038;v=1&#038;);\"><\/div>\n            <\/div>\n                        <h2 class=\"a-card__title a-card--turid__title\"><a href=\"https:\/\/www.visitvarmland.com\/eda\/drombyn\" data-no-translation>Dr\u00f6mbyn<\/a><\/h2>\n                        <div class=\"a-card__content a-card--turid__content\">Stugboende i direkt anslutning till Valfj\u00e4llet Skicenter. G\u00e5ngavst\u00e5nd&hellip;<\/div>\n                        <div class=\"a-card__bottom-wrapper a-card--turid__bottom-wrapper\" style=\"background-image:url();\">                            <div class=\"a-card__favorite a-card--turid__favorite\"><i class=\"fal fa-heart\"><\/i><\/div>\n                        <div class=\"a-card__tag a-card--turid__tag\"><!-- Button wrapper -->\n\n<a class=\"a-tag a-tag--small\" href=\"https:\/\/www.visitvarmland.com\/boende\/stugor\" target=\"_self\">\n    <span class='a-card--divider'>Stugor<\/span>\n    <\/a><\/div>\n                        <\/div>\n            <\/article><!-- Card wrapper -->\n<article class=\"a-card a-card--turid\" link-finder     >\n                <div class=\"a-card__image a-card--turid__image\">\n                <div class=\"bg-img\" style=\"background-image:url(https:\/\/img.turid.visitvarmland.com\/legacy\/Eda\/SAM_7847.JPG?q=80&#038;fit=crop&#038;w=300&#038;h=210&#038;v=1&#038;);\"><\/div>\n            <\/div>\n                        <h2 class=\"a-card__title a-card--turid__title\"><a href=\"https:\/\/www.visitvarmland.com\/eda\/mat-dryck\/valfjallskrogen\" data-no-translation>Valfj\u00e4llskrogen<\/a><\/h2>\n                        <div class=\"a-card__content a-card--turid__content\">Mysig krog med hemmak\u00e4nsla och fullst\u00e4ndiga r\u00e4ttigheter. God&hellip;<\/div>\n                        <div class=\"a-card__bottom-wrapper a-card--turid__bottom-wrapper\" style=\"background-image:url();\">                            <div class=\"a-card__favorite a-card--turid__favorite\"><i class=\"fal fa-heart\"><\/i><\/div>\n                        <div class=\"a-card__tag a-card--turid__tag\"><!-- Button wrapper -->\n\n<a class=\"a-tag a-tag--small\" href=\"https:\/\/www.visitvarmland.com\/mat-dryck\" target=\"_self\">\n    <span class='a-card--divider'>Mat &#038; dryck<\/span>\n    <\/a><\/div>\n                        <\/div>\n            <\/article><!-- Card wrapper -->\n<article class=\"a-card a-card--turid\" link-finder     >\n                <div class=\"a-card__image a-card--turid__image\">\n                <div class=\"bg-img\" style=\"background-image:url(https:\/\/img.turid.visitvarmland.com\/legacy\/Eda\/sagosatra.jpeg?q=80&#038;fit=crop&#038;w=300&#038;h=210&#038;v=1&#038;);\"><\/div>\n            <\/div>\n                        <h2 class=\"a-card__title a-card--turid__title\"><a href=\"https:\/\/www.visitvarmland.com\/eda\/aktiviteter\/skidakning\/langdskidakning-vid-sagesatra\" data-no-translation>L\u00e4ngdskid\u00e5kning vid Sages\u00e4tra<\/a><\/h2>\n                        <div class=\"a-card__content a-card--turid__content\">Sages\u00e4tra \u00e4r ett fantastiskt fint skidomr\u00e5de i sydv\u00e4stra&hellip;<\/div>\n                        <div class=\"a-card__bottom-wrapper a-card--turid__bottom-wrapper\" style=\"background-image:url();\">                            <div class=\"a-card__favorite a-card--turid__favorite\"><i class=\"fal fa-heart\"><\/i><\/div>\n                        <div class=\"a-card__tag a-card--turid__tag\"><!-- Button wrapper -->\n\n<a class=\"a-tag a-tag--small\" href=\"https:\/\/www.visitvarmland.com\/aktiviteter\/skidakning\" target=\"_self\">\n    <span class='a-card--divider'>Skid\u00e5kning<\/span>\n    <\/a><\/div>\n                        <\/div>\n            <\/article><!-- Card wrapper -->\n<article class=\"a-card a-card--turid\" link-finder     >\n                <div class=\"a-card__image a-card--turid__image\">\n                <div class=\"bg-img\" style=\"background-image:url(https:\/\/img.turid.visitvarmland.com\/legacy\/Eda\/skridskor2_0.jpeg?q=80&#038;fit=crop&#038;w=300&#038;h=210&#038;v=1&#038;);\"><\/div>\n            <\/div>\n                        <h2 class=\"a-card__title a-card--turid__title\"><a href=\"https:\/\/www.visitvarmland.com\/eda\/skridskoakning-granshallen\" data-no-translation>Skridsko\u00e5kning &#8211; Gr\u00e4nshallen<\/a><\/h2>\n                        <div class=\"a-card__content a-card--turid__content\">Gr\u00e4nshallen \u00e4r \u00f6ppen f\u00f6r allm\u00e4nheten fr\u00e5n september till&hellip;<\/div>\n                        <div class=\"a-card__bottom-wrapper a-card--turid__bottom-wrapper\" style=\"background-image:url();\">                            <div class=\"a-card__favorite a-card--turid__favorite\"><i class=\"fal fa-heart\"><\/i><\/div>\n                        <div class=\"a-card__tag a-card--turid__tag\"><!-- Button wrapper -->\n\n<a class=\"a-tag a-tag--small\" href=\"https:\/\/www.visitvarmland.com\/aktiviteter\/ovriga-vinteraktiviteter\" target=\"_self\">\n    <span class='a-card--divider'>\u00d6vriga vinteraktiviteter<\/span>\n    <\/a><\/div>\n                        <\/div>\n            <\/article><!-- Card wrapper -->\n<article class=\"a-card a-card--turid\" link-finder     >\n                <div class=\"a-card__image a-card--turid__image\">\n                <div class=\"bg-img\" style=\"background-image:url(https:\/\/img.turid.visitvarmland.com\/legacy\/Munkfors\/Cross-country-ski_Foto%20Mostphotos_red%20Turid.jpeg?q=80&#038;fit=crop&#038;w=300&#038;h=210&#038;v=1&#038;);\"><\/div>\n            <\/div>\n                        <h2 class=\"a-card__title a-card--turid__title\"><a href=\"https:\/\/www.visitvarmland.com\/eda\/aktiviteter\/barn-familj\/fritidsbanken-eda\" data-no-translation>Fritidsbanken Eda<\/a><\/h2>\n                        <div class=\"a-card__content a-card--turid__content\">Fritidsbanken i Eda ligger vid Torget i \u00c5motfors.&hellip;<\/div>\n                        <div class=\"a-card__bottom-wrapper a-card--turid__bottom-wrapper\" style=\"background-image:url();\">                            <div class=\"a-card__favorite a-card--turid__favorite\"><i class=\"fal fa-heart\"><\/i><\/div>\n                        <div class=\"a-card__tag a-card--turid__tag\"><!-- Button wrapper -->\n\n<a class=\"a-tag a-tag--small\" href=\"https:\/\/www.visitvarmland.com\/aktiviteter\/barn-familj\" target=\"_self\">\n    <span class='a-card--divider'>Barn &#038; Familj<\/span>\n    <\/a><\/div>\n                        <\/div>\n            <\/article>        <\/div>\n        <button class=\"hero-scroll-icon section-scroll-side\" aria-label=\"Next\" aria-hidden=\"true\" tabindex=\"-1\">\n            <div class=\"pre-icon-dot\"><\/div>\n            <div class=\"pre-icon-dot\"><\/div>\n            <i class=\"fal fa-long-arrow-down\" aria-hidden=\"true\"><\/i>\n        <\/button>\n        <button class=\"hero-scroll-icon section-scroll-side-left section-scroll-side-left-hidden\" aria-label=\"Previous\" aria-hidden=\"true\" tabindex=\"-1\">\n            <div class=\"pre-icon-dot\"><\/div>\n            <div class=\"pre-icon-dot\"><\/div>\n            <i class=\"fal fa-long-arrow-down\" aria-hidden=\"true\"><\/i>\n        <\/button>\n    <\/section>\n\n\n\n\n\n<div class=\"wp-block-atheme-component-action-button atheme-wrapper--action-button-single\"><a href=\"https:\/\/www.visitvarmland.com\/eda\/en\/\" target=\"_self\" class=\"a-action a-action--arrow\" rel=\"noopener\"><span>Back to Eda<\/span><\/a><\/div>\n","protected":false},"excerpt":{"rendered":"<p>Valfj\u00e4llet Skicenter Valfj\u00e4llet offers perfect skiing for the whole family. When the entire slope is open, you&#8217;ll have access to five lifts, twelve runs, a Funpark with an Airbag and rails, as well as a Skicross course. If you&#8217;re a beginner, don&#8217;t worry\u2014skis are available for rent, and there are ski lessons to help you [&hellip;]<\/p>\n","protected":false},"author":410,"featured_media":0,"parent":0,"menu_order":0,"comment_status":"closed","ping_status":"closed","template":"","meta":{"_acf_changed":false,"footnotes":""},"class_list":["post-683","page","type-page","status-publish","hentry"],"acf":[],"lang":"en","translations":{"en":683,"sv":384},"pll_sync_post":[],"_links":{"self":[{"href":"https:\/\/www.visitvarmland.com\/eda\/wp-json\/wp\/v2\/pages\/683","targetHints":{"allow":["GET"]}}],"collection":[{"href":"https:\/\/www.visitvarmland.com\/eda\/wp-json\/wp\/v2\/pages"}],"about":[{"href":"https:\/\/www.visitvarmland.com\/eda\/wp-json\/wp\/v2\/types\/page"}],"author":[{"embeddable":true,"href":"https:\/\/www.visitvarmland.com\/eda\/wp-json\/wp\/v2\/users\/410"}],"replies":[{"embeddable":true,"href":"https:\/\/www.visitvarmland.com\/eda\/wp-json\/wp\/v2\/comments?post=683"}],"version-history":[{"count":7,"href":"https:\/\/www.visitvarmland.com\/eda\/wp-json\/wp\/v2\/pages\/683\/revisions"}],"predecessor-version":[{"id":692,"href":"https:\/\/www.visitvarmland.com\/eda\/wp-json\/wp\/v2\/pages\/683\/revisions\/692"}],"wp:attachment":[{"href":"https:\/\/www.visitvarmland.com\/eda\/wp-json\/wp\/v2\/media?parent=683"}],"curies":[{"name":"wp","href":"https:\/\/api.w.org\/{rel}","templated":true}]}}