{"id":201,"date":"2021-05-18T18:58:02","date_gmt":"2021-05-18T16:58:02","guid":{"rendered":"https:\/\/www.visitvarmland.com\/filipstad\/?page_id=201"},"modified":"2025-10-10T12:00:05","modified_gmt":"2025-10-10T10:00:05","slug":"besoksinformation-2","status":"publish","type":"page","link":"https:\/\/www.visitvarmland.com\/filipstad\/besoksinformation-2\/","title":{"rendered":"Filipstads turistinformation"},"content":{"rendered":"\n<div class=\"wp-block-atheme-component-cta atheme-wrapper\"><div class=\"atheme-components-cta--decoration-right\"><\/div><div class=\"atheme-components-cta--decoration-left\"><\/div><div class=\"atheme-components-cta\" style=\"height:600px;min-height:300px;background-image:url( https:\/\/www.visitvarmland.com\/filipstad\/wp-content\/uploads\/sites\/5\/2021\/05\/Hogbergsfaltet_121254.jpg );background-size:cover;background-position:center center;background-repeat:no-repeat;background-attachment:scroll\"><div class=\"atheme-components-cta--overlay\" style=\"opacity:0\"> <\/div><div class=\"atheme-components-cta--text\"><div><h3>V\u00e4lkommen till Filipstad<\/h3><p>Hos Filipstads turistinformation hittar du lokal turistinformation om aktiviteter, boende och evenemang och f\u00f6r&nbsp;\u00f6vriga V\u00e4rmland<\/p><div class=\"atheme-components-cta--text-border\"><\/div><\/div><\/div><\/div><\/div>\n\n\n\n<h3 class=\"wp-block-heading\"><strong>Turistinformation<\/strong><\/h3>\n\n\n\n<p>Hos Filipstads turistinformation hittar du lokal turistinformation om aktiviteter, boende och evenemang och f\u00f6r&nbsp;\u00f6vriga V\u00e4rmland. H\u00e4r s\u00e4ljs ocks\u00e5 souvenirer.<\/p>\n\n\n\n<figure class=\"wp-block-image size-large is-resized\"><img loading=\"lazy\" decoding=\"async\" width=\"282\" height=\"284\" src=\"https:\/\/www.visitvarmland.com\/filipstad\/wp-content\/uploads\/sites\/5\/2023\/03\/ibyragroncmyk.jpg\" alt=\"\" class=\"wp-image-768\" style=\"width:125px;height:126px\" srcset=\"https:\/\/www.visitvarmland.com\/app\/uploads\/sites\/5\/2023\/03\/ibyragroncmyk.jpg 282w, https:\/\/www.visitvarmland.com\/app\/uploads\/sites\/5\/2023\/03\/ibyragroncmyk-150x150.jpg 150w, https:\/\/www.visitvarmland.com\/app\/uploads\/sites\/5\/2023\/03\/ibyragroncmyk-12x12.jpg 12w\" sizes=\"auto, (max-width: 282px) 100vw, 282px\" \/><\/figure>\n\n\n\n<p>Filipstads turistinformation \u00e4r medlem i&nbsp;<a rel=\"noreferrer noopener\" href=\"https:\/\/www.visitvarmland.se\/sv\" target=\"_blank\">Visit V\u00e4rmland<\/a>&nbsp;och \u00e4r en auktoriserad turistinformation som \u00e4r medlem i&nbsp;<a rel=\"noreferrer noopener\" href=\"http:\/\/www.visita.se\/\" target=\"_blank\">Visita<\/a>.<\/p>\n\n\n\n<h3 class=\"wp-block-heading\"><strong>\u00d6ppettider<\/strong> 2025-2026<\/h3>\n\n\n\n<p><br><strong>M\u00e5ndag-fredag 08.00-16.00. Lunchst\u00e4ngt 12.00-12.45 <\/strong>(under juli m\u00e5nad lunch\u00f6ppet).<br>Telefontid m\u00e5n-fre 10.00-15.00. Lunchst\u00e4ngt 12.00-12.45. <em>Obs! Vissa fredagar st\u00e4nger telefonen kl 12.<\/em><br><em><br>L\u00f6rdag-s\u00f6ndag och r\u00f6d dag: st\u00e4ngt<\/em><br><br>St\u00e4ngt: Jul &amp; Ny\u00e5r 24-26 december, 31 december-1 januari, Trettondedag jul 6 januari, P\u00e5sk 3-6 april, 1 maj, Kristi himmelf\u00e4rdsdag 14 maj, Midsommarafton 19 juni.<\/p>\n\n\n\n<h3 class=\"wp-block-heading\"><strong><br>Kontakt<\/strong><\/h3>\n\n\n\n<p>Turistinformation finns p\u00e5&nbsp;<br>Hantverksgatan 22, Filipstad (i kommunhuset)<br>Telefon 0590-613 54<br>Mail:&nbsp;<a href=\"mailto:turism@filipstad.se\" target=\"_blank\" rel=\"noreferrer noopener\">turism@filipstad.se<br><\/a><a href=\"https:\/\/www.facebook.com\/visitfilipstad\/\" target=\"_blank\" rel=\"noreferrer noopener\">Visit Filipstad p\u00e5 Facebook<\/a><\/p>\n\n\n\n<p><a href=\"https:\/\/ui.ungpd.com\/Issues\/3a7636ac-b746-45f4-bcd0-9f0724f158c4\" data-type=\"URL\" data-id=\"https:\/\/ui.ungpd.com\/Issues\/3a7636ac-b746-45f4-bcd0-9f0724f158c4\" target=\"_blank\" rel=\"noopener\">Prenumerera p\u00e5 v\u00e5rt nyhetsbrev!<\/a><\/p>\n\n\n\n<h3 class=\"wp-block-heading\"><strong><br>Infopoints<\/strong><\/h3>\n\n\n\n<p>Hos v\u00e5ra InfoPoints hittar du broschyrer och material om bes\u00f6ksm\u00e5l i kommunen. V\u00e5ra InfoPoints \u00e4r \u00f6ppna \u00e5ret runt.&nbsp;<\/p>\n\n\n\n<p><a href=\"https:\/\/www.olw.se\/snacksbutiken\/\" data-type=\"URL\" data-id=\"https:\/\/www.olw.se\/snacksbutiken\/\" target=\"_blank\" rel=\"noopener\">OLW Snacksbutiken<\/a>, Viktoriagatan 5, Filipstad<br><a href=\"http:\/\/www.kalhyttan.se\/\" target=\"_blank\" rel=\"noreferrer noopener\">Kalhyttan Sport &amp; Fritidsarena<\/a>, Skidstadion, Filipstad<br>Museet Kvarnen, Kvarntorget 2, 682 30 Filipstad<br><a href=\"https:\/\/www.okq8.se\/pa-stationen\/bensinstationer\/filipstad-konsul-lundstrv\/\" target=\"_blank\" rel=\"noreferrer noopener\">OKQ8<\/a>, Konsul Lundstr\u00f6ms v\u00e4g 2, 682 33, Filipstad<br><a href=\"https:\/\/bighilllodge.se\/\" target=\"_blank\" rel=\"noopener\">Big Hill Lodge<\/a>, Storh\u00f6jden 1, 682 34, Filipstad<br><a href=\"https:\/\/hennickehammar.se\/\" target=\"_blank\" rel=\"noopener\">Hennickehammars Herrg\u00e5rd<\/a>, Hennickehammar 3, 682 32, Filipstad<br>Coop Lesj\u00f6fors, Bergslagsgatan 70, 680 96, Lesj\u00f6fors<br>Caf\u00e9 Stationshuset, Bergslagsgatan 87, 682 60 Lesj\u00f6fors<\/p>\n","protected":false},"excerpt":{"rendered":"<p>Turistinformation Hos Filipstads turistinformation hittar du lokal turistinformation om aktiviteter, boende och evenemang och f\u00f6r&nbsp;\u00f6vriga V\u00e4rmland. H\u00e4r s\u00e4ljs ocks\u00e5 souvenirer. Filipstads turistinformation \u00e4r medlem i&nbsp;Visit V\u00e4rmland&nbsp;och \u00e4r en auktoriserad turistinformation som \u00e4r medlem i&nbsp;Visita. \u00d6ppettider 2025-2026 M\u00e5ndag-fredag 08.00-16.00. Lunchst\u00e4ngt 12.00-12.45 (under juli m\u00e5nad lunch\u00f6ppet).Telefontid m\u00e5n-fre 10.00-15.00. Lunchst\u00e4ngt 12.00-12.45. Obs! Vissa fredagar st\u00e4nger telefonen kl 12.L\u00f6rdag-s\u00f6ndag [&hellip;]<\/p>\n","protected":false},"author":3,"featured_media":0,"parent":0,"menu_order":0,"comment_status":"closed","ping_status":"closed","template":"","meta":{"_acf_changed":false,"footnotes":""},"class_list":["post-201","page","type-page","status-publish","hentry"],"acf":[],"lang":"sv","translations":{"sv":201,"en":952},"pll_sync_post":[],"_links":{"self":[{"href":"https:\/\/www.visitvarmland.com\/filipstad\/wp-json\/wp\/v2\/pages\/201","targetHints":{"allow":["GET"]}}],"collection":[{"href":"https:\/\/www.visitvarmland.com\/filipstad\/wp-json\/wp\/v2\/pages"}],"about":[{"href":"https:\/\/www.visitvarmland.com\/filipstad\/wp-json\/wp\/v2\/types\/page"}],"author":[{"embeddable":true,"href":"https:\/\/www.visitvarmland.com\/filipstad\/wp-json\/wp\/v2\/users\/3"}],"replies":[{"embeddable":true,"href":"https:\/\/www.visitvarmland.com\/filipstad\/wp-json\/wp\/v2\/comments?post=201"}],"version-history":[{"count":10,"href":"https:\/\/www.visitvarmland.com\/filipstad\/wp-json\/wp\/v2\/pages\/201\/revisions"}],"predecessor-version":[{"id":1311,"href":"https:\/\/www.visitvarmland.com\/filipstad\/wp-json\/wp\/v2\/pages\/201\/revisions\/1311"}],"wp:attachment":[{"href":"https:\/\/www.visitvarmland.com\/filipstad\/wp-json\/wp\/v2\/media?parent=201"}],"curies":[{"name":"wp","href":"https:\/\/api.w.org\/{rel}","templated":true}]}}