{"id":270,"date":"2021-06-16T09:04:49","date_gmt":"2021-06-16T07:04:49","guid":{"rendered":"https:\/\/www.visitvarmland.com\/filipstad\/?page_id=270"},"modified":"2026-02-06T14:02:21","modified_gmt":"2026-02-06T13:02:21","slug":"supporter","status":"publish","type":"page","link":"https:\/\/www.visitvarmland.com\/filipstad\/supporter\/","title":{"rendered":"Svensk Handel Filipstad"},"content":{"rendered":"\n<figure class=\"wp-block-image size-large\"><img loading=\"lazy\" decoding=\"async\" width=\"1024\" height=\"410\" src=\"https:\/\/www.visitvarmland.com\/filipstad\/wp-content\/uploads\/sites\/5\/2021\/06\/Handla-lokalt-1024x410.jpg\" alt=\"\" class=\"wp-image-272\" srcset=\"https:\/\/www.visitvarmland.com\/app\/uploads\/sites\/5\/2021\/06\/Handla-lokalt-1024x410.jpg 1024w, https:\/\/www.visitvarmland.com\/app\/uploads\/sites\/5\/2021\/06\/Handla-lokalt-300x120.jpg 300w, https:\/\/www.visitvarmland.com\/app\/uploads\/sites\/5\/2021\/06\/Handla-lokalt-768x307.jpg 768w, https:\/\/www.visitvarmland.com\/app\/uploads\/sites\/5\/2021\/06\/Handla-lokalt-1536x614.jpg 1536w, https:\/\/www.visitvarmland.com\/app\/uploads\/sites\/5\/2021\/06\/Handla-lokalt-2048x819.jpg 2048w, https:\/\/www.visitvarmland.com\/app\/uploads\/sites\/5\/2021\/06\/Handla-lokalt-150x60.jpg 150w, https:\/\/www.visitvarmland.com\/app\/uploads\/sites\/5\/2021\/06\/Handla-lokalt-600x240.jpg 600w\" sizes=\"auto, (max-width: 1024px) 100vw, 1024px\" \/><\/figure>\n\n\n\n<p><strong>Handla med omtanke och handla lokalt.<\/strong><\/p>\n\n\n\n<p>K\u00f6p ditt presentkort med kontant eller swish hos Colorama Filipstad i Gallerian, 0590-12515.<\/p>\n\n\n\n<p>Hos nedanst\u00e5ende medlemmar kan du handla f\u00f6r Svensk Handel i Filipstad presentkort:<\/p>\n\n\n\n<p><strong>Bygg\/VVS\/renovering:<\/strong><br>AB Karl Hedin Bygghandel<br>Bad &amp; V\u00e4rme Filipstad<br>Colorama Filipstad<br>Fl\u00fcgger f\u00e4rg i Filipstad<\/p>\n\n\n\n<p><strong>Inredning\/blommor:<\/strong><br>Filipstads Blomsterhandel AB<br>Greeks handelstr\u00e4dg\u00e5rd<br>Vita H\u00f6rnan<br>Suzannes Boutique<br>Belland Interiors<\/p>\n\n\n\n<p><strong>Smycken\/V\u00e4skor\/Kl\u00e4der\/Glas\u00f6gon\/Sk\u00f6nhet:<\/strong><br>Asphyttans Hud &amp; H\u00e4lsa<br>Dee-Anna&#8217;s Kl\u00e4der<br>Glas\u00f6gonhuset Filipstad<br>H\u00e5kanssons kl\u00e4der<br>Magnolia Filipstad<br>Salong Ida<br>SalongC<br>Sk\u00f6lds Guld<br>Emelies H\u00f6rna<br>Nellies minsta<br>The HairCollective<\/p>\n\n\n\n<p><strong>Fritid\/Tr\u00e4ning:<\/strong><br>Filipstads Motortj\u00e4nst AB<br>Vital gym &amp; h\u00e4lsa<br>Hela Dig V\u00e4rmland<\/p>\n\n\n\n<p><strong>Vitvaror\/Audio Video\/TV:<\/strong><br>Filipstads Motortj\u00e4nst AB (Elon)<br>TV-Videoservice<\/p>\n\n\n\n<p><strong>Boende\/mat:<\/strong><br>Caf\u00e9 Huset<br>Hennickehammars Herrg\u00e5rd<br>Hotell Hertig Karl<br>Lastrada i Filipstad<br>Barilla fabriksbutik<\/p>\n\n\n\n<p><strong>Till ditt husdjur:<\/strong><br>Filipstads Djurcenter<\/p>\n\n\n\n<p><strong>Reklam\/Annonser:<\/strong><br>VeckoNytt AB<br>Filipstads Tidning<\/p>\n\n\n\n<p><strong>Dagligvaruhandel\/L\u00e4kemedel:<\/strong><br>ICA Kvantum Filipstad<\/p>\n\n\n\n<p><\/p>\n\n\n\n<p><\/p>\n\n\n\n<figure class=\"wp-block-image size-large is-resized\"><img loading=\"lazy\" decoding=\"async\" width=\"1024\" height=\"390\" src=\"https:\/\/www.visitvarmland.com\/filipstad\/wp-content\/uploads\/sites\/5\/2021\/06\/svenskhandel_bla-1024x390.jpg\" alt=\"\" class=\"wp-image-271\" srcset=\"https:\/\/www.visitvarmland.com\/app\/uploads\/sites\/5\/2021\/06\/svenskhandel_bla-1024x390.jpg 1024w, https:\/\/www.visitvarmland.com\/app\/uploads\/sites\/5\/2021\/06\/svenskhandel_bla-300x114.jpg 300w, https:\/\/www.visitvarmland.com\/app\/uploads\/sites\/5\/2021\/06\/svenskhandel_bla-768x293.jpg 768w, https:\/\/www.visitvarmland.com\/app\/uploads\/sites\/5\/2021\/06\/svenskhandel_bla-150x57.jpg 150w, https:\/\/www.visitvarmland.com\/app\/uploads\/sites\/5\/2021\/06\/svenskhandel_bla-600x229.jpg 600w, https:\/\/www.visitvarmland.com\/app\/uploads\/sites\/5\/2021\/06\/svenskhandel_bla.jpg 1181w\" sizes=\"auto, (max-width: 1024px) 100vw, 1024px\" \/><\/figure>\n\n\n\n<p><\/p>\n","protected":false},"excerpt":{"rendered":"<p>Handla med omtanke och handla lokalt. K\u00f6p ditt presentkort med kontant eller swish hos Colorama Filipstad i Gallerian, 0590-12515. Hos nedanst\u00e5ende medlemmar kan du handla f\u00f6r Svensk Handel i Filipstad presentkort: Bygg\/VVS\/renovering:AB Karl Hedin BygghandelBad &amp; V\u00e4rme FilipstadColorama FilipstadFl\u00fcgger f\u00e4rg i Filipstad Inredning\/blommor:Filipstads Blomsterhandel ABGreeks handelstr\u00e4dg\u00e5rdVita H\u00f6rnanSuzannes BoutiqueBelland Interiors Smycken\/V\u00e4skor\/Kl\u00e4der\/Glas\u00f6gon\/Sk\u00f6nhet:Asphyttans Hud &amp; H\u00e4lsaDee-Anna&#8217;s Kl\u00e4derGlas\u00f6gonhuset FilipstadH\u00e5kanssons [&hellip;]<\/p>\n","protected":false},"author":17,"featured_media":0,"parent":0,"menu_order":0,"comment_status":"closed","ping_status":"closed","template":"","meta":{"_acf_changed":false,"footnotes":""},"class_list":["post-270","page","type-page","status-publish","hentry"],"acf":[],"lang":"sv","translations":{"sv":270},"pll_sync_post":[],"_links":{"self":[{"href":"https:\/\/www.visitvarmland.com\/filipstad\/wp-json\/wp\/v2\/pages\/270","targetHints":{"allow":["GET"]}}],"collection":[{"href":"https:\/\/www.visitvarmland.com\/filipstad\/wp-json\/wp\/v2\/pages"}],"about":[{"href":"https:\/\/www.visitvarmland.com\/filipstad\/wp-json\/wp\/v2\/types\/page"}],"author":[{"embeddable":true,"href":"https:\/\/www.visitvarmland.com\/filipstad\/wp-json\/wp\/v2\/users\/17"}],"replies":[{"embeddable":true,"href":"https:\/\/www.visitvarmland.com\/filipstad\/wp-json\/wp\/v2\/comments?post=270"}],"version-history":[{"count":11,"href":"https:\/\/www.visitvarmland.com\/filipstad\/wp-json\/wp\/v2\/pages\/270\/revisions"}],"predecessor-version":[{"id":1383,"href":"https:\/\/www.visitvarmland.com\/filipstad\/wp-json\/wp\/v2\/pages\/270\/revisions\/1383"}],"wp:attachment":[{"href":"https:\/\/www.visitvarmland.com\/filipstad\/wp-json\/wp\/v2\/media?parent=270"}],"curies":[{"name":"wp","href":"https:\/\/api.w.org\/{rel}","templated":true}]}}