{"id":369,"date":"2021-06-23T12:37:19","date_gmt":"2021-06-23T10:37:19","guid":{"rendered":"https:\/\/www.visitvarmland.com\/filipstad\/?page_id=369"},"modified":"2021-06-23T12:37:19","modified_gmt":"2021-06-23T10:37:19","slug":"bra-att-veta","status":"publish","type":"page","link":"https:\/\/www.visitvarmland.com\/filipstad\/bra-att-veta\/","title":{"rendered":"Bra att veta"},"content":{"rendered":"\n<p><\/p>\n\n\n\n<p><strong>SOS alarm<\/strong><br>Telefon: 112<\/p>\n\n\n\n<p><strong>Polis<br><\/strong>Viktoriagatan 6, Filipstad<br>Telefon: 114 14<\/p>\n\n\n\n<p><strong>Kommunkontor<\/strong><br>Hantverksgatan 22, Filipstad<br>0590-611 00<\/p>\n\n\n\n<p><strong>Filipstads bibliotek<\/strong><br>Viktoriagatan 8, Filipstad<br>0590-613 59<\/p>\n\n\n\n<p><strong>Filipstads v\u00e5rdcentral<\/strong><br>Vikhyttegatan 14, Filipstad<br>0590-188 01<\/p>\n\n\n\n<p><strong>Sjukv\u00e5rdsr\u00e5dgivning<\/strong><br>Telefon: 1177<\/p>\n\n\n\n<p><strong>Tandl\u00e4kare<\/strong><br>Folktandv\u00e5rden Filipstad<br>\u00c4lvgatan&nbsp; 11, Filipstad<br>0590-619 20<\/p>\n\n\n\n<p><strong>Frimans tandl\u00e4karmottagning<\/strong><br>Bronellsgatan 3B, Filipstad<br>0590-101 44<\/p>\n\n\n\n<p><strong>Apoteket Filipstad<\/strong><br>Viktoriagatan 3, Filipstad<br>0590-714 65<\/p>\n\n\n\n<p><strong>Handelsbanken Filipstad<\/strong><br>Viktoriagatan 2D, Filipstad<br>0590-163 80<\/p>\n\n\n\n<p><strong>V\u00e4xla pengar<\/strong><br>Ica Kvantum<br>Konsul Lundstr\u00f6ms v\u00e4g 1, Filipstad<br>0590-123 45<\/p>\n\n\n\n<p><strong>L\u00e5ngskogens \u00e5tervinningscentral<\/strong><br>L\u00e5ngskogen 10, Filipstad<br>0590-210 19<\/p>\n","protected":false},"excerpt":{"rendered":"<p>SOS alarmTelefon: 112 PolisViktoriagatan 6, FilipstadTelefon: 114 14 KommunkontorHantverksgatan 22, Filipstad0590-611 00 Filipstads bibliotekViktoriagatan 8, Filipstad0590-613 59 Filipstads v\u00e5rdcentralVikhyttegatan 14, Filipstad0590-188 01 Sjukv\u00e5rdsr\u00e5dgivningTelefon: 1177 Tandl\u00e4kareFolktandv\u00e5rden Filipstad\u00c4lvgatan&nbsp; 11, Filipstad0590-619 20 Frimans tandl\u00e4karmottagningBronellsgatan 3B, Filipstad0590-101 44 Apoteket FilipstadViktoriagatan 3, Filipstad0590-714 65 Handelsbanken FilipstadViktoriagatan 2D, Filipstad0590-163 80 V\u00e4xla pengarIca KvantumKonsul Lundstr\u00f6ms v\u00e4g 1, Filipstad0590-123 45 L\u00e5ngskogens \u00e5tervinningscentralL\u00e5ngskogen 10, [&hellip;]<\/p>\n","protected":false},"author":17,"featured_media":0,"parent":0,"menu_order":0,"comment_status":"closed","ping_status":"closed","template":"","meta":{"_acf_changed":false,"footnotes":""},"class_list":["post-369","page","type-page","status-publish","hentry"],"acf":[],"lang":"sv","translations":{"sv":369,"en":956},"pll_sync_post":[],"_links":{"self":[{"href":"https:\/\/www.visitvarmland.com\/filipstad\/wp-json\/wp\/v2\/pages\/369","targetHints":{"allow":["GET"]}}],"collection":[{"href":"https:\/\/www.visitvarmland.com\/filipstad\/wp-json\/wp\/v2\/pages"}],"about":[{"href":"https:\/\/www.visitvarmland.com\/filipstad\/wp-json\/wp\/v2\/types\/page"}],"author":[{"embeddable":true,"href":"https:\/\/www.visitvarmland.com\/filipstad\/wp-json\/wp\/v2\/users\/17"}],"replies":[{"embeddable":true,"href":"https:\/\/www.visitvarmland.com\/filipstad\/wp-json\/wp\/v2\/comments?post=369"}],"version-history":[{"count":4,"href":"https:\/\/www.visitvarmland.com\/filipstad\/wp-json\/wp\/v2\/pages\/369\/revisions"}],"predecessor-version":[{"id":373,"href":"https:\/\/www.visitvarmland.com\/filipstad\/wp-json\/wp\/v2\/pages\/369\/revisions\/373"}],"wp:attachment":[{"href":"https:\/\/www.visitvarmland.com\/filipstad\/wp-json\/wp\/v2\/media?parent=369"}],"curies":[{"name":"wp","href":"https:\/\/api.w.org\/{rel}","templated":true}]}}