{"id":375,"date":"2021-06-23T12:54:40","date_gmt":"2021-06-23T10:54:40","guid":{"rendered":"https:\/\/www.visitvarmland.com\/filipstad\/?page_id=375"},"modified":"2024-05-08T12:13:00","modified_gmt":"2024-05-08T10:13:00","slug":"evenemangskalender","status":"publish","type":"page","link":"https:\/\/www.visitvarmland.com\/filipstad\/evenemangskalender\/","title":{"rendered":"Evenemangskalender"},"content":{"rendered":"\n<p>Vill du f\u00e5 ett mail varje m\u00e5nad om evenemang som sker i Filipstads kommun? D\u00e5 ska du anm\u00e4la dig till v\u00e5r evenemangskalender.&nbsp;<br>I slutet av varje m\u00e5nad skickar vi ut ett mail med aktuella evenemang som sker under n\u00e4stkommande m\u00e5nad.&nbsp;<\/p>\n\n\n\n<p><strong><a href=\"http:\/\/www.anpdm.com\/form\/414559437345425D427240\/434A5B417948445F4171\" target=\"_blank\" rel=\"noopener\">Anm\u00e4l dig till evenemangskalendern h\u00e4r<\/a><\/strong><\/p>\n\n\n\n<p>Vill du anm\u00e4la ett evenemang till visitfilipstad.se och evenemangskalendern g\u00f6r du det till <strong>turism@filipstad.se<\/strong>.<\/p>\n","protected":false},"excerpt":{"rendered":"<p>Vill du f\u00e5 ett mail varje m\u00e5nad om evenemang som sker i Filipstads kommun? D\u00e5 ska du anm\u00e4la dig till v\u00e5r evenemangskalender.&nbsp;I slutet av varje m\u00e5nad skickar vi ut ett mail med aktuella evenemang som sker under n\u00e4stkommande m\u00e5nad.&nbsp; Anm\u00e4l dig till evenemangskalendern h\u00e4r Vill du anm\u00e4la ett evenemang till visitfilipstad.se och evenemangskalendern g\u00f6r du [&hellip;]<\/p>\n","protected":false},"author":17,"featured_media":0,"parent":0,"menu_order":0,"comment_status":"closed","ping_status":"closed","template":"","meta":{"_acf_changed":false,"footnotes":""},"class_list":["post-375","page","type-page","status-publish","hentry"],"acf":[],"lang":"sv","translations":{"sv":375},"pll_sync_post":[],"_links":{"self":[{"href":"https:\/\/www.visitvarmland.com\/filipstad\/wp-json\/wp\/v2\/pages\/375","targetHints":{"allow":["GET"]}}],"collection":[{"href":"https:\/\/www.visitvarmland.com\/filipstad\/wp-json\/wp\/v2\/pages"}],"about":[{"href":"https:\/\/www.visitvarmland.com\/filipstad\/wp-json\/wp\/v2\/types\/page"}],"author":[{"embeddable":true,"href":"https:\/\/www.visitvarmland.com\/filipstad\/wp-json\/wp\/v2\/users\/17"}],"replies":[{"embeddable":true,"href":"https:\/\/www.visitvarmland.com\/filipstad\/wp-json\/wp\/v2\/comments?post=375"}],"version-history":[{"count":2,"href":"https:\/\/www.visitvarmland.com\/filipstad\/wp-json\/wp\/v2\/pages\/375\/revisions"}],"predecessor-version":[{"id":377,"href":"https:\/\/www.visitvarmland.com\/filipstad\/wp-json\/wp\/v2\/pages\/375\/revisions\/377"}],"wp:attachment":[{"href":"https:\/\/www.visitvarmland.com\/filipstad\/wp-json\/wp\/v2\/media?parent=375"}],"curies":[{"name":"wp","href":"https:\/\/api.w.org\/{rel}","templated":true}]}}