{"id":949,"date":"2024-05-08T12:37:15","date_gmt":"2024-05-08T10:37:15","guid":{"rendered":"https:\/\/www.visitvarmland.com\/filipstad\/?page_id=949"},"modified":"2026-01-20T13:34:06","modified_gmt":"2026-01-20T12:34:06","slug":"startsida-2","status":"publish","type":"page","link":"https:\/\/www.visitvarmland.com\/filipstad\/en\/","title":{"rendered":"Startpage"},"content":{"rendered":"\n<div class=\"wp-block-atheme-component-cta-button atheme-wrapper\"><div class=\"atheme-components-cta--decoration-right\"><\/div><div class=\"atheme-components-cta--decoration-left\"><\/div><div class=\"atheme-components-cta\" style=\"height:600px;min-height:300px;background-image:url( https:\/\/www.visitvarmland.com\/filipstad\/wp-content\/uploads\/sites\/5\/2023\/08\/IMG_3405-scaled.jpg );background-size:cover;background-position:center center;background-repeat:no-repeat;background-attachment:scroll\"><div class=\"atheme-components-cta--overlay\" style=\"opacity:0.34\"> <\/div><div class=\"atheme-components-cta--text-wrapper\"><h3>Children&#8217;s Favorites in Filipstad<\/h3><p><\/p><a href=\"https:\/\/www.visitvarmland.com\/filipstad\/en\/theme\/barnens-favoriter-i-filipstad\/\" target=\"_blank\" rel=\"noopener\">Find your adventure!<\/a><\/div><\/div><\/div>\n\n\n\n<hr class=\"wp-block-separator has-text-color has-black-color has-css-opacity has-black-background-color has-background is-style-wide\" \/>\n\n\n\n<blockquote class=\"wp-block-quote is-layout-flow wp-block-quote-is-layout-flow\">\n<p>Visit one of the world&#8217;s most mineral-rich places, paddle along the Bergslagskanal, or explore the old mine shafts. Whether it&#8217;s nature, culture, or geology &#8211; there&#8217;s something for everyone.<\/p>\n<\/blockquote>\n\n\n\n<div class=\"wp-block-buttons is-horizontal is-content-justification-center is-layout-flex wp-container-core-buttons-is-layout-499968f5 wp-block-buttons-is-layout-flex\">\n<div class=\"wp-block-button is-style-fill\"><a class=\"wp-block-button__link has-white-color has-gold-background-color has-text-color has-background wp-element-button\" href=\"https:\/\/www.visitvarmland.com\/filipstad\/en\/theme\/fiska-i-filipstad\/\">Fish<\/a><\/div>\n\n\n\n<div class=\"wp-block-button\"><a class=\"wp-block-button__link has-white-color has-gold-background-color has-text-color has-background wp-element-button\" href=\"https:\/\/www.visitvarmland.com\/filipstad\/en\/activities?categories=activities%2Fbathe\">Swim<\/a><\/div>\n\n\n\n<div class=\"wp-block-button\"><a class=\"wp-block-button__link has-white-color has-gold-background-color has-text-color has-background wp-element-button\" href=\"https:\/\/www.visitvarmland.com\/filipstad\/en\/tema-aktiviteter\/cykla-i-filipstad\/\">Bike<\/a><\/div>\n\n\n\n<div class=\"wp-block-button\"><a class=\"wp-block-button__link has-white-color has-gold-background-color has-text-color has-background wp-element-button\" href=\"https:\/\/www.visitvarmland.com\/filipstad\/en\/activities?categories=activities%2Fhiking-2\">Hike<\/a><\/div>\n\n\n\n<div class=\"wp-block-button\"><a class=\"wp-block-button__link has-white-color has-gold-background-color has-text-color has-background wp-element-button\" href=\"https:\/\/www.visitvarmland.com\/filipstad\/en?s=ski\">Ski<\/a><\/div>\n<\/div>\n\n\n\n<hr class=\"wp-block-separator has-text-color has-black-color has-css-opacity has-black-background-color has-background is-style-wide\" \/>\n\n\n\n<div class=\"wp-block-columns is-layout-flex wp-container-core-columns-is-layout-9d6595d7 wp-block-columns-is-layout-flex\">\n<div class=\"wp-block-column is-layout-flow wp-block-column-is-layout-flow\">\n<div class=\"wp-block-atheme-component-cta atheme-wrapper\"><div class=\"atheme-components-cta--decoration-right\"><\/div><div class=\"atheme-components-cta--decoration-left\"><\/div><div class=\"atheme-components-cta\" style=\"height:600px;min-height:300px;background-image:url( https:\/\/www.visitvarmland.com\/filipstad\/wp-content\/uploads\/sites\/5\/2021\/10\/20210129_090305606_iOS-1.jpg );background-size:cover;background-position:center center;background-repeat:no-repeat;background-attachment:scroll\"><div class=\"atheme-components-cta--overlay\" style=\"opacity:0\"> <\/div><div class=\"atheme-components-cta--text\"><div><a href=\"https:\/\/www.visitvarmland.com\/filipstad\/en\/theme\/shoppa-snacks-och-knackebrod\/\" target=\"_blank\" rel=\"noopener\"><h3>Snack time!<\/h3><p>Shop crisp bread and snacks made in Filipstad.<\/p><div class=\"atheme-components-cta--text-border\"><\/div><\/a><\/div><\/div><\/div><\/div>\n<\/div>\n\n\n\n<div class=\"wp-block-column is-layout-flow wp-block-column-is-layout-flow\">\n<div class=\"wp-block-atheme-component-cta atheme-wrapper\"><div class=\"atheme-components-cta--decoration-right\"><\/div><div class=\"atheme-components-cta--decoration-left\"><\/div><div class=\"atheme-components-cta\" style=\"height:600px;min-height:300px;background-image:url( https:\/\/www.visitvarmland.com\/filipstad\/wp-content\/uploads\/sites\/5\/2022\/04\/Vesuvian-Harstigen-2.jpg );background-size:cover;background-position:center center;background-repeat:no-repeat;background-attachment:scroll\"><div class=\"atheme-components-cta--overlay\" style=\"opacity:0\"> <\/div><div class=\"atheme-components-cta--text\"><div><a href=\"https:\/\/www.visitvarmland.com\/filipstad\/en\/tips-and-guides\/upplev-varldens-mineralrikaste-omrade\/\" target=\"_blank\" rel=\"noopener\"><h3>Welcome to the worlds most mineral rich area!<\/h3><p>Unique geology and mineralogy<\/p><div class=\"atheme-components-cta--text-border\"><\/div><\/a><\/div><\/div><\/div><\/div>\n<\/div>\n\n\n\n<div class=\"wp-block-column is-layout-flow wp-block-column-is-layout-flow\">\n<div class=\"wp-block-atheme-component-cta atheme-wrapper\"><div class=\"atheme-components-cta--decoration-right\"><\/div><div class=\"atheme-components-cta--decoration-left\"><\/div><div class=\"atheme-components-cta\" style=\"height:600px;min-height:300px;background-image:url( https:\/\/www.visitvarmland.com\/filipstad\/wp-content\/uploads\/sites\/5\/2024\/11\/kalhyttanvinter.jpg );background-size:cover;background-position:center center;background-repeat:no-repeat;background-attachment:scroll\"><div class=\"atheme-components-cta--overlay\" style=\"opacity:0\"> <\/div><div class=\"atheme-components-cta--text\"><div><a href=\"https:\/\/www.visitvarmland.com\/filipstad\/en\/activities\/kalhyttans-sport-fritidsarena\" target=\"_blank\" rel=\"noopener\"><h3>Kalhyttan<\/h3><p>Sport &amp; recreation arena with cross country skiing.<\/p><div class=\"atheme-components-cta--text-border\"><\/div><\/a><\/div><\/div><\/div><\/div>\n<\/div>\n<\/div>\n\n\n<div class=\"ahteme-wrapper atheme-wrapper--full\">\n    <div class=\"atheme-components-news\">\n        <div class=\"atheme-components-news--content\">\n            <!-- Image Wrapper -->\n            <div id=\"afFIOawLs2QhB1giM_images\" class=\"atheme-components-news--content-images\">\n                                <div id=\"acnImg-44828\" class=\"atheme-components-news--content-images-image ac-display--block\" style=\"background-image: url('https:\/\/img.turid.visitvarmland.com\/7411d978-e3d7-43b8-841b-ade2c0361539\/lesjofors-slalombacke-friluftsdag-20170223-cf.jpg?q=80&#038;fit=contain&#038;w=1920&#038;h=1920&#038;')\"><\/div>\n                                <div id=\"acnImg-100187\" class=\"atheme-components-news--content-images-image \" style=\"background-image: url('https:\/\/img.turid.visitvarmland.com\/354cd573-26aa-46c5-8681-6084b2d130f8\/dji-0085.jpg?q=80&#038;fit=contain&#038;w=1920&#038;h=1920&#038;')\"><\/div>\n                                <div id=\"acnImg-45141\" class=\"atheme-components-news--content-images-image \" style=\"background-image: url('https:\/\/img.turid.visitvarmland.com\/ccb2794c-dbdc-4b17-bf02-66d0e2da9289\/20240517-160926.jpg?q=80&#038;fit=contain&#038;w=1920&#038;h=1920&#038;')\"><\/div>\n                                <div id=\"acnImg-35877\" class=\"atheme-components-news--content-images-image \" style=\"background-image: url('https:\/\/img.turid.visitvarmland.com\/b2e925cf-0573-4d40-b0e6-531b0fcd4b64\/ferlinbankbild-museet.jpg?q=80&#038;fit=contain&#038;w=1920&#038;h=1920&#038;')\"><\/div>\n                                <div class=\"atheme-components-news--content-images-action\">\n                    <div class=\"atheme-news-action-btn\" onClick=\"aNewsShowBtn('afFIOawLs2QhB1giM_prev',35877)\"><i class=\"fal fa-chevron-left\"><\/i><\/div>\n                    <div class=\"atheme-news-action-btn\" onClick=\"aNewsShowBtn('afFIOawLs2QhB1giM_next'),35877\"><i class=\"fal fa-chevron-right\"><\/i><\/div>\n                <\/div>\n            <\/div>\n            <!-- .Image Wrapper -->\n\n            <!-- Text Wrapper -->\n            <div id=\"afFIOawLs2QhB1giM_items\" class=\"atheme-components-news--content-list\">\n                <div class=\"atheme-components-news--content-list-main-title\">\n                    <h3>What&#8217;s Happening in Filipstad<\/h3>\n                <\/div>\n                                <ul id=\"\" class=\"\">\n                                            <li id=\"acnPost-44828\" class=\"atheme-components-news--content-list-items ac-active--block\" onClick=\"aNewsShowBtn('afFIOawLs2QhB1giM_this',44828)\">\n                            <span class=\"atheme-components-news--content-list-title ac-display--block\">\n                                <span>\n                                    <span class=\"components-news-list-icon-wrapper\">\n                                        <span class=\"pre-icon-dot\"><\/span>\n                                        <span class=\"pre-icon-dot\"><\/span>\n                                        <i class=\"fal fa-long-arrow-right\"><\/i>\n                                    <\/span>\n                                    <p>Lesj\u00f6fors slalombacke<\/p>\n                            <\/span>\n                            <\/span>\n                            <span class=\"atheme-components-news--content-list-content ac-display--block\">\n                                P\u00e5 med pj\u00e4xor och skidor och ge dig ut i Lesj\u00f6fors&#8230;                                <a href=\"\/filipstad\/aktiviteter\/skidakning\/langdskidorutforsakning\/lesjofors-slalombacke\">L\u00e4s mer<\/a>\n                            <\/span>\n                        <\/li>\n                                                <li id=\"acnPost-100187\" class=\"atheme-components-news--content-list-items \" onClick=\"aNewsShowBtn('afFIOawLs2QhB1giM_this',100187)\">\n                            <span class=\"atheme-components-news--content-list-title \">\n                                <span>\n                                    <span class=\"components-news-list-icon-wrapper\">\n                                        <span class=\"pre-icon-dot\"><\/span>\n                                        <span class=\"pre-icon-dot\"><\/span>\n                                        <i class=\"fal fa-long-arrow-right\"><\/i>\n                                    <\/span>\n                                    <p>L\u00e4ngdskidor p\u00e5 Kalhyttan Sport- &#038; Fritidsarena<\/p>\n                            <\/span>\n                            <\/span>\n                            <span class=\"atheme-components-news--content-list-content \">\n                                Kalhyttan Sport- &#038; Fritidsarenas l\u00e4ge och det toppmoderna&#8230;                                <a href=\"\/filipstad\/aktiviteter\/skidakning\/langdskidorutforsakning\/langdskidor-pa-kalhyttan-sport-fritidsarena-2\">L\u00e4s mer<\/a>\n                            <\/span>\n                        <\/li>\n                                                <li id=\"acnPost-45141\" class=\"atheme-components-news--content-list-items \" onClick=\"aNewsShowBtn('afFIOawLs2QhB1giM_this',45141)\">\n                            <span class=\"atheme-components-news--content-list-title \">\n                                <span>\n                                    <span class=\"components-news-list-icon-wrapper\">\n                                        <span class=\"pre-icon-dot\"><\/span>\n                                        <span class=\"pre-icon-dot\"><\/span>\n                                        <i class=\"fal fa-long-arrow-right\"><\/i>\n                                    <\/span>\n                                    <p>Fabriksf\u00f6rs\u00e4ljning Barilla\/Wasabr\u00f6d<\/p>\n                            <\/span>\n                            <\/span>\n                            <span class=\"atheme-components-news--content-list-content \">\n                                Vill du handla kn\u00e4ckebr\u00f6d och pasta till kanonpriser? D\u00e5&#8230;                                <a href=\"\/filipstad\/design-shopping\/fabriksforsaljning-barilla-wasabrod\">L\u00e4s mer<\/a>\n                            <\/span>\n                        <\/li>\n                                                <li id=\"acnPost-35877\" class=\"atheme-components-news--content-list-items \" onClick=\"aNewsShowBtn('afFIOawLs2QhB1giM_this',35877)\">\n                            <span class=\"atheme-components-news--content-list-title \">\n                                <span>\n                                    <span class=\"components-news-list-icon-wrapper\">\n                                        <span class=\"pre-icon-dot\"><\/span>\n                                        <span class=\"pre-icon-dot\"><\/span>\n                                        <i class=\"fal fa-long-arrow-right\"><\/i>\n                                    <\/span>\n                                    <p>Ferlinmuseet<\/p>\n                            <\/span>\n                            <\/span>\n                            <span class=\"atheme-components-news--content-list-content \">\n                                Sedan invigningen \u00e5r 2005 har tiotusentals bes\u00f6kare&#8230;                                <a href=\"\/filipstad\/kultur-historia\/museum\/ferlinmuseet\">L\u00e4s mer<\/a>\n                            <\/span>\n                        <\/li>\n                                        <\/ul>\n\n            <\/div>\n            <!-- .Text Wrapper -->\n        <\/div>\n\n    <\/div>\n<\/div>\n\n\n\n<div class=\"wp-block-buttons is-layout-flex wp-block-buttons-is-layout-flex\">\n<div class=\"wp-block-button has-custom-width wp-block-button__width-100\"><a class=\"wp-block-button__link has-black-color has-gold-background-color has-text-color has-background wp-element-button\" href=\"https:\/\/www.visitvarmland.com\/filipstad\/anmal-ditt-evenemang\/\" style=\"border-radius:32px\"><strong>Submit Event<\/strong><\/a><\/div>\n<\/div>\n\n\n\n<hr class=\"wp-block-separator has-text-color has-black-color has-css-opacity has-black-background-color has-background is-style-wide\" \/>\n\n\n\n<div class=\"wp-block-atheme-component-cta-button atheme-wrapper\"><div class=\"atheme-components-cta--decoration-right\"><\/div><div class=\"atheme-components-cta--decoration-left\"><\/div><div class=\"atheme-components-cta\" style=\"height:600px;min-height:300px;background-image:url( https:\/\/www.visitvarmland.com\/filipstad\/wp-content\/uploads\/sites\/5\/2022\/10\/20191127_johan_wennerstrom_visit_sweden__DSC6107.jpg );background-size:cover;background-position:center center;background-repeat:no-repeat;background-attachment:scroll\"><div class=\"atheme-components-cta--overlay\" style=\"opacity:0\"> <\/div><div class=\"atheme-components-cta--text-wrapper\"><h3 style=\"color:#ffffff\">Spellbound by Sweden<\/h3><p style=\"color:#ffffff\">Explore the mystery of Kittelf\u00e4ltet on Brattforsheden in Visit Sweden&#8217;s campaign<\/p><a href=\"https:\/\/www.visitvarmland.com\/filipstad\/en\/tips-och-guider\/kittelfaltet-i-spellbound-by-sweden\/\" target=\"_blank\" rel=\"noopener\">Explore More of Spellbound by Sweden<\/a><\/div><\/div><\/div>\n\n\n\n<p><\/p>\n\n\n\n<div class=\"wp-block-atheme-component-collage-2 atheme-collage\"><div class=\"atheme-collage--double\"><div class=\"atheme-collage--image\" style=\"background-image:url( https:\/\/www.visitvarmland.com\/filipstad\/wp-content\/uploads\/sites\/5\/2022\/04\/IMG_3352.jpg )\"><div id=\"LZSCuGEaGJcmtlMN\" class=\"atheme-collage--infobox\"><p>Lesj\u00f6fors Museum<\/p><\/div><div class=\"atheme-collage--action\"><div class=\"atheme-collage--action-btn\"><i class=\"fal fa-ellipsis-h\"><\/i><\/div><\/div><\/div><div class=\"atheme-collage--image\" style=\"background-image:url( https:\/\/www.visitvarmland.com\/filipstad\/wp-content\/uploads\/sites\/5\/2021\/06\/Nils-Ferlin-o-manniskor-scaled.jpg )\"><div id=\"oEkFcVMBHcBhgXlZ\" class=\"atheme-collage--infobox\"><p>Nils Ferlin<\/p><\/div><div class=\"atheme-collage--action\"><div class=\"atheme-collage--action-btn\"><i class=\"fal fa-ellipsis-h\"><\/i><\/div><\/div><\/div><\/div><\/div>\n","protected":false},"excerpt":{"rendered":"<p>Visit one of the world&#8217;s most mineral-rich places, paddle along the Bergslagskanal, or explore the old mine shafts. Whether it&#8217;s nature, culture, or geology &#8211; there&#8217;s something for everyone.<\/p>\n","protected":false},"author":17,"featured_media":0,"parent":0,"menu_order":0,"comment_status":"closed","ping_status":"closed","template":"page-templates\/municipality.php","meta":{"_acf_changed":false,"footnotes":""},"class_list":["post-949","page","type-page","status-publish","hentry"],"acf":[],"lang":"en","translations":{"en":949,"sv":194,"nb":1011,"de":995},"pll_sync_post":[],"_links":{"self":[{"href":"https:\/\/www.visitvarmland.com\/filipstad\/wp-json\/wp\/v2\/pages\/949","targetHints":{"allow":["GET"]}}],"collection":[{"href":"https:\/\/www.visitvarmland.com\/filipstad\/wp-json\/wp\/v2\/pages"}],"about":[{"href":"https:\/\/www.visitvarmland.com\/filipstad\/wp-json\/wp\/v2\/types\/page"}],"author":[{"embeddable":true,"href":"https:\/\/www.visitvarmland.com\/filipstad\/wp-json\/wp\/v2\/users\/17"}],"replies":[{"embeddable":true,"href":"https:\/\/www.visitvarmland.com\/filipstad\/wp-json\/wp\/v2\/comments?post=949"}],"version-history":[{"count":11,"href":"https:\/\/www.visitvarmland.com\/filipstad\/wp-json\/wp\/v2\/pages\/949\/revisions"}],"predecessor-version":[{"id":1369,"href":"https:\/\/www.visitvarmland.com\/filipstad\/wp-json\/wp\/v2\/pages\/949\/revisions\/1369"}],"wp:attachment":[{"href":"https:\/\/www.visitvarmland.com\/filipstad\/wp-json\/wp\/v2\/media?parent=949"}],"curies":[{"name":"wp","href":"https:\/\/api.w.org\/{rel}","templated":true}]}}