{"id":952,"date":"2024-05-08T12:25:03","date_gmt":"2024-05-08T10:25:03","guid":{"rendered":"https:\/\/www.visitvarmland.com\/filipstad\/?page_id=952"},"modified":"2025-10-10T12:00:24","modified_gmt":"2025-10-10T10:00:24","slug":"besoksinformation-2","status":"publish","type":"page","link":"https:\/\/www.visitvarmland.com\/filipstad\/en\/besoksinformation-2\/","title":{"rendered":"Filipstad Tourist information"},"content":{"rendered":"\n<div class=\"wp-block-atheme-component-cta atheme-wrapper\"><div class=\"atheme-components-cta--decoration-right\"><\/div><div class=\"atheme-components-cta--decoration-left\"><\/div><div class=\"atheme-components-cta\" style=\"height:600px;min-height:300px;background-image:url( https:\/\/www.visitvarmland.com\/filipstad\/wp-content\/uploads\/sites\/5\/2021\/05\/Hogbergsfaltet_121254.jpg );background-size:cover;background-position:center center;background-repeat:no-repeat;background-attachment:scroll\"><div class=\"atheme-components-cta--overlay\" style=\"opacity:0\"> <\/div><div class=\"atheme-components-cta--text\"><div><h3>Welcome to Filipstad<\/h3><p>At Filipstad&#8217;s tourist information, you will find local tourist information about activities, accommodation, and events, and for the rest of V\u00e4rmland<\/p><div class=\"atheme-components-cta--text-border\"><\/div><\/div><\/div><\/div><\/div>\n\n\n\n<h3 class=\"wp-block-heading\"><strong>Tourist Information<\/strong><\/h3>\n\n\n\n<p>At Filipstad&#8217;s tourist information, you will find local tourist information about activities, accommodation, and events, and for the rest of V\u00e4rmland. Souvenirs are also sold here.<\/p>\n\n\n\n<figure class=\"wp-block-image size-large is-resized\"><img loading=\"lazy\" decoding=\"async\" width=\"282\" height=\"284\" src=\"https:\/\/www.visitvarmland.com\/filipstad\/wp-content\/uploads\/sites\/5\/2023\/03\/ibyragroncmyk.jpg\" alt=\"\" class=\"wp-image-768\" style=\"width:125px;height:126px\" srcset=\"https:\/\/www.visitvarmland.com\/app\/uploads\/sites\/5\/2023\/03\/ibyragroncmyk.jpg 282w, https:\/\/www.visitvarmland.com\/app\/uploads\/sites\/5\/2023\/03\/ibyragroncmyk-150x150.jpg 150w, https:\/\/www.visitvarmland.com\/app\/uploads\/sites\/5\/2023\/03\/ibyragroncmyk-12x12.jpg 12w\" sizes=\"auto, (max-width: 282px) 100vw, 282px\" \/><\/figure>\n\n\n\n<p>Filipstad&#8217;s tourist information is a member of <a rel=\"noreferrer noopener\" href=\"https:\/\/www.visitvarmland.se\/en\" target=\"_blank\">Visit V\u00e4rmland<\/a> and is an authorized tourist information that is a member of <a rel=\"noreferrer noopener\" href=\"http:\/\/www.visita.se\/\" target=\"_blank\">Visita<\/a>.<\/p>\n\n\n\n<h3 class=\"wp-block-heading\"><strong>Opening Hours<\/strong> 2025-2026<\/h3>\n\n\n\n<p>Monday-Friday 08.00-16.00 (closed for lunch 12.00-12.45)<br>Telephone open: Monday-Friday 10.00-15.00 (closed for lunch 12.00-12.45)<br><em><br>Saturday-Sunday and public holiday: closed<\/em><br><br>Closed: Christmas December 24-26, New Year December 31-1 January, Trettondedag jul Januray 6, Easter April 3-6, May 1, Ascension Day May 14, Sweden&#8217;s National Day June 6, Midsummer June 19,<\/p>\n\n\n\n<h3 class=\"wp-block-heading\"><strong><br>Contact<\/strong><\/h3>\n\n\n\n<p>Tourist information is available at<br>Hantverksgatan 22, Filipstad (in the municipal building)<br>Phone +49 590-613 54<br>Email:&nbsp;<a href=\"mailto:turism@filipstad.se\" target=\"_blank\" rel=\"noreferrer noopener\">turism@filipstad.se<br><\/a><a href=\"https:\/\/www.facebook.com\/visitfilipstad\/\" target=\"_blank\" rel=\"noreferrer noopener\">Visit Filipstad on Facebook<\/a><\/p>\n\n\n\n<p><a href=\"https:\/\/ui.ungpd.com\/Issues\/3a7636ac-b746-45f4-bcd0-9f0724f158c4\" data-type=\"URL\" data-id=\"https:\/\/ui.ungpd.com\/Issues\/3a7636ac-b746-45f4-bcd0-9f0724f158c4\" target=\"_blank\" rel=\"noopener\">Subscribe to our newsletter!<\/a><\/p>\n\n\n\n<h3 class=\"wp-block-heading\"><strong><br>InfoPoints<\/strong><\/h3>\n\n\n\n<p>At our InfoPoints, you will find brochures and materials about attractions in the municipality. Our InfoPoints are open all year round.<\/p>\n\n\n\n<p><a href=\"https:\/\/www.olw.se\/snacksbutiken\/\" data-type=\"URL\" data-id=\"https:\/\/www.olw.se\/snacksbutiken\/\" target=\"_blank\" rel=\"noopener\">OLW Snack Store<\/a>, Viktoriagatan 5, Filipstad<br><a href=\"http:\/\/www.kalhyttan.se\/\" target=\"_blank\" rel=\"noreferrer noopener\">Kalhyttan Sport &amp; Leisure Arena<\/a>, Skidstadion, Filipstad<br><a href=\"https:\/\/www.wasabrod.se\/butik-museum\/\" target=\"_blank\" rel=\"noreferrer noopener\">Wasa Shop and Museum<\/a>,&nbsp;Konsul Lundstr\u00f6ms v\u00e4g 11, Filipstad<br>Kvarnen Museum, Kvarntorget 2, 682 30 Filipstad<br><a href=\"https:\/\/www.okq8.se\/pa-stationen\/bensinstationer\/filipstad-konsul-lundstrv\/\" target=\"_blank\" rel=\"noreferrer noopener\">OKQ8<\/a>, Konsul Lundstr\u00f6ms v\u00e4g 2, 682 33, Filipstad<br><a href=\"https:\/\/bighilllodge.se\/\" target=\"_blank\" rel=\"noopener\">Big Hill Lodge<\/a>, Storh\u00f6jden 1, 682 34, Filipstad<br><a href=\"https:\/\/hennickehammar.se\/\" target=\"_blank\" rel=\"noopener\">Hennickehammars Herrg\u00e5rd<\/a>, Hennickehammar 3, 682 32, Filipstad<br>Coop Lesj\u00f6fors, Bergslagsgatan 70, 680 96, Lesj\u00f6fors<br>Caf\u00e9 Stationshuset, Bergslagsgatan 87, 682 60 Lesj\u00f6fors<\/p>\n","protected":false},"excerpt":{"rendered":"<p>Tourist Information At Filipstad&#8217;s tourist information, you will find local tourist information about activities, accommodation, and events, and for the rest of V\u00e4rmland. Souvenirs are also sold here. Filipstad&#8217;s tourist information is a member of Visit V\u00e4rmland and is an authorized tourist information that is a member of Visita. Opening Hours 2025-2026 Monday-Friday 08.00-16.00 (closed [&hellip;]<\/p>\n","protected":false},"author":17,"featured_media":0,"parent":0,"menu_order":0,"comment_status":"closed","ping_status":"closed","template":"","meta":{"_acf_changed":false,"footnotes":""},"class_list":["post-952","page","type-page","status-publish","hentry"],"acf":[],"lang":"en","translations":{"en":952,"sv":201},"pll_sync_post":[],"_links":{"self":[{"href":"https:\/\/www.visitvarmland.com\/filipstad\/wp-json\/wp\/v2\/pages\/952","targetHints":{"allow":["GET"]}}],"collection":[{"href":"https:\/\/www.visitvarmland.com\/filipstad\/wp-json\/wp\/v2\/pages"}],"about":[{"href":"https:\/\/www.visitvarmland.com\/filipstad\/wp-json\/wp\/v2\/types\/page"}],"author":[{"embeddable":true,"href":"https:\/\/www.visitvarmland.com\/filipstad\/wp-json\/wp\/v2\/users\/17"}],"replies":[{"embeddable":true,"href":"https:\/\/www.visitvarmland.com\/filipstad\/wp-json\/wp\/v2\/comments?post=952"}],"version-history":[{"count":8,"href":"https:\/\/www.visitvarmland.com\/filipstad\/wp-json\/wp\/v2\/pages\/952\/revisions"}],"predecessor-version":[{"id":1312,"href":"https:\/\/www.visitvarmland.com\/filipstad\/wp-json\/wp\/v2\/pages\/952\/revisions\/1312"}],"wp:attachment":[{"href":"https:\/\/www.visitvarmland.com\/filipstad\/wp-json\/wp\/v2\/media?parent=952"}],"curies":[{"name":"wp","href":"https:\/\/api.w.org\/{rel}","templated":true}]}}