{"id":195,"date":"2021-05-19T17:22:34","date_gmt":"2021-05-19T15:22:34","guid":{"rendered":"https:\/\/www.visitvarmland.com\/forshaga\/?page_id=195"},"modified":"2025-06-19T11:03:53","modified_gmt":"2025-06-19T09:03:53","slug":"besoksinformation","status":"publish","type":"page","link":"https:\/\/www.visitvarmland.com\/forshaga\/besoksinformation\/","title":{"rendered":"Bes\u00f6ksinformation"},"content":{"rendered":"\n<div class=\"wp-block-atheme-component-collage-1 atheme-collage\"><div class=\"atheme-collage--single\"><div class=\"atheme-collage--image\" style=\"background-image:url( https:\/\/www.visitvarmland.com\/forshaga\/wp-content\/uploads\/sites\/6\/2021\/06\/Larcenter-fran-skylift-3-Hakan-Wallin-scaled.jpg )\"><div id=\"bhIkbUcEriPnRIyG\" class=\"atheme-collage--infobox\"><p>InfoPoint vid Forshaga l\u00e4rcenter.<\/p><\/div><div class=\"atheme-collage--action\"><div class=\"atheme-collage--action-btn\"><i class=\"fal fa-ellipsis-h\"><\/i><\/div><\/div><\/div><\/div><\/div>\n\n\n\n<p>En bes\u00f6ksserviceplats \u00e4r en enklare form av turistinformation dit du som bes\u00f6kare kan v\u00e4nda dig f\u00f6r information och inspiration om vad som finns att uppleva i n\u00e4romr\u00e5det. Vi hj\u00e4lper dig med lokala tips f\u00f6r att du ska kunna ta med dig fantastiska minnen fr\u00e5n ditt bes\u00f6k hos oss!<\/p>\n\n\n\n<h3 class=\"wp-block-heading\" id=\"h-InfoPointForshagaLarcenter\">Bes\u00f6ksserviceplats Forshaga l\u00e4rcenter<\/h3>\n\n\n\n<p>P\u00e5 v\u00e5r ut\u00f6kade bes\u00f6ksserviceplats p\u00e5 Forshaga l\u00e4rcenter finns vi tillg\u00e4ngliga f\u00f6r att ge dig information om sev\u00e4rdheter, evenemang, aktiviteter och boendealternativ.<\/p>\n\n\n\n<p>Bes\u00f6ksadress: Malmgatan 2 A, 667 22 Forshaga<br>Telefon: <a href=\"tel:054-172359\">054-17 23 59<\/a><br>E-post: <a href=\"mailto:tourism@forshaga.se\">tourism@forshaga.se<\/a><\/p>\n\n\n\n<h4 class=\"wp-block-heading\" id=\"h-Oppettider\">\u00d6ppettider<\/h4>\n\n\n\n<p>M\u00e5ndag &#8211; fredag klockan 10-16 (st\u00e4ngt f\u00f6r lunch klockan 12.00-13.00)<\/p>\n\n\n\n<h3 class=\"wp-block-heading\" id=\"h-InfoPointForshagaforsen\">Fler bes\u00f6ksserviceplatser<\/h3>\n\n\n\n<p><strong>OKQ8 Forshaga<\/strong>, Storgatan 2, Forshaga<br><strong>Gamla kraftstationen<\/strong>, Bruksv\u00e4gen 10E, Deje<br><strong>D\u00f6mle Herrg\u00e5rd och D\u00f6mle golfklubb<\/strong>, D\u00f6mlev\u00e4gen 1, Deje<br><strong>Deje vandrarhem<\/strong>, \u00c4lvdalsv\u00e4gen 34, Deje<\/p>\n\n\n\n<p><\/p>\n","protected":false},"excerpt":{"rendered":"<p>En bes\u00f6ksserviceplats \u00e4r en enklare form av turistinformation dit du som bes\u00f6kare kan v\u00e4nda dig f\u00f6r information och inspiration om vad som finns att uppleva i n\u00e4romr\u00e5det. Vi hj\u00e4lper dig med lokala tips f\u00f6r att du ska kunna ta med dig fantastiska minnen fr\u00e5n ditt bes\u00f6k hos oss! Bes\u00f6ksserviceplats Forshaga l\u00e4rcenter P\u00e5 v\u00e5r ut\u00f6kade bes\u00f6ksserviceplats [&hellip;]<\/p>\n","protected":false},"author":3,"featured_media":0,"parent":0,"menu_order":0,"comment_status":"closed","ping_status":"open","template":"","meta":{"_acf_changed":false,"footnotes":""},"class_list":["post-195","page","type-page","status-publish","hentry"],"acf":[],"lang":"sv","translations":{"sv":195},"pll_sync_post":[],"_links":{"self":[{"href":"https:\/\/www.visitvarmland.com\/forshaga\/wp-json\/wp\/v2\/pages\/195","targetHints":{"allow":["GET"]}}],"collection":[{"href":"https:\/\/www.visitvarmland.com\/forshaga\/wp-json\/wp\/v2\/pages"}],"about":[{"href":"https:\/\/www.visitvarmland.com\/forshaga\/wp-json\/wp\/v2\/types\/page"}],"author":[{"embeddable":true,"href":"https:\/\/www.visitvarmland.com\/forshaga\/wp-json\/wp\/v2\/users\/3"}],"replies":[{"embeddable":true,"href":"https:\/\/www.visitvarmland.com\/forshaga\/wp-json\/wp\/v2\/comments?post=195"}],"version-history":[{"count":7,"href":"https:\/\/www.visitvarmland.com\/forshaga\/wp-json\/wp\/v2\/pages\/195\/revisions"}],"predecessor-version":[{"id":616,"href":"https:\/\/www.visitvarmland.com\/forshaga\/wp-json\/wp\/v2\/pages\/195\/revisions\/616"}],"wp:attachment":[{"href":"https:\/\/www.visitvarmland.com\/forshaga\/wp-json\/wp\/v2\/media?parent=195"}],"curies":[{"name":"wp","href":"https:\/\/api.w.org\/{rel}","templated":true}]}}