{"id":2,"date":"2021-03-17T14:53:28","date_gmt":"2021-03-17T13:53:28","guid":{"rendered":"https:\/\/visitvarmland-webb.test\/forshaga\/?page_id=2"},"modified":"2024-06-04T10:58:23","modified_gmt":"2024-06-04T08:58:23","slug":"omforshaga","status":"publish","type":"page","link":"https:\/\/www.visitvarmland.com\/forshaga\/omforshaga\/","title":{"rendered":"Om Forshaga"},"content":{"rendered":"\n<div class=\"wp-block-atheme-component-collage-3 atheme-collage\"><div class=\"atheme-collage--triple\"><div class=\"atheme-collage--image\" style=\"background-image:url( https:\/\/www.visitvarmland.com\/forshaga\/wp-content\/uploads\/sites\/6\/2021\/06\/2019-Forshaga-Kommun-Bad-och-lek-hgupplst-5106-scaled.jpg )\"><div id=\"ydnjbrEhTVEtjVNz\" class=\"atheme-collage--infobox\"><p>Vill du meta abborre eller dra upp en lax?<\/p><\/div><div class=\"atheme-collage--action\"><div class=\"atheme-collage--action-btn\"><i class=\"fal fa-ellipsis-h\"><\/i><\/div><\/div><\/div><div class=\"atheme-collage--image\" style=\"background-image:url( https:\/\/www.visitvarmland.com\/forshaga\/wp-content\/uploads\/sites\/6\/2021\/06\/2019-Forshaga-Kommun-Bad-och-lek-hgupplst-4757-scaled.jpg )\"><div id=\"xvQCPcQvLnhKgRzS\" class=\"atheme-collage--infobox\"><p>Fartfyllt eller lugn utflykt? H\u00e4r finns plats f\u00f6r alla!<\/p><\/div><div class=\"atheme-collage--action\"><div class=\"atheme-collage--action-btn\"><i class=\"fal fa-ellipsis-h\"><\/i><\/div><\/div><\/div><div class=\"atheme-collage--image\" style=\"background-image:url( https:\/\/www.visitvarmland.com\/forshaga\/wp-content\/uploads\/sites\/6\/2021\/06\/2019-Forshaga-Kommun-Bad-och-lek-hgupplst-4911-scaled.jpg )\"><div id=\"czdNKzzBANdrgrtD\" class=\"atheme-collage--infobox\"><p>Bad och strandh\u00e4ng h\u00f6r sommaren till.<\/p><\/div><div class=\"atheme-collage--action\"><div class=\"atheme-collage--action-btn\"><i class=\"fal fa-ellipsis-h\"><\/i><\/div><\/div><\/div><\/div><\/div>\n\n\n\n<h2 class=\"wp-block-heading\">En trogen f\u00f6ljeslagare genom v\u00e5r kommun<\/h2>\n\n\n\n<p>Klar\u00e4lven ger upplevelser f\u00f6r alla: vackra vyer, rofylld paddling, mysiga grillstunder och fiske i v\u00e4rldsklass. \u00c4lven \u00e4r en st\u00e4ndig f\u00f6ljeslagare genom v\u00e5r kommun. Med sitt klara vatten har den erbjudit mat p\u00e5 bordet, kraft ur forsarna och en praktisk farled genom tiderna. Uppt\u00e4ck den du med!<\/p>\n\n\n\n<h3 class=\"wp-block-heading\">V\u00e5r historia b\u00f6rjar vid Klar\u00e4lven<\/h3>\n\n\n\n<p>Klar\u00e4lven har varit viktig f\u00f6r v\u00e5r bygd i alla tider. Den har varit m\u00e5ngas f\u00f6rs\u00f6rjning och dess krafter har drivit s\u00e5gar, st\u00e5ngj\u00e4rnshammare, glasbruk, pappersbruk och kraftverk. \u00c4lven har ocks\u00e5 varit ett viktigt transportmedel f\u00f6r s\u00e5v\u00e4l m\u00e4nniskor som varor och timmer. M\u00f6t v\u00e5r historia vid det gamla f\u00e4rjel\u00e4get i Edeby, vid Kraftstationen i Deje eller vid slussarna i Forshaga.<\/p>\n\n\n\n<h3 class=\"wp-block-heading\">Fiske i v\u00e4rldsklass<\/h3>\n\n\n\n<p>\u00c4lven bjuder p\u00e5 ett varierande fiske b\u00e5de i str\u00f6mt och lugnt vatten. Har du tur kan du f\u00e5 abborre, g\u00e4dda, harr, id, lake, lax, m\u00f6rt, sutare eller \u00f6ring p\u00e5 kroken. Forshagaforsen \u00e4r k\u00e4nt f\u00f6r sitt lax- och \u00f6ringsfiske och bes\u00f6ks varje \u00e5r av sportfiskare fr\u00e5n hela v\u00e4rlden.<\/p>\n\n\n\n<h3 class=\"wp-block-heading\">F\u00f6lj str\u00f6mmen<\/h3>\n\n\n\n<p>Genom att paddla kommer du sp\u00e4nnande n\u00e4ra naturen och djurlivet i och omkring \u00e4lven. F\u00f6lj dess krokiga bana fr\u00e5n storskogarna i norr, genom \u00f6ppna landskap hela v\u00e4gen ner till V\u00e4nern. Kanske m\u00f6ter du en b\u00e4ver som jobbar p\u00e5 sin hydda, ser en g\u00e4dda sl\u00e5 i vassen eller en \u00e4lg som g\u00e5tt ner f\u00f6r att dricka vid strandkanten.<\/p>\n\n\n\n<div class=\"wp-block-atheme-component-cta atheme-wrapper\"><div class=\"atheme-components-cta--decoration-right\"><\/div><div class=\"atheme-components-cta--decoration-left\"><\/div><div class=\"atheme-components-cta\" style=\"height:600px;min-height:300px;background-image:url( https:\/\/www.visitvarmland.com\/forshaga\/wp-content\/uploads\/sites\/6\/2023\/06\/svea.jpg );background-size:cover;background-position:center center;background-attachment:scroll\"><div class=\"atheme-components-cta--overlay\"> <\/div><div class=\"atheme-components-cta--text\"><div><h3>Vi har lyckan och lusten<\/h3><p>Packa kaffetermosen i ryggs\u00e4cken och uppt\u00e4ck naturen!<\/p><div class=\"atheme-components-cta--text-border\"><\/div><\/div><\/div><\/div><\/div>\n","protected":false},"excerpt":{"rendered":"<p>En trogen f\u00f6ljeslagare genom v\u00e5r kommun Klar\u00e4lven ger upplevelser f\u00f6r alla: vackra vyer, rofylld paddling, mysiga grillstunder och fiske i v\u00e4rldsklass. \u00c4lven \u00e4r en st\u00e4ndig f\u00f6ljeslagare genom v\u00e5r kommun. Med sitt klara vatten har den erbjudit mat p\u00e5 bordet, kraft ur forsarna och en praktisk farled genom tiderna. Uppt\u00e4ck den du med! V\u00e5r historia b\u00f6rjar [&hellip;]<\/p>\n","protected":false},"author":383,"featured_media":0,"parent":0,"menu_order":0,"comment_status":"closed","ping_status":"closed","template":"","meta":{"_acf_changed":false,"footnotes":""},"class_list":["post-2","page","type-page","status-publish","hentry"],"acf":[],"lang":"sv","translations":{"sv":2},"pll_sync_post":[],"_links":{"self":[{"href":"https:\/\/www.visitvarmland.com\/forshaga\/wp-json\/wp\/v2\/pages\/2","targetHints":{"allow":["GET"]}}],"collection":[{"href":"https:\/\/www.visitvarmland.com\/forshaga\/wp-json\/wp\/v2\/pages"}],"about":[{"href":"https:\/\/www.visitvarmland.com\/forshaga\/wp-json\/wp\/v2\/types\/page"}],"author":[{"embeddable":true,"href":"https:\/\/www.visitvarmland.com\/forshaga\/wp-json\/wp\/v2\/users\/383"}],"replies":[{"embeddable":true,"href":"https:\/\/www.visitvarmland.com\/forshaga\/wp-json\/wp\/v2\/comments?post=2"}],"version-history":[{"count":20,"href":"https:\/\/www.visitvarmland.com\/forshaga\/wp-json\/wp\/v2\/pages\/2\/revisions"}],"predecessor-version":[{"id":706,"href":"https:\/\/www.visitvarmland.com\/forshaga\/wp-json\/wp\/v2\/pages\/2\/revisions\/706"}],"wp:attachment":[{"href":"https:\/\/www.visitvarmland.com\/forshaga\/wp-json\/wp\/v2\/media?parent=2"}],"curies":[{"name":"wp","href":"https:\/\/api.w.org\/{rel}","templated":true}]}}