{"id":200,"date":"2021-05-19T17:24:10","date_gmt":"2021-05-19T15:24:10","guid":{"rendered":"https:\/\/www.visitvarmland.com\/forshaga\/?page_id=200"},"modified":"2026-04-14T15:09:11","modified_gmt":"2026-04-14T13:09:11","slug":"startsida","status":"publish","type":"page","link":"https:\/\/www.visitvarmland.com\/forshaga\/","title":{"rendered":"Startsida"},"content":{"rendered":"<div class=\"ahteme-wrapper atheme-wrapper--full\">\n    <div class=\"atheme-components-news\">\n        <div class=\"atheme-components-news--content\">\n            <!-- Image Wrapper -->\n            <div id=\"aif17wIg2x8bWyNC3_images\" class=\"atheme-components-news--content-images\">\n                                <div id=\"acnImg-30516\" class=\"atheme-components-news--content-images-image ac-display--block\" style=\"background-image: url('https:\/\/img.turid.visitvarmland.com\/legacy\/Forshaga\/Deje%20alpina.jpeg?q=80&#038;fit=contain&#038;w=1920&#038;h=1920&#038;')\"><\/div>\n                                <div id=\"acnImg-100830\" class=\"atheme-components-news--content-images-image \" style=\"background-image: url('https:\/\/img.turid.visitvarmland.com\/7f2ccce5-4887-40bc-80e5-ed906636bd5e\/klaralvsbadet.jpg?q=80&#038;fit=contain&#038;w=1920&#038;h=1920&#038;')\"><\/div>\n                                <div id=\"acnImg-100821\" class=\"atheme-components-news--content-images-image \" style=\"background-image: url('https:\/\/img.turid.visitvarmland.com\/legacy\/Karlskoga\/Skridskor1_0.jpeg?q=80&#038;fit=contain&#038;w=1920&#038;h=1920&#038;')\"><\/div>\n                                <div class=\"atheme-components-news--content-images-action\">\n                    <div class=\"atheme-news-action-btn\" onClick=\"aNewsShowBtn('aif17wIg2x8bWyNC3_prev',100821)\"><i class=\"fal fa-chevron-left\"><\/i><\/div>\n                    <div class=\"atheme-news-action-btn\" onClick=\"aNewsShowBtn('aif17wIg2x8bWyNC3_next'),100821\"><i class=\"fal fa-chevron-right\"><\/i><\/div>\n                <\/div>\n            <\/div>\n            <!-- .Image Wrapper -->\n\n            <!-- Text Wrapper -->\n            <div id=\"aif17wIg2x8bWyNC3_items\" class=\"atheme-components-news--content-list\">\n                <div class=\"atheme-components-news--content-list-main-title\">\n                    <h3>Vi tipsar!<\/h3>\n                <\/div>\n                                <ul id=\"\" class=\"\">\n                                            <li id=\"acnPost-30516\" class=\"atheme-components-news--content-list-items ac-active--block\" onClick=\"aNewsShowBtn('aif17wIg2x8bWyNC3_this',30516)\">\n                            <span class=\"atheme-components-news--content-list-title ac-display--block\">\n                                <span>\n                                    <span class=\"components-news-list-icon-wrapper\">\n                                        <span class=\"pre-icon-dot\"><\/span>\n                                        <span class=\"pre-icon-dot\"><\/span>\n                                        <i class=\"fal fa-long-arrow-right\"><\/i>\n                                    <\/span>\n                                    <p>D\u00f6mlebacken, Deje Alpina<\/p>\n                            <\/span>\n                            <\/span>\n                            <span class=\"atheme-components-news--content-list-content ac-display--block\">\n                                H\u00e4rlig skid\u00e5kning f\u00f6r hela familjen.                                <a href=\"\/forshaga\/aktiviteter\/skidakning\/domlebacken-deje-alpina\">L\u00e4s mer<\/a>\n                            <\/span>\n                        <\/li>\n                                                <li id=\"acnPost-100830\" class=\"atheme-components-news--content-list-items \" onClick=\"aNewsShowBtn('aif17wIg2x8bWyNC3_this',100830)\">\n                            <span class=\"atheme-components-news--content-list-title \">\n                                <span>\n                                    <span class=\"components-news-list-icon-wrapper\">\n                                        <span class=\"pre-icon-dot\"><\/span>\n                                        <span class=\"pre-icon-dot\"><\/span>\n                                        <i class=\"fal fa-long-arrow-right\"><\/i>\n                                    <\/span>\n                                    <p>Klar\u00e4lvsbadet<\/p>\n                            <\/span>\n                            <\/span>\n                            <span class=\"atheme-components-news--content-list-content \">\n                                V\u00e4lkommen till simhallen Klar\u00e4lvsbadet.                                <a href=\"\/forshaga\/aktiviteter\/bada\/klaralvsbadet\">L\u00e4s mer<\/a>\n                            <\/span>\n                        <\/li>\n                                                <li id=\"acnPost-100821\" class=\"atheme-components-news--content-list-items \" onClick=\"aNewsShowBtn('aif17wIg2x8bWyNC3_this',100821)\">\n                            <span class=\"atheme-components-news--content-list-title \">\n                                <span>\n                                    <span class=\"components-news-list-icon-wrapper\">\n                                        <span class=\"pre-icon-dot\"><\/span>\n                                        <span class=\"pre-icon-dot\"><\/span>\n                                        <i class=\"fal fa-long-arrow-right\"><\/i>\n                                    <\/span>\n                                    <p>Skridsko\u00e5kning<\/p>\n                            <\/span>\n                            <\/span>\n                            <span class=\"atheme-components-news--content-list-content \">\n                                Allm\u00e4nhetens \u00e5kning i ishallen.                                <a href=\"\/forshaga\/aktiviteter\/ovriga-vinteraktiviteter\/skridskoakning\">L\u00e4s mer<\/a>\n                            <\/span>\n                        <\/li>\n                                        <\/ul>\n\n            <\/div>\n            <!-- .Text Wrapper -->\n        <\/div>\n\n    <\/div>\n<\/div>\n\n\n\n<div class=\"wp-block-atheme-component-cta-button atheme-wrapper\"><div class=\"atheme-components-cta--decoration-right\"><\/div><div class=\"atheme-components-cta--decoration-left\"><\/div><div class=\"atheme-components-cta\" style=\"height:600px;min-height:300px;background-image:url( https:\/\/www.visitvarmland.com\/forshaga\/wp-content\/uploads\/sites\/6\/2022\/05\/kraftstationen-2-Linn-artikel-VV.jpg );background-size:cover;background-position:center center;background-repeat:no-repeat;background-attachment:scroll\"><div class=\"atheme-components-cta--overlay\" style=\"background-color:rgb(41,41,41);opacity:0.5\"> <\/div><div class=\"atheme-components-cta--text-wrapper\"><h3 style=\"color:rgb(235,214,153)\">Gamla kraftstationen <br>&#8211; turistmagneten i Deje<\/h3><p style=\"color:rgb(255,255,255)\">En unik kulturupplevelse och v\u00e5rt mest v\u00e4lbes\u00f6kta utflyktsm\u00e5l<\/p><a href=\"https:\/\/www.visitvarmland.com\/forshaga\/tips-och-guider\/gamla-kraftstationen-turistmagneten-i-deje\/\" target=\"_self\" rel=\"noopener\">L\u00e4s mer<\/a><\/div><\/div><\/div>\n\n\n\n<div class=\"wp-block-atheme-component-cta-button atheme-wrapper\"><div class=\"atheme-components-cta--decoration-right\"><\/div><div class=\"atheme-components-cta--decoration-left\"><\/div><div class=\"atheme-components-cta\" style=\"height:600px;min-height:300px;background-image:url( https:\/\/www.visitvarmland.com\/forshaga\/wp-content\/uploads\/sites\/6\/2022\/05\/Domle-bryggan-1-scaled.jpg );background-size:cover;background-position:center center;background-repeat:no-repeat;background-attachment:scroll\"><div class=\"atheme-components-cta--overlay\" style=\"background-color:rgb(41,41,41);opacity:0.5\"> <\/div><div class=\"atheme-components-cta--text-wrapper\"><h3 style=\"color:rgb(235,214,153)\">D\u00f6mle herrg\u00e5rd erbjuder boende, <br>mat, spa och aktiviteter<\/h3><p style=\"color:rgb(255,255,255)\">Mellan dr\u00f6m och verklighet<\/p><a href=\"https:\/\/www.visitvarmland.com\/forshaga\/tips-och-guider\/domle-herrgard-spa-resort\/\" target=\"_self\" rel=\"noopener\">L\u00e4s mer<\/a><\/div><\/div><\/div>\n\n\n\n<div class=\"wp-block-atheme-component-cta-button atheme-wrapper\"><div class=\"atheme-components-cta--decoration-right\"><\/div><div class=\"atheme-components-cta--decoration-left\"><\/div><div class=\"atheme-components-cta\" style=\"height:600px;min-height:300px;background-image:url( https:\/\/www.visitvarmland.com\/forshaga\/wp-content\/uploads\/sites\/6\/2022\/05\/IMG_5757-1.jpg );background-size:cover;background-position:center center;background-repeat:no-repeat;background-attachment:scroll\"><div class=\"atheme-components-cta--overlay\" style=\"background-color:rgb(41,41,41);opacity:0.5\"> <\/div><div class=\"atheme-components-cta--text-wrapper\"><h3 style=\"color:rgb(235,214,153)\">\u00d6verraskas av Klar\u00e4lvsbanan<br>-nio mil bilfri asfalt<\/h3><p style=\"color:rgb(255,255,255)\">Vandra, ta cykeln, inlines eller rullskidor<\/p><a href=\"https:\/\/www.visitvarmland.com\/forshaga\/tips-och-guider\/overraskas-av-klaralvsbanan\/\" target=\"_self\" rel=\"noopener\">L\u00e4s mer<\/a><\/div><\/div><\/div>\n\n\n\n<div class=\"wp-block-atheme-component-cta-button atheme-wrapper\"><div class=\"atheme-components-cta--decoration-right\"><\/div><div class=\"atheme-components-cta--decoration-left\"><\/div><div class=\"atheme-components-cta\" style=\"height:600px;min-height:300px;background-image:url( https:\/\/www.visitvarmland.com\/forshaga\/wp-content\/uploads\/sites\/6\/2022\/05\/STARTSIDA-2019-Forshaga-Kommun-Bad-och-lek-hgupplst-4911.jpg );background-size:cover;background-position:center center;background-repeat:no-repeat;background-attachment:scroll\"><div class=\"atheme-components-cta--overlay\" style=\"background-color:rgb(41,41,41);opacity:0.5\"> <\/div><div class=\"atheme-components-cta--text-wrapper\"><h3 style=\"color:rgb(235,214,153)\">Ta en svalkande dopp vid v\u00e5ra<br>natursk\u00f6na friluftsbad<\/h3><p style=\"color:rgb(255,255,255)\">Bes\u00f6k n\u00e5gon av v\u00e5ra kommunala badplatser<\/p><a href=\"https:\/\/www.visitvarmland.com\/forshaga\/tips-och-guider\/ta-en-svalkande-dopp\/\" target=\"_self\" rel=\"noopener\">L\u00e4s mer<\/a><\/div><\/div><\/div>\n\n\n\n<div class=\"wp-block-atheme-component-cta-button atheme-wrapper\"><div class=\"atheme-components-cta--decoration-right\"><\/div><div class=\"atheme-components-cta--decoration-left\"><\/div><div class=\"atheme-components-cta\" style=\"height:600px;min-height:300px;background-image:url( https:\/\/www.visitvarmland.com\/forshaga\/wp-content\/uploads\/sites\/6\/2021\/06\/106-scaled.jpg );background-size:cover;background-position:center center;background-repeat:no-repeat;background-attachment:scroll\"><div class=\"atheme-components-cta--overlay\" style=\"background-color:rgb(41,41,41);opacity:0.45\"> <\/div><div class=\"atheme-components-cta--text-wrapper\"><h3 style=\"color:rgb(235,214,153)\">Klar\u00e4lven &#8211; en st\u00e4ndig f\u00f6ljeslagare genom v\u00e5r kommun<\/h3><p style=\"color:rgb(255,255,255)\">Sp\u00e4nnande fiske, vackra vyer, rofylld paddling och mysiga grillstunder<\/p><a href=\"https:\/\/www.visitvarmland.com\/forshaga\/tips-och-guider\/upplev-klaralven\" target=\"_self\" rel=\"noopener\">L\u00e4s mer<\/a><\/div><\/div><\/div>\n","protected":false},"excerpt":{"rendered":"","protected":false},"author":38,"featured_media":0,"parent":0,"menu_order":0,"comment_status":"closed","ping_status":"open","template":"page-templates\/municipality.php","meta":{"_acf_changed":false,"footnotes":""},"class_list":["post-200","page","type-page","status-publish","hentry"],"acf":[],"lang":"sv","translations":{"sv":200,"en":513},"pll_sync_post":[],"_links":{"self":[{"href":"https:\/\/www.visitvarmland.com\/forshaga\/wp-json\/wp\/v2\/pages\/200","targetHints":{"allow":["GET"]}}],"collection":[{"href":"https:\/\/www.visitvarmland.com\/forshaga\/wp-json\/wp\/v2\/pages"}],"about":[{"href":"https:\/\/www.visitvarmland.com\/forshaga\/wp-json\/wp\/v2\/types\/page"}],"author":[{"embeddable":true,"href":"https:\/\/www.visitvarmland.com\/forshaga\/wp-json\/wp\/v2\/users\/38"}],"replies":[{"embeddable":true,"href":"https:\/\/www.visitvarmland.com\/forshaga\/wp-json\/wp\/v2\/comments?post=200"}],"version-history":[{"count":8,"href":"https:\/\/www.visitvarmland.com\/forshaga\/wp-json\/wp\/v2\/pages\/200\/revisions"}],"predecessor-version":[{"id":712,"href":"https:\/\/www.visitvarmland.com\/forshaga\/wp-json\/wp\/v2\/pages\/200\/revisions\/712"}],"wp:attachment":[{"href":"https:\/\/www.visitvarmland.com\/forshaga\/wp-json\/wp\/v2\/media?parent=200"}],"curies":[{"name":"wp","href":"https:\/\/api.w.org\/{rel}","templated":true}]}}