{"id":217,"date":"2021-05-21T13:42:38","date_gmt":"2021-05-21T11:42:38","guid":{"rendered":"https:\/\/www.visitvarmland.com\/forshaga\/?page_id=217"},"modified":"2024-06-04T09:40:03","modified_gmt":"2024-06-04T07:40:03","slug":"resa-hit","status":"publish","type":"page","link":"https:\/\/www.visitvarmland.com\/forshaga\/resa-hit\/","title":{"rendered":"Resa hit"},"content":{"rendered":"\n<div class=\"wp-block-atheme-component-collage-1 atheme-collage\"><div class=\"atheme-collage--single\"><div class=\"atheme-collage--image\" style=\"background-image:url( https:\/\/www.visitvarmland.com\/forshaga\/wp-content\/uploads\/sites\/6\/2021\/06\/20100526RGB-19980006-Fotograf-Hakan-Wallin2-scaled.jpg )\"><div id=\"zqnZyihCCOSjUukT\" class=\"atheme-collage--infobox\"><p><\/p><\/div><div class=\"atheme-collage--action\"><div class=\"atheme-collage--action-btn\"><i class=\"fal fa-ellipsis-h\"><\/i><\/div><\/div><\/div><\/div><\/div>\n\n\n\n<p>Forshaga kommun ligger i s\u00f6dra V\u00e4rmland, cirka 2 mil norr om Karlstad. Till Karlstad finns goda buss-, t\u00e5g- och flygf\u00f6rbindelser. Vidare till oss tar du dig enklast med buss, bil eller p\u00e5 cykel l\u00e4ngs Klar\u00e4lvsbanan. Varmt v\u00e4lkommen!<\/p>\n\n\n\n<div class=\"wp-block-columns is-layout-flex wp-container-core-columns-is-layout-9d6595d7 wp-block-columns-is-layout-flex\">\n<div class=\"wp-block-column is-layout-flow wp-block-column-is-layout-flow\" style=\"flex-basis:33.33%\">\n<figure class=\"wp-block-image size-large is-resized\"><img loading=\"lazy\" decoding=\"async\" src=\"https:\/\/www.visitvarmland.com\/forshaga\/wp-content\/uploads\/sites\/6\/2021\/05\/bus-1024x1006.png\" alt=\"\"  class=\"wp-image-504\" width=\"139\" height=\"136\" srcset=\"https:\/\/www.visitvarmland.com\/app\/uploads\/sites\/6\/2021\/05\/bus-1024x1006.png 1024w, https:\/\/www.visitvarmland.com\/app\/uploads\/sites\/6\/2021\/05\/bus-300x295.png 300w, https:\/\/www.visitvarmland.com\/app\/uploads\/sites\/6\/2021\/05\/bus-768x754.png 768w, https:\/\/www.visitvarmland.com\/app\/uploads\/sites\/6\/2021\/05\/bus-1536x1509.png 1536w, https:\/\/www.visitvarmland.com\/app\/uploads\/sites\/6\/2021\/05\/bus-150x147.png 150w, https:\/\/www.visitvarmland.com\/app\/uploads\/sites\/6\/2021\/05\/bus-600x589.png 600w, https:\/\/www.visitvarmland.com\/app\/uploads\/sites\/6\/2021\/05\/bus.png 1735w\" sizes=\"auto, (max-width: 139px) 100vw, 139px\" \/><\/figure>\n<\/div>\n\n\n\n<div class=\"wp-block-column is-layout-flow wp-block-column-is-layout-flow\" style=\"flex-basis:66.66%\">\n<h3 class=\"wp-block-heading\">Med buss<\/h3>\n\n\n\n<p>Till oss tar du dig enkelt och bekv\u00e4mt med buss. Fr\u00e5n Karlstad finner du avg\u00e5ngar var 20 minut under stora delar av \u00e5ret. Mellan den 12 juni och 13 augusti kan du ta med dig cykeln p\u00e5 vissa linjer, bland annat linje 600 som tar dig till Klar\u00e4lvsbanan.<\/p>\n\n\n\n<p>L\u00e4s mer och s\u00f6k din resa p\u00e5 varmlandstrafik.se. <a href=\"https:\/\/www.varmlandstrafik.se\/\" target=\"_blank\" rel=\"noopener\">V\u00e4rmlandstrafik (varmlandstrafik.se)<\/a><\/p>\n\n\n\n<p>L\u00e4s mer om cykelplats p\u00e5 bussen p\u00e5 varmlandstrafik.se. <a href=\"https:\/\/www.varmlandstrafik.se\/varmlandstrafik\/res-med-oss\/fler-resesatt\/cykelplats-pa-bussen\" data-type=\"URL\" data-id=\"https:\/\/www.varmlandstrafik.se\/varmlandstrafik\/res-med-oss\/fler-resesatt\/cykelplats-pa-bussen\" target=\"_blank\" rel=\"noopener\">Cykelplats p\u00e5 bussen (varmlandstrafik.se)<\/a><\/p>\n<\/div>\n<\/div>\n\n\n\n<div class=\"wp-block-columns is-layout-flex wp-container-core-columns-is-layout-9d6595d7 wp-block-columns-is-layout-flex\">\n<div class=\"wp-block-column is-layout-flow wp-block-column-is-layout-flow\" style=\"flex-basis:33.33%\">\n<figure class=\"wp-block-image size-large is-resized\"><img loading=\"lazy\" decoding=\"async\" src=\"https:\/\/www.visitvarmland.com\/forshaga\/wp-content\/uploads\/sites\/6\/2021\/05\/cycle-1024x1006.png\" alt=\"\"  class=\"wp-image-505\" width=\"150\" height=\"147\" srcset=\"https:\/\/www.visitvarmland.com\/app\/uploads\/sites\/6\/2021\/05\/cycle-1024x1006.png 1024w, https:\/\/www.visitvarmland.com\/app\/uploads\/sites\/6\/2021\/05\/cycle-300x295.png 300w, https:\/\/www.visitvarmland.com\/app\/uploads\/sites\/6\/2021\/05\/cycle-768x754.png 768w, https:\/\/www.visitvarmland.com\/app\/uploads\/sites\/6\/2021\/05\/cycle-1536x1509.png 1536w, https:\/\/www.visitvarmland.com\/app\/uploads\/sites\/6\/2021\/05\/cycle-150x147.png 150w, https:\/\/www.visitvarmland.com\/app\/uploads\/sites\/6\/2021\/05\/cycle-600x589.png 600w, https:\/\/www.visitvarmland.com\/app\/uploads\/sites\/6\/2021\/05\/cycle.png 1735w\" sizes=\"auto, (max-width: 150px) 100vw, 150px\" \/><\/figure>\n<\/div>\n\n\n\n<div class=\"wp-block-column is-layout-flow wp-block-column-is-layout-flow\" style=\"flex-basis:66.66%\">\n<h3 class=\"wp-block-heading\">P\u00e5 cykel<\/h3>\n\n\n\n<p>Visste du att Forshaga kommun har n\u00e4st mest cykelv\u00e4g per inv\u00e5nare i hela Sverige? Klar\u00e4lvsbanan erbjuder nio mil bilfri asfalt fr\u00e5n Karlstad i s\u00f6der till Uddeholm i norr.  Banans str\u00e4ckning g\u00e5r rakt genom v\u00e5r kommun och passerar b\u00e5de Forshaga och Deje. <\/p>\n<\/div>\n<\/div>\n\n\n\n<div class=\"wp-block-columns is-layout-flex wp-container-core-columns-is-layout-9d6595d7 wp-block-columns-is-layout-flex\">\n<div class=\"wp-block-column is-layout-flow wp-block-column-is-layout-flow\" style=\"flex-basis:33.33%\">\n<figure class=\"wp-block-image size-large is-resized\"><img loading=\"lazy\" decoding=\"async\" src=\"https:\/\/www.visitvarmland.com\/forshaga\/wp-content\/uploads\/sites\/6\/2021\/05\/car-1024x1006.png\" alt=\"\"  class=\"wp-image-506\" width=\"136\" height=\"133\" srcset=\"https:\/\/www.visitvarmland.com\/app\/uploads\/sites\/6\/2021\/05\/car-1024x1006.png 1024w, https:\/\/www.visitvarmland.com\/app\/uploads\/sites\/6\/2021\/05\/car-300x295.png 300w, https:\/\/www.visitvarmland.com\/app\/uploads\/sites\/6\/2021\/05\/car-768x754.png 768w, https:\/\/www.visitvarmland.com\/app\/uploads\/sites\/6\/2021\/05\/car-1536x1509.png 1536w, https:\/\/www.visitvarmland.com\/app\/uploads\/sites\/6\/2021\/05\/car-150x147.png 150w, https:\/\/www.visitvarmland.com\/app\/uploads\/sites\/6\/2021\/05\/car-600x589.png 600w, https:\/\/www.visitvarmland.com\/app\/uploads\/sites\/6\/2021\/05\/car.png 1735w\" sizes=\"auto, (max-width: 136px) 100vw, 136px\" \/><\/figure>\n<\/div>\n\n\n\n<div class=\"wp-block-column is-layout-flow wp-block-column-is-layout-flow\" style=\"flex-basis:66.66%\">\n<h3 class=\"wp-block-heading\">Med bil<\/h3>\n\n\n\n<p>Bes\u00f6ker du v\u00e5r kommun med bil s\u00e5 hittar du enkelt parkeringsplatser centralt i v\u00e5ra t\u00e4torter. Det finns gott om platser att parkera i de centrala delarna av Deje och Forshaga. <\/p>\n\n\n\n<p>Karta \u00f6ver parkeringsplatser  <a href=\"https:\/\/karta.forshaga.se\/?lon=413965&amp;lat=6599516&amp;zoom=8&amp;bgLayers=Topowebb&amp;overlays=parkering&amp;lon=413965&amp;lat=6599516&amp;zoom=8&amp;bgLayers=Topowebb&amp;overlays=parkering\" target=\"_blank\" rel=\"noopener\">HAJK2 &#8211; Karta (forshaga.se)<\/a><\/p>\n<\/div>\n<\/div>\n\n\n\n<p><\/p>\n","protected":false},"excerpt":{"rendered":"<p>Forshaga kommun ligger i s\u00f6dra V\u00e4rmland, cirka 2 mil norr om Karlstad. Till Karlstad finns goda buss-, t\u00e5g- och flygf\u00f6rbindelser. Vidare till oss tar du dig enklast med buss, bil eller p\u00e5 cykel l\u00e4ngs Klar\u00e4lvsbanan. Varmt v\u00e4lkommen! Med buss Till oss tar du dig enkelt och bekv\u00e4mt med buss. Fr\u00e5n Karlstad finner du avg\u00e5ngar var [&hellip;]<\/p>\n","protected":false},"author":3,"featured_media":0,"parent":0,"menu_order":0,"comment_status":"closed","ping_status":"open","template":"","meta":{"_acf_changed":false,"footnotes":""},"class_list":["post-217","page","type-page","status-publish","hentry"],"acf":[],"lang":"sv","translations":{"sv":217},"pll_sync_post":[],"_links":{"self":[{"href":"https:\/\/www.visitvarmland.com\/forshaga\/wp-json\/wp\/v2\/pages\/217","targetHints":{"allow":["GET"]}}],"collection":[{"href":"https:\/\/www.visitvarmland.com\/forshaga\/wp-json\/wp\/v2\/pages"}],"about":[{"href":"https:\/\/www.visitvarmland.com\/forshaga\/wp-json\/wp\/v2\/types\/page"}],"author":[{"embeddable":true,"href":"https:\/\/www.visitvarmland.com\/forshaga\/wp-json\/wp\/v2\/users\/3"}],"replies":[{"embeddable":true,"href":"https:\/\/www.visitvarmland.com\/forshaga\/wp-json\/wp\/v2\/comments?post=217"}],"version-history":[{"count":12,"href":"https:\/\/www.visitvarmland.com\/forshaga\/wp-json\/wp\/v2\/pages\/217\/revisions"}],"predecessor-version":[{"id":520,"href":"https:\/\/www.visitvarmland.com\/forshaga\/wp-json\/wp\/v2\/pages\/217\/revisions\/520"}],"wp:attachment":[{"href":"https:\/\/www.visitvarmland.com\/forshaga\/wp-json\/wp\/v2\/media?parent=217"}],"curies":[{"name":"wp","href":"https:\/\/api.w.org\/{rel}","templated":true}]}}