{"id":1484,"date":"2025-02-03T10:14:44","date_gmt":"2025-02-03T09:14:44","guid":{"rendered":"https:\/\/www.visitvarmland.com\/grums\/?page_id=1484"},"modified":"2026-03-18T07:26:39","modified_gmt":"2026-03-18T06:26:39","slug":"visitors-information","status":"publish","type":"page","link":"https:\/\/www.visitvarmland.com\/grums\/en\/visitors-information\/","title":{"rendered":"Visitor information"},"content":{"rendered":"\n<div class=\"wp-block-atheme-component-cta atheme-wrapper\"><div class=\"atheme-components-cta--decoration-right\"><\/div><div class=\"atheme-components-cta--decoration-left\"><\/div><div class=\"atheme-components-cta\" style=\"height:600px;min-height:300px;background-image:url( https:\/\/www.visitvarmland.com\/grums\/wp-content\/uploads\/sites\/7\/2023\/03\/Kontaktcenter-Grums-kommun_webb-scaled.jpg );background-size:cover;background-position:center center;background-attachment:scroll\"><div class=\"atheme-components-cta--overlay\"> <\/div><div class=\"atheme-components-cta--text\"><div><h3>Welcome to us!<\/h3><p>For us in Grums Municipality, you as a visitor are important<\/p><div class=\"atheme-components-cta--text-border\"><\/div><\/div><\/div><\/div><\/div>\n\n\n\n<h2 class=\"wp-block-heading\" id=\"h-InfoPointturistinformation\">Contact Center<\/h2>\n\n\n\n<p>Welcome to pick up a tourist brochure or map at our contact center or at one of our staffed tourist information locations.<\/p>\n\n\n\n<div class=\"wp-block-atheme-component-facts atheme-wrapper\"><div class=\"atheme-facts\"><h3><\/h3><p>Contact Center, Sveagatan 77, Grums<br><strong>Phone:<\/strong> 0555-420 00<br><strong>Email:<\/strong> <a href=\"mailto:turism@grums.se\">turism@grums.se<\/a><br><\/p><\/div><\/div>\n\n\n\n<div class=\"wp-block-columns is-layout-flex wp-container-core-columns-is-layout-9d6595d7 wp-block-columns-is-layout-flex\">\n<div class=\"wp-block-column is-vertically-aligned-center is-layout-flow wp-block-column-is-layout-flow\" style=\"flex-basis:50%\">\n<div class=\"wp-block-atheme-component-action-button atheme-wrapper--action-button-single\"><a href=\"https:\/\/www.grums.se\/upplevagora\/upptackgrums.5847.html\" target=\"_blank\" class=\"a-action a-action--extern-link\" rel=\"noopener\"><span>Grums.se &#8211; Discover Grums!<\/span><\/a><\/div>\n<\/div>\n\n\n\n<div class=\"wp-block-column is-layout-flow wp-block-column-is-layout-flow\" style=\"flex-basis:50%\">\n<div class=\"wp-block-atheme-component-action-button atheme-wrapper--action-button-single\"><a href=\"https:\/\/www.visitvarmland.com\/grums\/wp-content\/uploads\/sites\/7\/2024\/03\/Turistguide-Grums-2024-web-1.pdf\" target=\"_blank\" class=\"a-action a-action--download\" rel=\"noopener\"><span>Tourist Guide Grums 2024<\/span><\/a><\/div>\n<\/div>\n<\/div>\n\n\n\n<h2 class=\"wp-block-heading\" id=\"h-VarmskogsLanthandel\">V\u00e4rmskogs Grocery Store<\/h2>\n\n\n\n<p>Degerbyn<br>0555-200 29<\/p>\n\n\n\n<h2 class=\"wp-block-heading\" id=\"h-VarmskogsCafe\">V\u00e4rmskogs Caf\u00e9<\/h2>\n\n\n\n<p>Broviksv\u00e4gen 3, V\u00e4rmskog<br>0570-46 12 74<br><a href=\"https:\/\/www.varmskogscafe.se\/\" target=\"_blank\" rel=\"noopener\">varmskogscafe.se<\/a><\/p>\n\n\n\n<h2 class=\"wp-block-heading\" id=\"h-Sliperiet\">Sliperiet<\/h2>\n\n\n\n<p>Gamla Landsv\u00e4gen 6, Borgvik<br>070-555 51 74<br><a href=\"https:\/\/sliperietiborgvik.se\/\" target=\"_blank\" rel=\"noopener\">sliperietiborgvik.se<\/a><a href=\"mailto:info@sliperietborgvik.se\"><\/a><\/p>\n\n\n\n<h2 class=\"wp-block-heading\" id=\"h-Kungskvarnen\">Kungskvarnen<\/h2>\n\n\n\n<p>Kvarnv\u00e4gen 1, Borgvik<br>070-669 55 60<br><a href=\"https:\/\/www.kvarneniborgvik.se\/\" target=\"_blank\" rel=\"noopener\">kvarneniborgvik.se<\/a><\/p>\n\n\n\n<h2 class=\"wp-block-heading\" id=\"h-Borgviksgard\">Borgviks G\u00e5rd<\/h2>\n\n\n\n<p>F\u00e4gatan 1, Borgvik<br><a href=\"https:\/\/www.borgviksgard.se\/\" target=\"_blank\" rel=\"noopener\">borgviksgard.se<\/a><\/p>\n\n\n\n<h2 class=\"wp-block-heading\" id=\"h-RastaGrums\">Rasta Grums<\/h2>\n\n\n\n<p>Ny\u00e4ngsgatan 1, Grums, Ny\u00e4ngen<br>0555-130 60<strong><br><\/strong><a href=\"https:\/\/www.rasta.se\/grums\/\" target=\"_blank\" rel=\"noopener\">rasta.se\/grums<\/a><\/p>\n\n\n\n<h2 class=\"wp-block-heading\" id=\"h-OKQ8Grums\">OKQ8 Grums<\/h2>\n\n\n\n<p>Sveagatan 138, Grums<br>0555-613 60<br><a href=\"https:\/\/www.okq8.se\/pa-stationen\/bensinstationer\/grums-sveagatan\/\" target=\"_blank\" rel=\"noopener\">okq8.se<\/a><\/p>\n\n\n\n<h2 class=\"wp-block-heading\" id=\"h-BillerudsGolfklubb\">Billerud Golf Club<\/h2>\n\n\n\n<p>Valn\u00e4s Segmon<br>0555-78 50 54<br><a href=\"https:\/\/www.billerudsgk.se\/\" target=\"_blank\" rel=\"noopener\">billerudsgolfklubb.se<\/a><\/p>\n\n\n\n<h2 class=\"wp-block-heading\" id=\"h-Liljedalshembygdsforening\">Liljedal Heritage Society<\/h2>\n\n\n\n<p>Guest Harbor and Heritage Center, Liljedal<br>0555-914 24<br><a href=\"http:\/\/liljedal.one\/\" target=\"_blank\" rel=\"noopener\">liljedal.se<\/a><\/p>\n\n\n\n<p><\/p>\n\n\n\n<p>We warmly welcome you to discover more of our beautiful municipality!<\/p>\n","protected":false},"excerpt":{"rendered":"<p>Contact Center Welcome to pick up a tourist brochure or map at our contact center or at one of our staffed tourist information locations. V\u00e4rmskogs Grocery Store Degerbyn0555-200 29 V\u00e4rmskogs Caf\u00e9 Broviksv\u00e4gen 3, V\u00e4rmskog0570-46 12 74varmskogscafe.se Sliperiet Gamla Landsv\u00e4gen 6, Borgvik070-555 51 74sliperietiborgvik.se Kungskvarnen Kvarnv\u00e4gen 1, Borgvik070-669 55 60kvarneniborgvik.se Borgviks G\u00e5rd F\u00e4gatan 1, Borgvikborgviksgard.se Rasta [&hellip;]<\/p>\n","protected":false},"author":410,"featured_media":0,"parent":0,"menu_order":0,"comment_status":"closed","ping_status":"closed","template":"","meta":{"_acf_changed":false,"footnotes":""},"class_list":["post-1484","page","type-page","status-publish","hentry"],"acf":[],"lang":"en","translations":{"en":1484,"sv":206},"pll_sync_post":[],"_links":{"self":[{"href":"https:\/\/www.visitvarmland.com\/grums\/wp-json\/wp\/v2\/pages\/1484","targetHints":{"allow":["GET"]}}],"collection":[{"href":"https:\/\/www.visitvarmland.com\/grums\/wp-json\/wp\/v2\/pages"}],"about":[{"href":"https:\/\/www.visitvarmland.com\/grums\/wp-json\/wp\/v2\/types\/page"}],"author":[{"embeddable":true,"href":"https:\/\/www.visitvarmland.com\/grums\/wp-json\/wp\/v2\/users\/410"}],"replies":[{"embeddable":true,"href":"https:\/\/www.visitvarmland.com\/grums\/wp-json\/wp\/v2\/comments?post=1484"}],"version-history":[{"count":4,"href":"https:\/\/www.visitvarmland.com\/grums\/wp-json\/wp\/v2\/pages\/1484\/revisions"}],"predecessor-version":[{"id":1772,"href":"https:\/\/www.visitvarmland.com\/grums\/wp-json\/wp\/v2\/pages\/1484\/revisions\/1772"}],"wp:attachment":[{"href":"https:\/\/www.visitvarmland.com\/grums\/wp-json\/wp\/v2\/media?parent=1484"}],"curies":[{"name":"wp","href":"https:\/\/api.w.org\/{rel}","templated":true}]}}