{"id":634,"date":"2024-11-06T10:20:49","date_gmt":"2024-11-06T09:20:49","guid":{"rendered":"https:\/\/www.visitvarmland.com\/grums\/?page_id=634"},"modified":"2024-12-12T13:57:57","modified_gmt":"2024-12-12T12:57:57","slug":"travel-here","status":"publish","type":"page","link":"https:\/\/www.visitvarmland.com\/grums\/en\/travel-here\/","title":{"rendered":"Travel here"},"content":{"rendered":"\n<div class=\"wp-block-atheme-component-cta atheme-wrapper\"><div class=\"atheme-components-cta--decoration-right\"><\/div><div class=\"atheme-components-cta--decoration-left\"><\/div><div class=\"atheme-components-cta\" style=\"height:600px;min-height:300px;background-image:url( https:\/\/www.visitvarmland.com\/grums\/wp-content\/uploads\/sites\/7\/2022\/09\/Bathamn-Grums-kommun-scaled.jpg );background-size:cover;background-position:center center;background-attachment:scroll\"><div class=\"atheme-components-cta--overlay\"> <\/div><div class=\"atheme-components-cta--text\"><div><h3>Travel to Grums<\/h3><p>Here you will find all of the information you need to get to and from Grums municipality<\/p><div class=\"atheme-components-cta--text-border\"><\/div><\/div><\/div><\/div><\/div>\n\n\n\n<p>Grums municipality is located centrally between the big cities Stockholm, Gothenburg and Oslo. At Ny\u00e4ngen, the main roads, E18 and E45, cross. This means that approximatly 15 000 vehicles pass Grums every day.<\/p>\n\n\n\n<div class=\"wp-block-columns is-layout-flex wp-container-core-columns-is-layout-9d6595d7 wp-block-columns-is-layout-flex\">\n<div class=\"wp-block-column is-layout-flow wp-block-column-is-layout-flow\" style=\"flex-basis:33.33%\">\n<figure class=\"wp-block-image size-full is-resized\"><img loading=\"lazy\" decoding=\"async\" width=\"227\" height=\"222\" src=\"https:\/\/www.visitvarmland.com\/grums\/wp-content\/uploads\/sites\/7\/2024\/11\/bil.png\" alt=\"\" class=\"wp-image-640\" style=\"width:167px;height:auto\" srcset=\"https:\/\/www.visitvarmland.com\/app\/uploads\/sites\/7\/2024\/11\/bil.png 227w, https:\/\/www.visitvarmland.com\/app\/uploads\/sites\/7\/2024\/11\/bil-150x147.png 150w\" sizes=\"auto, (max-width: 227px) 100vw, 227px\" \/><\/figure>\n<\/div>\n\n\n\n<div class=\"wp-block-column is-layout-flow wp-block-column-is-layout-flow\" style=\"flex-basis:66.66%\">\n<h2 class=\"wp-block-heading\">By car<\/h2>\n\n\n\n<p>Two european roads, the E18 and the E45, cross in Grums municipality so driving to Grums has never been easier. <\/p>\n\n\n\n<p>Grums also offers free standard parking all over the municipality. <\/p>\n\n\n\n<p>There are also chargers for electric cars in various places. See the list below.<\/p>\n\n\n\n<ul class=\"wp-block-list\">\n<li>Tesla Superchargers at Ny\u00e4ngen (24 chargers)<\/li>\n\n\n\n<li>I2GO Grums at Ny\u00e4ngen (4 chargers)<\/li>\n\n\n\n<li>Ratsa Ny\u00e4ngen (4 chargers)<\/li>\n\n\n\n<li>\u00c5sb\u00e4cksv\u00e4gen 5 (2 chargers)<\/li>\n\n\n\n<li>Sveagatan 77 (1 charger)<\/li>\n\n\n\n<li>Grums sports and swimming centre (1 charger with 2 outlets)<\/li>\n\n\n\n<li>Preem in Slottsbron (10 chargers)<\/li>\n<\/ul>\n<\/div>\n<\/div>\n\n\n\n<div class=\"wp-block-columns is-layout-flex wp-container-core-columns-is-layout-9d6595d7 wp-block-columns-is-layout-flex\">\n<div class=\"wp-block-column is-layout-flow wp-block-column-is-layout-flow\" style=\"flex-basis:33.33%\">\n<figure class=\"wp-block-image size-large is-resized\"><img loading=\"lazy\" decoding=\"async\" width=\"1024\" height=\"1006\" src=\"https:\/\/www.visitvarmland.com\/grums\/wp-content\/uploads\/sites\/7\/2021\/05\/bus-1024x1006.png\" alt=\"\" class=\"wp-image-200\" style=\"width:159px;height:auto\" srcset=\"https:\/\/www.visitvarmland.com\/app\/uploads\/sites\/7\/2021\/05\/bus-1024x1006.png 1024w, https:\/\/www.visitvarmland.com\/app\/uploads\/sites\/7\/2021\/05\/bus-300x295.png 300w, https:\/\/www.visitvarmland.com\/app\/uploads\/sites\/7\/2021\/05\/bus-768x754.png 768w, https:\/\/www.visitvarmland.com\/app\/uploads\/sites\/7\/2021\/05\/bus-1536x1509.png 1536w, https:\/\/www.visitvarmland.com\/app\/uploads\/sites\/7\/2021\/05\/bus-150x147.png 150w, https:\/\/www.visitvarmland.com\/app\/uploads\/sites\/7\/2021\/05\/bus-600x589.png 600w, https:\/\/www.visitvarmland.com\/app\/uploads\/sites\/7\/2021\/05\/bus.png 1735w\" sizes=\"auto, (max-width: 1024px) 100vw, 1024px\" \/><\/figure>\n<\/div>\n\n\n\n<div class=\"wp-block-column is-layout-flow wp-block-column-is-layout-flow\" style=\"flex-basis:66.66%\">\n<h2 class=\"wp-block-heading\">By bus<\/h2>\n\n\n\n<p>At our bus center in the centre of Grums there is a platform with 5 bus stops along with wind shelters and traffic information signs. There are ground markings for people with visual impairments. Located right next to the bus area is the train station.<\/p>\n\n\n\n<p>By bus you can get to Karlstad in under 30 minutes. You can read more about the different bus routes and where they take you within the municipality on the V\u00e4rmlandstrafik website.<\/p>\n\n\n\n<p>Search for your desired journey at: <a href=\"https:\/\/www.varmlandstrafik.se\/varmlandstrafik\" target=\"_blank\" rel=\"noopener\">V\u00e4rmlandstrafik.se <\/a><\/p>\n<\/div>\n<\/div>\n\n\n\n<div class=\"wp-block-columns is-layout-flex wp-container-core-columns-is-layout-9d6595d7 wp-block-columns-is-layout-flex\">\n<div class=\"wp-block-column is-layout-flow wp-block-column-is-layout-flow\" style=\"flex-basis:33.33%\">\n<figure class=\"wp-block-image size-full is-resized\"><img loading=\"lazy\" decoding=\"async\" width=\"227\" height=\"223\" src=\"https:\/\/www.visitvarmland.com\/grums\/wp-content\/uploads\/sites\/7\/2024\/11\/cykel.png\" alt=\"\" class=\"wp-image-642\" style=\"width:166px;height:auto\" srcset=\"https:\/\/www.visitvarmland.com\/app\/uploads\/sites\/7\/2024\/11\/cykel.png 227w, https:\/\/www.visitvarmland.com\/app\/uploads\/sites\/7\/2024\/11\/cykel-150x147.png 150w\" sizes=\"auto, (max-width: 227px) 100vw, 227px\" \/><\/figure>\n<\/div>\n\n\n\n<div class=\"wp-block-column is-layout-flow wp-block-column-is-layout-flow\" style=\"flex-basis:66.66%\">\n<h2 class=\"wp-block-heading\">By bike<\/h2>\n\n\n\n<p>Grums has two large cycle tracks that run through the municipality, Unionsleden and V\u00e4nerleden.<\/p>\n\n\n\n<p>Unionsleden takes you from Karlstad, Sweden, to Moss, Norway. This cycle track takes you through forest, along lakes and open landscapes and is a total of 350 km long. For more information about Unionsleden, please visit <a href=\"https:\/\/en.unionsleden.com\/\" data-type=\"link\" data-id=\"https:\/\/en.unionsleden.com\/\" target=\"_blank\" rel=\"noopener\">Unionsleden.com<\/a><\/p>\n\n\n\n<p>V\u00e4nerleden is a cycle track that circulates swedens largest lake, lake V\u00e4nern. The cycle track is approximately 640 km long and is divided into 12 stages. Along V\u00e4nerleden you will experience V\u00e4nerns nicest beaches, fantastic cultural experiences and beautiful nature. For more information about V\u00e4nerleden, please visit <a href=\"https:\/\/en.vanerleden.se\/\" data-type=\"link\" data-id=\"https:\/\/en.vanerleden.se\/\" target=\"_blank\" rel=\"noopener\">Vanerleden.se<\/a><\/p>\n<\/div>\n<\/div>\n\n\n\n<div class=\"wp-block-columns is-layout-flex wp-container-core-columns-is-layout-9d6595d7 wp-block-columns-is-layout-flex\">\n<div class=\"wp-block-column is-layout-flow wp-block-column-is-layout-flow\" style=\"flex-basis:33.33%\">\n<figure class=\"wp-block-image size-large is-resized\"><img loading=\"lazy\" decoding=\"async\" width=\"1024\" height=\"1006\" src=\"https:\/\/www.visitvarmland.com\/grums\/wp-content\/uploads\/sites\/7\/2021\/05\/tag-1024x1006.png\" alt=\"\" class=\"wp-image-256\" style=\"width:166px;height:auto\" srcset=\"https:\/\/www.visitvarmland.com\/app\/uploads\/sites\/7\/2021\/05\/tag-1024x1006.png 1024w, https:\/\/www.visitvarmland.com\/app\/uploads\/sites\/7\/2021\/05\/tag-300x295.png 300w, https:\/\/www.visitvarmland.com\/app\/uploads\/sites\/7\/2021\/05\/tag-768x754.png 768w, https:\/\/www.visitvarmland.com\/app\/uploads\/sites\/7\/2021\/05\/tag-1536x1509.png 1536w, https:\/\/www.visitvarmland.com\/app\/uploads\/sites\/7\/2021\/05\/tag-150x147.png 150w, https:\/\/www.visitvarmland.com\/app\/uploads\/sites\/7\/2021\/05\/tag-600x589.png 600w, https:\/\/www.visitvarmland.com\/app\/uploads\/sites\/7\/2021\/05\/tag.png 1735w\" sizes=\"auto, (max-width: 1024px) 100vw, 1024px\" \/><\/figure>\n<\/div>\n\n\n\n<div class=\"wp-block-column is-layout-flow wp-block-column-is-layout-flow\" style=\"flex-basis:66.66%\">\n<h2 class=\"wp-block-heading\">By train<\/h2>\n\n\n\n<p>A train ride from Grums to Karlstad takes 30 minutes.<\/p>\n\n\n\n<p>Search for your desired train journey at: <a href=\"https:\/\/www.sj.se\/en\" target=\"_blank\" rel=\"noopener\">sj.se<\/a><\/p>\n<\/div>\n<\/div>\n\n\n\n<div class=\"wp-block-columns is-layout-flex wp-container-core-columns-is-layout-9d6595d7 wp-block-columns-is-layout-flex\">\n<div class=\"wp-block-column is-layout-flow wp-block-column-is-layout-flow\" style=\"flex-basis:33.33%\">\n<figure class=\"wp-block-image size-large is-resized\"><img loading=\"lazy\" decoding=\"async\" width=\"1024\" height=\"1006\" src=\"https:\/\/www.visitvarmland.com\/grums\/wp-content\/uploads\/sites\/7\/2021\/05\/boat-1024x1006.png\" alt=\"\" class=\"wp-image-199\" style=\"width:165px;height:auto\" srcset=\"https:\/\/www.visitvarmland.com\/app\/uploads\/sites\/7\/2021\/05\/boat-1024x1006.png 1024w, https:\/\/www.visitvarmland.com\/app\/uploads\/sites\/7\/2021\/05\/boat-300x295.png 300w, https:\/\/www.visitvarmland.com\/app\/uploads\/sites\/7\/2021\/05\/boat-768x754.png 768w, https:\/\/www.visitvarmland.com\/app\/uploads\/sites\/7\/2021\/05\/boat-1536x1509.png 1536w, https:\/\/www.visitvarmland.com\/app\/uploads\/sites\/7\/2021\/05\/boat-150x147.png 150w, https:\/\/www.visitvarmland.com\/app\/uploads\/sites\/7\/2021\/05\/boat-600x589.png 600w, https:\/\/www.visitvarmland.com\/app\/uploads\/sites\/7\/2021\/05\/boat.png 1735w\" sizes=\"auto, (max-width: 1024px) 100vw, 1024px\" \/><\/figure>\n<\/div>\n\n\n\n<div class=\"wp-block-column is-layout-flow wp-block-column-is-layout-flow\" style=\"flex-basis:66.66%\">\n<h2 class=\"wp-block-heading\">By boat<\/h2>\n\n\n\n<p>With a long coastline bordering lake V\u00e4nern, travelling to Grums by boat is very easy. There are multiple guest harbours around Grums municipality for to to dock your boat. <\/p>\n\n\n\n<ul class=\"wp-block-list\">\n<li>Borgvik guest harbour<\/li>\n\n\n\n<li>Liljedal guest harbour<\/li>\n\n\n\n<li>Grums guest harbour<\/li>\n<\/ul>\n<\/div>\n<\/div>\n\n\n\n<div class=\"wp-block-columns is-layout-flex wp-container-core-columns-is-layout-9d6595d7 wp-block-columns-is-layout-flex\">\n<div class=\"wp-block-column is-layout-flow wp-block-column-is-layout-flow\" style=\"flex-basis:33.33%\">\n<figure class=\"wp-block-image size-large is-resized\"><img loading=\"lazy\" decoding=\"async\" width=\"1024\" height=\"1006\" src=\"https:\/\/www.visitvarmland.com\/grums\/wp-content\/uploads\/sites\/7\/2021\/05\/airplane-1024x1006.png\" alt=\"\" class=\"wp-image-201\" style=\"width:167px;height:auto\" srcset=\"https:\/\/www.visitvarmland.com\/app\/uploads\/sites\/7\/2021\/05\/airplane-1024x1006.png 1024w, https:\/\/www.visitvarmland.com\/app\/uploads\/sites\/7\/2021\/05\/airplane-300x295.png 300w, https:\/\/www.visitvarmland.com\/app\/uploads\/sites\/7\/2021\/05\/airplane-768x754.png 768w, https:\/\/www.visitvarmland.com\/app\/uploads\/sites\/7\/2021\/05\/airplane-1536x1509.png 1536w, https:\/\/www.visitvarmland.com\/app\/uploads\/sites\/7\/2021\/05\/airplane-150x147.png 150w, https:\/\/www.visitvarmland.com\/app\/uploads\/sites\/7\/2021\/05\/airplane-600x589.png 600w, https:\/\/www.visitvarmland.com\/app\/uploads\/sites\/7\/2021\/05\/airplane.png 1735w\" sizes=\"auto, (max-width: 1024px) 100vw, 1024px\" \/><\/figure>\n<\/div>\n\n\n\n<div class=\"wp-block-column is-layout-flow wp-block-column-is-layout-flow\" style=\"flex-basis:66.66%\">\n<h2 class=\"wp-block-heading\">By airplane<\/h2>\n\n\n\n<p>Just outside of Karlstad you can find Karlstad Airport. During the summer seasons they offer charter flights to desinations like Greece, Croatia and Spain.<\/p>\n\n\n\n<p>For more information please visit the airports website: <a href=\"https:\/\/www.ksdarprt.se\/\" target=\"_blank\" rel=\"noopener\">Ksdarprt.se<\/a><\/p>\n<\/div>\n<\/div>\n","protected":false},"excerpt":{"rendered":"<p>Grums municipality is located centrally between the big cities Stockholm, Gothenburg and Oslo. At Ny\u00e4ngen, the main roads, E18 and E45, cross. This means that approximatly 15 000 vehicles pass Grums every day. By car Two european roads, the E18 and the E45, cross in Grums municipality so driving to Grums has never been easier. [&hellip;]<\/p>\n","protected":false},"author":409,"featured_media":0,"parent":0,"menu_order":0,"comment_status":"closed","ping_status":"open","template":"","meta":{"_acf_changed":false,"footnotes":""},"class_list":["post-634","page","type-page","status-publish","hentry"],"acf":[],"lang":"en","translations":{"en":634,"sv":198},"pll_sync_post":[],"_links":{"self":[{"href":"https:\/\/www.visitvarmland.com\/grums\/wp-json\/wp\/v2\/pages\/634","targetHints":{"allow":["GET"]}}],"collection":[{"href":"https:\/\/www.visitvarmland.com\/grums\/wp-json\/wp\/v2\/pages"}],"about":[{"href":"https:\/\/www.visitvarmland.com\/grums\/wp-json\/wp\/v2\/types\/page"}],"author":[{"embeddable":true,"href":"https:\/\/www.visitvarmland.com\/grums\/wp-json\/wp\/v2\/users\/409"}],"replies":[{"embeddable":true,"href":"https:\/\/www.visitvarmland.com\/grums\/wp-json\/wp\/v2\/comments?post=634"}],"version-history":[{"count":7,"href":"https:\/\/www.visitvarmland.com\/grums\/wp-json\/wp\/v2\/pages\/634\/revisions"}],"predecessor-version":[{"id":1310,"href":"https:\/\/www.visitvarmland.com\/grums\/wp-json\/wp\/v2\/pages\/634\/revisions\/1310"}],"wp:attachment":[{"href":"https:\/\/www.visitvarmland.com\/grums\/wp-json\/wp\/v2\/media?parent=634"}],"curies":[{"name":"wp","href":"https:\/\/api.w.org\/{rel}","templated":true}]}}