{"id":194,"date":"2021-05-18T20:39:44","date_gmt":"2021-05-18T18:39:44","guid":{"rendered":"https:\/\/www.visitvarmland.com\/hagfors\/?page_id=194"},"modified":"2026-04-22T11:34:33","modified_gmt":"2026-04-22T09:34:33","slug":"startsida","status":"publish","type":"page","link":"https:\/\/www.visitvarmland.com\/hagfors\/","title":{"rendered":"Startsida"},"content":{"rendered":"\n<div class=\"wp-block-group has-large-font-size\"><div class=\"wp-block-group__inner-container is-layout-constrained wp-block-group-is-layout-constrained\"><div class=\"ahteme-wrapper atheme-wrapper--full\">\n    <div class=\"atheme-components-news\">\n        <div class=\"atheme-components-news--content\">\n            <!-- Image Wrapper -->\n            <div id=\"aN05PXTIfWMT3qW2e_images\" class=\"atheme-components-news--content-images\">\n                                <div id=\"acnImg-101348\" class=\"atheme-components-news--content-images-image ac-display--block\" style=\"background-image: url('https:\/\/img.turid.visitvarmland.com\/f9a08e24-f26b-4008-82dc-286ebd9120d8\/fadd373b-077e-4f73-9573-87ac42c403d0.jpg?q=80&#038;fit=contain&#038;w=1920&#038;h=1920&#038;')\"><\/div>\n                                <div id=\"acnImg-101823\" class=\"atheme-components-news--content-images-image \" style=\"background-image: url('https:\/\/img.turid.visitvarmland.com\/569e6c7c-b6b5-4e12-8a19-b7d2fe593cfa\/loppis-2.jpg?q=80&#038;fit=contain&#038;w=1920&#038;h=1920&#038;')\"><\/div>\n                                <div id=\"acnImg-115807\" class=\"atheme-components-news--content-images-image \" style=\"background-image: url('https:\/\/img.turid.visitvarmland.com\/2d8af119-fe82-4c76-bd9a-adfc6333b3ad\/al-pitcher-turid.jpg?q=80&#038;fit=contain&#038;w=1920&#038;h=1920&#038;')\"><\/div>\n                                <div id=\"acnImg-114205\" class=\"atheme-components-news--content-images-image \" style=\"background-image: url('https:\/\/img.turid.visitvarmland.com\/e2d7c7cc-2731-4494-9d55-31627126c4d7\/k202552511-2025-05-13-19-15-48attrid17137extern-bif-fil-1martinez-promo.jpg?q=80&#038;fit=contain&#038;w=1920&#038;h=1920&#038;')\"><\/div>\n                                <div class=\"atheme-components-news--content-images-action\">\n                    <div class=\"atheme-news-action-btn\" onClick=\"aNewsShowBtn('aN05PXTIfWMT3qW2e_prev',114205)\"><i class=\"fal fa-chevron-left\"><\/i><\/div>\n                    <div class=\"atheme-news-action-btn\" onClick=\"aNewsShowBtn('aN05PXTIfWMT3qW2e_next'),114205\"><i class=\"fal fa-chevron-right\"><\/i><\/div>\n                <\/div>\n            <\/div>\n            <!-- .Image Wrapper -->\n\n            <!-- Text Wrapper -->\n            <div id=\"aN05PXTIfWMT3qW2e_items\" class=\"atheme-components-news--content-list\">\n                <div class=\"atheme-components-news--content-list-main-title\">\n                    <h3>Aktuellt under v\u00e5ren<\/h3>\n                <\/div>\n                                <ul id=\"\" class=\"\">\n                                            <li id=\"acnPost-101348\" class=\"atheme-components-news--content-list-items ac-active--block\" onClick=\"aNewsShowBtn('aN05PXTIfWMT3qW2e_this',101348)\">\n                            <span class=\"atheme-components-news--content-list-title ac-display--block\">\n                                <span>\n                                    <span class=\"components-news-list-icon-wrapper\">\n                                        <span class=\"pre-icon-dot\"><\/span>\n                                        <span class=\"pre-icon-dot\"><\/span>\n                                        <i class=\"fal fa-long-arrow-right\"><\/i>\n                                    <\/span>\n                                    <p>Hagfors Marknad<\/p>\n                            <\/span>\n                            <\/span>\n                            <span class=\"atheme-components-news--content-list-content ac-display--block\">\n                                V\u00e5rmarknad och flytta hem information i Framtidsf\u00f6nstret!                                <a href=\"\/hagfors\/evenemang\/hagfors-marknad\">L\u00e4s mer<\/a>\n                            <\/span>\n                        <\/li>\n                                                <li id=\"acnPost-101823\" class=\"atheme-components-news--content-list-items \" onClick=\"aNewsShowBtn('aN05PXTIfWMT3qW2e_this',101823)\">\n                            <span class=\"atheme-components-news--content-list-title \">\n                                <span>\n                                    <span class=\"components-news-list-icon-wrapper\">\n                                        <span class=\"pre-icon-dot\"><\/span>\n                                        <span class=\"pre-icon-dot\"><\/span>\n                                        <i class=\"fal fa-long-arrow-right\"><\/i>\n                                    <\/span>\n                                    <p>Stor V\u00e5rloppis vid R\u00e5dastrands Camping<\/p>\n                            <\/span>\n                            <\/span>\n                            <span class=\"atheme-components-news--content-list-content \">\n                                Kom och fynda!                                <a href=\"\/hagfors\/evenemang\/marknad-massa-auktion-och-loppis\/stor-varloppis-vid-radastrands-camping\">L\u00e4s mer<\/a>\n                            <\/span>\n                        <\/li>\n                                                <li id=\"acnPost-115807\" class=\"atheme-components-news--content-list-items \" onClick=\"aNewsShowBtn('aN05PXTIfWMT3qW2e_this',115807)\">\n                            <span class=\"atheme-components-news--content-list-title \">\n                                <span>\n                                    <span class=\"components-news-list-icon-wrapper\">\n                                        <span class=\"pre-icon-dot\"><\/span>\n                                        <span class=\"pre-icon-dot\"><\/span>\n                                        <i class=\"fal fa-long-arrow-right\"><\/i>\n                                    <\/span>\n                                    <p>Al Pitcher testar nya sk\u00e4mt i Hagfors<\/p>\n                            <\/span>\n                            <\/span>\n                            <span class=\"atheme-components-news--content-list-content \">\n                                Al Pitcher g\u00f6r ett exklusivt stopp i Hagfors f\u00f6r att&#8230;                                <a href=\"\/hagfors\/evenemang\/al-pitcher-testar-nya-skamt-i-hagfors\">L\u00e4s mer<\/a>\n                            <\/span>\n                        <\/li>\n                                                <li id=\"acnPost-114205\" class=\"atheme-components-news--content-list-items \" onClick=\"aNewsShowBtn('aN05PXTIfWMT3qW2e_this',114205)\">\n                            <span class=\"atheme-components-news--content-list-title \">\n                                <span>\n                                    <span class=\"components-news-list-icon-wrapper\">\n                                        <span class=\"pre-icon-dot\"><\/span>\n                                        <span class=\"pre-icon-dot\"><\/span>\n                                        <i class=\"fal fa-long-arrow-right\"><\/i>\n                                    <\/span>\n                                    <p>Martinez i Skoga Bygdeg\u00e5rd<\/p>\n                            <\/span>\n                            <\/span>\n                            <span class=\"atheme-components-news--content-list-content \">\n                                Sann spelgl\u00e4dje utlovas och en doft fr\u00e5n 60-talet g\u00f6r&#8230;                                <a href=\"\/hagfors\/evenemang\/dans\/martinez-i-skoga-bygdegard\">L\u00e4s mer<\/a>\n                            <\/span>\n                        <\/li>\n                                        <\/ul>\n\n            <\/div>\n            <!-- .Text Wrapper -->\n        <\/div>\n\n    <\/div>\n<\/div>\n<\/div><\/div>\n\n\n\n<div class=\"wp-block-atheme-component-cta atheme-wrapper\"><div class=\"atheme-components-cta--decoration-right\"><\/div><div class=\"atheme-components-cta--decoration-left\"><\/div><div class=\"atheme-components-cta\" style=\"height:600px;min-height:300px;background-image:url( https:\/\/www.visitvarmland.com\/app\/uploads\/sites\/8\/2023\/06\/Hagfors-Kommun-Lillsjo\u2560en-Kajak-Drone-03-2-1-scaled.jpg );background-size:cover;background-position:center center;background-repeat:no-repeat;background-attachment:scroll\"><div class=\"atheme-components-cta--overlay\" style=\"opacity:0\"> <\/div><div class=\"atheme-components-cta--text\"><div><a href=\"https:\/\/www.visitvarmland.com\/hagfors\/upplev-hagfors-fran-cykelsadeln\/\" target=\"_self\" rel=\"noopener\"><h3>Naturens Hagfors<\/h3><p>Hagfors \u00e4r fyllt av naturupplevelser p\u00e5 n\u00e4ra h\u00e5ll. L\u00e4s mer h\u00e4r. <\/p><div class=\"atheme-components-cta--text-border\"><\/div><\/a><\/div><\/div><\/div><\/div>\n\n\n\n<div class=\"wp-block-atheme-component-cta atheme-wrapper\"><div class=\"atheme-components-cta--decoration-right\"><\/div><div class=\"atheme-components-cta--decoration-left\"><\/div><div class=\"atheme-components-cta\" style=\"height:600px;min-height:300px;background-image:url( https:\/\/www.visitvarmland.com\/app\/uploads\/sites\/8\/2023\/05\/Hagfors-kommun-DiscGolf-04-scaled.jpg );background-size:cover;background-position:center center;background-repeat:no-repeat;background-attachment:scroll\"><div class=\"atheme-components-cta--overlay\" style=\"opacity:0\"> <\/div><div class=\"atheme-components-cta--text\"><div><a href=\"https:\/\/www.visitvarmland.com\/hagfors\/tema-aktiviteter\/familjeaktiviteter-i-hagfors\/\" target=\"_self\" rel=\"noopener\"><h3>Barnens Hagfors<\/h3><p>Uppt\u00e4ck familje\u00e4ventyren i Hagfors h\u00e4r. <\/p><div class=\"atheme-components-cta--text-border\"><\/div><\/a><\/div><\/div><\/div><\/div>\n\n\n\n<div class=\"wp-block-atheme-component-cta atheme-wrapper\"><div class=\"atheme-components-cta--decoration-right\"><\/div><div class=\"atheme-components-cta--decoration-left\"><\/div><div class=\"atheme-components-cta\" style=\"height:600px;min-height:300px;background-image:url( https:\/\/www.visitvarmland.com\/app\/uploads\/sites\/8\/2023\/06\/Uddeholmsladan-ParT.jpg );background-size:cover;background-position:center center;background-repeat:no-repeat;background-attachment:scroll\"><div class=\"atheme-components-cta--overlay\" style=\"opacity:0\"> <\/div><div class=\"atheme-components-cta--text\"><div><a href=\"https:\/\/www.visitvarmland.com\/hagfors\/tema-aktiviteter\/kann-historiens-vingslag\/\" target=\"_self\" rel=\"noopener\"><h3>Kulturens Hagfors<\/h3><p>L\u00e4r dig mer om kulturens Hagfors h\u00e4r. <\/p><div class=\"atheme-components-cta--text-border\"><\/div><\/a><\/div><\/div><\/div><\/div>\n\n\n\n<div class=\"wp-block-atheme-component-cta atheme-wrapper\"><div class=\"atheme-components-cta--decoration-right\"><\/div><div class=\"atheme-components-cta--decoration-left\"><\/div><div class=\"atheme-components-cta\" style=\"height:600px;min-height:300px;background-image:url( https:\/\/www.visitvarmland.com\/app\/uploads\/sites\/8\/2024\/08\/Hagfors-kommun-DiscGolf-05.jpg );background-size:cover;background-position:center center;background-repeat:no-repeat;background-attachment:scroll\"><div class=\"atheme-components-cta--overlay\" style=\"opacity:0\"> <\/div><div class=\"atheme-components-cta--text\"><div><a href=\"https:\/\/varmland.se\/start\/flytta-till-varmland\/flytta-hem-helg\/hagfors\" target=\"_blank\" rel=\"noopener\"><h3>V\u00e5rmarknad och \u00f6ppet hus i Hagfors<\/h3><p>Nyfiken p\u00e5 Hagfors? D\u00e5 \u00e4r du varmt v\u00e4lkommen p\u00e5 v\u00e5r h\u00e4rliga v\u00e5rmarknad och att samtidigt tr\u00e4ffa oss i lokalen Framtidsf\u00f6nstret p\u00e5 l\u00f6rdag den 16 maj.<\/p><div class=\"atheme-components-cta--text-border\"><\/div><\/a><\/div><\/div><\/div><\/div>\n","protected":false},"excerpt":{"rendered":"","protected":false},"author":3,"featured_media":0,"parent":392,"menu_order":1,"comment_status":"closed","ping_status":"closed","template":"page-templates\/municipality.php","meta":{"_acf_changed":false,"footnotes":""},"class_list":["post-194","page","type-page","status-publish","hentry"],"acf":[],"lang":"sv","translations":{"sv":194,"en":1010},"pll_sync_post":[],"_links":{"self":[{"href":"https:\/\/www.visitvarmland.com\/hagfors\/wp-json\/wp\/v2\/pages\/194","targetHints":{"allow":["GET"]}}],"collection":[{"href":"https:\/\/www.visitvarmland.com\/hagfors\/wp-json\/wp\/v2\/pages"}],"about":[{"href":"https:\/\/www.visitvarmland.com\/hagfors\/wp-json\/wp\/v2\/types\/page"}],"author":[{"embeddable":true,"href":"https:\/\/www.visitvarmland.com\/hagfors\/wp-json\/wp\/v2\/users\/3"}],"replies":[{"embeddable":true,"href":"https:\/\/www.visitvarmland.com\/hagfors\/wp-json\/wp\/v2\/comments?post=194"}],"version-history":[{"count":10,"href":"https:\/\/www.visitvarmland.com\/hagfors\/wp-json\/wp\/v2\/pages\/194\/revisions"}],"predecessor-version":[{"id":1263,"href":"https:\/\/www.visitvarmland.com\/hagfors\/wp-json\/wp\/v2\/pages\/194\/revisions\/1263"}],"up":[{"embeddable":true,"href":"https:\/\/www.visitvarmland.com\/hagfors\/wp-json\/wp\/v2\/pages\/392"}],"wp:attachment":[{"href":"https:\/\/www.visitvarmland.com\/hagfors\/wp-json\/wp\/v2\/media?parent=194"}],"curies":[{"name":"wp","href":"https:\/\/api.w.org\/{rel}","templated":true}]}}