{"id":206,"date":"2021-05-18T20:56:39","date_gmt":"2021-05-18T18:56:39","guid":{"rendered":"https:\/\/www.visitvarmland.com\/hagfors\/?page_id=206"},"modified":"2024-06-14T11:00:51","modified_gmt":"2024-06-14T09:00:51","slug":"resa-hit","status":"publish","type":"page","link":"https:\/\/www.visitvarmland.com\/hagfors\/resa-hit\/","title":{"rendered":"Resa hit"},"content":{"rendered":"\n<div class=\"wp-block-atheme-component-cta atheme-wrapper\"><div class=\"atheme-components-cta--decoration-right\"><\/div><div class=\"atheme-components-cta--decoration-left\"><\/div><div class=\"atheme-components-cta\" style=\"height:600px;min-height:300px;background-image:url( https:\/\/www.visitvarmland.com\/hagfors\/wp-content\/uploads\/sites\/8\/2021\/06\/Dressin-scaled.jpg );background-size:cover;background-position:center center;background-attachment:scroll\"><div class=\"atheme-components-cta--overlay\"> <\/div><div class=\"atheme-components-cta--text\"><div><h3>Resa hit<\/h3><p>H\u00e4r hittar du information om hur du tar dig till Hagfors och reser inom kommunen<\/p><div class=\"atheme-components-cta--text-border\"><\/div><\/div><\/div><\/div><\/div>\n\n\n\n<div class=\"wp-block-columns is-layout-flex wp-container-core-columns-is-layout-9d6595d7 wp-block-columns-is-layout-flex\">\n<div class=\"wp-block-column is-layout-flow wp-block-column-is-layout-flow\" style=\"flex-basis:33.33%\">\n<figure class=\"wp-block-image size-large is-resized\"><img loading=\"lazy\" decoding=\"async\" width=\"1024\" height=\"1006\" src=\"https:\/\/www.visitvarmland.com\/hagfors\/wp-content\/uploads\/sites\/8\/2021\/05\/car-1024x1006.png\" alt=\"\" class=\"wp-image-207\" srcset=\"https:\/\/www.visitvarmland.com\/app\/uploads\/sites\/8\/2021\/05\/car-1024x1006.png 1024w, https:\/\/www.visitvarmland.com\/app\/uploads\/sites\/8\/2021\/05\/car-300x295.png 300w, https:\/\/www.visitvarmland.com\/app\/uploads\/sites\/8\/2021\/05\/car-768x754.png 768w, https:\/\/www.visitvarmland.com\/app\/uploads\/sites\/8\/2021\/05\/car-1536x1509.png 1536w, https:\/\/www.visitvarmland.com\/app\/uploads\/sites\/8\/2021\/05\/car-150x147.png 150w, https:\/\/www.visitvarmland.com\/app\/uploads\/sites\/8\/2021\/05\/car-600x589.png 600w, https:\/\/www.visitvarmland.com\/app\/uploads\/sites\/8\/2021\/05\/car.png 1735w\" sizes=\"auto, (max-width: 1024px) 100vw, 1024px\" \/><\/figure>\n<\/div>\n\n\n\n<div class=\"wp-block-column is-layout-flow wp-block-column-is-layout-flow\" style=\"flex-basis:66.66%\">\n<h3 class=\"wp-block-heading\">Res med bil<\/h3>\n\n\n\n<p>Den mest trafikerade v\u00e4gen som g\u00e5r genom V\u00e4rmland \u00e4r riksv\u00e4g 62. Den str\u00e4cker sig fr\u00e5n Karlstad \u00e4nda upp till Trysil, med Hagfors kommun som mellersta anhalt.<\/p>\n<\/div>\n<\/div>\n\n\n\n<div class=\"wp-block-columns is-layout-flex wp-container-core-columns-is-layout-9d6595d7 wp-block-columns-is-layout-flex\">\n<div class=\"wp-block-column is-layout-flow wp-block-column-is-layout-flow\" style=\"flex-basis:33.33%\">\n<figure class=\"wp-block-image size-large is-resized\"><img loading=\"lazy\" decoding=\"async\" width=\"1024\" height=\"1006\" src=\"https:\/\/www.visitvarmland.com\/hagfors\/wp-content\/uploads\/sites\/8\/2021\/05\/airplane-1024x1006.png\" alt=\"\" class=\"wp-image-209\" srcset=\"https:\/\/www.visitvarmland.com\/app\/uploads\/sites\/8\/2021\/05\/airplane-1024x1006.png 1024w, https:\/\/www.visitvarmland.com\/app\/uploads\/sites\/8\/2021\/05\/airplane-300x295.png 300w, https:\/\/www.visitvarmland.com\/app\/uploads\/sites\/8\/2021\/05\/airplane-768x754.png 768w, https:\/\/www.visitvarmland.com\/app\/uploads\/sites\/8\/2021\/05\/airplane-1536x1509.png 1536w, https:\/\/www.visitvarmland.com\/app\/uploads\/sites\/8\/2021\/05\/airplane-150x147.png 150w, https:\/\/www.visitvarmland.com\/app\/uploads\/sites\/8\/2021\/05\/airplane-600x589.png 600w, https:\/\/www.visitvarmland.com\/app\/uploads\/sites\/8\/2021\/05\/airplane.png 1735w\" sizes=\"auto, (max-width: 1024px) 100vw, 1024px\" \/><\/figure>\n<\/div>\n\n\n\n<div class=\"wp-block-column is-layout-flow wp-block-column-is-layout-flow\" style=\"flex-basis:66.66%\">\n<h3 class=\"wp-block-heading\">Res med flyg<\/h3>\n\n\n\n<p>Ta flyget till Hagfors. P\u00e5 endast 50 minuter tar du dig fr\u00e5n Arlanda till&nbsp;<a href=\"https:\/\/www.hagfors.se\/undersidor\/trafik-och-infrastruktur\/hagfors-airport.html\" target=\"_blank\" rel=\"noopener\">Hagfors Airport<\/a><\/p>\n<\/div>\n<\/div>\n\n\n\n<div class=\"wp-block-columns is-layout-flex wp-container-core-columns-is-layout-9d6595d7 wp-block-columns-is-layout-flex\">\n<div class=\"wp-block-column is-layout-flow wp-block-column-is-layout-flow\" style=\"flex-basis:33.33%\">\n<figure class=\"wp-block-image size-large is-resized\"><img loading=\"lazy\" decoding=\"async\" width=\"1024\" height=\"1006\" src=\"https:\/\/www.visitvarmland.com\/hagfors\/wp-content\/uploads\/sites\/8\/2021\/05\/bus-1024x1006.png\" alt=\"\" class=\"wp-image-210\" srcset=\"https:\/\/www.visitvarmland.com\/app\/uploads\/sites\/8\/2021\/05\/bus-1024x1006.png 1024w, https:\/\/www.visitvarmland.com\/app\/uploads\/sites\/8\/2021\/05\/bus-300x295.png 300w, https:\/\/www.visitvarmland.com\/app\/uploads\/sites\/8\/2021\/05\/bus-768x754.png 768w, https:\/\/www.visitvarmland.com\/app\/uploads\/sites\/8\/2021\/05\/bus-1536x1509.png 1536w, https:\/\/www.visitvarmland.com\/app\/uploads\/sites\/8\/2021\/05\/bus-150x147.png 150w, https:\/\/www.visitvarmland.com\/app\/uploads\/sites\/8\/2021\/05\/bus-600x589.png 600w, https:\/\/www.visitvarmland.com\/app\/uploads\/sites\/8\/2021\/05\/bus.png 1735w\" sizes=\"auto, (max-width: 1024px) 100vw, 1024px\" \/><\/figure>\n<\/div>\n\n\n\n<div class=\"wp-block-column is-layout-flow wp-block-column-is-layout-flow\" style=\"flex-basis:66.66%\">\n<h3 class=\"wp-block-heading\">Res med buss<\/h3>\n\n\n\n<p>Till V\u00e4rmland \u00e5ker du exempelvis med&nbsp;<a rel=\"noreferrer noopener\" href=\"https:\/\/www.flixbus.se\/\" target=\"_blank\">FlixBus<\/a>.&nbsp;Fr\u00e5n Karlstad tar du dig sedan till Hagfors med&nbsp;<a rel=\"noreferrer noopener\" href=\"http:\/\/www.varmlandstrafik.se\/\" target=\"_blank\">V\u00e4rmlandstrafik<\/a>&nbsp;som trafikerar hela V\u00e4rmland. Fr\u00e5n Dalarna finns&nbsp;<a rel=\"noreferrer noopener\" href=\"http:\/\/www.dalatrafik.se\/\" target=\"_blank\">Dalatrafik<\/a>&nbsp;som har V\u00e4rn\u00e4s som h\u00e5llplats, d\u00e4r du kan forts\u00e4tta s\u00f6derut till Hagfors kommun.<\/p>\n<\/div>\n<\/div>\n\n\n\n<div class=\"wp-block-columns is-layout-flex wp-container-core-columns-is-layout-9d6595d7 wp-block-columns-is-layout-flex\">\n<div class=\"wp-block-column is-layout-flow wp-block-column-is-layout-flow\" style=\"flex-basis:33.33%\">\n<figure class=\"wp-block-image size-large is-resized\"><img loading=\"lazy\" decoding=\"async\" width=\"1024\" height=\"1006\" src=\"https:\/\/www.visitvarmland.com\/hagfors\/wp-content\/uploads\/sites\/8\/2021\/05\/bus-1-1024x1006.png\" alt=\"\" class=\"wp-image-211\" srcset=\"https:\/\/www.visitvarmland.com\/app\/uploads\/sites\/8\/2021\/05\/bus-1-1024x1006.png 1024w, https:\/\/www.visitvarmland.com\/app\/uploads\/sites\/8\/2021\/05\/bus-1-300x295.png 300w, https:\/\/www.visitvarmland.com\/app\/uploads\/sites\/8\/2021\/05\/bus-1-768x754.png 768w, https:\/\/www.visitvarmland.com\/app\/uploads\/sites\/8\/2021\/05\/bus-1-1536x1509.png 1536w, https:\/\/www.visitvarmland.com\/app\/uploads\/sites\/8\/2021\/05\/bus-1-150x147.png 150w, https:\/\/www.visitvarmland.com\/app\/uploads\/sites\/8\/2021\/05\/bus-1-600x589.png 600w, https:\/\/www.visitvarmland.com\/app\/uploads\/sites\/8\/2021\/05\/bus-1.png 1735w\" sizes=\"auto, (max-width: 1024px) 100vw, 1024px\" \/><\/figure>\n<\/div>\n\n\n\n<div class=\"wp-block-column is-layout-flow wp-block-column-is-layout-flow\" style=\"flex-basis:66.66%\">\n<h3 class=\"wp-block-heading\">Res med t\u00e5g<\/h3>\n\n\n\n<p>Med&nbsp;<a rel=\"noreferrer noopener\" href=\"https:\/\/www.sj.se\/#\/\" target=\"_blank\">SJ<\/a>&nbsp;kan du \u00e5ka t\u00e5g fr\u00e5n storst\u00e4derna Stockholm, G\u00f6teborg och Oslo till bland annat Karlstad.&nbsp; D\u00e4refter g\u00e4ller&nbsp;<a rel=\"noreferrer noopener\" href=\"http:\/\/www.varmlandstrafik.se\/\" target=\"_blank\">V\u00e4rmlandstrafiks<\/a>&nbsp;bussar f\u00f6r att ta sig vidare till Hagfors och \u00f6vriga orter inom kommunen.<\/p>\n<\/div>\n<\/div>\n\n\n\n<div class=\"wp-block-columns is-layout-flex wp-container-core-columns-is-layout-9d6595d7 wp-block-columns-is-layout-flex\">\n<div class=\"wp-block-column is-layout-flow wp-block-column-is-layout-flow\" style=\"flex-basis:33.33%\">\n<figure class=\"wp-block-image size-large is-resized\"><img loading=\"lazy\" decoding=\"async\" width=\"1024\" height=\"1006\" src=\"https:\/\/www.visitvarmland.com\/hagfors\/wp-content\/uploads\/sites\/8\/2021\/05\/cycle-1024x1006.png\" alt=\"\" class=\"wp-image-213\" srcset=\"https:\/\/www.visitvarmland.com\/app\/uploads\/sites\/8\/2021\/05\/cycle-1024x1006.png 1024w, https:\/\/www.visitvarmland.com\/app\/uploads\/sites\/8\/2021\/05\/cycle-300x295.png 300w, https:\/\/www.visitvarmland.com\/app\/uploads\/sites\/8\/2021\/05\/cycle-768x754.png 768w, https:\/\/www.visitvarmland.com\/app\/uploads\/sites\/8\/2021\/05\/cycle-1536x1509.png 1536w, https:\/\/www.visitvarmland.com\/app\/uploads\/sites\/8\/2021\/05\/cycle-150x147.png 150w, https:\/\/www.visitvarmland.com\/app\/uploads\/sites\/8\/2021\/05\/cycle-600x589.png 600w, https:\/\/www.visitvarmland.com\/app\/uploads\/sites\/8\/2021\/05\/cycle.png 1735w\" sizes=\"auto, (max-width: 1024px) 100vw, 1024px\" \/><\/figure>\n<\/div>\n\n\n\n<div class=\"wp-block-column is-layout-flow wp-block-column-is-layout-flow\" style=\"flex-basis:66.66%\">\n<h3 class=\"wp-block-heading\">P\u00e5 cykel<\/h3>\n\n\n\n<p>Vill du komma till Hagfors&nbsp;med cykel? D\u00e5 finns&nbsp;<a rel=\"noreferrer noopener\" href=\"https:\/\/www.klaralvsbanan.se\/sv\/klaralvsbanan-0\" target=\"_blank\">Klar\u00e4lvsbanan<\/a>&nbsp;som \u00e4r 9 mils bilfri asfalt att ta sig fram p\u00e5. Om du kommer norrifr\u00e5n kan du trampa cykel p\u00e5&nbsp;<a rel=\"noreferrer noopener\" href=\"https:\/\/www.klaralvsbanan.se\/sv\/klaralvsleden\" target=\"_blank\">Klar\u00e4lvsleden<\/a>. Den tar dig \u00e4nda fr\u00e5n Syssleb\u00e4ck till Hagfors och Uddeholm.&nbsp;<\/p>\n<\/div>\n<\/div>\n","protected":false},"excerpt":{"rendered":"<p>Res med bil Den mest trafikerade v\u00e4gen som g\u00e5r genom V\u00e4rmland \u00e4r riksv\u00e4g 62. Den str\u00e4cker sig fr\u00e5n Karlstad \u00e4nda upp till Trysil, med Hagfors kommun som mellersta anhalt. Res med flyg Ta flyget till Hagfors. P\u00e5 endast 50 minuter tar du dig fr\u00e5n Arlanda till&nbsp;Hagfors Airport Res med buss Till V\u00e4rmland \u00e5ker du exempelvis [&hellip;]<\/p>\n","protected":false},"author":3,"featured_media":0,"parent":0,"menu_order":0,"comment_status":"closed","ping_status":"open","template":"","meta":{"_acf_changed":false,"footnotes":""},"class_list":["post-206","page","type-page","status-publish","hentry"],"acf":[],"lang":"sv","translations":{"sv":206,"en":949},"pll_sync_post":[],"_links":{"self":[{"href":"https:\/\/www.visitvarmland.com\/hagfors\/wp-json\/wp\/v2\/pages\/206","targetHints":{"allow":["GET"]}}],"collection":[{"href":"https:\/\/www.visitvarmland.com\/hagfors\/wp-json\/wp\/v2\/pages"}],"about":[{"href":"https:\/\/www.visitvarmland.com\/hagfors\/wp-json\/wp\/v2\/types\/page"}],"author":[{"embeddable":true,"href":"https:\/\/www.visitvarmland.com\/hagfors\/wp-json\/wp\/v2\/users\/3"}],"replies":[{"embeddable":true,"href":"https:\/\/www.visitvarmland.com\/hagfors\/wp-json\/wp\/v2\/comments?post=206"}],"version-history":[{"count":12,"href":"https:\/\/www.visitvarmland.com\/hagfors\/wp-json\/wp\/v2\/pages\/206\/revisions"}],"predecessor-version":[{"id":1201,"href":"https:\/\/www.visitvarmland.com\/hagfors\/wp-json\/wp\/v2\/pages\/206\/revisions\/1201"}],"wp:attachment":[{"href":"https:\/\/www.visitvarmland.com\/hagfors\/wp-json\/wp\/v2\/media?parent=206"}],"curies":[{"name":"wp","href":"https:\/\/api.w.org\/{rel}","templated":true}]}}