{"id":225,"date":"2021-05-18T21:13:22","date_gmt":"2021-05-18T19:13:22","guid":{"rendered":"https:\/\/www.visitvarmland.com\/hagfors\/?page_id=225"},"modified":"2024-06-11T10:35:44","modified_gmt":"2024-06-11T08:35:44","slug":"besoksinformation","status":"publish","type":"page","link":"https:\/\/www.visitvarmland.com\/hagfors\/besoksinformation\/","title":{"rendered":"Bes\u00f6ksinformation"},"content":{"rendered":"\n<div class=\"wp-block-atheme-component-cta atheme-wrapper\"><div class=\"atheme-components-cta--decoration-right\"><\/div><div class=\"atheme-components-cta--decoration-left\"><\/div><div class=\"atheme-components-cta\" style=\"height:600px;min-height:300px;background-image:url( https:\/\/www.visitvarmland.com\/hagfors\/wp-content\/uploads\/sites\/8\/2021\/05\/KlarNlven-Per-Eriksson.jpg );background-size:cover;background-position:center center;background-attachment:scroll\"><div class=\"atheme-components-cta--overlay\"> <\/div><div class=\"atheme-components-cta--text\"><div><h3>V\u00e4lkommen till Hagfors<\/h3><p>Hos oss f\u00e5r du information om vad som finns att se och g\u00f6ra i v\u00e5r kommun<\/p><div class=\"atheme-components-cta--text-border\"><\/div><\/div><\/div><\/div><\/div>\n\n\n\n<p>Hagfors kommuns turistinformation ligger i Hagfors Stadshus. Hos oss f\u00e5r du information om vad som finns att se och g\u00f6ra i v\u00e5r kommun, och \u00e4ven i \u00f6vriga V\u00e4rmland. Vi hj\u00e4lper ocks\u00e5 till med att boka ert boende och aktiviteter under er vistelse.&nbsp;Hos oss&nbsp;f\u00e5r du tillg\u00e5ng till internet och dator, helt kostnadsfritt. H\u00e4r kan du ocks\u00e5 k\u00f6pa ett fiskekort f\u00f6r din utflykt p\u00e5 sj\u00f6n.&nbsp;F\u00f6r best\u00e4llning av v\u00e5r turistguide eller karta maila oss g\u00e4rna s\u00e5 skickar vi till dig, kostnadsfritt f\u00f6rst\u00e5s eller klicka p\u00e5 l\u00e4nken <a href=\"https:\/\/e-tjanster.hagfors.se\/20BESTBRO\" data-type=\"URL\" data-id=\"https:\/\/e-tjanster.hagfors.se\/20BESTBRO\" target=\"_blank\" rel=\"noopener\">h\u00e4r<\/a>.<\/p>\n\n\n\n<p><strong>Hagfors<\/strong><br>Dalav\u00e4gen 10<br>683 80 Hagfors<\/p>\n\n\n\n<p>Tel: 0563-187 50<br>E-post:\u00a0<a href=\"mailto:turist@hagfors.se\">turist@hagfors.se<\/a><br>GPS-koordinater: Lat 60.03219 Long 13.70253<br><br><strong>\u00d6ppettider<br><\/strong>M\u00e5ndag-Fredag 09.00-16.00<br>Lunchst\u00e4ngt 12.00-13.00<\/p>\n\n\n\n<p><img loading=\"lazy\" decoding=\"async\" width=\"150\" height=\"151\" class=\"wp-image-1007\" style=\"width: 150px\" src=\"https:\/\/www.visitvarmland.com\/hagfors\/wp-content\/uploads\/sites\/8\/2023\/02\/Turistinfo_logga-e1675254877986.jpg\" alt=\"\"><\/p>\n","protected":false},"excerpt":{"rendered":"<p>Hagfors kommuns turistinformation ligger i Hagfors Stadshus. Hos oss f\u00e5r du information om vad som finns att se och g\u00f6ra i v\u00e5r kommun, och \u00e4ven i \u00f6vriga V\u00e4rmland. Vi hj\u00e4lper ocks\u00e5 till med att boka ert boende och aktiviteter under er vistelse.&nbsp;Hos oss&nbsp;f\u00e5r du tillg\u00e5ng till internet och dator, helt kostnadsfritt. H\u00e4r kan du ocks\u00e5 [&hellip;]<\/p>\n","protected":false},"author":3,"featured_media":0,"parent":0,"menu_order":0,"comment_status":"closed","ping_status":"open","template":"","meta":{"_acf_changed":false,"footnotes":""},"class_list":["post-225","page","type-page","status-publish","hentry"],"acf":[],"lang":"sv","translations":{"sv":225,"en":963},"pll_sync_post":[],"_links":{"self":[{"href":"https:\/\/www.visitvarmland.com\/hagfors\/wp-json\/wp\/v2\/pages\/225","targetHints":{"allow":["GET"]}}],"collection":[{"href":"https:\/\/www.visitvarmland.com\/hagfors\/wp-json\/wp\/v2\/pages"}],"about":[{"href":"https:\/\/www.visitvarmland.com\/hagfors\/wp-json\/wp\/v2\/types\/page"}],"author":[{"embeddable":true,"href":"https:\/\/www.visitvarmland.com\/hagfors\/wp-json\/wp\/v2\/users\/3"}],"replies":[{"embeddable":true,"href":"https:\/\/www.visitvarmland.com\/hagfors\/wp-json\/wp\/v2\/comments?post=225"}],"version-history":[{"count":23,"href":"https:\/\/www.visitvarmland.com\/hagfors\/wp-json\/wp\/v2\/pages\/225\/revisions"}],"predecessor-version":[{"id":1042,"href":"https:\/\/www.visitvarmland.com\/hagfors\/wp-json\/wp\/v2\/pages\/225\/revisions\/1042"}],"wp:attachment":[{"href":"https:\/\/www.visitvarmland.com\/hagfors\/wp-json\/wp\/v2\/media?parent=225"}],"curies":[{"name":"wp","href":"https:\/\/api.w.org\/{rel}","templated":true}]}}