{"id":949,"date":"2024-06-14T11:01:55","date_gmt":"2024-06-14T09:01:55","guid":{"rendered":"https:\/\/www.visitvarmland.com\/hagfors\/?page_id=949"},"modified":"2024-06-14T11:01:57","modified_gmt":"2024-06-14T09:01:57","slug":"resa-hit","status":"publish","type":"page","link":"https:\/\/www.visitvarmland.com\/hagfors\/en\/resa-hit\/","title":{"rendered":"Many roads lead to Hagfors"},"content":{"rendered":"\n<div class=\"wp-block-atheme-component-cta atheme-wrapper\"><div class=\"atheme-components-cta--decoration-right\"><\/div><div class=\"atheme-components-cta--decoration-left\"><\/div><div class=\"atheme-components-cta\" style=\"height:600px;min-height:300px;background-image:url( https:\/\/www.visitvarmland.com\/hagfors\/wp-content\/uploads\/sites\/8\/2021\/06\/Dressin-scaled.jpg );background-size:cover;background-position:center center;background-attachment:scroll\"><div class=\"atheme-components-cta--overlay\"> <\/div><div class=\"atheme-components-cta--text\"><div><h3>Many roads lead to Hagfors<\/h3><p>Here you can find information about how you get to Hagfors and how to travel within the municipality.<\/p><div class=\"atheme-components-cta--text-border\"><\/div><\/div><\/div><\/div><\/div>\n\n\n\n<div class=\"wp-block-columns is-layout-flex wp-container-core-columns-is-layout-9d6595d7 wp-block-columns-is-layout-flex\">\n<div class=\"wp-block-column is-layout-flow wp-block-column-is-layout-flow\" style=\"flex-basis:33.33%\">\n<figure class=\"wp-block-image size-large is-resized\"><img loading=\"lazy\" decoding=\"async\" width=\"1024\" height=\"1006\" src=\"https:\/\/www.visitvarmland.com\/hagfors\/wp-content\/uploads\/sites\/8\/2021\/05\/car-1024x1006.png\" alt=\"\" class=\"wp-image-207\" style=\"width:145px;height:142px\" srcset=\"https:\/\/www.visitvarmland.com\/app\/uploads\/sites\/8\/2021\/05\/car-1024x1006.png 1024w, https:\/\/www.visitvarmland.com\/app\/uploads\/sites\/8\/2021\/05\/car-300x295.png 300w, https:\/\/www.visitvarmland.com\/app\/uploads\/sites\/8\/2021\/05\/car-768x754.png 768w, https:\/\/www.visitvarmland.com\/app\/uploads\/sites\/8\/2021\/05\/car-1536x1509.png 1536w, https:\/\/www.visitvarmland.com\/app\/uploads\/sites\/8\/2021\/05\/car-150x147.png 150w, https:\/\/www.visitvarmland.com\/app\/uploads\/sites\/8\/2021\/05\/car-600x589.png 600w, https:\/\/www.visitvarmland.com\/app\/uploads\/sites\/8\/2021\/05\/car.png 1735w\" sizes=\"auto, (max-width: 1024px) 100vw, 1024px\" \/><\/figure>\n<\/div>\n\n\n\n<div class=\"wp-block-column is-layout-flow wp-block-column-is-layout-flow\" style=\"flex-basis:66.66%\">\n<h3 class=\"wp-block-heading\">By car<\/h3>\n\n\n\n<p>The busiest route through V\u00e4rmland is route 62. It extends from Karlstad up to Trysil, with Hagfors municipality as a stop in the middle.<\/p>\n<\/div>\n<\/div>\n\n\n\n<div class=\"wp-block-columns is-layout-flex wp-container-core-columns-is-layout-9d6595d7 wp-block-columns-is-layout-flex\">\n<div class=\"wp-block-column is-layout-flow wp-block-column-is-layout-flow\" style=\"flex-basis:33.33%\">\n<figure class=\"wp-block-image size-large is-resized\"><img loading=\"lazy\" decoding=\"async\" width=\"1024\" height=\"1006\" src=\"https:\/\/www.visitvarmland.com\/hagfors\/wp-content\/uploads\/sites\/8\/2021\/05\/airplane-1024x1006.png\" alt=\"\" class=\"wp-image-209\" style=\"width:137px;height:135px\" srcset=\"https:\/\/www.visitvarmland.com\/app\/uploads\/sites\/8\/2021\/05\/airplane-1024x1006.png 1024w, https:\/\/www.visitvarmland.com\/app\/uploads\/sites\/8\/2021\/05\/airplane-300x295.png 300w, https:\/\/www.visitvarmland.com\/app\/uploads\/sites\/8\/2021\/05\/airplane-768x754.png 768w, https:\/\/www.visitvarmland.com\/app\/uploads\/sites\/8\/2021\/05\/airplane-1536x1509.png 1536w, https:\/\/www.visitvarmland.com\/app\/uploads\/sites\/8\/2021\/05\/airplane-150x147.png 150w, https:\/\/www.visitvarmland.com\/app\/uploads\/sites\/8\/2021\/05\/airplane-600x589.png 600w, https:\/\/www.visitvarmland.com\/app\/uploads\/sites\/8\/2021\/05\/airplane.png 1735w\" sizes=\"auto, (max-width: 1024px) 100vw, 1024px\" \/><\/figure>\n<\/div>\n\n\n\n<div class=\"wp-block-column is-layout-flow wp-block-column-is-layout-flow\" style=\"flex-basis:66.66%\">\n<h3 class=\"wp-block-heading\">By air<\/h3>\n\n\n\n<p>Take a flight. In just 50 minutes you can get from Arlanda to <a href=\"https:\/\/www.hagfors.se\/undersidor\/trafik-och-infrastruktur\/hagfors-airport.html\" target=\"_blank\" rel=\"noopener\">Hagfors Airport<\/a><\/p>\n<\/div>\n<\/div>\n\n\n\n<div class=\"wp-block-columns is-layout-flex wp-container-core-columns-is-layout-9d6595d7 wp-block-columns-is-layout-flex\">\n<div class=\"wp-block-column is-layout-flow wp-block-column-is-layout-flow\" style=\"flex-basis:33.33%\">\n<figure class=\"wp-block-image size-large is-resized\"><img loading=\"lazy\" decoding=\"async\" width=\"1024\" height=\"1006\" src=\"https:\/\/www.visitvarmland.com\/hagfors\/wp-content\/uploads\/sites\/8\/2021\/05\/bus-1024x1006.png\" alt=\"\" class=\"wp-image-210\" style=\"width:135px;height:133px\" srcset=\"https:\/\/www.visitvarmland.com\/app\/uploads\/sites\/8\/2021\/05\/bus-1024x1006.png 1024w, https:\/\/www.visitvarmland.com\/app\/uploads\/sites\/8\/2021\/05\/bus-300x295.png 300w, https:\/\/www.visitvarmland.com\/app\/uploads\/sites\/8\/2021\/05\/bus-768x754.png 768w, https:\/\/www.visitvarmland.com\/app\/uploads\/sites\/8\/2021\/05\/bus-1536x1509.png 1536w, https:\/\/www.visitvarmland.com\/app\/uploads\/sites\/8\/2021\/05\/bus-150x147.png 150w, https:\/\/www.visitvarmland.com\/app\/uploads\/sites\/8\/2021\/05\/bus-600x589.png 600w, https:\/\/www.visitvarmland.com\/app\/uploads\/sites\/8\/2021\/05\/bus.png 1735w\" sizes=\"auto, (max-width: 1024px) 100vw, 1024px\" \/><\/figure>\n<\/div>\n\n\n\n<div class=\"wp-block-column is-layout-flow wp-block-column-is-layout-flow\" style=\"flex-basis:66.66%\">\n<h3 class=\"wp-block-heading\">By bus<\/h3>\n\n\n\n<p>To V\u00e4rmland you can travel with FlixBus. From Karlstad you can travel to Hagfors with V\u00e4rmlandstrafik. If you travel from Dalarna, Dalatrafik has a stop in V\u00e4rn\u00e4s where from you can continue south to Hagfors.<\/p>\n<\/div>\n<\/div>\n\n\n\n<div class=\"wp-block-columns is-layout-flex wp-container-core-columns-is-layout-9d6595d7 wp-block-columns-is-layout-flex\">\n<div class=\"wp-block-column is-layout-flow wp-block-column-is-layout-flow\" style=\"flex-basis:33.33%\">\n<figure class=\"wp-block-image size-large is-resized\"><img loading=\"lazy\" decoding=\"async\" width=\"1024\" height=\"1006\" src=\"https:\/\/www.visitvarmland.com\/hagfors\/wp-content\/uploads\/sites\/8\/2021\/05\/bus-1-1024x1006.png\" alt=\"\" class=\"wp-image-211\" style=\"width:139px;height:136px\" srcset=\"https:\/\/www.visitvarmland.com\/app\/uploads\/sites\/8\/2021\/05\/bus-1-1024x1006.png 1024w, https:\/\/www.visitvarmland.com\/app\/uploads\/sites\/8\/2021\/05\/bus-1-300x295.png 300w, https:\/\/www.visitvarmland.com\/app\/uploads\/sites\/8\/2021\/05\/bus-1-768x754.png 768w, https:\/\/www.visitvarmland.com\/app\/uploads\/sites\/8\/2021\/05\/bus-1-1536x1509.png 1536w, https:\/\/www.visitvarmland.com\/app\/uploads\/sites\/8\/2021\/05\/bus-1-150x147.png 150w, https:\/\/www.visitvarmland.com\/app\/uploads\/sites\/8\/2021\/05\/bus-1-600x589.png 600w, https:\/\/www.visitvarmland.com\/app\/uploads\/sites\/8\/2021\/05\/bus-1.png 1735w\" sizes=\"auto, (max-width: 1024px) 100vw, 1024px\" \/><\/figure>\n<\/div>\n\n\n\n<div class=\"wp-block-column is-layout-flow wp-block-column-is-layout-flow\" style=\"flex-basis:66.66%\">\n<h3 class=\"wp-block-heading\">By train<\/h3>\n\n\n\n<p>SJ\u00b4s train will take you to Karlstad from the major cities Stockholm, Gothenburg and Oslo. For traveling on to Hagfors and other places in the area you\u00b4ll have take V\u00e4rmlandstrafiks\u00b4s bus.<\/p>\n<\/div>\n<\/div>\n\n\n\n<div class=\"wp-block-columns is-layout-flex wp-container-core-columns-is-layout-9d6595d7 wp-block-columns-is-layout-flex\">\n<div class=\"wp-block-column is-layout-flow wp-block-column-is-layout-flow\" style=\"flex-basis:33.33%\">\n<figure class=\"wp-block-image size-large is-resized\"><img loading=\"lazy\" decoding=\"async\" width=\"1024\" height=\"1006\" src=\"https:\/\/www.visitvarmland.com\/hagfors\/wp-content\/uploads\/sites\/8\/2021\/05\/cycle-1024x1006.png\" alt=\"\" class=\"wp-image-213\" style=\"width:136px;height:133px\" srcset=\"https:\/\/www.visitvarmland.com\/app\/uploads\/sites\/8\/2021\/05\/cycle-1024x1006.png 1024w, https:\/\/www.visitvarmland.com\/app\/uploads\/sites\/8\/2021\/05\/cycle-300x295.png 300w, https:\/\/www.visitvarmland.com\/app\/uploads\/sites\/8\/2021\/05\/cycle-768x754.png 768w, https:\/\/www.visitvarmland.com\/app\/uploads\/sites\/8\/2021\/05\/cycle-1536x1509.png 1536w, https:\/\/www.visitvarmland.com\/app\/uploads\/sites\/8\/2021\/05\/cycle-150x147.png 150w, https:\/\/www.visitvarmland.com\/app\/uploads\/sites\/8\/2021\/05\/cycle-600x589.png 600w, https:\/\/www.visitvarmland.com\/app\/uploads\/sites\/8\/2021\/05\/cycle.png 1735w\" sizes=\"auto, (max-width: 1024px) 100vw, 1024px\" \/><\/figure>\n<\/div>\n\n\n\n<div class=\"wp-block-column is-layout-flow wp-block-column-is-layout-flow\" style=\"flex-basis:66.66%\">\n<h3 class=\"wp-block-heading\">By bike<\/h3>\n\n\n\n<p>Do you want to go by bike to Hagfors? Then we have Klar\u00e4lvsbanan; a 90 kilometer car-free asphalted track you can travel on from Karlstad to Uddeholm (or Uddeholm-Karlstad). If you travel from north you can bike on Klar\u00e4lvsleden; a 120 kilometer long trail that takes you from Syssleb\u00e4ck to Hagfors.&nbsp;<\/p>\n<\/div>\n<\/div>\n","protected":false},"excerpt":{"rendered":"<p>By car The busiest route through V\u00e4rmland is route 62. It extends from Karlstad up to Trysil, with Hagfors municipality as a stop in the middle. By air Take a flight. In just 50 minutes you can get from Arlanda to Hagfors Airport By bus To V\u00e4rmland you can travel with FlixBus. From Karlstad you [&hellip;]<\/p>\n","protected":false},"author":32,"featured_media":0,"parent":0,"menu_order":0,"comment_status":"closed","ping_status":"closed","template":"","meta":{"_acf_changed":false,"footnotes":""},"class_list":["post-949","page","type-page","status-publish","hentry"],"acf":[],"lang":"en","translations":{"en":949,"sv":206},"pll_sync_post":[],"_links":{"self":[{"href":"https:\/\/www.visitvarmland.com\/hagfors\/wp-json\/wp\/v2\/pages\/949","targetHints":{"allow":["GET"]}}],"collection":[{"href":"https:\/\/www.visitvarmland.com\/hagfors\/wp-json\/wp\/v2\/pages"}],"about":[{"href":"https:\/\/www.visitvarmland.com\/hagfors\/wp-json\/wp\/v2\/types\/page"}],"author":[{"embeddable":true,"href":"https:\/\/www.visitvarmland.com\/hagfors\/wp-json\/wp\/v2\/users\/32"}],"replies":[{"embeddable":true,"href":"https:\/\/www.visitvarmland.com\/hagfors\/wp-json\/wp\/v2\/comments?post=949"}],"version-history":[{"count":4,"href":"https:\/\/www.visitvarmland.com\/hagfors\/wp-json\/wp\/v2\/pages\/949\/revisions"}],"predecessor-version":[{"id":1059,"href":"https:\/\/www.visitvarmland.com\/hagfors\/wp-json\/wp\/v2\/pages\/949\/revisions\/1059"}],"wp:attachment":[{"href":"https:\/\/www.visitvarmland.com\/hagfors\/wp-json\/wp\/v2\/media?parent=949"}],"curies":[{"name":"wp","href":"https:\/\/api.w.org\/{rel}","templated":true}]}}