{"id":970,"date":"2024-06-14T11:03:02","date_gmt":"2024-06-14T09:03:02","guid":{"rendered":"https:\/\/www.visitvarmland.com\/hagfors\/?page_id=970"},"modified":"2024-06-14T11:03:03","modified_gmt":"2024-06-14T09:03:03","slug":"besoksinformation-infopoints","status":"publish","type":"page","link":"https:\/\/www.visitvarmland.com\/hagfors\/en\/besoksinformation\/besoksinformation-infopoints\/","title":{"rendered":"Infopoints"},"content":{"rendered":"\n<figure class=\"wp-block-image size-medium\"><img loading=\"lazy\" decoding=\"async\" width=\"297\" height=\"300\" src=\"https:\/\/www.visitvarmland.com\/hagfors\/wp-content\/uploads\/sites\/8\/2021\/07\/InfoPoint-297x300.jpg\" alt=\"\" class=\"wp-image-337\" \/><\/figure>\n\n\n\n<p>In addition to our Tourist Information we also have five Infopoints in our municipality. An Infopiont is a simpler form of tourist information where the visitor can get personal service, information and good hospitality. These five places are Infopoints:<\/p>\n\n\n\n<p><strong>Coop N\u00e4ra<br><\/strong>Bj\u00f6rkil 110<br>683 95 Sunnemo<br>0563-920 14<\/p>\n\n\n\n<p><strong>Enghs Sport AB, Sportringen<\/strong><br>Klar\u00e4lvsv\u00e4gen 21<br>683 60 Eksh\u00e4rad<br>0563-412 40<\/p>\n\n\n\n<p><strong>Hagfors Pappershandel<\/strong><br>Skolgatan 4<br>683 30 Hagfors<br>0563-101 56<\/p>\n\n\n\n<p><strong>ICA N\u00e4ra \u00c5hstr\u00f6ms Livs<br><\/strong>R\u00e5dav\u00e4gen 31<br>683 93 R\u00e5da<br>0563-600 65<\/p>\n","protected":false},"excerpt":{"rendered":"<p>In addition to our Tourist Information we also have five Infopoints in our municipality. An Infopiont is a simpler form of tourist information where the visitor can get personal service, information and good hospitality. These five places are Infopoints: Coop N\u00e4raBj\u00f6rkil 110683 95 Sunnemo0563-920 14 Enghs Sport AB, SportringenKlar\u00e4lvsv\u00e4gen 21683 60 Eksh\u00e4rad0563-412 40 Hagfors PappershandelSkolgatan [&hellip;]<\/p>\n","protected":false},"author":32,"featured_media":0,"parent":963,"menu_order":0,"comment_status":"closed","ping_status":"closed","template":"","meta":{"_acf_changed":false,"footnotes":""},"class_list":["post-970","page","type-page","status-publish","hentry"],"acf":[],"lang":"en","translations":{"en":970,"sv":335},"pll_sync_post":[],"_links":{"self":[{"href":"https:\/\/www.visitvarmland.com\/hagfors\/wp-json\/wp\/v2\/pages\/970","targetHints":{"allow":["GET"]}}],"collection":[{"href":"https:\/\/www.visitvarmland.com\/hagfors\/wp-json\/wp\/v2\/pages"}],"about":[{"href":"https:\/\/www.visitvarmland.com\/hagfors\/wp-json\/wp\/v2\/types\/page"}],"author":[{"embeddable":true,"href":"https:\/\/www.visitvarmland.com\/hagfors\/wp-json\/wp\/v2\/users\/32"}],"replies":[{"embeddable":true,"href":"https:\/\/www.visitvarmland.com\/hagfors\/wp-json\/wp\/v2\/comments?post=970"}],"version-history":[{"count":3,"href":"https:\/\/www.visitvarmland.com\/hagfors\/wp-json\/wp\/v2\/pages\/970\/revisions"}],"predecessor-version":[{"id":1061,"href":"https:\/\/www.visitvarmland.com\/hagfors\/wp-json\/wp\/v2\/pages\/970\/revisions\/1061"}],"up":[{"embeddable":true,"href":"https:\/\/www.visitvarmland.com\/hagfors\/wp-json\/wp\/v2\/pages\/963"}],"wp:attachment":[{"href":"https:\/\/www.visitvarmland.com\/hagfors\/wp-json\/wp\/v2\/media?parent=970"}],"curies":[{"name":"wp","href":"https:\/\/api.w.org\/{rel}","templated":true}]}}