{"id":973,"date":"2026-03-26T16:55:54","date_gmt":"2026-03-26T15:55:54","guid":{"rendered":"https:\/\/www.visitvarmland.com\/hagfors\/?page_id=973"},"modified":"2026-03-26T16:56:12","modified_gmt":"2026-03-26T15:56:12","slug":"upplev-hagfors-fran-cykelsadeln","status":"publish","type":"page","link":"https:\/\/www.visitvarmland.com\/hagfors\/en\/upplev-hagfors-fran-cykelsadeln\/","title":{"rendered":"Let nature lead you"},"content":{"rendered":"\n<p>The best ways to come close to nature is by hiking or biking. In Hagfors municipality there are loads of paths and tracks just waiting for you. Short, or long, easyr or a little bit more challenging &#8211; here, there is something for everyone. And when your legs find their plod, well it will not take long before your thoughts find their own and wander off too. The beauty of nature enables you to look beyond the horizon.<\/p>\n\n\n\n<h2 class=\"wp-block-heading\">Experience Hagfors from the saddle<\/h2>\n\n\n\n<p>A speedy alternative to discovering Hagfors on foot is through cycling. If you like to mix outdoor experiences with a high tempo you can go mountain biking. Would you like to take it easy, you can both hike and go cycling on Klar\u00e4lvsbanan, a 90 km long natural experience on traffic-free asphalt from Uddeholm in the north to Karlstad in the south. In Uddeholm the trail Klar\u00e4lvsleden begins. Follow the 120 km long trail up to Syssleb\u00e4ck.<\/p>\n\n\n\n<h4 class=\"wp-block-heading\"><strong> Our mountainbike paths:<\/strong><\/h4>\n\n\n\n<ul class=\"wp-block-list\">\n<li>Ragnar\u00f6k (black)<\/li>\n\n\n\n<li>Upplunden (green)<\/li>\n\n\n\n<li>Tre toppar (red)<\/li>\n\n\n\n<li>Bl\u00e5b\u00e4rskullen (blue)<\/li>\n<\/ul>\n\n\n\n<div class=\"wp-block-atheme-component-collage-3 atheme-collage\"><div class=\"atheme-collage--triple\"><div class=\"atheme-collage--image\" style=\"background-image:url( https:\/\/www.visitvarmland.com\/hagfors\/wp-content\/uploads\/sites\/8\/2023\/05\/Q2Q8990-scaled.jpg )\"><div id=\"bqhqMFMZqnnKHzep\" class=\"atheme-collage--infobox\"><p>Klar\u00e4lvsbanan<\/p><\/div><div class=\"atheme-collage--action\"><div class=\"atheme-collage--action-btn\"><i class=\"fal fa-ellipsis-h\"><\/i><\/div><\/div><\/div><div class=\"atheme-collage--image\" style=\"background-image:url( https:\/\/www.visitvarmland.com\/hagfors\/wp-content\/uploads\/sites\/8\/2023\/05\/Q2Q9775.jpg )\"><div id=\"EfOlJpzXIcYnNJnh\" class=\"atheme-collage--infobox\"><p>Klar\u00e4lvsbanan<\/p><\/div><div class=\"atheme-collage--action\"><div class=\"atheme-collage--action-btn\"><i class=\"fal fa-ellipsis-h\"><\/i><\/div><\/div><\/div><div class=\"atheme-collage--image\" style=\"background-image:url( https:\/\/www.visitvarmland.com\/hagfors\/wp-content\/uploads\/sites\/8\/2023\/05\/Hagfors-kommun-Eksha\u2560er-Mtb-Mamma-Dotter-GranLjus-1-scaled.jpg )\"><div id=\"AGCSPUGbQqfCQCiM\" class=\"atheme-collage--infobox\"><p>Tre toppar<\/p><\/div><div class=\"atheme-collage--action\"><div class=\"atheme-collage--action-btn\"><i class=\"fal fa-ellipsis-h\"><\/i><\/div><\/div><\/div><\/div><\/div>\n\n\n\n<p>Hagfors is a part of Biking V\u00e4rmland, quality assured mountainbike trails with signposts common for all of V\u00e4rmland and different degrees of difficulty. Everything from easy biking to more demanding endurance cykling. The trails offer signposts that work both nationally and internationally, a lovely way to experience our wonderful nature with all it has to offer. Today you\u00b4ll find four trails in our municipality. Tre toppar and Bl\u00e5b\u00e4rskullen in Eksh\u00e4rad. In Hagfors you`ll find the endurance trail Ragnar\u00f6k and the round trip Upplunden that you can start in Hagfors or at V\u00e4rmlandsg\u00e5rden.&nbsp;Read more about the trails <a href=\"https:\/\/www.visitvarmland.com\/hagfors\/aktiviteter\/cykla-i-magiska-hagfors\">here<\/a>. <\/p>\n\n\n\n<h2 class=\"wp-block-heading\">Hike in Hagfors<\/h2>\n\n\n\n<p>We\u00b4re happy that you want to hike in Hagfors municipality. With over 190 km of trails we have a lot of nature and wilderness to explore. Why not take your family on a nature experience in the wilderness? Or go for a run at one of our many training tracks?<\/p>\n\n\n\n<div class=\"wp-block-atheme-component-collage-4 atheme-collage\"><div class=\"atheme-collage--quadruple\"><div class=\"atheme-collage--row\"><div class=\"atheme-collage--image\" style=\"background-image:url( https:\/\/www.visitvarmland.com\/hagfors\/wp-content\/uploads\/sites\/8\/2021\/05\/Magiska-Hagfors_startsida_1750x790.jpg )\"><div id=\"DTdIfxQJRBCuCmRd\" class=\"atheme-collage--infobox\"><p>Halg\u00e5leden<\/p><\/div><div class=\"atheme-collage--action\"><div class=\"atheme-collage--action-btn\"><i class=\"fal fa-ellipsis-h\"><\/i><\/div><\/div><\/div><div class=\"atheme-collage--image\" style=\"background-image:url( https:\/\/www.visitvarmland.com\/hagfors\/wp-content\/uploads\/sites\/8\/2022\/04\/Mana-Orbacken.jpg )\"><div id=\"jJzbMEvUBDaIsVjz\" class=\"atheme-collage--infobox\"><p>Mana-\u00d6rb\u00e4cken<\/p><\/div><div class=\"atheme-collage--action\"><div class=\"atheme-collage--action-btn\"><i class=\"fal fa-ellipsis-h\"><\/i><\/div><\/div><\/div><\/div><div class=\"atheme-collage--row\"><div class=\"atheme-collage--image\" style=\"background-image:url( https:\/\/www.visitvarmland.com\/hagfors\/wp-content\/uploads\/sites\/8\/2023\/05\/MG_6542.jpg )\"><div id=\"lJznvUaLcZxzlsvU\" class=\"atheme-collage--infobox\"><p>Mana<\/p><\/div><div class=\"atheme-collage--action\"><div class=\"atheme-collage--action-btn\"><i class=\"fal fa-ellipsis-h\"><\/i><\/div><\/div><\/div><div class=\"atheme-collage--image\" style=\"background-image:url( https:\/\/www.visitvarmland.com\/hagfors\/wp-content\/uploads\/sites\/8\/2023\/05\/Hagfors-Kommun-Lillsjo\u2560en-Vandring-02-scaled.jpg )\"><div id=\"jCYyCOQegYGSQcdk\" class=\"atheme-collage--infobox\"><p>Lillsj\u00f6n<\/p><\/div><div class=\"atheme-collage--action\"><div class=\"atheme-collage--action-btn\"><i class=\"fal fa-ellipsis-h\"><\/i><\/div><\/div><\/div><\/div><\/div><\/div>\n\n\n\n<p><strong>Our hiking paths in Hagfors:<\/strong><\/p>\n\n\n\n<ul class=\"wp-block-list\">\n<li>Brattfallet, Halg\u00e5leden<\/li>\n\n\n\n<li>\u00c5senslingan<\/li>\n\n\n\n<li>Svart\u00e5leden, Brattforsheden<\/li>\n\n\n\n<li>Rundslinga V\u00e4rmlandsg\u00e5rden<\/li>\n\n\n\n<li>Sagostigen <\/li>\n\n\n\n<li>Tre toppar och Tv\u00e5 toppar<\/li>\n\n\n\n<li>Alfaleden och Valpleden<\/li>\n\n\n\n<li>Hyttdalens vandringsstig<\/li>\n\n\n\n<li>Finnv\u00e4gen<\/li>\n<\/ul>\n\n\n\n<p>Read more about our trails in our brochure that you can download here:<\/p>\n\n\n\n<div class=\"wp-block-file\"><a id=\"wp-block-file--media-33db026c-b544-48ed-8804-e35bf969ef8b\" href=\"https:\/\/www.visitvarmland.com\/hagfors\/wp-content\/uploads\/sites\/8\/2023\/05\/Vandringsbroschyr.pdf\">Vandringsbroschyr<\/a><a href=\"https:\/\/www.visitvarmland.com\/hagfors\/wp-content\/uploads\/sites\/8\/2023\/05\/Vandringsbroschyr.pdf\" class=\"wp-block-file__button wp-element-button\" download aria-describedby=\"wp-block-file--media-33db026c-b544-48ed-8804-e35bf969ef8b\">Ladda ner<\/a><\/div>\n\n\n\n<h2 class=\"wp-block-heading\">Go where the fish bite<\/h2>\n\n\n\n<p>You put the lure on the hook and throw in the float. Small rings start to form on the water surface creating temporary impressions in the glassy lake. The only thing remaining now is to wait. You can lean back and take a look at the surroundings. The lake is embedded in beautiful nature and no human being is in sight. The calmness appears, the body unwinds. You have time to reflect and take time in the surrounding silence. Suddenly, the fishing-line begins to strain, the float makes a dive under the surface and now your focus is targeted towards whatever is hooked on the other end of the line. Maybe, you will have freshly grilled bass for supper?<\/p>\n\n\n\n<p>In Hagfors municipality, there are plenty of beautuiful places where you can guard your float, regardless if you are a beginner or a pro. Fish grayling, salmon or trout in the lively Klar\u00e4lven, the spine of the municipality and Sweden\u00b4s longest river. Angle for bass, pike and whitefish in enchanting forest lakes. Winter is the perfect time for ice fishing. There\u00b4s nothing like the nature experience that the fisherman gets on a sunny winters day when the ice is thick and Jack Frost has embedded the landscape with a soft, white cover of snow.<\/p>\n\n\n\n<figure class=\"wp-block-image size-large is-style-rounded\"><img loading=\"lazy\" decoding=\"async\" width=\"1024\" height=\"693\" src=\"https:\/\/www.visitvarmland.com\/hagfors\/wp-content\/uploads\/sites\/8\/2023\/05\/Hagfors-Kommun-Lillsjo\u2560en-Fiske-Jo\u2560ergen-Ga\u2560edda-04-1-1024x693.jpg\" alt=\"Fiske\" class=\"wp-image-674\" \/><\/figure>\n\n\n\n<p>Before you try your fishing luck remember to buy a fishing license. With the fishing license for the municipality you are allowed to fish in most lakes of diverse nature and the part of Klar\u00e4lven that runs through Hagfors municipality. If you are under 16 years old you fish for free. You also get a map over the lakes included in the license. Do you want to fish in other waters, you buy a local fishing license.&nbsp;<a href=\"https:\/\/www.ifiske.se\/fiskekort-hagfors-fiskevardskrets.htm\" target=\"_blank\" rel=\"noopener\">Here<\/a>&nbsp;you can buy the municipal fishing license online.<\/p>\n\n\n\n<h2 class=\"wp-block-heading\">Water activities<\/h2>\n\n\n\n<p>I magiska Hagfors finns det gott om vatten att utforska genom att paddla kanot eller kajak, eller kanske vill du testa SUP? Det finns 250 km vattenv\u00e4gar att glida fram p\u00e5 \u2013 lugna slingrande \u00e5ar, sm\u00e5 tj\u00e4rnar, stora \u00f6ppna vatten d\u00e4r tystnaden omsluter dig och ger dig en upplevelse som f\u00f6r dig n\u00e4rmare naturen. I Klar\u00e4lvdalen och sj\u00f6systemen runt Gustav Adolf hittar du de b\u00e4sta kanotvattnen. Kanoter finns att hyra p\u00e5 flera platser.<\/p>\n\n\n\n<p>Some of our most popular places to paddle:<br>&#8211; Svart\u00e4lven<br>&#8211; Klar\u00e4lven<br>&#8211; Rottnan<br>&#8211; R\u00e5dasj\u00f6n-Lidsj\u00f6n<br>&#8211; Upplunden-Deglunden<\/p>\n\n\n\n<div class=\"wp-block-atheme-component-collage-2 atheme-collage\"><div class=\"atheme-collage--double\"><div class=\"atheme-collage--image\" style=\"background-image:url( https:\/\/www.visitvarmland.com\/hagfors\/wp-content\/uploads\/sites\/8\/2023\/06\/Hagfors-kommun-Sunnemo-Lidsbron-SUP-04-scaled.jpg )\"><div id=\"uQAuUXPgygGpcXDP\" class=\"atheme-collage--infobox\"><p>SUP, Lidsbron<\/p><\/div><div class=\"atheme-collage--action\"><div class=\"atheme-collage--action-btn\"><i class=\"fal fa-ellipsis-h\"><\/i><\/div><\/div><\/div><div class=\"atheme-collage--image\" style=\"background-image:url( https:\/\/www.visitvarmland.com\/hagfors\/wp-content\/uploads\/sites\/8\/2023\/06\/23I5790-e1686559434800.jpg )\"><div id=\"bvqedpYGLgckEiEJ\" class=\"atheme-collage--infobox\"><p>Kanot, Deglunden<\/p><\/div><div class=\"atheme-collage--action\"><div class=\"atheme-collage--action-btn\"><i class=\"fal fa-ellipsis-h\"><\/i><\/div><\/div><\/div><\/div><\/div>\n\n\n\n<p><\/p>\n","protected":false},"excerpt":{"rendered":"<p>The best ways to come close to nature is by hiking or biking. In Hagfors municipality there are loads of paths and tracks just waiting for you. Short, or long, easyr or a little bit more challenging &#8211; here, there is something for everyone. And when your legs find their plod, well it will not [&hellip;]<\/p>\n","protected":false},"author":32,"featured_media":993,"parent":0,"menu_order":0,"comment_status":"closed","ping_status":"closed","template":"","meta":{"_acf_changed":false,"footnotes":""},"class_list":["post-973","page","type-page","status-publish","has-post-thumbnail","hentry"],"acf":[],"lang":"en","translations":{"en":973,"sv":589},"pll_sync_post":[],"_links":{"self":[{"href":"https:\/\/www.visitvarmland.com\/hagfors\/wp-json\/wp\/v2\/pages\/973","targetHints":{"allow":["GET"]}}],"collection":[{"href":"https:\/\/www.visitvarmland.com\/hagfors\/wp-json\/wp\/v2\/pages"}],"about":[{"href":"https:\/\/www.visitvarmland.com\/hagfors\/wp-json\/wp\/v2\/types\/page"}],"author":[{"embeddable":true,"href":"https:\/\/www.visitvarmland.com\/hagfors\/wp-json\/wp\/v2\/users\/32"}],"replies":[{"embeddable":true,"href":"https:\/\/www.visitvarmland.com\/hagfors\/wp-json\/wp\/v2\/comments?post=973"}],"version-history":[{"count":5,"href":"https:\/\/www.visitvarmland.com\/hagfors\/wp-json\/wp\/v2\/pages\/973\/revisions"}],"predecessor-version":[{"id":1245,"href":"https:\/\/www.visitvarmland.com\/hagfors\/wp-json\/wp\/v2\/pages\/973\/revisions\/1245"}],"wp:featuredmedia":[{"embeddable":true,"href":"https:\/\/www.visitvarmland.com\/hagfors\/wp-json\/wp\/v2\/media\/993"}],"wp:attachment":[{"href":"https:\/\/www.visitvarmland.com\/hagfors\/wp-json\/wp\/v2\/media?parent=973"}],"curies":[{"name":"wp","href":"https:\/\/api.w.org\/{rel}","templated":true}]}}