{"id":394,"date":"2021-12-07T15:09:14","date_gmt":"2021-12-07T14:09:14","guid":{"rendered":"https:\/\/www.visitvarmland.com\/hammaro\/?page_id=394"},"modified":"2025-06-24T09:47:13","modified_gmt":"2025-06-24T07:47:13","slug":"hammaro-kulturbygd","status":"publish","type":"page","link":"https:\/\/www.visitvarmland.com\/hammaro\/hammaro-kulturbygd\/","title":{"rendered":"Hammar\u00f6 kulturbygd"},"content":{"rendered":"\n<div class=\"wp-block-atheme-component-cta atheme-wrapper\"><div class=\"atheme-components-cta--decoration-right\"><\/div><div class=\"atheme-components-cta--decoration-left\"><\/div><div class=\"atheme-components-cta\" style=\"height:600px;min-height:300px;background-image:url( https:\/\/www.visitvarmland.com\/hammaro\/wp-content\/uploads\/sites\/9\/2022\/08\/DSC09877.jpg );background-size:cover;background-position:center center;background-repeat:no-repeat;background-attachment:scroll\"><div class=\"atheme-components-cta--overlay\" style=\"opacity:0\"> <\/div><div class=\"atheme-components-cta--text\"><div><h3>N\u00e4ra till kulturupplevelser i Hammar\u00f6 sk\u00e4rg\u00e5rd<\/h3><p>L\u00e4r dig mer om det gamla fiskarsamh\u00e4llet vid en vik intill museiudden vid V\u00e4nern.<\/p><div class=\"atheme-components-cta--text-border\"><\/div><\/div><\/div><\/div><\/div>\n\n\n\n<h2 class=\"wp-block-heading\">I hj\u00e4rtat av Hammar\u00f6 kulturbygd<\/h2>\n\n\n\n<p>I Hammar\u00f6 har du alltid n\u00e4ra till en kulturupplevelse. En \u00f6 fylld med historia, sev\u00e4rdheter och stolta traditioner, som du med nyfikenhet kan uppleva b\u00e5de som boende och som turist. Visste du till exempel att Hammar\u00f6 \u00e4r ett gammalt fiskarsamh\u00e4lle, som vi faktiskt i m\u00e5nga avseenden kan m\u00e4rka av \u00e4n idag.&nbsp;<\/p>\n\n\n\n<p>F\u00f6rutom v\u00e5r vackra gamla kyrka och&nbsp;Sk\u00e4rg\u00e5rdsmuseet&nbsp;finns \u00e4ven Hembygdsg\u00e5rden, Sockenstugan fr\u00e5n 20-talet, Hammars g\u00e5rd och gravh\u00f6gar fr\u00e5n vikingatiden. Dessa \u00e4r alla v\u00e4l v\u00e4rda ett bes\u00f6k. Dessutom \u00e4r Hammars udde ett popul\u00e4rt utflyktsm\u00e5l med sin vackra natur, sina vandringsstigar och ett f\u00e5geltorn.&nbsp;<br><\/p>\n\n\n\n<figure class=\"wp-block-image size-large is-style-default\"><img loading=\"lazy\" decoding=\"async\" width=\"681\" height=\"1024\" src=\"https:\/\/www.visitvarmland.com\/hammaro\/wp-content\/uploads\/sites\/9\/2021\/11\/Hammaro-JS21g-681x1024.jpg\" alt=\"\" class=\"wp-image-348\" srcset=\"https:\/\/www.visitvarmland.com\/app\/uploads\/sites\/9\/2021\/11\/Hammaro-JS21g-681x1024.jpg 681w, https:\/\/www.visitvarmland.com\/app\/uploads\/sites\/9\/2021\/11\/Hammaro-JS21g-200x300.jpg 200w, https:\/\/www.visitvarmland.com\/app\/uploads\/sites\/9\/2021\/11\/Hammaro-JS21g-768x1154.jpg 768w, https:\/\/www.visitvarmland.com\/app\/uploads\/sites\/9\/2021\/11\/Hammaro-JS21g-1022x1536.jpg 1022w, https:\/\/www.visitvarmland.com\/app\/uploads\/sites\/9\/2021\/11\/Hammaro-JS21g-1363x2048.jpg 1363w, https:\/\/www.visitvarmland.com\/app\/uploads\/sites\/9\/2021\/11\/Hammaro-JS21g-8x12.jpg 8w, https:\/\/www.visitvarmland.com\/app\/uploads\/sites\/9\/2021\/11\/Hammaro-JS21g-100x150.jpg 100w, https:\/\/www.visitvarmland.com\/app\/uploads\/sites\/9\/2021\/11\/Hammaro-JS21g-399x600.jpg 399w, https:\/\/www.visitvarmland.com\/app\/uploads\/sites\/9\/2021\/11\/Hammaro-JS21g-scaled.jpg 1703w\" sizes=\"auto, (max-width: 681px) 100vw, 681px\" \/><\/figure>\n\n\n\n<h2 class=\"wp-block-heading\">Hammar\u00f6 sk\u00e4rg\u00e5rdsmuseum<\/h2>\n\n\n\n<p>Hammar\u00f6 sk\u00e4rg\u00e5rdsmuseum&nbsp;ligger vid en vacker vik vid V\u00e4nern. Fr\u00e5n museiudden \u00e4r det inte l\u00e5ngt ut till Storv\u00e4nern, innanhavet som i m\u00e5nga generationer gett b\u00e4rgning till \u00f6ns fiskare och fiskarb\u00f6nder. H\u00e4r har de byggt, rott och seglat sina snipor, formade av V\u00e4nern sedan vikingatiden. S\u00e5 sm\u00e5ningom f\u00f6rs\u00e5gs farkosterna med taktfast dunkande r\u00e5oljemotorer, som senare ersattes av modernare maskiner f\u00f6r diesel och bensin.<\/p>\n\n\n\n<p>I museet kan du uppleva en unik samling f\u00f6rem\u00e5l fr\u00e5n det gamla v\u00e4nerfisket, med utblickar mot kulturhistoriskt intressanta platser i norra V\u00e4nersk\u00e4rg\u00e5rden. Du f\u00e5r reda p\u00e5 mer om de familjer som befolkade fyrarna fr\u00e5n 1850-talet fram till b\u00f6rjan av 2000-talet. I b\u00e5tskjulet finns olika typer av farkoster, och under sommartid ligger b\u00e5tar vid bryggan. P\u00e5 land hittar du redskap som h\u00f6rde till det dagliga livet i det gamla fiskarsamh\u00e4llet.&nbsp;<\/p>\n\n\n\n<div class=\"wp-block-columns is-layout-flex wp-container-core-columns-is-layout-9d6595d7 wp-block-columns-is-layout-flex\">\n<div class=\"wp-block-column is-layout-flow wp-block-column-is-layout-flow\" style=\"flex-basis:66.66%\">\n<figure class=\"wp-block-image size-full is-style-default\"><img loading=\"lazy\" decoding=\"async\" width=\"1260\" height=\"840\" src=\"https:\/\/www.visitvarmland.com\/hammaro\/wp-content\/uploads\/sites\/9\/2023\/06\/DSC09805.jpg\" alt=\"\" class=\"wp-image-1921\" srcset=\"https:\/\/www.visitvarmland.com\/app\/uploads\/sites\/9\/2023\/06\/DSC09805.jpg 1260w, https:\/\/www.visitvarmland.com\/app\/uploads\/sites\/9\/2023\/06\/DSC09805-300x200.jpg 300w, https:\/\/www.visitvarmland.com\/app\/uploads\/sites\/9\/2023\/06\/DSC09805-1024x683.jpg 1024w, https:\/\/www.visitvarmland.com\/app\/uploads\/sites\/9\/2023\/06\/DSC09805-768x512.jpg 768w, https:\/\/www.visitvarmland.com\/app\/uploads\/sites\/9\/2023\/06\/DSC09805-150x100.jpg 150w, https:\/\/www.visitvarmland.com\/app\/uploads\/sites\/9\/2023\/06\/DSC09805-600x400.jpg 600w, https:\/\/www.visitvarmland.com\/app\/uploads\/sites\/9\/2023\/06\/DSC09805-1200x800.jpg 1200w\" sizes=\"auto, (max-width: 1260px) 100vw, 1260px\" \/><\/figure>\n<\/div>\n<\/div>\n\n\n\n    <div class=\"cards-section-top\">\n                <h2>Aktiviteter<\/h2>\n        <a class=\"a-button\" href=\"\/aktiviteter\">Visa alla<\/a>\n    <\/div>\n    <section class=\"cards-section-wrapper\">\n        <div class=\"cards-section-slide\">\n            <!-- Card wrapper -->\n<article class=\"a-card a-card--turid\" link-finder     >\n                <div class=\"a-card__image a-card--turid__image\">\n                <div class=\"bg-img\" style=\"background-image:url(https:\/\/img.turid.visitvarmland.com\/ea90b6e1-3fdb-46d1-8d1f-b194a63a1b43\/dsc05755-1.jpg?q=80&#038;fit=crop&#038;w=300&#038;h=210&#038;v=1&#038;);\"><\/div>\n            <\/div>\n                        <h2 class=\"a-card__title a-card--turid__title\"><a data-no-translation href=\"https:\/\/www.visitvarmland.com\/hammaro\/kultur-historia\/hammars-udde\">Hammars udde<\/a><\/h2>\n                        <div class=\"a-card__content a-card--turid__content\">En Historisk P\u00e4rla i Hammar\u00f6 Kulturbygd<\/div>\n                        <div class=\"a-card__bottom-wrapper a-card--turid__bottom-wrapper\" style=\"background-image:url();\">                            <div class=\"a-card__favorite a-card--turid__favorite\"><i class=\"fal fa-heart\"><\/i><\/div>\n                        <div class=\"a-card__tag a-card--turid__tag\"><!-- Button wrapper -->\n\n<a class=\"a-tag a-tag--small\" href=\"https:\/\/www.visitvarmland.com\/kultur-historia\/natursevardheter\/platser-54\" target=\"_self\" >\n    <span class='a-card--divider'>Platser<\/span>\n    <\/a><\/div>\n                        <\/div>\n            <\/article><!-- Card wrapper -->\n<article class=\"a-card a-card--turid\" link-finder     >\n                <div class=\"a-card__image a-card--turid__image\">\n                <div class=\"bg-img\" style=\"background-image:url(https:\/\/img.turid.visitvarmland.com\/98f28b0a-313a-4fc8-8b15-31e820907baa\/-30f7896.jpg?q=80&#038;fit=crop&#038;w=300&#038;h=210&#038;v=1&#038;);\"><\/div>\n            <\/div>\n                        <h2 class=\"a-card__title a-card--turid__title\"><a data-no-translation href=\"https:\/\/www.visitvarmland.com\/hammaro\/kultur-historia\/kyrka\/hammaro-kyrka\">Hammar\u00f6 kyrka<\/a><\/h2>\n                        <div class=\"a-card__content a-card--turid__content\">Hammar\u00f6 kyrka \u00e4r \u00e4r en av V\u00e4rmlands vackra&hellip;<\/div>\n                        <div class=\"a-card__bottom-wrapper a-card--turid__bottom-wrapper\" style=\"background-image:url();\">                            <div class=\"a-card__favorite a-card--turid__favorite\"><i class=\"fal fa-heart\"><\/i><\/div>\n                        <div class=\"a-card__tag a-card--turid__tag\"><!-- Button wrapper -->\n\n<a class=\"a-tag a-tag--small\" href=\"https:\/\/www.visitvarmland.com\/kultur-historia\/kyrka\/platser-48\" target=\"_self\" >\n    <span class='a-card--divider'>Platser<\/span>\n    <\/a><\/div>\n                        <\/div>\n            <\/article><!-- Card wrapper -->\n<article class=\"a-card a-card--turid\" link-finder     >\n                <div class=\"a-card__image a-card--turid__image\">\n                <div class=\"bg-img\" style=\"background-image:url(https:\/\/img.turid.visitvarmland.com\/370f1355-6c27-4ecd-8455-c20f5c3c57b6\/20240625-162757-resize.jpg?q=80&#038;fit=crop&#038;w=300&#038;h=210&#038;v=1&#038;);\"><\/div>\n            <\/div>\n                        <h2 class=\"a-card__title a-card--turid__title\"><a data-no-translation href=\"https:\/\/www.visitvarmland.com\/hammaro\/aktiviteter\/hammaro-skargardsmuseum\">Hammar\u00f6 Sk\u00e4rg\u00e5rdsmuseum<\/a><\/h2>\n                        <div class=\"a-card__content a-card--turid__content\">En plats d\u00e4r historia, kultur och gemenskap m\u00f6ts&hellip;<\/div>\n                        <div class=\"a-card__bottom-wrapper a-card--turid__bottom-wrapper\" style=\"background-image:url();\">                            <div class=\"a-card__favorite a-card--turid__favorite\"><i class=\"fal fa-heart\"><\/i><\/div>\n                        <div class=\"a-card__tag a-card--turid__tag\"><!-- Button wrapper -->\n\n<a class=\"a-tag a-tag--small\" href=\"https:\/\/www.visitvarmland.com\/mat-dryck\/kafe-bageri\" target=\"_self\" >\n    <span class='a-card--divider'>Kaf\u00e9 &#038; bageri<\/span>\n    <\/a><\/div>\n                        <\/div>\n            <\/article><!-- Card wrapper -->\n<article class=\"a-card a-card--turid\" link-finder     >\n                <div class=\"a-card__image a-card--turid__image\">\n                <div class=\"bg-img\" style=\"background-image:url(https:\/\/img.turid.visitvarmland.com\/8f09e3cf-76f9-4320-bd72-34e6d08a13bb\/hammars-garden-4.jpg?q=80&#038;fit=crop&#038;w=300&#038;h=210&#038;v=1&#038;);\"><\/div>\n            <\/div>\n                        <h2 class=\"a-card__title a-card--turid__title\"><a data-no-translation href=\"https:\/\/www.visitvarmland.com\/hammaro\/aktiviteter\/hammars-gard\">Hammars g\u00e5rd<\/a><\/h2>\n                        <div class=\"a-card__content a-card--turid__content\">R\u00e4knas till de \u00e4ldsta och mest k\u00e4nda g\u00e5rdarna&hellip;<\/div>\n                        <div class=\"a-card__bottom-wrapper a-card--turid__bottom-wrapper\" style=\"background-image:url();\">                            <div class=\"a-card__favorite a-card--turid__favorite\"><i class=\"fal fa-heart\"><\/i><\/div>\n                        <div class=\"a-card__tag a-card--turid__tag\"><!-- Button wrapper -->\n\n<a class=\"a-tag a-tag--small\" href=\"https:\/\/www.visitvarmland.com\/mat-dryck\/kafe-bageri\" target=\"_self\" >\n    <span class='a-card--divider'>Kaf\u00e9 &#038; bageri<\/span>\n    <\/a><\/div>\n                        <\/div>\n            <\/article>        <\/div>\n        <button class=\"hero-scroll-icon section-scroll-side\" aria-label=\"Next\" aria-hidden=\"true\" tabindex=\"-1\">\n            <div class=\"pre-icon-dot\"><\/div>\n            <div class=\"pre-icon-dot\"><\/div>\n            <i class=\"fal fa-long-arrow-down\" aria-hidden=\"true\"><\/i>\n        <\/button>\n        <button class=\"hero-scroll-icon section-scroll-side-left section-scroll-side-left-hidden\" aria-label=\"Previous\" aria-hidden=\"true\" tabindex=\"-1\">\n            <div class=\"pre-icon-dot\"><\/div>\n            <div class=\"pre-icon-dot\"><\/div>\n            <i class=\"fal fa-long-arrow-down\" aria-hidden=\"true\"><\/i>\n        <\/button>\n    <\/section>\n\n\n","protected":false},"excerpt":{"rendered":"<p>I hj\u00e4rtat av Hammar\u00f6 kulturbygd I Hammar\u00f6 har du alltid n\u00e4ra till en kulturupplevelse. En \u00f6 fylld med historia, sev\u00e4rdheter och stolta traditioner, som du med nyfikenhet kan uppleva b\u00e5de som boende och som turist. Visste du till exempel att Hammar\u00f6 \u00e4r ett gammalt fiskarsamh\u00e4lle, som vi faktiskt i m\u00e5nga avseenden kan m\u00e4rka av \u00e4n [&hellip;]<\/p>\n","protected":false},"author":111,"featured_media":0,"parent":0,"menu_order":0,"comment_status":"closed","ping_status":"open","template":"","meta":{"_acf_changed":false,"footnotes":""},"class_list":["post-394","page","type-page","status-publish","hentry"],"acf":[],"lang":"sv","translations":{"sv":394},"pll_sync_post":[],"_links":{"self":[{"href":"https:\/\/www.visitvarmland.com\/hammaro\/wp-json\/wp\/v2\/pages\/394","targetHints":{"allow":["GET"]}}],"collection":[{"href":"https:\/\/www.visitvarmland.com\/hammaro\/wp-json\/wp\/v2\/pages"}],"about":[{"href":"https:\/\/www.visitvarmland.com\/hammaro\/wp-json\/wp\/v2\/types\/page"}],"author":[{"embeddable":true,"href":"https:\/\/www.visitvarmland.com\/hammaro\/wp-json\/wp\/v2\/users\/111"}],"replies":[{"embeddable":true,"href":"https:\/\/www.visitvarmland.com\/hammaro\/wp-json\/wp\/v2\/comments?post=394"}],"version-history":[{"count":12,"href":"https:\/\/www.visitvarmland.com\/hammaro\/wp-json\/wp\/v2\/pages\/394\/revisions"}],"predecessor-version":[{"id":1946,"href":"https:\/\/www.visitvarmland.com\/hammaro\/wp-json\/wp\/v2\/pages\/394\/revisions\/1946"}],"wp:attachment":[{"href":"https:\/\/www.visitvarmland.com\/hammaro\/wp-json\/wp\/v2\/media?parent=394"}],"curies":[{"name":"wp","href":"https:\/\/api.w.org\/{rel}","templated":true}]}}