{"id":194,"date":"2021-05-19T14:52:10","date_gmt":"2021-05-19T12:52:10","guid":{"rendered":"https:\/\/www.visitvarmland.com\/karlskoga\/?page_id=194"},"modified":"2023-03-28T09:08:27","modified_gmt":"2023-03-28T07:08:27","slug":"resa-hit","status":"publish","type":"page","link":"https:\/\/www.visitvarmland.com\/karlskoga\/resa-hit\/","title":{"rendered":"Resa hit"},"content":{"rendered":"\n<div class=\"wp-block-columns is-layout-flex wp-container-core-columns-is-layout-9d6595d7 wp-block-columns-is-layout-flex\">\n<div class=\"wp-block-column is-layout-flow wp-block-column-is-layout-flow\" style=\"flex-basis:33.33%\">\n<figure class=\"wp-block-image size-large is-resized\"><img loading=\"lazy\" decoding=\"async\" src=\"https:\/\/www.visitvarmland.com\/karlskoga\/wp-content\/uploads\/sites\/10\/2021\/05\/car-1024x1006.png\" alt=\"\"  class=\"wp-image-641\" width=\"158\" height=\"155\" srcset=\"https:\/\/www.visitvarmland.com\/app\/uploads\/sites\/10\/2021\/05\/car-1024x1006.png 1024w, https:\/\/www.visitvarmland.com\/app\/uploads\/sites\/10\/2021\/05\/car-300x295.png 300w, https:\/\/www.visitvarmland.com\/app\/uploads\/sites\/10\/2021\/05\/car-768x754.png 768w, https:\/\/www.visitvarmland.com\/app\/uploads\/sites\/10\/2021\/05\/car-1536x1509.png 1536w, https:\/\/www.visitvarmland.com\/app\/uploads\/sites\/10\/2021\/05\/car-150x147.png 150w, https:\/\/www.visitvarmland.com\/app\/uploads\/sites\/10\/2021\/05\/car-600x589.png 600w, https:\/\/www.visitvarmland.com\/app\/uploads\/sites\/10\/2021\/05\/car.png 1735w\" sizes=\"auto, (max-width: 158px) 100vw, 158px\" \/><\/figure>\n<\/div>\n\n\n\n<div class=\"wp-block-column is-layout-flow wp-block-column-is-layout-flow\" style=\"flex-basis:66.66%\">\n<h3 class=\"wp-block-heading\">Med bil<\/h3>\n\n\n\n<p>E18 Stockholm &#8211; Oslo g\u00e5r igenom Karlskoga kommun. Kommer du norrifr\u00e5n \u00e4r det v\u00e4g 237\/205 fr\u00e5n Storfors du ska v\u00e4lja, du kan ocks\u00e5 \u00e5ka via Nora, v\u00e4g 243. Kommer du s\u00f6derifr\u00e5n \u00e4r det v\u00e4g 205 fr\u00e5n Degerfors som g\u00e4ller.&nbsp;<a href=\"https:\/\/www.google.com\/maps\/place\/Karlskoga\/@59.3344132,14.4618522,12z\/data=!3m1!4b1!4m5!3m4!1s0x465c8a6a7832d8c5:0x7a77d738038dff7f!8m2!3d59.328634!4d14.536414?hl=sv-SE\" target=\"_blank\" rel=\"noopener\">H\u00e4r kan du planera din resa<\/a><\/p>\n<\/div>\n<\/div>\n\n\n\n<div class=\"wp-block-columns is-layout-flex wp-container-core-columns-is-layout-9d6595d7 wp-block-columns-is-layout-flex\">\n<div class=\"wp-block-column is-layout-flow wp-block-column-is-layout-flow\" style=\"flex-basis:33.33%\">\n<figure class=\"wp-block-image size-large is-resized\"><img loading=\"lazy\" decoding=\"async\" src=\"https:\/\/www.visitvarmland.com\/karlskoga\/wp-content\/uploads\/sites\/10\/2021\/05\/bus-1024x1006.png\" alt=\"\"  class=\"wp-image-642\" width=\"159\" height=\"156\" srcset=\"https:\/\/www.visitvarmland.com\/app\/uploads\/sites\/10\/2021\/05\/bus-1024x1006.png 1024w, https:\/\/www.visitvarmland.com\/app\/uploads\/sites\/10\/2021\/05\/bus-300x295.png 300w, https:\/\/www.visitvarmland.com\/app\/uploads\/sites\/10\/2021\/05\/bus-768x754.png 768w, https:\/\/www.visitvarmland.com\/app\/uploads\/sites\/10\/2021\/05\/bus-1536x1509.png 1536w, https:\/\/www.visitvarmland.com\/app\/uploads\/sites\/10\/2021\/05\/bus-150x147.png 150w, https:\/\/www.visitvarmland.com\/app\/uploads\/sites\/10\/2021\/05\/bus-600x589.png 600w, https:\/\/www.visitvarmland.com\/app\/uploads\/sites\/10\/2021\/05\/bus.png 1735w\" sizes=\"auto, (max-width: 159px) 100vw, 159px\" \/><\/figure>\n<\/div>\n\n\n\n<div class=\"wp-block-column is-layout-flow wp-block-column-is-layout-flow\" style=\"flex-basis:66.66%\">\n<h3 class=\"wp-block-heading\">Med buss<\/h3>\n\n\n\n<p>Om du \u00e5ker fr\u00e5n Oslo eller Stockholm kan du \u00e5ka direkt&nbsp;med&nbsp;<a rel=\"noreferrer noopener\" href=\"https:\/\/www.nettbuss.se\/\" target=\"_blank\">Nettbuss<\/a>&nbsp;eller&nbsp;<a rel=\"noreferrer noopener\" href=\"https:\/\/www.flixbus.se\/\" target=\"_blank\">Flixbus<\/a>&nbsp;till oss.&nbsp;<a rel=\"noreferrer noopener\" href=\"http:\/\/www.varmlandstrafik.se\/\" target=\"_blank\">V\u00e4rmlandstrafik<\/a>&nbsp;och <a href=\"https:\/\/www.lanstrafiken.se\/planera-din-resa\/hallplats\/125010\/\" target=\"_blank\" rel=\"noopener\">L\u00e4nstrafiken \u00d6rebro<\/a> k\u00f6r i respektive region. <br>Det finns \u00e4ven m\u00f6jlighet att kombinera med&nbsp;<a href=\"http:\/\/www.sj.se\/\" target=\"_blank\" rel=\"noopener\">SJ Buss &amp; T\u00e5g<\/a>&nbsp;h\u00e4r kan du smidigt boka hela din resa med b\u00e5de buss och t\u00e5g. N\u00e4rmsta t\u00e5gstation ligger i Degerfors, ca 14 km fr\u00e5n Karlskoga Busstation, anslutande bussar finns. <\/p>\n<\/div>\n<\/div>\n\n\n\n<div class=\"wp-block-columns is-layout-flex wp-container-core-columns-is-layout-9d6595d7 wp-block-columns-is-layout-flex\">\n<div class=\"wp-block-column is-layout-flow wp-block-column-is-layout-flow\" style=\"flex-basis:33.33%\">\n<figure class=\"wp-block-image size-large is-resized\"><img loading=\"lazy\" decoding=\"async\" src=\"https:\/\/www.visitvarmland.com\/karlskoga\/wp-content\/uploads\/sites\/10\/2021\/05\/boat-1024x1006.png\" alt=\"\"  class=\"wp-image-643\" width=\"160\" height=\"157\" srcset=\"https:\/\/www.visitvarmland.com\/app\/uploads\/sites\/10\/2021\/05\/boat-1024x1006.png 1024w, https:\/\/www.visitvarmland.com\/app\/uploads\/sites\/10\/2021\/05\/boat-300x295.png 300w, https:\/\/www.visitvarmland.com\/app\/uploads\/sites\/10\/2021\/05\/boat-768x754.png 768w, https:\/\/www.visitvarmland.com\/app\/uploads\/sites\/10\/2021\/05\/boat-1536x1509.png 1536w, https:\/\/www.visitvarmland.com\/app\/uploads\/sites\/10\/2021\/05\/boat-150x147.png 150w, https:\/\/www.visitvarmland.com\/app\/uploads\/sites\/10\/2021\/05\/boat-600x589.png 600w, https:\/\/www.visitvarmland.com\/app\/uploads\/sites\/10\/2021\/05\/boat.png 1735w\" sizes=\"auto, (max-width: 160px) 100vw, 160px\" \/><\/figure>\n<\/div>\n\n\n\n<div class=\"wp-block-column is-layout-flow wp-block-column-is-layout-flow\" style=\"flex-basis:66.66%\">\n<h3 class=\"wp-block-heading\">Med b\u00e5t<\/h3>\n\n\n\n<p>Bergslagskanalen med sina 14 sj\u00f6ar, 4 \u00e4lvar och 6 slussar g\u00f6r det m\u00f6jligt att vattenv\u00e4gen ta dig fr\u00e5n Filipstad till Karlskoga. Sj\u00f6n M\u00f6ckeln binder sen ihop Karlskoga och Degerfors som ligger i var sin \u00e4nde. B\u00e5til\u00e4ggningsplatser finns i Filipstad, Storfors, Karlskoga och Degerfors. <\/p>\n<\/div>\n<\/div>\n\n\n\n<div class=\"wp-block-columns is-layout-flex wp-container-core-columns-is-layout-9d6595d7 wp-block-columns-is-layout-flex\">\n<div class=\"wp-block-column is-layout-flow wp-block-column-is-layout-flow\" style=\"flex-basis:33.33%\">\n<figure class=\"wp-block-image size-large is-resized\"><img loading=\"lazy\" decoding=\"async\" src=\"https:\/\/www.visitvarmland.com\/karlskoga\/wp-content\/uploads\/sites\/10\/2021\/05\/cycle-1024x1006.png\" alt=\"\"  class=\"wp-image-644\" width=\"158\" height=\"155\" srcset=\"https:\/\/www.visitvarmland.com\/app\/uploads\/sites\/10\/2021\/05\/cycle-1024x1006.png 1024w, https:\/\/www.visitvarmland.com\/app\/uploads\/sites\/10\/2021\/05\/cycle-300x295.png 300w, https:\/\/www.visitvarmland.com\/app\/uploads\/sites\/10\/2021\/05\/cycle-768x754.png 768w, https:\/\/www.visitvarmland.com\/app\/uploads\/sites\/10\/2021\/05\/cycle-1536x1509.png 1536w, https:\/\/www.visitvarmland.com\/app\/uploads\/sites\/10\/2021\/05\/cycle-150x147.png 150w, https:\/\/www.visitvarmland.com\/app\/uploads\/sites\/10\/2021\/05\/cycle-600x589.png 600w, https:\/\/www.visitvarmland.com\/app\/uploads\/sites\/10\/2021\/05\/cycle.png 1735w\" sizes=\"auto, (max-width: 158px) 100vw, 158px\" \/><\/figure>\n<\/div>\n\n\n\n<div class=\"wp-block-column is-layout-flow wp-block-column-is-layout-flow\" style=\"flex-basis:66.66%\">\n<h3 class=\"wp-block-heading\">P\u00e5 cykel<\/h3>\n\n\n\n<p>Cykla till Karlskoga g\u00e5r bra, speciellt fr\u00e5n de mindre v\u00e4garna. Mellan Karlskoga och Degerfors finns en separat cykelv\u00e4g. E18 \u00e4r inte l\u00e4mplig att cykla p\u00e5 men det \u00e4r ett st\u00e4ndigt arbete att g\u00f6ra cykelleder d\u00e4r du kan cykla s\u00e4kert, skilt fr\u00e5n biltrafiken. N\u00e4r du v\u00e4l \u00e4r h\u00e4r, s\u00e5 finns det goda m\u00f6jligheter till bra upplevelser fr\u00e5n cykelsadeln. H\u00e4r finns fina cykelleder som tar dig i alla v\u00e4derstreck och till olika slags milj\u00f6er. <\/p>\n<\/div>\n<\/div>\n\n\n\n<div class=\"wp-block-columns is-layout-flex wp-container-core-columns-is-layout-9d6595d7 wp-block-columns-is-layout-flex\">\n<div class=\"wp-block-column is-layout-flow wp-block-column-is-layout-flow\" style=\"flex-basis:33.33%\">\n<figure class=\"wp-block-image size-large is-resized\"><img loading=\"lazy\" decoding=\"async\" src=\"https:\/\/www.visitvarmland.com\/karlskoga\/wp-content\/uploads\/sites\/10\/2021\/05\/airplane-1-1024x1006.png\" alt=\"\"  class=\"wp-image-645\" width=\"159\" height=\"156\" srcset=\"https:\/\/www.visitvarmland.com\/app\/uploads\/sites\/10\/2021\/05\/airplane-1-1024x1006.png 1024w, https:\/\/www.visitvarmland.com\/app\/uploads\/sites\/10\/2021\/05\/airplane-1-300x295.png 300w, https:\/\/www.visitvarmland.com\/app\/uploads\/sites\/10\/2021\/05\/airplane-1-768x754.png 768w, https:\/\/www.visitvarmland.com\/app\/uploads\/sites\/10\/2021\/05\/airplane-1-1536x1509.png 1536w, https:\/\/www.visitvarmland.com\/app\/uploads\/sites\/10\/2021\/05\/airplane-1-150x147.png 150w, https:\/\/www.visitvarmland.com\/app\/uploads\/sites\/10\/2021\/05\/airplane-1-600x589.png 600w, https:\/\/www.visitvarmland.com\/app\/uploads\/sites\/10\/2021\/05\/airplane-1.png 1735w\" sizes=\"auto, (max-width: 159px) 100vw, 159px\" \/><\/figure>\n<\/div>\n\n\n\n<div class=\"wp-block-column is-layout-flow wp-block-column-is-layout-flow\" style=\"flex-basis:66.66%\">\n<h3 class=\"wp-block-heading\">Med flyg<\/h3>\n\n\n\n<p>Karlskoga har under en timmes restid till tv\u00e5 flygplatser,&nbsp;<a rel=\"noreferrer noopener\" href=\"http:\/\/ksdarprt.se\/\" target=\"_blank\">Karlstad Airport<\/a>&nbsp;och&nbsp;<a rel=\"noreferrer noopener\" href=\"http:\/\/www.orebroairport.se\/\" target=\"_blank\">\u00d6rebro Airport<\/a>.<\/p>\n<\/div>\n<\/div>\n\n\n\n<div class=\"wp-block-columns is-layout-flex wp-container-core-columns-is-layout-9d6595d7 wp-block-columns-is-layout-flex\">\n<div class=\"wp-block-column is-layout-flow wp-block-column-is-layout-flow\" style=\"flex-basis:33.33%\">\n<figure class=\"wp-block-image size-large is-resized\"><img loading=\"lazy\" decoding=\"async\" src=\"https:\/\/www.visitvarmland.com\/karlskoga\/wp-content\/uploads\/sites\/10\/2023\/03\/tag-1024x1006.png\" alt=\"\"  class=\"wp-image-646\" width=\"159\" height=\"156\" srcset=\"https:\/\/www.visitvarmland.com\/app\/uploads\/sites\/10\/2023\/03\/tag-1024x1006.png 1024w, https:\/\/www.visitvarmland.com\/app\/uploads\/sites\/10\/2023\/03\/tag-300x295.png 300w, https:\/\/www.visitvarmland.com\/app\/uploads\/sites\/10\/2023\/03\/tag-768x754.png 768w, https:\/\/www.visitvarmland.com\/app\/uploads\/sites\/10\/2023\/03\/tag-1536x1509.png 1536w, https:\/\/www.visitvarmland.com\/app\/uploads\/sites\/10\/2023\/03\/tag-12x12.png 12w, https:\/\/www.visitvarmland.com\/app\/uploads\/sites\/10\/2023\/03\/tag-150x147.png 150w, https:\/\/www.visitvarmland.com\/app\/uploads\/sites\/10\/2023\/03\/tag-600x589.png 600w, https:\/\/www.visitvarmland.com\/app\/uploads\/sites\/10\/2023\/03\/tag.png 1735w\" sizes=\"auto, (max-width: 159px) 100vw, 159px\" \/><\/figure>\n<\/div>\n\n\n\n<div class=\"wp-block-column is-layout-flow wp-block-column-is-layout-flow\" style=\"flex-basis:66.66%\">\n<h3 class=\"wp-block-heading\">Med t\u00e5g<\/h3>\n\n\n\n<p>J\u00e4rnv\u00e4gsstationen ligger i Degerfors och har bra avg\u00e5ngstider&nbsp;bland annat via V\u00e4rmlandsbanan till och fr\u00e5n Stockholm och Oslo. Med X 2000 tar t\u00e5gresan bara tv\u00e5 timmar i varje riktning.<\/p>\n<\/div>\n<\/div>\n","protected":false},"excerpt":{"rendered":"<p>Med bil E18 Stockholm &#8211; Oslo g\u00e5r igenom Karlskoga kommun. Kommer du norrifr\u00e5n \u00e4r det v\u00e4g 237\/205 fr\u00e5n Storfors du ska v\u00e4lja, du kan ocks\u00e5 \u00e5ka via Nora, v\u00e4g 243. Kommer du s\u00f6derifr\u00e5n \u00e4r det v\u00e4g 205 fr\u00e5n Degerfors som g\u00e4ller.&nbsp;H\u00e4r kan du planera din resa Med buss Om du \u00e5ker fr\u00e5n Oslo eller Stockholm [&hellip;]<\/p>\n","protected":false},"author":7,"featured_media":0,"parent":0,"menu_order":0,"comment_status":"closed","ping_status":"open","template":"","meta":{"_acf_changed":false,"footnotes":""},"class_list":["post-194","page","type-page","status-publish","hentry"],"acf":[],"lang":"sv","translations":{"sv":194},"pll_sync_post":[],"_links":{"self":[{"href":"https:\/\/www.visitvarmland.com\/karlskoga\/wp-json\/wp\/v2\/pages\/194","targetHints":{"allow":["GET"]}}],"collection":[{"href":"https:\/\/www.visitvarmland.com\/karlskoga\/wp-json\/wp\/v2\/pages"}],"about":[{"href":"https:\/\/www.visitvarmland.com\/karlskoga\/wp-json\/wp\/v2\/types\/page"}],"author":[{"embeddable":true,"href":"https:\/\/www.visitvarmland.com\/karlskoga\/wp-json\/wp\/v2\/users\/7"}],"replies":[{"embeddable":true,"href":"https:\/\/www.visitvarmland.com\/karlskoga\/wp-json\/wp\/v2\/comments?post=194"}],"version-history":[{"count":5,"href":"https:\/\/www.visitvarmland.com\/karlskoga\/wp-json\/wp\/v2\/pages\/194\/revisions"}],"predecessor-version":[{"id":468,"href":"https:\/\/www.visitvarmland.com\/karlskoga\/wp-json\/wp\/v2\/pages\/194\/revisions\/468"}],"wp:attachment":[{"href":"https:\/\/www.visitvarmland.com\/karlskoga\/wp-json\/wp\/v2\/media?parent=194"}],"curies":[{"name":"wp","href":"https:\/\/api.w.org\/{rel}","templated":true}]}}