{"id":604,"date":"2024-04-16T14:36:56","date_gmt":"2024-04-16T12:36:56","guid":{"rendered":"https:\/\/www.visitvarmland.com\/karlskoga\/?page_id=604"},"modified":"2025-01-14T16:03:23","modified_gmt":"2025-01-14T15:03:23","slug":"visitor-information","status":"publish","type":"page","link":"https:\/\/www.visitvarmland.com\/karlskoga\/en\/visitor-information\/","title":{"rendered":"Visitor information"},"content":{"rendered":"<div class=\"wp-block-image\">\n<figure class=\"aligncenter size-full is-resized\"><img loading=\"lazy\" decoding=\"async\" width=\"600\" height=\"600\" src=\"https:\/\/www.visitvarmland.com\/karlskoga\/wp-content\/uploads\/sites\/10\/2024\/04\/Tourist-information.png\" alt=\"\" class=\"wp-image-640\" style=\"width:184px;height:auto\" srcset=\"https:\/\/www.visitvarmland.com\/app\/uploads\/sites\/10\/2024\/04\/Tourist-information.png 600w, https:\/\/www.visitvarmland.com\/app\/uploads\/sites\/10\/2024\/04\/Tourist-information-300x300.png 300w, https:\/\/www.visitvarmland.com\/app\/uploads\/sites\/10\/2024\/04\/Tourist-information-150x150.png 150w\" sizes=\"auto, (max-width: 600px) 100vw, 600px\" \/><\/figure><\/div>\n\n\n<p> <\/p>\n\n\n\n<p>Do you need information on local attractions, activities or events? <\/p>\n\n\n\n<p>Karlskoga Tourist Information Centre is here to make your stay as fantastic as possible!<\/p>\n\n\n\n<p>The tourist information is conveniently situated alongside the service center at Katrinedalsgatan 4. <\/p>\n\n\n\n<p>Visitors have access to brochures, maps, and personalized assistance. Furthermore, we provide computer access for information retrieval.<\/p>\n\n\n\n<p>In Karlskoga there are also four visitor information points where you can get information.<\/p>\n\n\n\n<div class=\"wp-block-group\"><div class=\"wp-block-group__inner-container is-layout-constrained wp-block-group-is-layout-constrained\">\n<ul class=\"wp-block-list\">\n<li>Alfred Nobel&#8217;s Bj\u00f6rkborn &#8211; Bj\u00f6rkbornsv\u00e4gen 10, 691 33 Karlskoga.<\/li>\n\n\n\n<li>Boda Borg &#8211; G\u00f6sta Berlings v\u00e4g 51, 691 38 Karlskoga.<\/li>\n\n\n\n<li>Hotel Alfred Nobel &#8211; Torget 1, 691 31 Karlskoga.<\/li>\n\n\n\n<li>Karlskoga Golf Course &#8211; Golfv\u00e4gen 13, 691 94 Karlskoga.<\/li>\n<\/ul>\n<\/div><\/div>\n\n\n\n<p>Welcome!<\/p>\n\n\n<div class=\"wp-block-atheme-component-facts atheme-wrapper\">\n<div class=\"atheme-facts\">\n<h3>Karlskoga Service center &amp; Tourist information<\/h3>\n<p>Katrinedalsgatan 4\u00a0\u00a0\u00a0\u00a0\u00a0\u00a0\u00a0\u00a0\u00a0\u00a0\u00a0\u00a0\u00a0\u00a0\u00a0\u00a0\u00a0\u00a0\u00a0\u00a0\u00a0\u00a0\u00a0\u00a0\u00a0\u00a0\u00a0\u00a0\u00a0\u00a0\u00a0\u00a0\u00a0\u00a0\u00a0\u00a0\u00a0\u00a0\u00a0\u00a0\u00a0\u00a0\u00a0\u00a0\u00a0\u00a0\u00a0<strong>Opening hours:\u00a0\u00a0<\/strong><br \/>691 31 Karlskoga\u00a0 \u00a0 \u00a0 \u00a0 \u00a0 \u00a0 \u00a0 \u00a0 \u00a0 \u00a0 \u00a0 \u00a0 \u00a0 \u00a0 \u00a0 \u00a0 \u00a0 \u00a0 \u00a0 \u00a0 \u00a0 \u00a0 \u00a0 \u00a0 \u00a0mon-fri 08.00-16.00\u00a0 \u00a0 \u00a0 \u00a0 \u00a0 \u00a0<br \/>tel +46 (0)586-610 00<br \/>info@karlskoga.se\u00a0\u00a0\u00a0\u00a0\u00a0\u00a0\u00a0\u00a0<\/p>\n<p>Opening hours may be affected by public holidays.\u00a0 \u00a0 \u00a0 \u00a0 \u00a0 \u00a0 \u00a0 \u00a0 \u00a0 \u00a0 \u00a0 \u00a0 \u00a0 \u00a0<\/p>\n<\/div>\n<\/div>","protected":false},"excerpt":{"rendered":"<p>Do you need information on local attractions, activities or events? Karlskoga Tourist Information Centre is here to make your stay as fantastic as possible! The tourist information is conveniently situated alongside the service center at Katrinedalsgatan 4. Visitors have access to brochures, maps, and personalized assistance. Furthermore, we provide computer access for information retrieval. In [&hellip;]<\/p>\n","protected":false},"author":13,"featured_media":0,"parent":0,"menu_order":0,"comment_status":"closed","ping_status":"open","template":"","meta":{"_acf_changed":false,"footnotes":""},"class_list":["post-604","page","type-page","status-publish","hentry"],"acf":[],"lang":"en","translations":{"en":604,"sv":196},"pll_sync_post":[],"_links":{"self":[{"href":"https:\/\/www.visitvarmland.com\/karlskoga\/wp-json\/wp\/v2\/pages\/604","targetHints":{"allow":["GET"]}}],"collection":[{"href":"https:\/\/www.visitvarmland.com\/karlskoga\/wp-json\/wp\/v2\/pages"}],"about":[{"href":"https:\/\/www.visitvarmland.com\/karlskoga\/wp-json\/wp\/v2\/types\/page"}],"author":[{"embeddable":true,"href":"https:\/\/www.visitvarmland.com\/karlskoga\/wp-json\/wp\/v2\/users\/13"}],"replies":[{"embeddable":true,"href":"https:\/\/www.visitvarmland.com\/karlskoga\/wp-json\/wp\/v2\/comments?post=604"}],"version-history":[{"count":18,"href":"https:\/\/www.visitvarmland.com\/karlskoga\/wp-json\/wp\/v2\/pages\/604\/revisions"}],"predecessor-version":[{"id":686,"href":"https:\/\/www.visitvarmland.com\/karlskoga\/wp-json\/wp\/v2\/pages\/604\/revisions\/686"}],"wp:attachment":[{"href":"https:\/\/www.visitvarmland.com\/karlskoga\/wp-json\/wp\/v2\/media?parent=604"}],"curies":[{"name":"wp","href":"https:\/\/api.w.org\/{rel}","templated":true}]}}