{"id":660,"date":"2024-05-31T09:06:20","date_gmt":"2024-05-31T07:06:20","guid":{"rendered":"https:\/\/www.visitvarmland.com\/karlskoga\/?page_id=660"},"modified":"2026-04-01T08:54:49","modified_gmt":"2026-04-01T06:54:49","slug":"startsida","status":"publish","type":"page","link":"https:\/\/www.visitvarmland.com\/karlskoga\/en\/","title":{"rendered":"Startsida"},"content":{"rendered":"\n<blockquote class=\"wp-block-quote is-layout-flow wp-block-quote-is-layout-flow\">\n<p>Fr\u00e5n skog till sj\u00f6. Fr\u00e5n mystik till verklighet. Det hemlighetsfulla landskapet omfamnar v\u00e5ra sj\u00f6ar, vattnet blir till en portal mellan d\u00e5tid och nutid. <\/p>\n\n\n\n<p>Fr\u00e5n Alfred Nobels Bj\u00f6rkborn till h\u00f6gteknologisk industriell framtid. Med en f\u00e4rgstark palett av m\u00f6jligheter. <\/p>\n\n\n\n<p>V\u00e4lkommen till v\u00e5r v\u00e4rld av mystik och m\u00f6ten, d\u00e4r ber\u00e4ttelsen om Karlskoga lever vidare och skapar upplevelser \u00e5ret om.<\/p>\n<\/blockquote>\n\n\n\n<div style=\"height:50px\" aria-hidden=\"true\" class=\"wp-block-spacer\"><\/div>\n\n\n\n<div class=\"wp-block-columns atheme-wrapper--full is-layout-flex wp-container-core-columns-is-layout-9d6595d7 wp-block-columns-is-layout-flex\">\n<div class=\"wp-block-column atheme-wrapper--full is-layout-flow wp-block-column-is-layout-flow\" style=\"flex-basis:100%\"><\/div>\n<\/div>\n\n\n\n<div class=\"wp-block-columns atheme-wrapper--full is-layout-flex wp-container-core-columns-is-layout-9d6595d7 wp-block-columns-is-layout-flex\">\n<div class=\"wp-block-column atheme-wrapper--full is-layout-flow wp-block-column-is-layout-flow\" style=\"flex-basis:100%\">\n<div class=\"wp-block-group\"><div class=\"wp-block-group__inner-container is-layout-flow wp-block-group-is-layout-flow\">\n<div class=\"wp-block-columns is-layout-flex wp-container-core-columns-is-layout-9d6595d7 wp-block-columns-is-layout-flex\">\n<div class=\"wp-block-column is-layout-flow wp-block-column-is-layout-flow\">\n<div class=\"wp-block-atheme-component-cta atheme-wrapper\"><div class=\"atheme-components-cta--decoration-right\"><\/div><div class=\"atheme-components-cta--decoration-left\"><\/div><div class=\"atheme-components-cta\" style=\"height:600px;min-height:300px;background-image:url( https:\/\/www.visitvarmland.com\/karlskoga\/wp-content\/uploads\/sites\/10\/2023\/03\/bat-mockeln-fiske-karlskoga.jpg );background-size:cover;background-position:center center;background-attachment:scroll\"><div class=\"atheme-components-cta--overlay\"> <\/div><div class=\"atheme-components-cta--text\"><div><a href=\"https:\/\/www.visitvarmland.com\/karlskoga\/tips-och-guider\/testa-fiskelyckan\/\" target=\"_self\" rel=\"noopener\"><h3>Testa fiskelyckan<\/h3><p>I Karlskoga finns stor variation p\u00e5 bra fiskevatten.<\/p><div class=\"atheme-components-cta--text-border\"><\/div><\/a><\/div><\/div><\/div><\/div>\n<\/div>\n\n\n\n<div class=\"wp-block-column is-layout-flow wp-block-column-is-layout-flow\">\n<div class=\"wp-block-atheme-component-cta atheme-wrapper\"><div class=\"atheme-components-cta--decoration-right\"><\/div><div class=\"atheme-components-cta--decoration-left\"><\/div><div class=\"atheme-components-cta\" style=\"height:600px;min-height:300px;background-image:url( https:\/\/www.visitvarmland.com\/karlskoga\/wp-content\/uploads\/sites\/10\/2023\/03\/bofors-hotell-karlskoga.jpg );background-size:cover;background-position:center center;background-attachment:scroll\"><div class=\"atheme-components-cta--overlay\"> <\/div><div class=\"atheme-components-cta--text\"><div><a href=\"https:\/\/www.visitvarmland.com\/karlskoga\/boende\" target=\"_self\" rel=\"noopener\"><h3>Boende i Karlskoga<\/h3><p>H\u00e4r finns alltifr\u00e5n vandrarhem och bed and breakfasts till anrika hotell.<\/p><div class=\"atheme-components-cta--text-border\"><\/div><\/a><\/div><\/div><\/div><\/div>\n\n\n\n<p><\/p>\n<\/div>\n\n\n\n<div class=\"wp-block-column is-layout-flow wp-block-column-is-layout-flow\">\n<div class=\"wp-block-atheme-component-cta atheme-wrapper\"><div class=\"atheme-components-cta--decoration-right\"><\/div><div class=\"atheme-components-cta--decoration-left\"><\/div><div class=\"atheme-components-cta\" style=\"height:600px;min-height:300px;background-image:url( https:\/\/www.visitvarmland.com\/karlskoga\/wp-content\/uploads\/sites\/10\/2023\/03\/vandring-skog-familj-visit-karlskoga.jpg );background-size:cover;background-position:center center;background-attachment:scroll\"><div class=\"atheme-components-cta--overlay\"> <\/div><div class=\"atheme-components-cta--text\"><div><a href=\"https:\/\/www.visitvarmland.com\/karlskoga\/tips-och-guider\/karlskogas-smultronstallen\/\" target=\"_self\" rel=\"noopener\"><h3>N\u00e5got f\u00f6r hela familjen<\/h3><p>Vandringsleder i vacker natur, fina picknickplatser och sk\u00f6na str\u00e4nder.<\/p><div class=\"atheme-components-cta--text-border\"><\/div><\/a><\/div><\/div><\/div><\/div>\n<\/div>\n<\/div>\n<\/div><\/div>\n<\/div>\n<\/div>\n\n\n\n<p><\/p>\n","protected":false},"excerpt":{"rendered":"<p>Fr\u00e5n skog till sj\u00f6. Fr\u00e5n mystik till verklighet. Det hemlighetsfulla landskapet omfamnar v\u00e5ra sj\u00f6ar, vattnet blir till en portal mellan d\u00e5tid och nutid. Fr\u00e5n Alfred Nobels Bj\u00f6rkborn till h\u00f6gteknologisk industriell framtid. Med en f\u00e4rgstark palett av m\u00f6jligheter. V\u00e4lkommen till v\u00e5r v\u00e4rld av mystik och m\u00f6ten, d\u00e4r ber\u00e4ttelsen om Karlskoga lever vidare och skapar upplevelser \u00e5ret [&hellip;]<\/p>\n","protected":false},"author":383,"featured_media":356,"parent":0,"menu_order":0,"comment_status":"closed","ping_status":"open","template":"page-templates\/municipality.php","meta":{"_acf_changed":false,"footnotes":""},"class_list":["post-660","page","type-page","status-publish","has-post-thumbnail","hentry"],"acf":[],"lang":"en","translations":{"en":660,"sv":206},"pll_sync_post":[],"_links":{"self":[{"href":"https:\/\/www.visitvarmland.com\/karlskoga\/wp-json\/wp\/v2\/pages\/660","targetHints":{"allow":["GET"]}}],"collection":[{"href":"https:\/\/www.visitvarmland.com\/karlskoga\/wp-json\/wp\/v2\/pages"}],"about":[{"href":"https:\/\/www.visitvarmland.com\/karlskoga\/wp-json\/wp\/v2\/types\/page"}],"author":[{"embeddable":true,"href":"https:\/\/www.visitvarmland.com\/karlskoga\/wp-json\/wp\/v2\/users\/383"}],"replies":[{"embeddable":true,"href":"https:\/\/www.visitvarmland.com\/karlskoga\/wp-json\/wp\/v2\/comments?post=660"}],"version-history":[{"count":4,"href":"https:\/\/www.visitvarmland.com\/karlskoga\/wp-json\/wp\/v2\/pages\/660\/revisions"}],"predecessor-version":[{"id":716,"href":"https:\/\/www.visitvarmland.com\/karlskoga\/wp-json\/wp\/v2\/pages\/660\/revisions\/716"}],"wp:featuredmedia":[{"embeddable":true,"href":"https:\/\/www.visitvarmland.com\/karlskoga\/wp-json\/wp\/v2\/media\/356"}],"wp:attachment":[{"href":"https:\/\/www.visitvarmland.com\/karlskoga\/wp-json\/wp\/v2\/media?parent=660"}],"curies":[{"name":"wp","href":"https:\/\/api.w.org\/{rel}","templated":true}]}}