{"id":681,"date":"2024-10-03T15:05:48","date_gmt":"2024-10-03T13:05:48","guid":{"rendered":"https:\/\/www.visitvarmland.com\/karlskoga\/?page_id=681"},"modified":"2025-01-15T12:03:24","modified_gmt":"2025-01-15T11:03:24","slug":"anmal-evenemang","status":"publish","type":"page","link":"https:\/\/www.visitvarmland.com\/karlskoga\/anmal-evenemang\/","title":{"rendered":"Anm\u00e4l ditt evenemang p\u00e5 Visitkarlskoga"},"content":{"rendered":"\n<p>Har du ett kommande evenemang som du vill marknadsf\u00f6ra kan du g\u00f6ra det kostnadsfritt p\u00e5 kommunens webbplats f\u00f6r turism och bes\u00f6ksn\u00e4ring.&nbsp;<br>F\u00f6r att evenemanget ska publiceras kr\u00e4vs att evenemanget&nbsp;\u00e4r av intresse f\u00f6r allm\u00e4nheten.&nbsp;<\/p>\n\n\n\n<p>Anm\u00e4l ditt &nbsp;evenemang senast 5 arbetsdagar innan det \u00e4ger rum f\u00f6r att administration och publicering ska hinna g\u00f6ras innan evenemanget.&nbsp;<\/p>\n\n\n\n<p>I anm\u00e4lan beh\u00f6ver du bifoga en presentationsbild som kan anv\u00e4ndas s\u00e5 vi rekommenderar att du har den redo n\u00e4r du ska skicka in din anm\u00e4lan. &nbsp;<\/p>\n\n\n\n<p>Du hittar e-tj\u00e4nsten f\u00f6r att anm\u00e4la ditt evenemang h\u00e4r: <a href=\"https:\/\/minasidor.karlskoga.se\/oversikt\/overview\/173\" target=\"_blank\" rel=\"noopener\">Anm\u00e4l ditt evenemang f\u00f6r marknadsf\u00f6ring p\u00e5 hemsidan &#8211; Karlskoga kommun<\/a><\/p>\n\n\n\n<h2 class=\"wp-block-heading\">Om du inte kan anv\u00e4nda e-tj\u00e4nsten<\/h2>\n\n\n\n<p>\u00c4r du v\u00e4lkommen att kontakta kommunens servicecenter p\u00e5&nbsp;<a href=\"tel:0586-61000\">0586-61000<\/a>&nbsp; eller<a href=\"mailto:info@karlskoga.se\">&nbsp;info@karlskoga.se<\/a><\/p>\n\n\n\n<h2 class=\"wp-block-heading\">Behandling av personuppgifter<\/h2>\n\n\n\n<p>De personuppgifter som l\u00e4mnas registreras och behandlas f\u00f6r att underl\u00e4tta administration, handl\u00e4ggning samt f\u00f6r statistiska \u00e4ndam\u00e5l.<\/p>\n\n\n\n<p>Mer information om hur kommunen hanterar personuppgifter hittar du p\u00e5 kommunens hemsida,&nbsp;<a href=\"https:\/\/www.karlskoga.se\/kommun--politik\/kommunfakta\/sa-behandlar-kommunen-personuppgifter---gdpr.html\" target=\"_blank\" rel=\"noreferrer noopener\">Karlskoga.se<\/a><\/p>\n","protected":false},"excerpt":{"rendered":"<p>Har du ett kommande evenemang som du vill marknadsf\u00f6ra kan du g\u00f6ra det kostnadsfritt p\u00e5 kommunens webbplats f\u00f6r turism och bes\u00f6ksn\u00e4ring.&nbsp;F\u00f6r att evenemanget ska publiceras kr\u00e4vs att evenemanget&nbsp;\u00e4r av intresse f\u00f6r allm\u00e4nheten.&nbsp; Anm\u00e4l ditt &nbsp;evenemang senast 5 arbetsdagar innan det \u00e4ger rum f\u00f6r att administration och publicering ska hinna g\u00f6ras innan evenemanget.&nbsp; I anm\u00e4lan beh\u00f6ver [&hellip;]<\/p>\n","protected":false},"author":405,"featured_media":0,"parent":0,"menu_order":0,"comment_status":"closed","ping_status":"closed","template":"","meta":{"_acf_changed":false,"footnotes":""},"class_list":["post-681","page","type-page","status-publish","hentry"],"acf":[],"lang":"sv","translations":{"sv":196,"en":604},"pll_sync_post":[],"_links":{"self":[{"href":"https:\/\/www.visitvarmland.com\/karlskoga\/wp-json\/wp\/v2\/pages\/681","targetHints":{"allow":["GET"]}}],"collection":[{"href":"https:\/\/www.visitvarmland.com\/karlskoga\/wp-json\/wp\/v2\/pages"}],"about":[{"href":"https:\/\/www.visitvarmland.com\/karlskoga\/wp-json\/wp\/v2\/types\/page"}],"author":[{"embeddable":true,"href":"https:\/\/www.visitvarmland.com\/karlskoga\/wp-json\/wp\/v2\/users\/405"}],"replies":[{"embeddable":true,"href":"https:\/\/www.visitvarmland.com\/karlskoga\/wp-json\/wp\/v2\/comments?post=681"}],"version-history":[{"count":4,"href":"https:\/\/www.visitvarmland.com\/karlskoga\/wp-json\/wp\/v2\/pages\/681\/revisions"}],"predecessor-version":[{"id":688,"href":"https:\/\/www.visitvarmland.com\/karlskoga\/wp-json\/wp\/v2\/pages\/681\/revisions\/688"}],"wp:attachment":[{"href":"https:\/\/www.visitvarmland.com\/karlskoga\/wp-json\/wp\/v2\/media?parent=681"}],"curies":[{"name":"wp","href":"https:\/\/api.w.org\/{rel}","templated":true}]}}