{"id":1570,"date":"2022-06-16T16:47:56","date_gmt":"2022-06-16T14:47:56","guid":{"rendered":"https:\/\/www.visitvarmland.com\/karlstad\/?page_id=1570"},"modified":"2024-06-04T20:35:52","modified_gmt":"2024-06-04T18:35:52","slug":"bestall-kartor-fran-karlstad","status":"publish","type":"page","link":"https:\/\/www.visitvarmland.com\/karlstad\/bestall-kartor-fran-karlstad\/","title":{"rendered":"Best\u00e4ll kartor om Karlstad"},"content":{"rendered":"\n<p>Det finns dels Karlstadskartan d\u00e4r du ser hela Karlstads kommun och dels Centrumkartan som fokuserar p\u00e5 centrala Karlstad.<\/p>\n\n\n\n<p>H\u00e4r nedan kommer du till ett formul\u00e4r d\u00e4r du kan best\u00e4lla fysiska kartor om Karlstad. <br><a rel=\"noreferrer noopener\" href=\"http:\/\/fm.isydistribution.se\/Broschyr\/FV1.lasso?Lnr=C91049&amp;Knr=10119&amp;Sprak=Sv\" target=\"_blank\">Best\u00e4ll kartor om Karlstad via den h\u00e4r l\u00e4nken. \u00d6ppnas i ett nytt f\u00f6nster.<\/a><\/p>\n\n\n\n<p><a href=\"https:\/\/www.visitvarmland.com\/karlstad\/besoksinfo\/\">Vill du hellre ladda ned kartor som PDF hittar du s\u00e5dana h\u00e4r.<\/a><\/p>\n\n\n\n<p><\/p>\n","protected":false},"excerpt":{"rendered":"<p>Det finns dels Karlstadskartan d\u00e4r du ser hela Karlstads kommun och dels Centrumkartan som fokuserar p\u00e5 centrala Karlstad. H\u00e4r nedan kommer du till ett formul\u00e4r d\u00e4r du kan best\u00e4lla fysiska kartor om Karlstad. Best\u00e4ll kartor om Karlstad via den h\u00e4r l\u00e4nken. \u00d6ppnas i ett nytt f\u00f6nster. Vill du hellre ladda ned kartor som PDF hittar [&hellip;]<\/p>\n","protected":false},"author":14,"featured_media":0,"parent":0,"menu_order":0,"comment_status":"closed","ping_status":"closed","template":"","meta":{"_acf_changed":false,"footnotes":""},"class_list":["post-1570","page","type-page","status-publish","hentry"],"acf":[],"lang":"sv","translations":{"sv":1570},"pll_sync_post":[],"_links":{"self":[{"href":"https:\/\/www.visitvarmland.com\/karlstad\/wp-json\/wp\/v2\/pages\/1570","targetHints":{"allow":["GET"]}}],"collection":[{"href":"https:\/\/www.visitvarmland.com\/karlstad\/wp-json\/wp\/v2\/pages"}],"about":[{"href":"https:\/\/www.visitvarmland.com\/karlstad\/wp-json\/wp\/v2\/types\/page"}],"author":[{"embeddable":true,"href":"https:\/\/www.visitvarmland.com\/karlstad\/wp-json\/wp\/v2\/users\/14"}],"replies":[{"embeddable":true,"href":"https:\/\/www.visitvarmland.com\/karlstad\/wp-json\/wp\/v2\/comments?post=1570"}],"version-history":[{"count":13,"href":"https:\/\/www.visitvarmland.com\/karlstad\/wp-json\/wp\/v2\/pages\/1570\/revisions"}],"predecessor-version":[{"id":1591,"href":"https:\/\/www.visitvarmland.com\/karlstad\/wp-json\/wp\/v2\/pages\/1570\/revisions\/1591"}],"wp:attachment":[{"href":"https:\/\/www.visitvarmland.com\/karlstad\/wp-json\/wp\/v2\/media?parent=1570"}],"curies":[{"name":"wp","href":"https:\/\/api.w.org\/{rel}","templated":true}]}}